{"id":571129,"date":"2023-02-20T13:56:06","date_gmt":"2023-02-20T12:56:06","guid":{"rendered":"https:\/\/justvape.nu\/produkt\/aspire-gotek-x-pod-system\/"},"modified":"2024-04-09T14:38:18","modified_gmt":"2024-04-09T12:38:18","slug":"aspire-gotek-x-pod-system","status":"publish","type":"product","link":"https:\/\/justvape.nu\/fr\/produkt\/aspire-gotek-x-pod-system\/","title":{"rendered":"ASPIRE &#8211; GOTEK X POD SYSTEM"},"content":{"rendered":"<h2>ASPIRE &#8211; GOTEK X POD SYSTEM<\/h2>\n<p>Le kit de vape Aspire Gotek X est un appareil compact de type pod qui est parfait pour le vapotage en d\u00e9placement. Il est dot\u00e9 d&rsquo;une batterie int\u00e9gr\u00e9e de 650mAh et d&rsquo;une faible puissance de sortie de 10-13W, ce qui le rend adapt\u00e9 aux styles de vapotage MTL et RDTL. Le kit est \u00e9quip\u00e9 du chipset ASP d&rsquo;Aspire, qui offre de multiples fonctions de protection telles que la protection contre la surcharge et les courts-circuits. Il est \u00e9galement dot\u00e9 de la technologie d&rsquo;activation de l&rsquo;inhalation, de sorte que vous pouvez simplement tirer sur l&#8217;embout buccal pour produire une quantit\u00e9 discr\u00e8te de vapeur qui ressemble \u00e0 celle d&rsquo;une cigarette. Le kit comprend un porte-lanyard pour un acc\u00e8s facile lorsque vous \u00eates en d\u00e9placement. Le kit Gotek X est livr\u00e9 avec des dosettes rechargeables de 2ml, ce qui vous permet d&rsquo;essayer une vari\u00e9t\u00e9 de saveurs et de taux de nicotine. Les dosettes peuvent \u00eatre facilement remplies gr\u00e2ce \u00e0 un bouchon sur le c\u00f4t\u00e9, et la fonction de flux d&rsquo;air r\u00e9glable vous permet de choisir entre un tirage plus ou moins serr\u00e9. La bobine int\u00e9gr\u00e9e a une r\u00e9sistance de 0,8 Ohms et fonctionne mieux avec les e-liquides qui ont une concentration de PG de 50% ou plus.<\/p>\n<p><a href=\"https:\/\/justvape.nu\/wp-content\/uploads\/2018\/05\/Color-Schemes.png\"><img loading=\"lazy\" decoding=\"async\" class=\"alignnone size-full wp-image-19187\" src=\"https:\/\/justvape.nu\/wp-content\/uploads\/2018\/05\/Color-Schemes.png\" alt=\"\" width=\"950\" height=\"64\" title=\"\" srcset=\"https:\/\/justvape.nu\/wp-content\/uploads\/2018\/05\/Color-Schemes.png 950w, https:\/\/justvape.nu\/wp-content\/uploads\/2018\/05\/Color-Schemes-555x37.png 555w, https:\/\/justvape.nu\/wp-content\/uploads\/2018\/05\/Color-Schemes-64x4.png 64w, https:\/\/justvape.nu\/wp-content\/uploads\/2018\/05\/Color-Schemes-300x20.png 300w, https:\/\/justvape.nu\/wp-content\/uploads\/2018\/05\/Color-Schemes-768x52.png 768w\" sizes=\"auto, (max-width: 950px) 100vw, 950px\" \/><\/a><\/p>\n<p class=\"description-img-center\"><a href=\"https:\/\/justvape.nu\/wp-content\/uploads\/2023\/02\/Aspire_GoTek_X_Pod_Kit_Colors.jpg\"><img loading=\"lazy\" decoding=\"async\" class=\"alignnone wp-image-571050\" src=\"https:\/\/justvape.nu\/wp-content\/uploads\/2023\/02\/Aspire_GoTek_X_Pod_Kit_Colors.jpg\" alt=\"\" width=\"900\" height=\"872\" title=\"\" srcset=\"https:\/\/justvape.nu\/wp-content\/uploads\/2023\/02\/Aspire_GoTek_X_Pod_Kit_Colors.jpg 700w, https:\/\/justvape.nu\/wp-content\/uploads\/2023\/02\/Aspire_GoTek_X_Pod_Kit_Colors-600x581.jpg 600w, https:\/\/justvape.nu\/wp-content\/uploads\/2023\/02\/Aspire_GoTek_X_Pod_Kit_Colors-64x62.jpg 64w, https:\/\/justvape.nu\/wp-content\/uploads\/2023\/02\/Aspire_GoTek_X_Pod_Kit_Colors-300x291.jpg 300w\" sizes=\"auto, (max-width: 900px) 100vw, 900px\" \/><\/a><\/p>\n<div class=\"shop-features \">\n<h2 class=\"shop-features-title \"><a href=\"https:\/\/justvape.nu\/wp-content\/uploads\/2018\/05\/Specifications.png\"><img loading=\"lazy\" decoding=\"async\" class=\"alignnone size-full wp-image-248449\" src=\"https:\/\/justvape.nu\/wp-content\/uploads\/2018\/05\/Specifications.png\" alt=\"\" width=\"950\" height=\"64\" title=\"\" srcset=\"https:\/\/justvape.nu\/wp-content\/uploads\/2018\/05\/Specifications.png 950w, https:\/\/justvape.nu\/wp-content\/uploads\/2018\/05\/Specifications-600x40.png 600w, https:\/\/justvape.nu\/wp-content\/uploads\/2018\/05\/Specifications-64x4.png 64w, https:\/\/justvape.nu\/wp-content\/uploads\/2018\/05\/Specifications-300x20.png 300w, https:\/\/justvape.nu\/wp-content\/uploads\/2018\/05\/Specifications-768x52.png 768w\" sizes=\"auto, (max-width: 950px) 100vw, 950px\" \/><\/a><\/h2>\n<\/div>\n<p><strong class=\"description-little-title\">Aspire GoTek X Parameters:<\/strong><\/p>\n<table class=\"description-table\">\n<tbody>\n<tr>\n<td class=\"strong-title \">Marque<\/td>\n<td class=\"inline\">Aspire<\/td>\n<\/tr>\n<tr>\n<td class=\"strong-title \">Nom du produit<\/td>\n<td class=\"inline\">Kit GoTek X<\/td>\n<\/tr>\n<tr>\n<td class=\"strong-title \">Taille<\/td>\n<td class=\"inline\">81,5*47,6*19,8mm<\/td>\n<\/tr>\n<tr>\n<td class=\"strong-title \">Capacit\u00e9 de la batterie<\/td>\n<td class=\"inline\">650mAh int\u00e9gr\u00e9<\/td>\n<\/tr>\n<tr>\n<td class=\"strong-title \">Port de chargement<\/td>\n<td class=\"inline\">Type-C<\/td>\n<\/tr>\n<tr>\n<td class=\"strong-title \">Type de pod<\/td>\n<td class=\"inline\">Rechargeable<\/td>\n<\/tr>\n<tr>\n<td class=\"strong-title \">Capacit\u00e9 du pod<\/td>\n<td class=\"inline\">2ml (dosette rechargeable)<\/td>\n<\/tr>\n<tr>\n<td class=\"strong-title \">D\u00e9bit d&rsquo;air<\/td>\n<td class=\"inline\">Flux d&rsquo;air inf\u00e9rieur r\u00e9glable<\/td>\n<\/tr>\n<tr>\n<td class=\"strong-title \">Type de remplissage<\/td>\n<td class=\"inline\">Remplissage lat\u00e9ral facile (dosette rechargeable)<\/td>\n<\/tr>\n<tr>\n<td class=\"strong-title \">Coil<\/td>\n<td class=\"inline\">Bobine non rempla\u00e7able de 0,8ohm.<\/td>\n<\/tr>\n<tr>\n<td class=\"strong-title \">Couleur<\/td>\n<td class=\"inline\">Noir translucide, Ambre translucide, Bleu royal translucide, Transparent, Rose translucide<\/td>\n<\/tr>\n<\/tbody>\n<\/table>\n<div class=\"shop-features \">\n<h2 class=\"shop-features-title \"><a href=\"https:\/\/justvape.nu\/wp-content\/uploads\/2018\/05\/Features.png\"><img loading=\"lazy\" decoding=\"async\" class=\"alignnone size-full wp-image-248459\" src=\"https:\/\/justvape.nu\/wp-content\/uploads\/2018\/05\/Features.png\" alt=\"\" width=\"950\" height=\"64\" title=\"\" srcset=\"https:\/\/justvape.nu\/wp-content\/uploads\/2018\/05\/Features.png 950w, https:\/\/justvape.nu\/wp-content\/uploads\/2018\/05\/Features-600x40.png 600w, https:\/\/justvape.nu\/wp-content\/uploads\/2018\/05\/Features-64x4.png 64w, https:\/\/justvape.nu\/wp-content\/uploads\/2018\/05\/Features-300x20.png 300w, https:\/\/justvape.nu\/wp-content\/uploads\/2018\/05\/Features-768x52.png 768w\" sizes=\"auto, (max-width: 950px) 100vw, 950px\" \/><\/a><\/h2>\n<\/div>\n<ul>\n<li style=\"list-style-type: none;\">\n<ul>\n<li>1. R\u00e9glage pr\u00e9cis du d\u00e9bit d&rsquo;air<\/li>\n<li>2. Corps translucide<\/li>\n<li>3. Grande capacit\u00e9 d&rsquo;e-liquide de 2ml<\/li>\n<li>4. Remplissage lat\u00e9ral facile pour la dosette rechargeable Gotek<\/li>\n<li>5. Batterie d&rsquo;une capacit\u00e9 de 650mAh<\/li>\n<li>6. Syst\u00e8me activ\u00e9 par tirage au sort<\/li>\n<li>7. Port de charge Type-C<\/li>\n<li>8. Porte-lanyard<\/li>\n<li>9. Connexion de la capsule magn\u00e9tique<\/li>\n<li>10. Protections de s\u00e9curit\u00e9 : Protection contre les surd\u00e9lais, les courts-circuits, la surchauffe, la basse tension, la surcharge et la surd\u00e9charge du fumeur.<\/li>\n<\/ul>\n<\/li>\n<\/ul>\n<div class=\"img-show-more\">\n<div id=\"img_content_less\" class=\"img-content add-more\">\n<p class=\"description-img-center\"><a href=\"https:\/\/justvape.nu\/wp-content\/uploads\/2023\/02\/Aspire_GoTek_X_Kit_650mAh_battery.jpg\"><img loading=\"lazy\" decoding=\"async\" class=\"alignnone size-full wp-image-571059\" src=\"https:\/\/justvape.nu\/wp-content\/uploads\/2023\/02\/Aspire_GoTek_X_Kit_650mAh_battery.jpg\" alt=\"\" width=\"831\" height=\"430\" title=\"\" srcset=\"https:\/\/justvape.nu\/wp-content\/uploads\/2023\/02\/Aspire_GoTek_X_Kit_650mAh_battery.jpg 831w, https:\/\/justvape.nu\/wp-content\/uploads\/2023\/02\/Aspire_GoTek_X_Kit_650mAh_battery-600x310.jpg 600w, https:\/\/justvape.nu\/wp-content\/uploads\/2023\/02\/Aspire_GoTek_X_Kit_650mAh_battery-64x33.jpg 64w, https:\/\/justvape.nu\/wp-content\/uploads\/2023\/02\/Aspire_GoTek_X_Kit_650mAh_battery-300x155.jpg 300w, https:\/\/justvape.nu\/wp-content\/uploads\/2023\/02\/Aspire_GoTek_X_Kit_650mAh_battery-768x397.jpg 768w\" sizes=\"auto, (max-width: 831px) 100vw, 831px\" \/><\/a> <a href=\"https:\/\/justvape.nu\/wp-content\/uploads\/2023\/02\/Aspire_GoTek_X_Kit_Airflow_Adjustment.jpg\"><img loading=\"lazy\" decoding=\"async\" class=\"alignnone size-full wp-image-571068\" src=\"https:\/\/justvape.nu\/wp-content\/uploads\/2023\/02\/Aspire_GoTek_X_Kit_Airflow_Adjustment.jpg\" alt=\"\" width=\"831\" height=\"346\" title=\"\" srcset=\"https:\/\/justvape.nu\/wp-content\/uploads\/2023\/02\/Aspire_GoTek_X_Kit_Airflow_Adjustment.jpg 831w, https:\/\/justvape.nu\/wp-content\/uploads\/2023\/02\/Aspire_GoTek_X_Kit_Airflow_Adjustment-600x250.jpg 600w, https:\/\/justvape.nu\/wp-content\/uploads\/2023\/02\/Aspire_GoTek_X_Kit_Airflow_Adjustment-64x27.jpg 64w, https:\/\/justvape.nu\/wp-content\/uploads\/2023\/02\/Aspire_GoTek_X_Kit_Airflow_Adjustment-300x125.jpg 300w, https:\/\/justvape.nu\/wp-content\/uploads\/2023\/02\/Aspire_GoTek_X_Kit_Airflow_Adjustment-768x320.jpg 768w\" sizes=\"auto, (max-width: 831px) 100vw, 831px\" \/><\/a> <a href=\"https:\/\/justvape.nu\/wp-content\/uploads\/2023\/02\/Aspire_GoTek_X_Kit_Colors_Available.jpg\"><img loading=\"lazy\" decoding=\"async\" class=\"alignnone size-full wp-image-571077\" src=\"https:\/\/justvape.nu\/wp-content\/uploads\/2023\/02\/Aspire_GoTek_X_Kit_Colors_Available.jpg\" alt=\"\" width=\"831\" height=\"421\" title=\"\" srcset=\"https:\/\/justvape.nu\/wp-content\/uploads\/2023\/02\/Aspire_GoTek_X_Kit_Colors_Available.jpg 831w, https:\/\/justvape.nu\/wp-content\/uploads\/2023\/02\/Aspire_GoTek_X_Kit_Colors_Available-600x304.jpg 600w, https:\/\/justvape.nu\/wp-content\/uploads\/2023\/02\/Aspire_GoTek_X_Kit_Colors_Available-64x32.jpg 64w, https:\/\/justvape.nu\/wp-content\/uploads\/2023\/02\/Aspire_GoTek_X_Kit_Colors_Available-300x152.jpg 300w, https:\/\/justvape.nu\/wp-content\/uploads\/2023\/02\/Aspire_GoTek_X_Kit_Colors_Available-768x389.jpg 768w\" sizes=\"auto, (max-width: 831px) 100vw, 831px\" \/><\/a><\/p>\n<\/div>\n<\/div>\n<div class=\"shop-features \">\n<h2 class=\"shop-features-title \"><a href=\"https:\/\/justvape.nu\/wp-content\/uploads\/2018\/05\/Packing-List.png\"><img loading=\"lazy\" decoding=\"async\" class=\"alignnone size-full wp-image-248468\" src=\"https:\/\/justvape.nu\/wp-content\/uploads\/2018\/05\/Packing-List.png\" alt=\"\" width=\"950\" height=\"64\" title=\"\" srcset=\"https:\/\/justvape.nu\/wp-content\/uploads\/2018\/05\/Packing-List.png 950w, https:\/\/justvape.nu\/wp-content\/uploads\/2018\/05\/Packing-List-600x40.png 600w, https:\/\/justvape.nu\/wp-content\/uploads\/2018\/05\/Packing-List-64x4.png 64w, https:\/\/justvape.nu\/wp-content\/uploads\/2018\/05\/Packing-List-300x20.png 300w, https:\/\/justvape.nu\/wp-content\/uploads\/2018\/05\/Packing-List-768x52.png 768w\" sizes=\"auto, (max-width: 950px) 100vw, 950px\" \/><\/a><\/h2>\n<\/div>\n<p><strong class=\"description-little-title \">Le paquet de Aspire GoTek X Pod Kit est livr\u00e9 avec :<\/strong><\/p>\n<p>1* Dispositif Gotek X<br \/>\n1* Gotek Pod 0.8ohm (4.5ml, rechargeable)<br \/>\n1* C\u00e2ble Type-C<br \/>\n1 * manuel de l&rsquo;utilisateur<\/p>\n","protected":false},"excerpt":{"rendered":"<p>ASPIRE &#8211; GOTEK X POD SYSTEM<\/p>\n","protected":false},"featured_media":571095,"comment_status":"open","ping_status":"closed","template":"","meta":{"_acf_changed":false,"_uag_custom_page_level_css":"","site-sidebar-layout":"default","site-content-layout":"default","ast-site-content-layout":"default","site-content-style":"default","site-sidebar-style":"default","ast-global-header-display":"","ast-banner-title-visibility":"","ast-main-header-display":"","ast-hfb-above-header-display":"","ast-hfb-below-header-display":"","ast-hfb-mobile-header-display":"","site-post-title":"","ast-breadcrumbs-content":"","ast-featured-img":"","footer-sml-layout":"","ast-disable-related-posts":"","theme-transparent-header-meta":"default","adv-header-id-meta":"","stick-header-meta":"default","header-above-stick-meta":"","header-main-stick-meta":"","header-below-stick-meta":"","astra-migrate-meta-layouts":"default","ast-page-background-enabled":"default","ast-page-background-meta":{"desktop":{"background-color":"","background-image":"","background-repeat":"repeat","background-position":"center center","background-size":"auto","background-attachment":"scroll","background-type":"","background-media":"","overlay-type":"","overlay-color":"","overlay-opacity":"","overlay-gradient":""},"tablet":{"background-color":"","background-image":"","background-repeat":"repeat","background-position":"center center","background-size":"auto","background-attachment":"scroll","background-type":"","background-media":"","overlay-type":"","overlay-color":"","overlay-opacity":"","overlay-gradient":""},"mobile":{"background-color":"","background-image":"","background-repeat":"repeat","background-position":"center center","background-size":"auto","background-attachment":"scroll","background-type":"","background-media":"","overlay-type":"","overlay-color":"","overlay-opacity":"","overlay-gradient":""}},"ast-content-background-meta":{"desktop":{"background-color":"var(--ast-global-color-5)","background-image":"","background-repeat":"repeat","background-position":"center center","background-size":"auto","background-attachment":"scroll","background-type":"","background-media":"","overlay-type":"","overlay-color":"","overlay-opacity":"","overlay-gradient":""},"tablet":{"background-color":"var(--ast-global-color-5)","background-image":"","background-repeat":"repeat","background-position":"center center","background-size":"auto","background-attachment":"scroll","background-type":"","background-media":"","overlay-type":"","overlay-color":"","overlay-opacity":"","overlay-gradient":""},"mobile":{"background-color":"var(--ast-global-color-5)","background-image":"","background-repeat":"repeat","background-position":"center center","background-size":"auto","background-attachment":"scroll","background-type":"","background-media":"","overlay-type":"","overlay-color":"","overlay-opacity":"","overlay-gradient":""}}},"product_brand":[],"product_cat":[3189,2066,2508,2076,2509],"product_tag":[],"class_list":{"0":"post-571129","1":"product","2":"type-product","3":"status-publish","4":"has-post-thumbnail","6":"product_cat-aspirer","7":"product_cat-e-cigarettes-fr","8":"product_cat-hardware-fr","9":"product_cat-kits-et-pod-pour-debutants","10":"product_cat-shop-by-brand-fr","11":"desktop-align-center","12":"tablet-align-center","13":"mobile-align-center","14":"ast-product-gallery-layout-horizontal-slider","15":"ast-product-single-variable","16":"ast-product-tabs-layout-horizontal","18":"first","19":"instock","20":"sale","21":"taxable","22":"shipping-taxable","23":"purchasable","24":"product-type-variable"},"acf":[],"uagb_featured_image_src":{"full":["https:\/\/justvape.nu\/wp-content\/uploads\/2023\/02\/GoTek-X-Pod-Kits-cover.webp",512,512,false],"thumbnail":["https:\/\/justvape.nu\/wp-content\/uploads\/2023\/02\/GoTek-X-Pod-Kits-cover-150x150.webp",150,150,true],"medium":["https:\/\/justvape.nu\/wp-content\/uploads\/2023\/02\/GoTek-X-Pod-Kits-cover-300x300.webp",300,300,true],"medium_large":["https:\/\/justvape.nu\/wp-content\/uploads\/2023\/02\/GoTek-X-Pod-Kits-cover.webp",512,512,false],"large":["https:\/\/justvape.nu\/wp-content\/uploads\/2023\/02\/GoTek-X-Pod-Kits-cover.webp",512,512,false],"1536x1536":["https:\/\/justvape.nu\/wp-content\/uploads\/2023\/02\/GoTek-X-Pod-Kits-cover.webp",512,512,false],"2048x2048":["https:\/\/justvape.nu\/wp-content\/uploads\/2023\/02\/GoTek-X-Pod-Kits-cover.webp",512,512,false],"woocommerce_thumbnail":["https:\/\/justvape.nu\/wp-content\/uploads\/2023\/02\/GoTek-X-Pod-Kits-cover-300x300.webp",300,300,true],"woocommerce_single":["https:\/\/justvape.nu\/wp-content\/uploads\/2023\/02\/GoTek-X-Pod-Kits-cover.webp",512,512,false],"woocommerce_gallery_thumbnail":["https:\/\/justvape.nu\/wp-content\/uploads\/2023\/02\/GoTek-X-Pod-Kits-cover-100x100.webp",100,100,true],"dgwt-wcas-product-suggestion":["https:\/\/justvape.nu\/wp-content\/uploads\/2023\/02\/GoTek-X-Pod-Kits-cover-64x64.webp",64,64,true]},"uagb_author_info":{"display_name":"Kenneth Merkur","author_link":"https:\/\/justvape.nu\/fr\/author\/"},"uagb_comment_info":0,"uagb_excerpt":"ASPIRE - GOTEK X POD SYSTEM","_links":{"self":[{"href":"https:\/\/justvape.nu\/fr\/wp-json\/wp\/v2\/product\/571129","targetHints":{"allow":["GET"]}}],"collection":[{"href":"https:\/\/justvape.nu\/fr\/wp-json\/wp\/v2\/product"}],"about":[{"href":"https:\/\/justvape.nu\/fr\/wp-json\/wp\/v2\/types\/product"}],"replies":[{"embeddable":true,"href":"https:\/\/justvape.nu\/fr\/wp-json\/wp\/v2\/comments?post=571129"}],"wp:featuredmedia":[{"embeddable":true,"href":"https:\/\/justvape.nu\/fr\/wp-json\/wp\/v2\/media\/571095"}],"wp:attachment":[{"href":"https:\/\/justvape.nu\/fr\/wp-json\/wp\/v2\/media?parent=571129"}],"wp:term":[{"taxonomy":"product_brand","embeddable":true,"href":"https:\/\/justvape.nu\/fr\/wp-json\/wp\/v2\/product_brand?post=571129"},{"taxonomy":"product_cat","embeddable":true,"href":"https:\/\/justvape.nu\/fr\/wp-json\/wp\/v2\/product_cat?post=571129"},{"taxonomy":"product_tag","embeddable":true,"href":"https:\/\/justvape.nu\/fr\/wp-json\/wp\/v2\/product_tag?post=571129"}],"curies":[{"name":"wp","href":"https:\/\/api.w.org\/{rel}","templated":true}]}}