{"id":565420,"date":"2023-01-23T20:05:26","date_gmt":"2023-01-23T19:05:26","guid":{"rendered":"https:\/\/justvape.nu\/produkt\/uwell-crown-m-pod-kit\/"},"modified":"2023-01-23T20:05:26","modified_gmt":"2023-01-23T19:05:26","slug":"uwell-crown-m-pod-kit","status":"publish","type":"product","link":"https:\/\/justvape.nu\/fr\/produkt\/uwell-crown-m-pod-kit\/","title":{"rendered":"UWELL &#8211; CROWN M POD KIT"},"content":{"rendered":"<h2>UWELL &#8211; CROWN M POD KIT<\/h2>\n<p>Le kit Uwell Crown M est un appareil de vapotage qui offre une nouvelle exp\u00e9rience de vapotage am\u00e9lior\u00e9e gr\u00e2ce \u00e0 son mode de sortie double et sa technologie de double bobine. Vous pouvez basculer entre deux bobines pour diff\u00e9rents styles de vapotage : une bobine de 0,8 ohm pour le vapotage MTL (bouche \u00e0 poumon) et une bobine de 0,4 ohm pour le vapotage DTL (direct \u00e0 poumon).<\/p>\n<p>L&rsquo;appareil est aliment\u00e9 par une batterie int\u00e9gr\u00e9e de 1000mAh et dispose d&rsquo;une interface de charge de type-c pour une recharge rapide lorsqu&rsquo;elle est \u00e9puis\u00e9e. Vous pouvez \u00e9galement ajuster la saveur du e-liquide en utilisant la technologie unique de r\u00e9glage de la saveur d&rsquo;Uwell et contr\u00f4ler le flux d&rsquo;air avec une valve de r\u00e9glage. L&rsquo;appareil dispose d&rsquo;une molette de d\u00e9filement permettant de r\u00e9gler facilement la puissance de sortie en watts.<\/p>\n<p>L&rsquo;appareil est fabriqu\u00e9 \u00e0 partir de mat\u00e9riaux PC et PCTG et pr\u00e9sente des dimensions de 82,3 mm x 52,6 mm x 26,8 mm et un poids net de 73,6 g. Il est compatible avec un pod Uwell Crown M de 2ml et poss\u00e8de une gamme de puissance de sortie de 5 W &#8211; 35 W.<\/p>\n<p>Les bobines disponibles pour le kit Uwell Crown M sont une bobine FeCrAl Meshed-H 0,8 \u03a9 \/ 0,4 \u03a9 CROWN M Twin-coil (pour le vaping MTL et DTL) et une bobine FeCrAl Meshed-H 0,6 \u03a9 CROWN M Coil (pour le vaping RDL ou direct-lung restreint). La plage de puissance recommand\u00e9e pour la bobine de 0,8 \u03a9 est de 15 W &#8211; 18 W, pour la bobine de 0,4 \u03a9 elle est de 30 W &#8211; 35 W, et pour la bobine de 0,6 \u03a9 elle est de 20 W &#8211; 23 W.<\/p>\n<p><a href=\"https:\/\/justvape.nu\/wp-content\/uploads\/2018\/05\/Color-Schemes.png\"><img loading=\"lazy\" decoding=\"async\" class=\"alignnone size-full wp-image-19187\" src=\"https:\/\/justvape.nu\/wp-content\/uploads\/2018\/05\/Color-Schemes.png\" alt=\"\" width=\"950\" height=\"64\" title=\"\" srcset=\"https:\/\/justvape.nu\/wp-content\/uploads\/2018\/05\/Color-Schemes.png 950w, https:\/\/justvape.nu\/wp-content\/uploads\/2018\/05\/Color-Schemes-555x37.png 555w, https:\/\/justvape.nu\/wp-content\/uploads\/2018\/05\/Color-Schemes-64x4.png 64w, https:\/\/justvape.nu\/wp-content\/uploads\/2018\/05\/Color-Schemes-300x20.png 300w, https:\/\/justvape.nu\/wp-content\/uploads\/2018\/05\/Color-Schemes-768x52.png 768w\" sizes=\"auto, (max-width: 950px) 100vw, 950px\" \/><\/a><\/p>\n<p class=\"description-img-center\"><a href=\"https:\/\/justvape.nu\/wp-content\/uploads\/2023\/01\/Uwell_Crown_M_Pod_Mod_Kit_Colors.jpg\"><img loading=\"lazy\" decoding=\"async\" class=\"alignnone wp-image-565306\" src=\"https:\/\/justvape.nu\/wp-content\/uploads\/2023\/01\/Uwell_Crown_M_Pod_Mod_Kit_Colors.jpg\" alt=\"\" width=\"939\" height=\"365\" title=\"\" srcset=\"https:\/\/justvape.nu\/wp-content\/uploads\/2023\/01\/Uwell_Crown_M_Pod_Mod_Kit_Colors.jpg 800w, https:\/\/justvape.nu\/wp-content\/uploads\/2023\/01\/Uwell_Crown_M_Pod_Mod_Kit_Colors-600x233.jpg 600w, https:\/\/justvape.nu\/wp-content\/uploads\/2023\/01\/Uwell_Crown_M_Pod_Mod_Kit_Colors-64x25.jpg 64w, https:\/\/justvape.nu\/wp-content\/uploads\/2023\/01\/Uwell_Crown_M_Pod_Mod_Kit_Colors-300x117.jpg 300w, https:\/\/justvape.nu\/wp-content\/uploads\/2023\/01\/Uwell_Crown_M_Pod_Mod_Kit_Colors-768x299.jpg 768w\" sizes=\"auto, (max-width: 939px) 100vw, 939px\" \/><\/a><\/p>\n<div class=\"shop-features \">\n<h2 class=\"shop-features-title \"><a href=\"https:\/\/justvape.nu\/wp-content\/uploads\/2018\/05\/Specifications.png\"><img loading=\"lazy\" decoding=\"async\" class=\"alignnone size-full wp-image-248449\" src=\"https:\/\/justvape.nu\/wp-content\/uploads\/2018\/05\/Specifications.png\" alt=\"\" width=\"950\" height=\"64\" title=\"\" srcset=\"https:\/\/justvape.nu\/wp-content\/uploads\/2018\/05\/Specifications.png 950w, https:\/\/justvape.nu\/wp-content\/uploads\/2018\/05\/Specifications-600x40.png 600w, https:\/\/justvape.nu\/wp-content\/uploads\/2018\/05\/Specifications-64x4.png 64w, https:\/\/justvape.nu\/wp-content\/uploads\/2018\/05\/Specifications-300x20.png 300w, https:\/\/justvape.nu\/wp-content\/uploads\/2018\/05\/Specifications-768x52.png 768w\" sizes=\"auto, (max-width: 950px) 100vw, 950px\" \/><\/a><\/h2>\n<\/div>\n<p><strong class=\"description-little-title\">Param\u00e8tres du kit de vaporisation Uwell Crown M :<\/strong><\/p>\n<table class=\"description-table\">\n<tbody>\n<tr>\n<td class=\"strong-title \">Marque<\/td>\n<td class=\"inline\">Uwell<\/td>\n<\/tr>\n<tr>\n<td class=\"strong-title \">Nom du produit<\/td>\n<td class=\"inline\">Kit Crown M<\/td>\n<\/tr>\n<tr>\n<td class=\"strong-title \">Batterie<\/td>\n<td class=\"inline\">Batterie int\u00e9gr\u00e9e de 1000mAh<\/td>\n<\/tr>\n<tr>\n<td class=\"strong-title \">Chargement<\/td>\n<td class=\"inline\">Chargement de type C<\/td>\n<\/tr>\n<tr>\n<td class=\"strong-title \">Puissance de sortie<\/td>\n<td class=\"inline\">5W-35W<\/td>\n<\/tr>\n<tr>\n<td class=\"strong-title \">Capacit\u00e9<\/td>\n<td class=\"inline\">2ml<\/td>\n<\/tr>\n<tr>\n<td class=\"strong-title \">Remplissage<\/td>\n<td class=\"inline\">Garniture sup\u00e9rieure<\/td>\n<\/tr>\n<tr>\n<td class=\"strong-title \">D\u00e9bit d&rsquo;air<\/td>\n<td class=\"inline\">D\u00e9bit d&rsquo;air r\u00e9glable<\/td>\n<\/tr>\n<tr>\n<td class=\"strong-title \">Sp\u00e9cifications de la bobine<\/td>\n<td class=\"inline\">FeCrAl Meshed-H 0.8\u03a9\/0.4\u03a9 CROWN M Twin-coil (MTL &amp; DTL)<br \/>\nPuissance recommand\u00e9e : 0,8\u03a9 : 15W-18W, 0.4\u03a9 : 30W-35W<br \/>\nFeCrAl Meshed-H 0.6 \u03a9 CROWN M Coil (RDL, puissance recommand\u00e9e : 20W-23W)<\/td>\n<\/tr>\n<tr>\n<td class=\"strong-title \">Mat\u00e9riaux<\/td>\n<td class=\"inline\">PC, PCTG<\/td>\n<\/tr>\n<tr>\n<td class=\"strong-title \">Taille du produit<\/td>\n<td class=\"inline\">82,3*52,6*26,8 mm<\/td>\n<\/tr>\n<tr>\n<td class=\"strong-title \"><\/td>\n<td class=\"inline\"><\/td>\n<\/tr>\n<tr>\n<td class=\"strong-title \">Couleur<\/td>\n<td class=\"inline\">Orange, Bleu, Marron, Noir<\/td>\n<\/tr>\n<\/tbody>\n<\/table>\n<div class=\"shop-features \">\n<h2 class=\"shop-features-title \"><a href=\"https:\/\/justvape.nu\/wp-content\/uploads\/2018\/05\/Features.png\"><img loading=\"lazy\" decoding=\"async\" class=\"alignnone size-full wp-image-248459\" src=\"https:\/\/justvape.nu\/wp-content\/uploads\/2018\/05\/Features.png\" alt=\"\" width=\"950\" height=\"64\" title=\"\" srcset=\"https:\/\/justvape.nu\/wp-content\/uploads\/2018\/05\/Features.png 950w, https:\/\/justvape.nu\/wp-content\/uploads\/2018\/05\/Features-600x40.png 600w, https:\/\/justvape.nu\/wp-content\/uploads\/2018\/05\/Features-64x4.png 64w, https:\/\/justvape.nu\/wp-content\/uploads\/2018\/05\/Features-300x20.png 300w, https:\/\/justvape.nu\/wp-content\/uploads\/2018\/05\/Features-768x52.png 768w\" sizes=\"auto, (max-width: 950px) 100vw, 950px\" \/><\/a><\/h2>\n<\/div>\n<p><strong class=\"description-little-title\">Uwell Crown M D\u00e9tails :<\/strong><\/p>\n<ul>\n<li style=\"list-style-type: none;\">\n<ul>\n<li>1. Aliment\u00e9 par une batterie int\u00e9gr\u00e9e de 1000mAh<\/li>\n<li>2. Deux modes de sortie pour votre option<\/li>\n<li>3. R\u00e9glage de la puissance des roues de divertissement<\/li>\n<li>4. Soupape de r\u00e9glage pr\u00e9cis du d\u00e9bit d&rsquo;air<\/li>\n<li>5. Capacit\u00e9 de 2ml, remplissage facile par le haut<\/li>\n<li>6. Am\u00e9lioration de la structure du fond de la nacelle<\/li>\n<li>7. Technologie d&rsquo;ajustement de l&rsquo;ar\u00f4me Pro-FOCS<\/li>\n<li>8. Double bobine \u00e0 commande ind\u00e9pendante<\/li>\n<li>9. Adapt\u00e9 pour Meshed-H 0.8\u03a9\/0.4\u03a9 CROWN M Twin-coil (MTL &amp; DTL)<\/li>\n<li>10. \u00c9quip\u00e9 d&rsquo;une bobine de rechange de 0,6\u03a9 dans l&#8217;emballage pour le vaping RDL.<\/li>\n<li>11. Conception unique et transparente du bo\u00eetier ext\u00e9rieur<\/li>\n<\/ul>\n<\/li>\n<\/ul>\n<div class=\"img-show-more\">\n<div id=\"img_content_less\" class=\"img-content add-more\">\n<p class=\"description-img-center\"><a href=\"https:\/\/justvape.nu\/wp-content\/uploads\/2023\/01\/Uwell_Crown_M_Pod_Mod_Kit_Features.jpg\"><img loading=\"lazy\" decoding=\"async\" class=\"alignnone size-full wp-image-565315\" src=\"https:\/\/justvape.nu\/wp-content\/uploads\/2023\/01\/Uwell_Crown_M_Pod_Mod_Kit_Features.jpg\" alt=\"\" width=\"831\" height=\"377\" title=\"\" srcset=\"https:\/\/justvape.nu\/wp-content\/uploads\/2023\/01\/Uwell_Crown_M_Pod_Mod_Kit_Features.jpg 831w, https:\/\/justvape.nu\/wp-content\/uploads\/2023\/01\/Uwell_Crown_M_Pod_Mod_Kit_Features-600x272.jpg 600w, https:\/\/justvape.nu\/wp-content\/uploads\/2023\/01\/Uwell_Crown_M_Pod_Mod_Kit_Features-64x29.jpg 64w, https:\/\/justvape.nu\/wp-content\/uploads\/2023\/01\/Uwell_Crown_M_Pod_Mod_Kit_Features-300x136.jpg 300w, https:\/\/justvape.nu\/wp-content\/uploads\/2023\/01\/Uwell_Crown_M_Pod_Mod_Kit_Features-768x348.jpg 768w\" sizes=\"auto, (max-width: 831px) 100vw, 831px\" \/><\/a> <a href=\"https:\/\/justvape.nu\/wp-content\/uploads\/2023\/01\/Uwell_Crown_M_Pod_Mod_Kit_Full_Colors.jpg\"><img loading=\"lazy\" decoding=\"async\" class=\"alignnone size-full wp-image-565324\" src=\"https:\/\/justvape.nu\/wp-content\/uploads\/2023\/01\/Uwell_Crown_M_Pod_Mod_Kit_Full_Colors.jpg\" alt=\"\" width=\"831\" height=\"314\" title=\"\" srcset=\"https:\/\/justvape.nu\/wp-content\/uploads\/2023\/01\/Uwell_Crown_M_Pod_Mod_Kit_Full_Colors.jpg 831w, https:\/\/justvape.nu\/wp-content\/uploads\/2023\/01\/Uwell_Crown_M_Pod_Mod_Kit_Full_Colors-600x227.jpg 600w, https:\/\/justvape.nu\/wp-content\/uploads\/2023\/01\/Uwell_Crown_M_Pod_Mod_Kit_Full_Colors-64x24.jpg 64w, https:\/\/justvape.nu\/wp-content\/uploads\/2023\/01\/Uwell_Crown_M_Pod_Mod_Kit_Full_Colors-300x113.jpg 300w, https:\/\/justvape.nu\/wp-content\/uploads\/2023\/01\/Uwell_Crown_M_Pod_Mod_Kit_Full_Colors-768x290.jpg 768w\" sizes=\"auto, (max-width: 831px) 100vw, 831px\" \/><\/a><a href=\"https:\/\/justvape.nu\/wp-content\/uploads\/2023\/01\/Uwell_Crown_M_Pod_Mod_Kit_Short_Description.jpg\"><img loading=\"lazy\" decoding=\"async\" class=\"alignnone size-full wp-image-565333\" src=\"https:\/\/justvape.nu\/wp-content\/uploads\/2023\/01\/Uwell_Crown_M_Pod_Mod_Kit_Short_Description.jpg\" alt=\"\" width=\"831\" height=\"437\" title=\"\" srcset=\"https:\/\/justvape.nu\/wp-content\/uploads\/2023\/01\/Uwell_Crown_M_Pod_Mod_Kit_Short_Description.jpg 831w, https:\/\/justvape.nu\/wp-content\/uploads\/2023\/01\/Uwell_Crown_M_Pod_Mod_Kit_Short_Description-600x316.jpg 600w, https:\/\/justvape.nu\/wp-content\/uploads\/2023\/01\/Uwell_Crown_M_Pod_Mod_Kit_Short_Description-64x34.jpg 64w, https:\/\/justvape.nu\/wp-content\/uploads\/2023\/01\/Uwell_Crown_M_Pod_Mod_Kit_Short_Description-300x158.jpg 300w, https:\/\/justvape.nu\/wp-content\/uploads\/2023\/01\/Uwell_Crown_M_Pod_Mod_Kit_Short_Description-768x404.jpg 768w\" sizes=\"auto, (max-width: 831px) 100vw, 831px\" \/><\/a><\/p>\n<\/div>\n<\/div>\n<div class=\"shop-features \">\n<h2 class=\"shop-features-title \"><a href=\"https:\/\/justvape.nu\/wp-content\/uploads\/2018\/05\/Packing-List.png\"><img loading=\"lazy\" decoding=\"async\" class=\"alignnone size-full wp-image-248468\" src=\"https:\/\/justvape.nu\/wp-content\/uploads\/2018\/05\/Packing-List.png\" alt=\"\" width=\"950\" height=\"64\" title=\"\" srcset=\"https:\/\/justvape.nu\/wp-content\/uploads\/2018\/05\/Packing-List.png 950w, https:\/\/justvape.nu\/wp-content\/uploads\/2018\/05\/Packing-List-600x40.png 600w, https:\/\/justvape.nu\/wp-content\/uploads\/2018\/05\/Packing-List-64x4.png 64w, https:\/\/justvape.nu\/wp-content\/uploads\/2018\/05\/Packing-List-300x20.png 300w, https:\/\/justvape.nu\/wp-content\/uploads\/2018\/05\/Packing-List-768x52.png 768w\" sizes=\"auto, (max-width: 950px) 100vw, 950px\" \/><\/a><\/h2>\n<\/div>\n<p><strong class=\"description-little-title \">Le paquet de Uwell Crown M Starter Kit est livr\u00e9 avec :<\/strong><\/p>\n<p>1* Dispositif Uwell Crown M<br \/>\n1* Uwell Crown M Cartouche Vide<br \/>\n1* Meshed-H 0.8\u03a9\/0.4\u03a9 Crown M Twin-Coil (pr\u00e9-install\u00e9)<br \/>\n1 bobine Meshed-H 0.6\u03a9 Crown M.<br \/>\n1 * manuel de l&rsquo;utilisateur<br \/>\n1* C\u00e2ble de chargement Type-C<\/p>\n<p class=\"description-img-center \"><a href=\"https:\/\/justvape.nu\/wp-content\/uploads\/2023\/01\/Uwell_Crown_M_Pod_Mod_Kit_Package.jpg\"><img loading=\"lazy\" decoding=\"async\" class=\"alignnone size-full wp-image-565342\" src=\"https:\/\/justvape.nu\/wp-content\/uploads\/2023\/01\/Uwell_Crown_M_Pod_Mod_Kit_Package.jpg\" alt=\"\" width=\"831\" height=\"417\" title=\"\" srcset=\"https:\/\/justvape.nu\/wp-content\/uploads\/2023\/01\/Uwell_Crown_M_Pod_Mod_Kit_Package.jpg 831w, https:\/\/justvape.nu\/wp-content\/uploads\/2023\/01\/Uwell_Crown_M_Pod_Mod_Kit_Package-600x301.jpg 600w, https:\/\/justvape.nu\/wp-content\/uploads\/2023\/01\/Uwell_Crown_M_Pod_Mod_Kit_Package-64x32.jpg 64w, https:\/\/justvape.nu\/wp-content\/uploads\/2023\/01\/Uwell_Crown_M_Pod_Mod_Kit_Package-300x151.jpg 300w, https:\/\/justvape.nu\/wp-content\/uploads\/2023\/01\/Uwell_Crown_M_Pod_Mod_Kit_Package-768x385.jpg 768w\" sizes=\"auto, (max-width: 831px) 100vw, 831px\" \/><\/a><\/p>\n","protected":false},"excerpt":{"rendered":"<p>UWELL &#8211; CROWN M POD KIT<\/p>\n","protected":false},"featured_media":565373,"comment_status":"open","ping_status":"closed","template":"","meta":{"_acf_changed":false,"_uag_custom_page_level_css":"","site-sidebar-layout":"default","site-content-layout":"default","ast-site-content-layout":"default","site-content-style":"default","site-sidebar-style":"default","ast-global-header-display":"","ast-banner-title-visibility":"","ast-main-header-display":"","ast-hfb-above-header-display":"","ast-hfb-below-header-display":"","ast-hfb-mobile-header-display":"","site-post-title":"","ast-breadcrumbs-content":"","ast-featured-img":"","footer-sml-layout":"","ast-disable-related-posts":"","theme-transparent-header-meta":"default","adv-header-id-meta":"","stick-header-meta":"default","header-above-stick-meta":"","header-main-stick-meta":"","header-below-stick-meta":"","astra-migrate-meta-layouts":"default","ast-page-background-enabled":"default","ast-page-background-meta":{"desktop":{"background-color":"","background-image":"","background-repeat":"repeat","background-position":"center center","background-size":"auto","background-attachment":"scroll","background-type":"","background-media":"","overlay-type":"","overlay-color":"","overlay-opacity":"","overlay-gradient":""},"tablet":{"background-color":"","background-image":"","background-repeat":"repeat","background-position":"center center","background-size":"auto","background-attachment":"scroll","background-type":"","background-media":"","overlay-type":"","overlay-color":"","overlay-opacity":"","overlay-gradient":""},"mobile":{"background-color":"","background-image":"","background-repeat":"repeat","background-position":"center center","background-size":"auto","background-attachment":"scroll","background-type":"","background-media":"","overlay-type":"","overlay-color":"","overlay-opacity":"","overlay-gradient":""}},"ast-content-background-meta":{"desktop":{"background-color":"var(--ast-global-color-5)","background-image":"","background-repeat":"repeat","background-position":"center center","background-size":"auto","background-attachment":"scroll","background-type":"","background-media":"","overlay-type":"","overlay-color":"","overlay-opacity":"","overlay-gradient":""},"tablet":{"background-color":"var(--ast-global-color-5)","background-image":"","background-repeat":"repeat","background-position":"center center","background-size":"auto","background-attachment":"scroll","background-type":"","background-media":"","overlay-type":"","overlay-color":"","overlay-opacity":"","overlay-gradient":""},"mobile":{"background-color":"var(--ast-global-color-5)","background-image":"","background-repeat":"repeat","background-position":"center center","background-size":"auto","background-attachment":"scroll","background-type":"","background-media":"","overlay-type":"","overlay-color":"","overlay-opacity":"","overlay-gradient":""}}},"product_brand":[],"product_cat":[2066,4689,2508,2076,2509,3428],"product_tag":[],"class_list":{"0":"post-565420","1":"product","2":"type-product","3":"status-publish","4":"has-post-thumbnail","6":"product_cat-e-cigarettes-fr","7":"product_cat-featured-e-cigarettes-fr","8":"product_cat-hardware-fr","9":"product_cat-kits-et-pod-pour-debutants","10":"product_cat-shop-by-brand-fr","11":"product_cat-uwell-fr-2","12":"desktop-align-center","13":"tablet-align-center","14":"mobile-align-center","15":"ast-product-gallery-layout-horizontal-slider","16":"ast-product-gallery-with-no-image","17":"ast-product-single-variable","18":"ast-product-tabs-layout-horizontal","20":"first","21":"instock","22":"sale","23":"taxable","24":"shipping-taxable","25":"purchasable","26":"product-type-variable"},"acf":[],"uagb_featured_image_src":{"full":["https:\/\/justvape.nu\/wp-content\/uploads\/2023\/01\/Uwell_Crown_M_Pod_Mod_Kit.webp",800,800,false],"thumbnail":["https:\/\/justvape.nu\/wp-content\/uploads\/2023\/01\/Uwell_Crown_M_Pod_Mod_Kit-150x150.webp",150,150,true],"medium":["https:\/\/justvape.nu\/wp-content\/uploads\/2023\/01\/Uwell_Crown_M_Pod_Mod_Kit-300x300.webp",300,300,true],"medium_large":["https:\/\/justvape.nu\/wp-content\/uploads\/2023\/01\/Uwell_Crown_M_Pod_Mod_Kit-768x768.webp",768,768,true],"large":["https:\/\/justvape.nu\/wp-content\/uploads\/2023\/01\/Uwell_Crown_M_Pod_Mod_Kit.webp",800,800,false],"1536x1536":["https:\/\/justvape.nu\/wp-content\/uploads\/2023\/01\/Uwell_Crown_M_Pod_Mod_Kit.webp",800,800,false],"2048x2048":["https:\/\/justvape.nu\/wp-content\/uploads\/2023\/01\/Uwell_Crown_M_Pod_Mod_Kit.webp",800,800,false],"woocommerce_thumbnail":["https:\/\/justvape.nu\/wp-content\/uploads\/2023\/01\/Uwell_Crown_M_Pod_Mod_Kit-300x300.webp",300,300,true],"woocommerce_single":["https:\/\/justvape.nu\/wp-content\/uploads\/2023\/01\/Uwell_Crown_M_Pod_Mod_Kit-600x600.webp",600,600,true],"woocommerce_gallery_thumbnail":["https:\/\/justvape.nu\/wp-content\/uploads\/2023\/01\/Uwell_Crown_M_Pod_Mod_Kit-100x100.webp",100,100,true],"dgwt-wcas-product-suggestion":["https:\/\/justvape.nu\/wp-content\/uploads\/2023\/01\/Uwell_Crown_M_Pod_Mod_Kit-64x64.webp",64,64,true]},"uagb_author_info":{"display_name":"Kenneth Merkur","author_link":"https:\/\/justvape.nu\/fr\/author\/"},"uagb_comment_info":0,"uagb_excerpt":"UWELL - CROWN M POD KIT","_links":{"self":[{"href":"https:\/\/justvape.nu\/fr\/wp-json\/wp\/v2\/product\/565420","targetHints":{"allow":["GET"]}}],"collection":[{"href":"https:\/\/justvape.nu\/fr\/wp-json\/wp\/v2\/product"}],"about":[{"href":"https:\/\/justvape.nu\/fr\/wp-json\/wp\/v2\/types\/product"}],"replies":[{"embeddable":true,"href":"https:\/\/justvape.nu\/fr\/wp-json\/wp\/v2\/comments?post=565420"}],"wp:featuredmedia":[{"embeddable":true,"href":"https:\/\/justvape.nu\/fr\/wp-json\/wp\/v2\/media\/565373"}],"wp:attachment":[{"href":"https:\/\/justvape.nu\/fr\/wp-json\/wp\/v2\/media?parent=565420"}],"wp:term":[{"taxonomy":"product_brand","embeddable":true,"href":"https:\/\/justvape.nu\/fr\/wp-json\/wp\/v2\/product_brand?post=565420"},{"taxonomy":"product_cat","embeddable":true,"href":"https:\/\/justvape.nu\/fr\/wp-json\/wp\/v2\/product_cat?post=565420"},{"taxonomy":"product_tag","embeddable":true,"href":"https:\/\/justvape.nu\/fr\/wp-json\/wp\/v2\/product_tag?post=565420"}],"curies":[{"name":"wp","href":"https:\/\/api.w.org\/{rel}","templated":true}]}}