{"id":561510,"date":"2023-01-06T22:08:59","date_gmt":"2023-01-06T21:08:59","guid":{"rendered":"https:\/\/justvape.nu\/produkt\/uwell-caliburn-tenet-kit\/"},"modified":"2026-04-11T22:13:11","modified_gmt":"2026-04-11T20:13:11","slug":"uwell-caliburn-tenet-kit","status":"publish","type":"product","link":"https:\/\/justvape.nu\/fr\/produkt\/uwell-caliburn-tenet-kit\/","title":{"rendered":"UWELL &#8211; CALIBURN TENET KIT"},"content":{"rendered":"<h2>UWELL &#8211; CALIBURN TENET KIT<\/h2>\n<p>Le kit de dosettes Uwell Caliburn Tenet est compact et r\u00e9sistant, id\u00e9al pour r\u00e9sister \u00e0 l&rsquo;usure du vapotage quotidien. La batterie int\u00e9gr\u00e9e de 750mAh peut durer une journ\u00e9e enti\u00e8re avec une seule charge. Il dispose \u00e9galement d&rsquo;un port de charge rapide USB-C, de sorte que lorsque vous avez besoin de recharger l&rsquo;appareil, vous pouvez revenir \u00e0 la vapoteuse plus rapidement. Ce kit comprend un pod Caliburn G2 et deux bobines. Con\u00e7u pour permettre une inhalation MTL (Mouth To Lung), le kit Caliburn Tenet cr\u00e9e une petite quantit\u00e9 de vapeur qui ressemble beaucoup \u00e0 la sensation d&rsquo;une cigarette.<\/p>\n<p>Gr\u00e2ce \u00e0 la double activation, vous pouvez choisir de tirer sur l&#8217;embout buccal ou d&rsquo;utiliser le bouton pour fumer. Gr\u00e2ce \u00e0 la conception \u00e0 bouton unique du kit, vous pouvez appuyer sur le bouton d&rsquo;allumage pour \u00e9teindre et allumer l&rsquo;appareil, puis deux clics verrouilleront le bouton d&rsquo;allumage afin que vous puissiez stocker votre vape sans l&rsquo;\u00e9teindre. Le kit vibre \u00e9galement lorsque vous connectez un pod pour vous indiquer qu&rsquo;il est pr\u00eat \u00e0 fumer. Une petite fen\u00eatre vous permet \u00e9galement de voir la quantit\u00e9 d&rsquo;e-liquide restant dans le pod, ce qui vous permet de savoir quand le remplir \u00e0 nouveau.<\/p>\n<p>Le Caliburn Tenet est livr\u00e9 avec un pod G2 \u00e0 remplissage par le haut. Il suffit de retirer l&#8217;embout buccal pour r\u00e9v\u00e9ler le port d&rsquo;e-liquide et le recharger. Le pod utilise une petite roue pour r\u00e9gler le flux d&rsquo;air, ce qui vous permet de choisir plus facilement une inhalation libre ou serr\u00e9e. Il y a deux bobines Caliburn G dans la bo\u00eete, une bobine de 1,2 Ohm, et une bobine de 0,8 Ohm, les deux fournissent une inhalation MTL, avec la bobine \u00e0 faible r\u00e9sistance cr\u00e9ant un peu plus de vapeur. Nous recommandons de combiner ces bobines avec des e-liquides 50\/50 et \u00e0 haute teneur en PG, les sels nic sont un choix populaire si vous pr\u00e9f\u00e9rez une vape avec un hit de gorge plus doux.<\/p>\n<p><a href=\"https:\/\/justvape.nu\/wp-content\/uploads\/2018\/05\/Color-Schemes.png\"><img loading=\"lazy\" decoding=\"async\" class=\"alignnone size-full wp-image-19187\" src=\"https:\/\/justvape.nu\/wp-content\/uploads\/2018\/05\/Color-Schemes.png\" alt=\"\" width=\"950\" height=\"64\" title=\"\" srcset=\"https:\/\/justvape.nu\/wp-content\/uploads\/2018\/05\/Color-Schemes.png 950w, https:\/\/justvape.nu\/wp-content\/uploads\/2018\/05\/Color-Schemes-555x37.png 555w, https:\/\/justvape.nu\/wp-content\/uploads\/2018\/05\/Color-Schemes-64x4.png 64w, https:\/\/justvape.nu\/wp-content\/uploads\/2018\/05\/Color-Schemes-300x20.png 300w, https:\/\/justvape.nu\/wp-content\/uploads\/2018\/05\/Color-Schemes-768x52.png 768w\" sizes=\"auto, (max-width: 950px) 100vw, 950px\" \/><\/a><\/p>\n<p class=\"description-img-center\"><a href=\"https:\/\/justvape.nu\/wp-content\/uploads\/2023\/01\/Uwell_Caliburn_Tenet_Pod_System_Kit_Full_Color.jpg\"><img loading=\"lazy\" decoding=\"async\" class=\"alignnone size-full wp-image-560853\" src=\"https:\/\/justvape.nu\/wp-content\/uploads\/2023\/01\/Uwell_Caliburn_Tenet_Pod_System_Kit_Full_Color.jpg\" alt=\"\" width=\"800\" height=\"484\" title=\"\" srcset=\"https:\/\/justvape.nu\/wp-content\/uploads\/2023\/01\/Uwell_Caliburn_Tenet_Pod_System_Kit_Full_Color.jpg 800w, https:\/\/justvape.nu\/wp-content\/uploads\/2023\/01\/Uwell_Caliburn_Tenet_Pod_System_Kit_Full_Color-600x363.jpg 600w, https:\/\/justvape.nu\/wp-content\/uploads\/2023\/01\/Uwell_Caliburn_Tenet_Pod_System_Kit_Full_Color-64x39.jpg 64w, https:\/\/justvape.nu\/wp-content\/uploads\/2023\/01\/Uwell_Caliburn_Tenet_Pod_System_Kit_Full_Color-300x182.jpg 300w, https:\/\/justvape.nu\/wp-content\/uploads\/2023\/01\/Uwell_Caliburn_Tenet_Pod_System_Kit_Full_Color-768x465.jpg 768w\" sizes=\"auto, (max-width: 800px) 100vw, 800px\" \/><\/a><\/p>\n<div class=\"shop-features \">\n<h2 class=\"shop-features-title \"><a href=\"https:\/\/justvape.nu\/wp-content\/uploads\/2018\/05\/Specifications.png\"><img loading=\"lazy\" decoding=\"async\" class=\"alignnone size-full wp-image-248449\" src=\"https:\/\/justvape.nu\/wp-content\/uploads\/2018\/05\/Specifications.png\" alt=\"\" width=\"950\" height=\"64\" title=\"\" srcset=\"https:\/\/justvape.nu\/wp-content\/uploads\/2018\/05\/Specifications.png 950w, https:\/\/justvape.nu\/wp-content\/uploads\/2018\/05\/Specifications-600x40.png 600w, https:\/\/justvape.nu\/wp-content\/uploads\/2018\/05\/Specifications-64x4.png 64w, https:\/\/justvape.nu\/wp-content\/uploads\/2018\/05\/Specifications-300x20.png 300w, https:\/\/justvape.nu\/wp-content\/uploads\/2018\/05\/Specifications-768x52.png 768w\" sizes=\"auto, (max-width: 950px) 100vw, 950px\" \/><\/a><\/h2>\n<\/div>\n<p><strong class=\"description-little-title\">Uwell Caliburn Tenet Pod System Kit Param\u00e8tres :<\/strong><\/p>\n<table class=\"description-table\">\n<tbody>\n<tr>\n<td class=\"strong-title \">Marque<\/td>\n<td class=\"inline\">Uwell<\/td>\n<\/tr>\n<tr>\n<td class=\"strong-title \">Nom du produit<\/td>\n<td class=\"inline\">Kit syst\u00e8me de pods Tenet<\/td>\n<\/tr>\n<tr>\n<td class=\"strong-title \">Capacit\u00e9 de la batterie<\/td>\n<td class=\"inline\">Batterie int\u00e9gr\u00e9e de 750mAh<\/td>\n<\/tr>\n<tr>\n<td class=\"strong-title \">Chargement<\/td>\n<td class=\"inline\">Chargement de type C<\/td>\n<\/tr>\n<tr>\n<td class=\"strong-title \">Puissance de sortie<\/td>\n<td class=\"inline\">Max 16W<\/td>\n<\/tr>\n<tr>\n<td class=\"strong-title \">Capacit\u00e9 de l&rsquo;e-juice<\/td>\n<td class=\"inline\">2ml<\/td>\n<\/tr>\n<tr>\n<td class=\"strong-title \">Remplissage<\/td>\n<td class=\"inline\">Garniture sup\u00e9rieure<\/td>\n<\/tr>\n<tr>\n<td class=\"strong-title \">D\u00e9bit d&rsquo;air<\/td>\n<td class=\"inline\">D\u00e9bit d&rsquo;air r\u00e9glable<\/td>\n<\/tr>\n<tr>\n<td class=\"strong-title \">En forme pour<\/td>\n<td class=\"inline\">Uwell Caliburn G2 Cartouche vide, Uwell Caliburn G\/G2 Coil<\/td>\n<\/tr>\n<tr>\n<td class=\"strong-title \">Mat\u00e9riau<\/td>\n<td class=\"inline\">PA, alliage d&rsquo;aluminium<\/td>\n<\/tr>\n<tr>\n<td class=\"strong-title \">Taille du produit<\/td>\n<td class=\"inline\">110.9* 25.1*16.3 mm<\/td>\n<\/tr>\n<tr>\n<td class=\"strong-title \"><\/td>\n<td class=\"inline\"><\/td>\n<\/tr>\n<tr>\n<td class=\"strong-title \">Couleur<\/td>\n<td class=\"inline\">Vert olive, rouge cuivre, noir carbone, gris fer.<\/td>\n<\/tr>\n<\/tbody>\n<\/table>\n<div class=\"shop-features \">\n<h2 class=\"shop-features-title \"><a href=\"https:\/\/justvape.nu\/wp-content\/uploads\/2018\/05\/Features.png\"><img loading=\"lazy\" decoding=\"async\" class=\"alignnone size-full wp-image-18994\" src=\"https:\/\/justvape.nu\/wp-content\/uploads\/2018\/05\/Features.png\" alt=\"\" width=\"950\" height=\"64\" title=\"\" srcset=\"https:\/\/justvape.nu\/wp-content\/uploads\/2018\/05\/Features.png 950w, https:\/\/justvape.nu\/wp-content\/uploads\/2018\/05\/Features-555x37.png 555w, https:\/\/justvape.nu\/wp-content\/uploads\/2018\/05\/Features-64x4.png 64w, https:\/\/justvape.nu\/wp-content\/uploads\/2018\/05\/Features-300x20.png 300w, https:\/\/justvape.nu\/wp-content\/uploads\/2018\/05\/Features-768x52.png 768w\" sizes=\"auto, (max-width: 950px) 100vw, 950px\" \/><\/a><\/h2>\n<\/div>\n<p><strong class=\"description-little-title\">Uwell Caliburn Tenet Details :<\/strong><\/p>\n<ul>\n<li style=\"list-style-type: none;\">\n<ul>\n<li>1. Batterie int\u00e9gr\u00e9e de 750mAh avec 16W max.<\/li>\n<li>2. Tirage automatique et allumage par bouton<\/li>\n<li>3. Fonction de verrouillage\/d\u00e9verrouillage du contact<\/li>\n<li>4. Vibration pour indiquer les diff\u00e9rents \u00e9tats de fonctionnement<\/li>\n<li>5. Capacit\u00e9 de 2ml et remplissage facile par le haut<\/li>\n<li>6. Grande fen\u00eatre de contr\u00f4le des e-liquides<\/li>\n<li>7. Syst\u00e8me de r\u00e9glage pr\u00e9cis du d\u00e9bit d&rsquo;air<\/li>\n<li>8. Technologie d&rsquo;ajustement de l&rsquo;ar\u00f4me Pro-FOCS<\/li>\n<li>9. Compatible avec Uwell Caliburn G\/G2 Coil<\/li>\n<li>10. Capable de vous faire b\u00e9n\u00e9ficier d&rsquo;un vaping MTL et RDL<\/li>\n<li>11. Style punk m\u00e9canique, \u00e9l\u00e9gant et unique<\/li>\n<li>12. Coque moul\u00e9e sous pression en alliage d&rsquo;aluminium<\/li>\n<li>13. Vis et rivets esth\u00e9tiques et antid\u00e9rapants<\/li>\n<\/ul>\n<\/li>\n<\/ul>\n<div class=\"img-show-more\">\n<div id=\"img_content_less\" class=\"img-content add-more\">\n<p class=\"description-img-center\"><a href=\"https:\/\/justvape.nu\/wp-content\/uploads\/2023\/01\/Uwell_Caliburn_Tenet_Kit.jpg\"><img loading=\"lazy\" decoding=\"async\" class=\"alignnone size-full wp-image-560862\" src=\"https:\/\/justvape.nu\/wp-content\/uploads\/2023\/01\/Uwell_Caliburn_Tenet_Kit.jpg\" alt=\"\" width=\"831\" height=\"439\" title=\"\" srcset=\"https:\/\/justvape.nu\/wp-content\/uploads\/2023\/01\/Uwell_Caliburn_Tenet_Kit.jpg 831w, https:\/\/justvape.nu\/wp-content\/uploads\/2023\/01\/Uwell_Caliburn_Tenet_Kit-600x317.jpg 600w, https:\/\/justvape.nu\/wp-content\/uploads\/2023\/01\/Uwell_Caliburn_Tenet_Kit-64x34.jpg 64w, https:\/\/justvape.nu\/wp-content\/uploads\/2023\/01\/Uwell_Caliburn_Tenet_Kit-300x158.jpg 300w, https:\/\/justvape.nu\/wp-content\/uploads\/2023\/01\/Uwell_Caliburn_Tenet_Kit-768x406.jpg 768w\" sizes=\"auto, (max-width: 831px) 100vw, 831px\" \/><\/a> <a href=\"https:\/\/justvape.nu\/wp-content\/uploads\/2023\/01\/Uwell_Caliburn_Tenet_Kit_Mechanical_Punk_Design.jpg\"><img loading=\"lazy\" decoding=\"async\" class=\"alignnone size-full wp-image-560871\" src=\"https:\/\/justvape.nu\/wp-content\/uploads\/2023\/01\/Uwell_Caliburn_Tenet_Kit_Mechanical_Punk_Design.jpg\" alt=\"\" width=\"831\" height=\"434\" title=\"\" srcset=\"https:\/\/justvape.nu\/wp-content\/uploads\/2023\/01\/Uwell_Caliburn_Tenet_Kit_Mechanical_Punk_Design.jpg 831w, https:\/\/justvape.nu\/wp-content\/uploads\/2023\/01\/Uwell_Caliburn_Tenet_Kit_Mechanical_Punk_Design-600x313.jpg 600w, https:\/\/justvape.nu\/wp-content\/uploads\/2023\/01\/Uwell_Caliburn_Tenet_Kit_Mechanical_Punk_Design-64x33.jpg 64w, https:\/\/justvape.nu\/wp-content\/uploads\/2023\/01\/Uwell_Caliburn_Tenet_Kit_Mechanical_Punk_Design-300x157.jpg 300w, https:\/\/justvape.nu\/wp-content\/uploads\/2023\/01\/Uwell_Caliburn_Tenet_Kit_Mechanical_Punk_Design-768x401.jpg 768w\" sizes=\"auto, (max-width: 831px) 100vw, 831px\" \/><\/a> <a href=\"https:\/\/justvape.nu\/wp-content\/uploads\/2023\/01\/Uwell_Caliburn_Tenet_Kit_Punk_Design.jpg\"><img loading=\"lazy\" decoding=\"async\" class=\"alignnone size-full wp-image-560880\" src=\"https:\/\/justvape.nu\/wp-content\/uploads\/2023\/01\/Uwell_Caliburn_Tenet_Kit_Punk_Design.jpg\" alt=\"\" width=\"831\" height=\"418\" title=\"\" srcset=\"https:\/\/justvape.nu\/wp-content\/uploads\/2023\/01\/Uwell_Caliburn_Tenet_Kit_Punk_Design.jpg 831w, https:\/\/justvape.nu\/wp-content\/uploads\/2023\/01\/Uwell_Caliburn_Tenet_Kit_Punk_Design-600x302.jpg 600w, https:\/\/justvape.nu\/wp-content\/uploads\/2023\/01\/Uwell_Caliburn_Tenet_Kit_Punk_Design-64x32.jpg 64w, https:\/\/justvape.nu\/wp-content\/uploads\/2023\/01\/Uwell_Caliburn_Tenet_Kit_Punk_Design-300x151.jpg 300w, https:\/\/justvape.nu\/wp-content\/uploads\/2023\/01\/Uwell_Caliburn_Tenet_Kit_Punk_Design-768x386.jpg 768w\" sizes=\"auto, (max-width: 831px) 100vw, 831px\" \/><\/a><\/p>\n<\/div>\n<\/div>\n<div class=\"shop-features \">\n<h2 class=\"shop-features-title \"><a href=\"https:\/\/justvape.nu\/wp-content\/uploads\/2018\/05\/Packing-List.png\"><img loading=\"lazy\" decoding=\"async\" class=\"alignnone size-full wp-image-18995\" src=\"https:\/\/justvape.nu\/wp-content\/uploads\/2018\/05\/Packing-List.png\" alt=\"\" width=\"950\" height=\"64\" title=\"\" srcset=\"https:\/\/justvape.nu\/wp-content\/uploads\/2018\/05\/Packing-List.png 950w, https:\/\/justvape.nu\/wp-content\/uploads\/2018\/05\/Packing-List-555x37.png 555w, https:\/\/justvape.nu\/wp-content\/uploads\/2018\/05\/Packing-List-64x4.png 64w, https:\/\/justvape.nu\/wp-content\/uploads\/2018\/05\/Packing-List-300x20.png 300w, https:\/\/justvape.nu\/wp-content\/uploads\/2018\/05\/Packing-List-768x52.png 768w\" sizes=\"auto, (max-width: 950px) 100vw, 950px\" \/><\/a><\/h2>\n<\/div>\n<p><strong class=\"description-little-title \">Le paquet de Uwell Caliburn Tenet Starter Kit est livr\u00e9 avec :<\/strong><\/p>\n<p>1* Dispositif Uwell Caliburn Tenet<br \/>\n1* Cartouche vide Uwell Caliburn G2<br \/>\n1* Uwell UN2 Meshed 0.8\u03a9 Caliburn G Coil (pr\u00e9-install\u00e9)<br \/>\n1* Uwell UN2 Meshed 1.2\u03a9 Caliburn G2 Coil (Spare)<br \/>\n1* C\u00e2ble de chargement Type-C<br \/>\n1 * manuel de l&rsquo;utilisateur<\/p>\n<p class=\"description-img-center \"><a href=\"https:\/\/justvape.nu\/wp-content\/uploads\/2023\/01\/Uwell_Caliburn_Tenet_Kit_Package.jpg\"><img loading=\"lazy\" decoding=\"async\" class=\"alignnone size-full wp-image-560889\" src=\"https:\/\/justvape.nu\/wp-content\/uploads\/2023\/01\/Uwell_Caliburn_Tenet_Kit_Package.jpg\" alt=\"\" width=\"831\" height=\"392\" title=\"\" srcset=\"https:\/\/justvape.nu\/wp-content\/uploads\/2023\/01\/Uwell_Caliburn_Tenet_Kit_Package.jpg 831w, https:\/\/justvape.nu\/wp-content\/uploads\/2023\/01\/Uwell_Caliburn_Tenet_Kit_Package-600x283.jpg 600w, https:\/\/justvape.nu\/wp-content\/uploads\/2023\/01\/Uwell_Caliburn_Tenet_Kit_Package-64x30.jpg 64w, https:\/\/justvape.nu\/wp-content\/uploads\/2023\/01\/Uwell_Caliburn_Tenet_Kit_Package-300x142.jpg 300w, https:\/\/justvape.nu\/wp-content\/uploads\/2023\/01\/Uwell_Caliburn_Tenet_Kit_Package-768x362.jpg 768w\" sizes=\"auto, (max-width: 831px) 100vw, 831px\" \/><\/a><\/p>\n","protected":false},"excerpt":{"rendered":"<p>UWELL &#8211; CALIBURN TENET KIT<\/p>\n","protected":false},"featured_media":560904,"comment_status":"open","ping_status":"closed","template":"","meta":{"_acf_changed":false,"_uag_custom_page_level_css":"","site-sidebar-layout":"default","site-content-layout":"default","ast-site-content-layout":"default","site-content-style":"default","site-sidebar-style":"default","ast-global-header-display":"","ast-banner-title-visibility":"","ast-main-header-display":"","ast-hfb-above-header-display":"","ast-hfb-below-header-display":"","ast-hfb-mobile-header-display":"","site-post-title":"","ast-breadcrumbs-content":"","ast-featured-img":"","footer-sml-layout":"","ast-disable-related-posts":"","theme-transparent-header-meta":"default","adv-header-id-meta":"","stick-header-meta":"default","header-above-stick-meta":"","header-main-stick-meta":"","header-below-stick-meta":"","astra-migrate-meta-layouts":"default","ast-page-background-enabled":"default","ast-page-background-meta":{"desktop":{"background-color":"","background-image":"","background-repeat":"repeat","background-position":"center center","background-size":"auto","background-attachment":"scroll","background-type":"","background-media":"","overlay-type":"","overlay-color":"","overlay-opacity":"","overlay-gradient":""},"tablet":{"background-color":"","background-image":"","background-repeat":"repeat","background-position":"center center","background-size":"auto","background-attachment":"scroll","background-type":"","background-media":"","overlay-type":"","overlay-color":"","overlay-opacity":"","overlay-gradient":""},"mobile":{"background-color":"","background-image":"","background-repeat":"repeat","background-position":"center center","background-size":"auto","background-attachment":"scroll","background-type":"","background-media":"","overlay-type":"","overlay-color":"","overlay-opacity":"","overlay-gradient":""}},"ast-content-background-meta":{"desktop":{"background-color":"var(--ast-global-color-5)","background-image":"","background-repeat":"repeat","background-position":"center center","background-size":"auto","background-attachment":"scroll","background-type":"","background-media":"","overlay-type":"","overlay-color":"","overlay-opacity":"","overlay-gradient":""},"tablet":{"background-color":"var(--ast-global-color-5)","background-image":"","background-repeat":"repeat","background-position":"center center","background-size":"auto","background-attachment":"scroll","background-type":"","background-media":"","overlay-type":"","overlay-color":"","overlay-opacity":"","overlay-gradient":""},"mobile":{"background-color":"var(--ast-global-color-5)","background-image":"","background-repeat":"repeat","background-position":"center center","background-size":"auto","background-attachment":"scroll","background-type":"","background-media":"","overlay-type":"","overlay-color":"","overlay-opacity":"","overlay-gradient":""}}},"product_brand":[],"product_cat":[2066,2508,2076,2509,3428],"product_tag":[],"class_list":{"0":"post-561510","1":"product","2":"type-product","3":"status-publish","4":"has-post-thumbnail","6":"product_cat-e-cigarettes-fr","7":"product_cat-hardware-fr","8":"product_cat-kits-et-pod-pour-debutants","9":"product_cat-shop-by-brand-fr","10":"product_cat-uwell-fr-2","11":"desktop-align-center","12":"tablet-align-center","13":"mobile-align-center","14":"ast-product-gallery-layout-horizontal-slider","15":"ast-product-gallery-with-no-image","16":"ast-product-single-variable","17":"ast-product-tabs-layout-horizontal","19":"first","20":"instock","21":"sale","22":"taxable","23":"shipping-taxable","24":"purchasable","25":"product-type-variable"},"acf":[],"uagb_featured_image_src":{"full":["https:\/\/justvape.nu\/wp-content\/uploads\/2023\/01\/uwell-tenet-gallery.jpg",800,800,false],"thumbnail":["https:\/\/justvape.nu\/wp-content\/uploads\/2023\/01\/uwell-tenet-gallery-150x150.jpg",150,150,true],"medium":["https:\/\/justvape.nu\/wp-content\/uploads\/2023\/01\/uwell-tenet-gallery-300x300.jpg",300,300,true],"medium_large":["https:\/\/justvape.nu\/wp-content\/uploads\/2023\/01\/uwell-tenet-gallery-768x768.jpg",768,768,true],"large":["https:\/\/justvape.nu\/wp-content\/uploads\/2023\/01\/uwell-tenet-gallery.jpg",800,800,false],"1536x1536":["https:\/\/justvape.nu\/wp-content\/uploads\/2023\/01\/uwell-tenet-gallery.jpg",800,800,false],"2048x2048":["https:\/\/justvape.nu\/wp-content\/uploads\/2023\/01\/uwell-tenet-gallery.jpg",800,800,false],"woocommerce_thumbnail":["https:\/\/justvape.nu\/wp-content\/uploads\/2023\/01\/uwell-tenet-gallery-300x300.jpg",300,300,true],"woocommerce_single":["https:\/\/justvape.nu\/wp-content\/uploads\/2023\/01\/uwell-tenet-gallery-600x600.jpg",600,600,true],"woocommerce_gallery_thumbnail":["https:\/\/justvape.nu\/wp-content\/uploads\/2023\/01\/uwell-tenet-gallery-100x100.jpg",100,100,true],"dgwt-wcas-product-suggestion":["https:\/\/justvape.nu\/wp-content\/uploads\/2023\/01\/uwell-tenet-gallery-64x64.jpg",64,64,true]},"uagb_author_info":{"display_name":"Kenneth Merkur","author_link":"https:\/\/justvape.nu\/fr\/author\/"},"uagb_comment_info":0,"uagb_excerpt":"UWELL - CALIBURN TENET KIT","_links":{"self":[{"href":"https:\/\/justvape.nu\/fr\/wp-json\/wp\/v2\/product\/561510","targetHints":{"allow":["GET"]}}],"collection":[{"href":"https:\/\/justvape.nu\/fr\/wp-json\/wp\/v2\/product"}],"about":[{"href":"https:\/\/justvape.nu\/fr\/wp-json\/wp\/v2\/types\/product"}],"replies":[{"embeddable":true,"href":"https:\/\/justvape.nu\/fr\/wp-json\/wp\/v2\/comments?post=561510"}],"wp:featuredmedia":[{"embeddable":true,"href":"https:\/\/justvape.nu\/fr\/wp-json\/wp\/v2\/media\/560904"}],"wp:attachment":[{"href":"https:\/\/justvape.nu\/fr\/wp-json\/wp\/v2\/media?parent=561510"}],"wp:term":[{"taxonomy":"product_brand","embeddable":true,"href":"https:\/\/justvape.nu\/fr\/wp-json\/wp\/v2\/product_brand?post=561510"},{"taxonomy":"product_cat","embeddable":true,"href":"https:\/\/justvape.nu\/fr\/wp-json\/wp\/v2\/product_cat?post=561510"},{"taxonomy":"product_tag","embeddable":true,"href":"https:\/\/justvape.nu\/fr\/wp-json\/wp\/v2\/product_tag?post=561510"}],"curies":[{"name":"wp","href":"https:\/\/api.w.org\/{rel}","templated":true}]}}