{"id":561505,"date":"2023-01-06T22:18:44","date_gmt":"2023-01-06T21:18:44","guid":{"rendered":"https:\/\/justvape.nu\/produkt\/uwell-caliburn-tenet-koko-kit\/"},"modified":"2023-01-06T22:18:44","modified_gmt":"2023-01-06T21:18:44","slug":"uwell-caliburn-tenet-koko-kit-2","status":"publish","type":"product","link":"https:\/\/justvape.nu\/fr\/produkt\/uwell-caliburn-tenet-koko-kit-2\/","title":{"rendered":"UWELL &#8211; CALIBURN TENET KOKO KIT"},"content":{"rendered":"<h2>UWELL &#8211; CALIBURN TENET KOKO KIT<\/h2>\n<p>Le kit de vape Uwell Caliburn Tenet Koko est le choix id\u00e9al pour les fumeurs qui recherchent quelque chose de portable avec une esth\u00e9tique avant-gardiste. Sa batterie de 950mAh est int\u00e9gr\u00e9e au kit, vous n&rsquo;avez donc pas \u00e0 vous soucier de la changer. De plus, la puissance maximale de 18 W est parfaite pour cr\u00e9er une authentique inhalation MTL (Mouth To Lung). Dans la bo\u00eete, vous trouverez un pod Caliburn G2 de 2ml ainsi que deux bobines diff\u00e9rentes de la gamme de bobines Caliburn G pour vous aider \u00e0 d\u00e9marrer.<\/p>\n<p>Gr\u00e2ce \u00e0 sa fonction d&rsquo;activation de l&rsquo;inhalation, le vapotage est encore plus facile. Tout ce que vous avez \u00e0 faire est de tirer sur l&#8217;embout buccal et votre Tenet Koko cr\u00e9era une quantit\u00e9 discr\u00e8te de vapeur pour une vape MTL qui imite la sensation d&rsquo;une cigarette. La bobine 0,8 Ohm est con\u00e7ue pour produire un peu plus de vapeur que la version 1,2 Ohm, ce qui signifie que vous pouvez personnaliser votre vape en choisissant celle que vous pr\u00e9f\u00e9rez. Vous trouverez \u00e9galement une cha\u00eenette qui vous permettra de garder votre trousse en s\u00e9curit\u00e9 et accessible.<\/p>\n<p>Remplir votre dosette Caliburn G2 est tr\u00e8s facile \u00e0 faire, gr\u00e2ce au remplissage par le haut. Il suffit de retirer l&#8217;embout buccal pour r\u00e9v\u00e9ler le port de remplissage et ajouter le e-liquide de votre choix. Les deux bobines ont un design en maille, qui chauffe le e-liquide plus rapidement et produit une saveur am\u00e9lior\u00e9e. Pour tirer le meilleur parti de votre kit, nous vous recommandons de l&rsquo;utiliser avec un e-liquide ayant une concentration de PG de 50\/50 ou \u00e9lev\u00e9e.<\/p>\n<p><a href=\"https:\/\/justvape.nu\/wp-content\/uploads\/2018\/05\/Color-Schemes.png\"><img loading=\"lazy\" decoding=\"async\" class=\"alignnone size-full wp-image-19187\" src=\"https:\/\/justvape.nu\/wp-content\/uploads\/2018\/05\/Color-Schemes.png\" alt=\"\" width=\"950\" height=\"64\" title=\"\" srcset=\"https:\/\/justvape.nu\/wp-content\/uploads\/2018\/05\/Color-Schemes.png 950w, https:\/\/justvape.nu\/wp-content\/uploads\/2018\/05\/Color-Schemes-555x37.png 555w, https:\/\/justvape.nu\/wp-content\/uploads\/2018\/05\/Color-Schemes-64x4.png 64w, https:\/\/justvape.nu\/wp-content\/uploads\/2018\/05\/Color-Schemes-300x20.png 300w, https:\/\/justvape.nu\/wp-content\/uploads\/2018\/05\/Color-Schemes-768x52.png 768w\" sizes=\"auto, (max-width: 950px) 100vw, 950px\" \/><\/a><\/p>\n<p class=\"description-img-center\"><a href=\"https:\/\/justvape.nu\/wp-content\/uploads\/2023\/01\/Uwell_Caliburn_Tenet_KOKO_Pod_Kit_Colors.jpg\"><img loading=\"lazy\" decoding=\"async\" class=\"alignnone size-full wp-image-560912\" src=\"https:\/\/justvape.nu\/wp-content\/uploads\/2023\/01\/Uwell_Caliburn_Tenet_KOKO_Pod_Kit_Colors.jpg\" alt=\"\" width=\"712\" height=\"280\" title=\"\" srcset=\"https:\/\/justvape.nu\/wp-content\/uploads\/2023\/01\/Uwell_Caliburn_Tenet_KOKO_Pod_Kit_Colors.jpg 712w, https:\/\/justvape.nu\/wp-content\/uploads\/2023\/01\/Uwell_Caliburn_Tenet_KOKO_Pod_Kit_Colors-600x236.jpg 600w, https:\/\/justvape.nu\/wp-content\/uploads\/2023\/01\/Uwell_Caliburn_Tenet_KOKO_Pod_Kit_Colors-64x25.jpg 64w, https:\/\/justvape.nu\/wp-content\/uploads\/2023\/01\/Uwell_Caliburn_Tenet_KOKO_Pod_Kit_Colors-300x118.jpg 300w\" sizes=\"auto, (max-width: 712px) 100vw, 712px\" \/><\/a><\/p>\n<div class=\"shop-features \">\n<h2 class=\"shop-features-title \"><a href=\"https:\/\/justvape.nu\/wp-content\/uploads\/2018\/05\/Specifications.png\"><img loading=\"lazy\" decoding=\"async\" class=\"alignnone size-full wp-image-248449\" src=\"https:\/\/justvape.nu\/wp-content\/uploads\/2018\/05\/Specifications.png\" alt=\"\" width=\"950\" height=\"64\" title=\"\" srcset=\"https:\/\/justvape.nu\/wp-content\/uploads\/2018\/05\/Specifications.png 950w, https:\/\/justvape.nu\/wp-content\/uploads\/2018\/05\/Specifications-600x40.png 600w, https:\/\/justvape.nu\/wp-content\/uploads\/2018\/05\/Specifications-64x4.png 64w, https:\/\/justvape.nu\/wp-content\/uploads\/2018\/05\/Specifications-300x20.png 300w, https:\/\/justvape.nu\/wp-content\/uploads\/2018\/05\/Specifications-768x52.png 768w\" sizes=\"auto, (max-width: 950px) 100vw, 950px\" \/><\/a><\/h2>\n<\/div>\n<p><strong class=\"description-little-title\">Caliburn Tenet KOKO Param\u00e8tres :<\/strong><\/p>\n<table class=\"description-table\">\n<tbody>\n<tr>\n<td class=\"strong-title \">Marque<\/td>\n<td class=\"inline\">Uwell<\/td>\n<\/tr>\n<tr>\n<td class=\"strong-title \">Nom du produit<\/td>\n<td class=\"inline\">Caliburn Tenet KOKO Pod Kit<\/td>\n<\/tr>\n<tr>\n<td class=\"strong-title \">Mat\u00e9riau<\/td>\n<td class=\"inline\">PA, alliage d&rsquo;aluminium<\/td>\n<\/tr>\n<tr>\n<td class=\"strong-title \">Dimensions<\/td>\n<td class=\"inline\">73.7*50*18mm<\/td>\n<\/tr>\n<tr>\n<td class=\"strong-title \">Capacit\u00e9 de l&rsquo;e-liquide<\/td>\n<td class=\"inline\">2ml<\/td>\n<\/tr>\n<tr>\n<td class=\"strong-title \">Puissance de sortie<\/td>\n<td class=\"inline\">Maximum 18W<\/td>\n<\/tr>\n<tr>\n<td class=\"strong-title \">Sp\u00e9cification de la bobine<\/td>\n<td class=\"inline\">FeCrAI UN2 Meshed 0.8ohm Caliburn G Coil<br \/>\nFeCrAI UN2 Meshed 1.2ohm Caliburn G2 Coil<br \/>\nFeCrAI 1.0ohm Caliburn G Coil (vendu s\u00e9par\u00e9ment)<\/td>\n<\/tr>\n<tr>\n<td class=\"strong-title \">Capacit\u00e9 de la batterie<\/td>\n<td class=\"inline\">950mAh<\/td>\n<\/tr>\n<tr>\n<td class=\"strong-title \">Type de remplissage<\/td>\n<td class=\"inline\">Garniture sup\u00e9rieure<\/td>\n<\/tr>\n<tr>\n<td class=\"strong-title \">Chargement<\/td>\n<td class=\"inline\">Charge rapide Type-C 2A<\/td>\n<\/tr>\n<tr>\n<td class=\"strong-title \">Couleur<\/td>\n<td class=\"inline\">Cuivre, Gris, Rouge et Noir, Noir et Blanc<\/td>\n<\/tr>\n<\/tbody>\n<\/table>\n<div class=\"shop-features \">\n<h2 class=\"shop-features-title \"><a href=\"https:\/\/justvape.nu\/wp-content\/uploads\/2018\/05\/Features.png\"><img loading=\"lazy\" decoding=\"async\" class=\"alignnone size-full wp-image-248458\" src=\"https:\/\/justvape.nu\/wp-content\/uploads\/2018\/05\/Features.png\" alt=\"\" width=\"950\" height=\"64\" title=\"\" srcset=\"https:\/\/justvape.nu\/wp-content\/uploads\/2018\/05\/Features.png 950w, https:\/\/justvape.nu\/wp-content\/uploads\/2018\/05\/Features-600x40.png 600w, https:\/\/justvape.nu\/wp-content\/uploads\/2018\/05\/Features-64x4.png 64w, https:\/\/justvape.nu\/wp-content\/uploads\/2018\/05\/Features-300x20.png 300w, https:\/\/justvape.nu\/wp-content\/uploads\/2018\/05\/Features-768x52.png 768w\" sizes=\"auto, (max-width: 950px) 100vw, 950px\" \/><\/a><\/h2>\n<\/div>\n<p><strong class=\"description-little-title\">Uwell Caliburn Tenet KOKO D\u00e9tails :<\/strong><\/p>\n<ul>\n<li style=\"list-style-type: none;\">\n<ul>\n<li>1. Friches et style m\u00e9canique<\/li>\n<li>2. Batterie de grande capacit\u00e9 950mAh<\/li>\n<li>3. Compatible avec le serpentin de la s\u00e9rie G de Caliburn<\/li>\n<li>4. Fen\u00eatre E-liquide<\/li>\n<li>5. Indications vibratoires et lumineuses<\/li>\n<li>6. Anneau d&rsquo;accroche en m\u00e9tal<\/li>\n<li>7. Charge rapide 2A Type-C<\/li>\n<li>8. Design de forme carr\u00e9e, coque en m\u00e9tal solide<\/li>\n<li>9. D\u00e9tails des boulons et rivets par le processus de moulage sous pression<\/li>\n<li>10. R\u00e9sistance \u00e0 l&rsquo;abrasion gr\u00e2ce \u00e0 un rev\u00eatement \u00e9lectrolytique<\/li>\n<li>11. Tirer pour vaper, remplissage sup\u00e9rieur<\/li>\n<li>12. R\u00e9glage pr\u00e9cis du d\u00e9bit d&rsquo;air<\/li>\n<li>13. Technologie d&rsquo;ajustement de l&rsquo;ar\u00f4me Pro-FOCS<\/li>\n<\/ul>\n<\/li>\n<\/ul>\n<p><a href=\"https:\/\/justvape.nu\/wp-content\/uploads\/2023\/01\/Uwell_Caliburn_Tenet_KOKO_Pod_Kit_Abrasion_Resistance.jpg\"><img loading=\"lazy\" decoding=\"async\" class=\"alignnone size-full wp-image-560921\" src=\"https:\/\/justvape.nu\/wp-content\/uploads\/2023\/01\/Uwell_Caliburn_Tenet_KOKO_Pod_Kit_Abrasion_Resistance.jpg\" alt=\"\" width=\"831\" height=\"557\" title=\"\" srcset=\"https:\/\/justvape.nu\/wp-content\/uploads\/2023\/01\/Uwell_Caliburn_Tenet_KOKO_Pod_Kit_Abrasion_Resistance.jpg 831w, https:\/\/justvape.nu\/wp-content\/uploads\/2023\/01\/Uwell_Caliburn_Tenet_KOKO_Pod_Kit_Abrasion_Resistance-600x402.jpg 600w, https:\/\/justvape.nu\/wp-content\/uploads\/2023\/01\/Uwell_Caliburn_Tenet_KOKO_Pod_Kit_Abrasion_Resistance-64x43.jpg 64w, https:\/\/justvape.nu\/wp-content\/uploads\/2023\/01\/Uwell_Caliburn_Tenet_KOKO_Pod_Kit_Abrasion_Resistance-300x201.jpg 300w, https:\/\/justvape.nu\/wp-content\/uploads\/2023\/01\/Uwell_Caliburn_Tenet_KOKO_Pod_Kit_Abrasion_Resistance-768x515.jpg 768w, https:\/\/justvape.nu\/wp-content\/uploads\/2023\/01\/Uwell_Caliburn_Tenet_KOKO_Pod_Kit_Abrasion_Resistance-272x182.jpg 272w\" sizes=\"auto, (max-width: 831px) 100vw, 831px\" \/><\/a> <a href=\"https:\/\/justvape.nu\/wp-content\/uploads\/2023\/01\/Uwell_Caliburn_Tenet_KOKO_Pod_Kit_Airflow_Adjustment.jpg\"><img loading=\"lazy\" decoding=\"async\" class=\"alignnone size-full wp-image-560930\" src=\"https:\/\/justvape.nu\/wp-content\/uploads\/2023\/01\/Uwell_Caliburn_Tenet_KOKO_Pod_Kit_Airflow_Adjustment.jpg\" alt=\"\" width=\"831\" height=\"548\" title=\"\" srcset=\"https:\/\/justvape.nu\/wp-content\/uploads\/2023\/01\/Uwell_Caliburn_Tenet_KOKO_Pod_Kit_Airflow_Adjustment.jpg 831w, https:\/\/justvape.nu\/wp-content\/uploads\/2023\/01\/Uwell_Caliburn_Tenet_KOKO_Pod_Kit_Airflow_Adjustment-600x396.jpg 600w, https:\/\/justvape.nu\/wp-content\/uploads\/2023\/01\/Uwell_Caliburn_Tenet_KOKO_Pod_Kit_Airflow_Adjustment-64x42.jpg 64w, https:\/\/justvape.nu\/wp-content\/uploads\/2023\/01\/Uwell_Caliburn_Tenet_KOKO_Pod_Kit_Airflow_Adjustment-300x198.jpg 300w, https:\/\/justvape.nu\/wp-content\/uploads\/2023\/01\/Uwell_Caliburn_Tenet_KOKO_Pod_Kit_Airflow_Adjustment-768x506.jpg 768w\" sizes=\"auto, (max-width: 831px) 100vw, 831px\" \/><\/a> <a href=\"https:\/\/justvape.nu\/wp-content\/uploads\/2023\/01\/Uwell_Caliburn_Tenet_KOKO_Pod_Kit_Battery_Capacity.jpg\"><img loading=\"lazy\" decoding=\"async\" class=\"alignnone size-full wp-image-560939\" src=\"https:\/\/justvape.nu\/wp-content\/uploads\/2023\/01\/Uwell_Caliburn_Tenet_KOKO_Pod_Kit_Battery_Capacity.jpg\" alt=\"\" width=\"831\" height=\"517\" title=\"\" srcset=\"https:\/\/justvape.nu\/wp-content\/uploads\/2023\/01\/Uwell_Caliburn_Tenet_KOKO_Pod_Kit_Battery_Capacity.jpg 831w, https:\/\/justvape.nu\/wp-content\/uploads\/2023\/01\/Uwell_Caliburn_Tenet_KOKO_Pod_Kit_Battery_Capacity-600x373.jpg 600w, https:\/\/justvape.nu\/wp-content\/uploads\/2023\/01\/Uwell_Caliburn_Tenet_KOKO_Pod_Kit_Battery_Capacity-64x40.jpg 64w, https:\/\/justvape.nu\/wp-content\/uploads\/2023\/01\/Uwell_Caliburn_Tenet_KOKO_Pod_Kit_Battery_Capacity-300x187.jpg 300w, https:\/\/justvape.nu\/wp-content\/uploads\/2023\/01\/Uwell_Caliburn_Tenet_KOKO_Pod_Kit_Battery_Capacity-768x478.jpg 768w\" sizes=\"auto, (max-width: 831px) 100vw, 831px\" \/><\/a><\/p>\n<div class=\"img-show-more\"><\/div>\n<div class=\"shop-features \">\n<h2 class=\"shop-features-title \"><a href=\"https:\/\/justvape.nu\/wp-content\/uploads\/2018\/05\/Packing-List.png\"><img loading=\"lazy\" decoding=\"async\" class=\"alignnone size-full wp-image-18995\" src=\"https:\/\/justvape.nu\/wp-content\/uploads\/2018\/05\/Packing-List.png\" alt=\"\" width=\"950\" height=\"64\" title=\"\" srcset=\"https:\/\/justvape.nu\/wp-content\/uploads\/2018\/05\/Packing-List.png 950w, https:\/\/justvape.nu\/wp-content\/uploads\/2018\/05\/Packing-List-555x37.png 555w, https:\/\/justvape.nu\/wp-content\/uploads\/2018\/05\/Packing-List-64x4.png 64w, https:\/\/justvape.nu\/wp-content\/uploads\/2018\/05\/Packing-List-300x20.png 300w, https:\/\/justvape.nu\/wp-content\/uploads\/2018\/05\/Packing-List-768x52.png 768w\" sizes=\"auto, (max-width: 950px) 100vw, 950px\" \/><\/a><\/h2>\n<\/div>\n<p><strong class=\"description-little-title \">Le paquet de Uwell Caliburn Tenet KOKO Kit est livr\u00e9 avec :<\/strong><\/p>\n<p>1* Dispositif Caliburn Tenet KOKO<br \/>\n1* Cartouche vide Caliburn G2<br \/>\n1* Bobine UN2 Meshed 0.8ohm Caliburn G (pr\u00e9-install\u00e9e)<br \/>\n1* Bobine UN2 Meshed 1.2ohm Caliburn G2 (rechange)<br \/>\n1* C\u00e2ble de chargement Type-C<br \/>\n1 * manuel de l&rsquo;utilisateur<br \/>\n1* Lani\u00e8re en m\u00e9tal<\/p>\n<p class=\"description-img-center \"><a href=\"https:\/\/justvape.nu\/wp-content\/uploads\/2023\/01\/Uwell_Caliburn_Tenet_KOKO_Pod_Kit_Packing_List.jpg\"><img loading=\"lazy\" decoding=\"async\" class=\"alignnone size-full wp-image-560948\" src=\"https:\/\/justvape.nu\/wp-content\/uploads\/2023\/01\/Uwell_Caliburn_Tenet_KOKO_Pod_Kit_Packing_List.jpg\" alt=\"\" width=\"831\" height=\"570\" title=\"\" srcset=\"https:\/\/justvape.nu\/wp-content\/uploads\/2023\/01\/Uwell_Caliburn_Tenet_KOKO_Pod_Kit_Packing_List.jpg 831w, https:\/\/justvape.nu\/wp-content\/uploads\/2023\/01\/Uwell_Caliburn_Tenet_KOKO_Pod_Kit_Packing_List-600x412.jpg 600w, https:\/\/justvape.nu\/wp-content\/uploads\/2023\/01\/Uwell_Caliburn_Tenet_KOKO_Pod_Kit_Packing_List-64x44.jpg 64w, https:\/\/justvape.nu\/wp-content\/uploads\/2023\/01\/Uwell_Caliburn_Tenet_KOKO_Pod_Kit_Packing_List-300x206.jpg 300w, https:\/\/justvape.nu\/wp-content\/uploads\/2023\/01\/Uwell_Caliburn_Tenet_KOKO_Pod_Kit_Packing_List-768x527.jpg 768w\" sizes=\"auto, (max-width: 831px) 100vw, 831px\" \/><\/a><\/p>\n","protected":false},"excerpt":{"rendered":"<p>UWELL &#8211; CALIBURN TENET KOKO KIT<\/p>\n","protected":false},"featured_media":560964,"comment_status":"open","ping_status":"closed","template":"","meta":{"_acf_changed":false,"_uag_custom_page_level_css":"","site-sidebar-layout":"default","site-content-layout":"default","ast-site-content-layout":"default","site-content-style":"default","site-sidebar-style":"default","ast-global-header-display":"","ast-banner-title-visibility":"","ast-main-header-display":"","ast-hfb-above-header-display":"","ast-hfb-below-header-display":"","ast-hfb-mobile-header-display":"","site-post-title":"","ast-breadcrumbs-content":"","ast-featured-img":"","footer-sml-layout":"","ast-disable-related-posts":"","theme-transparent-header-meta":"default","adv-header-id-meta":"","stick-header-meta":"default","header-above-stick-meta":"","header-main-stick-meta":"","header-below-stick-meta":"","astra-migrate-meta-layouts":"default","ast-page-background-enabled":"default","ast-page-background-meta":{"desktop":{"background-color":"","background-image":"","background-repeat":"repeat","background-position":"center center","background-size":"auto","background-attachment":"scroll","background-type":"","background-media":"","overlay-type":"","overlay-color":"","overlay-opacity":"","overlay-gradient":""},"tablet":{"background-color":"","background-image":"","background-repeat":"repeat","background-position":"center center","background-size":"auto","background-attachment":"scroll","background-type":"","background-media":"","overlay-type":"","overlay-color":"","overlay-opacity":"","overlay-gradient":""},"mobile":{"background-color":"","background-image":"","background-repeat":"repeat","background-position":"center center","background-size":"auto","background-attachment":"scroll","background-type":"","background-media":"","overlay-type":"","overlay-color":"","overlay-opacity":"","overlay-gradient":""}},"ast-content-background-meta":{"desktop":{"background-color":"var(--ast-global-color-5)","background-image":"","background-repeat":"repeat","background-position":"center center","background-size":"auto","background-attachment":"scroll","background-type":"","background-media":"","overlay-type":"","overlay-color":"","overlay-opacity":"","overlay-gradient":""},"tablet":{"background-color":"var(--ast-global-color-5)","background-image":"","background-repeat":"repeat","background-position":"center center","background-size":"auto","background-attachment":"scroll","background-type":"","background-media":"","overlay-type":"","overlay-color":"","overlay-opacity":"","overlay-gradient":""},"mobile":{"background-color":"var(--ast-global-color-5)","background-image":"","background-repeat":"repeat","background-position":"center center","background-size":"auto","background-attachment":"scroll","background-type":"","background-media":"","overlay-type":"","overlay-color":"","overlay-opacity":"","overlay-gradient":""}}},"product_brand":[],"product_cat":[2066,2508,2076,2509,3428],"product_tag":[],"class_list":{"0":"post-561505","1":"product","2":"type-product","3":"status-publish","4":"has-post-thumbnail","6":"product_cat-e-cigarettes-fr","7":"product_cat-hardware-fr","8":"product_cat-kits-et-pod-pour-debutants","9":"product_cat-shop-by-brand-fr","10":"product_cat-uwell-fr-2","11":"desktop-align-center","12":"tablet-align-center","13":"mobile-align-center","14":"ast-product-gallery-layout-horizontal-slider","15":"ast-product-gallery-with-no-image","16":"ast-product-single-variable","17":"ast-product-tabs-layout-horizontal","19":"first","20":"instock","21":"sale","22":"taxable","23":"shipping-taxable","24":"purchasable","25":"product-type-variable"},"acf":[],"uagb_featured_image_src":{"full":["https:\/\/justvape.nu\/wp-content\/uploads\/2023\/01\/uwell-caliburn-tenet-koko-kit_1.webp",800,800,false],"thumbnail":["https:\/\/justvape.nu\/wp-content\/uploads\/2023\/01\/uwell-caliburn-tenet-koko-kit_1-150x150.webp",150,150,true],"medium":["https:\/\/justvape.nu\/wp-content\/uploads\/2023\/01\/uwell-caliburn-tenet-koko-kit_1-300x300.webp",300,300,true],"medium_large":["https:\/\/justvape.nu\/wp-content\/uploads\/2023\/01\/uwell-caliburn-tenet-koko-kit_1-768x768.webp",768,768,true],"large":["https:\/\/justvape.nu\/wp-content\/uploads\/2023\/01\/uwell-caliburn-tenet-koko-kit_1.webp",800,800,false],"1536x1536":["https:\/\/justvape.nu\/wp-content\/uploads\/2023\/01\/uwell-caliburn-tenet-koko-kit_1.webp",800,800,false],"2048x2048":["https:\/\/justvape.nu\/wp-content\/uploads\/2023\/01\/uwell-caliburn-tenet-koko-kit_1.webp",800,800,false],"woocommerce_thumbnail":["https:\/\/justvape.nu\/wp-content\/uploads\/2023\/01\/uwell-caliburn-tenet-koko-kit_1-300x300.webp",300,300,true],"woocommerce_single":["https:\/\/justvape.nu\/wp-content\/uploads\/2023\/01\/uwell-caliburn-tenet-koko-kit_1-600x600.webp",600,600,true],"woocommerce_gallery_thumbnail":["https:\/\/justvape.nu\/wp-content\/uploads\/2023\/01\/uwell-caliburn-tenet-koko-kit_1-100x100.webp",100,100,true],"dgwt-wcas-product-suggestion":["https:\/\/justvape.nu\/wp-content\/uploads\/2023\/01\/uwell-caliburn-tenet-koko-kit_1-64x64.webp",64,64,true]},"uagb_author_info":{"display_name":"Kenneth Merkur","author_link":"https:\/\/justvape.nu\/fr\/author\/"},"uagb_comment_info":0,"uagb_excerpt":"UWELL - CALIBURN TENET KOKO KIT","_links":{"self":[{"href":"https:\/\/justvape.nu\/fr\/wp-json\/wp\/v2\/product\/561505","targetHints":{"allow":["GET"]}}],"collection":[{"href":"https:\/\/justvape.nu\/fr\/wp-json\/wp\/v2\/product"}],"about":[{"href":"https:\/\/justvape.nu\/fr\/wp-json\/wp\/v2\/types\/product"}],"replies":[{"embeddable":true,"href":"https:\/\/justvape.nu\/fr\/wp-json\/wp\/v2\/comments?post=561505"}],"wp:featuredmedia":[{"embeddable":true,"href":"https:\/\/justvape.nu\/fr\/wp-json\/wp\/v2\/media\/560964"}],"wp:attachment":[{"href":"https:\/\/justvape.nu\/fr\/wp-json\/wp\/v2\/media?parent=561505"}],"wp:term":[{"taxonomy":"product_brand","embeddable":true,"href":"https:\/\/justvape.nu\/fr\/wp-json\/wp\/v2\/product_brand?post=561505"},{"taxonomy":"product_cat","embeddable":true,"href":"https:\/\/justvape.nu\/fr\/wp-json\/wp\/v2\/product_cat?post=561505"},{"taxonomy":"product_tag","embeddable":true,"href":"https:\/\/justvape.nu\/fr\/wp-json\/wp\/v2\/product_tag?post=561505"}],"curies":[{"name":"wp","href":"https:\/\/api.w.org\/{rel}","templated":true}]}}