{"id":559254,"date":"2022-12-30T19:16:16","date_gmt":"2022-12-30T18:16:16","guid":{"rendered":"https:\/\/justvape.nu\/produkt\/voopoo-vinci-series-v2-pod-cartridge\/"},"modified":"2026-04-01T20:51:02","modified_gmt":"2026-04-01T18:51:02","slug":"voopoo-vinci-series-v2-pod-cartouche","status":"publish","type":"product","link":"https:\/\/justvape.nu\/fr\/produkt\/voopoo-vinci-series-v2-pod-cartouche\/","title":{"rendered":"VOOPOO &#8211; VINCI SERIES V2 POD CARTRIDGE"},"content":{"rendered":"<h2>VOOPOO &#8211; VINCI SERIES V2 POD CARTRIDGE<\/h2>\n<p>La cartouche \u00e0 dos VINCI V2 est une cartouche am\u00e9lior\u00e9e qui offre un go\u00fbt super dense et original. Il est dot\u00e9 d&rsquo;un embout antibact\u00e9rien, d&rsquo;une fonction anti-fuite multicouche. De plus, la cartouche VINCI V2 est enti\u00e8rement compatible avec les appareils VINCI SE, VINCI Pod, VINCI Q, VINCI Pod Royal Edition et Drag Nano 2. Il a une capacit\u00e9 de 2ml d&rsquo;e-juice, et est livr\u00e9 avec un syst\u00e8me de remplissage facile par le haut. 3 pi\u00e8ces chaque paquet.<\/p>\n<ul>\n<li>Series V2 Pod Cartridge 1.2ohm<\/li>\n<li>Series V2 Pod Cartridge 0.8ohm<\/li>\n<\/ul>\n","protected":false},"excerpt":{"rendered":"<p>VOOPOO &#8211; VINCI SERIES V2 POD CARTRIDGE<\/p>\n","protected":false},"featured_media":559056,"comment_status":"open","ping_status":"closed","template":"","meta":{"_acf_changed":false,"_uag_custom_page_level_css":"","site-sidebar-layout":"default","site-content-layout":"default","ast-site-content-layout":"default","site-content-style":"default","site-sidebar-style":"default","ast-global-header-display":"","ast-banner-title-visibility":"","ast-main-header-display":"","ast-hfb-above-header-display":"","ast-hfb-below-header-display":"","ast-hfb-mobile-header-display":"","site-post-title":"","ast-breadcrumbs-content":"","ast-featured-img":"","footer-sml-layout":"","ast-disable-related-posts":"","theme-transparent-header-meta":"default","adv-header-id-meta":"","stick-header-meta":"default","header-above-stick-meta":"","header-main-stick-meta":"","header-below-stick-meta":"","astra-migrate-meta-layouts":"default","ast-page-background-enabled":"default","ast-page-background-meta":{"desktop":{"background-color":"","background-image":"","background-repeat":"repeat","background-position":"center center","background-size":"auto","background-attachment":"scroll","background-type":"","background-media":"","overlay-type":"","overlay-color":"","overlay-opacity":"","overlay-gradient":""},"tablet":{"background-color":"","background-image":"","background-repeat":"repeat","background-position":"center center","background-size":"auto","background-attachment":"scroll","background-type":"","background-media":"","overlay-type":"","overlay-color":"","overlay-opacity":"","overlay-gradient":""},"mobile":{"background-color":"","background-image":"","background-repeat":"repeat","background-position":"center center","background-size":"auto","background-attachment":"scroll","background-type":"","background-media":"","overlay-type":"","overlay-color":"","overlay-opacity":"","overlay-gradient":""}},"ast-content-background-meta":{"desktop":{"background-color":"var(--ast-global-color-5)","background-image":"","background-repeat":"repeat","background-position":"center center","background-size":"auto","background-attachment":"scroll","background-type":"","background-media":"","overlay-type":"","overlay-color":"","overlay-opacity":"","overlay-gradient":""},"tablet":{"background-color":"var(--ast-global-color-5)","background-image":"","background-repeat":"repeat","background-position":"center center","background-size":"auto","background-attachment":"scroll","background-type":"","background-media":"","overlay-type":"","overlay-color":"","overlay-opacity":"","overlay-gradient":""},"mobile":{"background-color":"var(--ast-global-color-5)","background-image":"","background-repeat":"repeat","background-position":"center center","background-size":"auto","background-attachment":"scroll","background-type":"","background-media":"","overlay-type":"","overlay-color":"","overlay-opacity":"","overlay-gradient":""}}},"product_brand":[],"product_cat":[2056,1976],"product_tag":[],"class_list":{"0":"post-559254","1":"product","2":"type-product","3":"status-publish","4":"has-post-thumbnail","6":"product_cat-bobines-pods","7":"product_cat-reservoirs-et-bobines","8":"desktop-align-center","9":"tablet-align-center","10":"mobile-align-center","11":"ast-product-gallery-layout-horizontal-slider","12":"ast-product-gallery-with-no-image","13":"ast-product-single-variable","14":"ast-product-tabs-layout-horizontal","16":"first","17":"instock","18":"sale","19":"taxable","20":"shipping-taxable","21":"purchasable","22":"product-type-variable"},"acf":[],"uagb_featured_image_src":{"full":["https:\/\/justvape.nu\/wp-content\/uploads\/2022\/12\/voopoo-vinci-v2-pod-cartridge.webp",600,600,false],"thumbnail":["https:\/\/justvape.nu\/wp-content\/uploads\/2022\/12\/voopoo-vinci-v2-pod-cartridge-150x150.webp",150,150,true],"medium":["https:\/\/justvape.nu\/wp-content\/uploads\/2022\/12\/voopoo-vinci-v2-pod-cartridge-300x300.webp",300,300,true],"medium_large":["https:\/\/justvape.nu\/wp-content\/uploads\/2022\/12\/voopoo-vinci-v2-pod-cartridge.webp",600,600,false],"large":["https:\/\/justvape.nu\/wp-content\/uploads\/2022\/12\/voopoo-vinci-v2-pod-cartridge.webp",600,600,false],"1536x1536":["https:\/\/justvape.nu\/wp-content\/uploads\/2022\/12\/voopoo-vinci-v2-pod-cartridge.webp",600,600,false],"2048x2048":["https:\/\/justvape.nu\/wp-content\/uploads\/2022\/12\/voopoo-vinci-v2-pod-cartridge.webp",600,600,false],"woocommerce_thumbnail":["https:\/\/justvape.nu\/wp-content\/uploads\/2022\/12\/voopoo-vinci-v2-pod-cartridge-300x300.webp",300,300,true],"woocommerce_single":["https:\/\/justvape.nu\/wp-content\/uploads\/2022\/12\/voopoo-vinci-v2-pod-cartridge.webp",600,600,false],"woocommerce_gallery_thumbnail":["https:\/\/justvape.nu\/wp-content\/uploads\/2022\/12\/voopoo-vinci-v2-pod-cartridge-100x100.webp",100,100,true],"dgwt-wcas-product-suggestion":["https:\/\/justvape.nu\/wp-content\/uploads\/2022\/12\/voopoo-vinci-v2-pod-cartridge-64x64.webp",64,64,true]},"uagb_author_info":{"display_name":"Kenneth Merkur","author_link":"https:\/\/justvape.nu\/fr\/author\/"},"uagb_comment_info":0,"uagb_excerpt":"VOOPOO - VINCI SERIES V2 POD CARTRIDGE","_links":{"self":[{"href":"https:\/\/justvape.nu\/fr\/wp-json\/wp\/v2\/product\/559254","targetHints":{"allow":["GET"]}}],"collection":[{"href":"https:\/\/justvape.nu\/fr\/wp-json\/wp\/v2\/product"}],"about":[{"href":"https:\/\/justvape.nu\/fr\/wp-json\/wp\/v2\/types\/product"}],"replies":[{"embeddable":true,"href":"https:\/\/justvape.nu\/fr\/wp-json\/wp\/v2\/comments?post=559254"}],"wp:featuredmedia":[{"embeddable":true,"href":"https:\/\/justvape.nu\/fr\/wp-json\/wp\/v2\/media\/559056"}],"wp:attachment":[{"href":"https:\/\/justvape.nu\/fr\/wp-json\/wp\/v2\/media?parent=559254"}],"wp:term":[{"taxonomy":"product_brand","embeddable":true,"href":"https:\/\/justvape.nu\/fr\/wp-json\/wp\/v2\/product_brand?post=559254"},{"taxonomy":"product_cat","embeddable":true,"href":"https:\/\/justvape.nu\/fr\/wp-json\/wp\/v2\/product_cat?post=559254"},{"taxonomy":"product_tag","embeddable":true,"href":"https:\/\/justvape.nu\/fr\/wp-json\/wp\/v2\/product_tag?post=559254"}],"curies":[{"name":"wp","href":"https:\/\/api.w.org\/{rel}","templated":true}]}}