{"id":555471,"date":"2022-12-12T14:15:52","date_gmt":"2022-12-12T13:15:52","guid":{"rendered":"https:\/\/justvape.nu\/produkt\/vaporesso-luxe-xr-vape-kit\/"},"modified":"2022-12-12T14:15:52","modified_gmt":"2022-12-12T13:15:52","slug":"vaporesso-luxe-xr-vape-kit-2","status":"publish","type":"product","link":"https:\/\/justvape.nu\/fr\/produkt\/vaporesso-luxe-xr-vape-kit-2\/","title":{"rendered":"VAPORESSO &#8211; LUXE XR VAPE KIT"},"content":{"rendered":"<h2>VAPORESSO &#8211; LUXE XR VAPE KIT<\/h2>\n<p>Le Vaporesso Luze XR Vape Pod Kit est une alternative sub ohm solide qui tiendra facilement dans votre poche. Les longues sessions de vapotage entre les charges sont prises en charge par sa batterie interne de 1500mAh, et vous pouvez s\u00e9lectionner votre niveau de vapeur pr\u00e9f\u00e9r\u00e9 gr\u00e2ce \u00e0 la sortie variable de 5-40W. En outre, cela implique que le kit est compatible avec les bobines MTL (Mouth To Lung) de la m\u00eame gamme, en plus des m\u00e9thodes de vapotage DTL (Direct To Lung) et RDTL (Restricted Direct To Lung) prises en charge par les bobines Luxe X incluses.<\/p>\n<p>L&rsquo;appareil est activ\u00e9 par un seul bouton de mise \u00e0 feu, ce qui \u00e9vite d&rsquo;avoir \u00e0 cliquer sur plusieurs boutons et \u00e0 explorer des panneaux de menu. Il est \u00e9galement dot\u00e9 d&rsquo;un processeur intelligent qui choisit automatiquement le wattage correct pour votre bobine en fonction de sa r\u00e9sistance et du type de bobine que vous avez plac\u00e9. Vous pouvez r\u00e9gler manuellement une puissance de sortie et trouver une vape qui correspond \u00e0 vos pr\u00e9f\u00e9rences si vous aimez exp\u00e9rimenter.<\/p>\n<p>Les dosettes Luxe X fusionnent la capacit\u00e9 d&rsquo;un r\u00e9servoir avec la robustesse d&rsquo;une dosette. Les recharges sont simples gr\u00e2ce \u00e0 un syst\u00e8me de remplissage par le haut, et vous n&rsquo;avez m\u00eame pas besoin de sortir votre dosette du kit. En outre, vous pouvez choisir un tirage plus ou moins serr\u00e9 gr\u00e2ce au flux d&rsquo;air r\u00e9glable. La maille int\u00e9gr\u00e9e \u00e0 chacun des serpentins rempla\u00e7ables augmente la saveur tout en r\u00e9duisant les d\u00e9chets et en offrant une m\u00e9thode plus abordable pour utiliser votre kit. Les mod\u00e8les 0,4 Ohm et 0,8 Ohm cr\u00e9ent plus de vapeur lorsqu&rsquo;ils sont utilis\u00e9s avec des e-liquides ayant une teneur en VG d&rsquo;au moins 70 %.<\/p>\n<p><a href=\"https:\/\/justvape.nu\/wp-content\/uploads\/2018\/05\/Color-Schemes.png\"><img loading=\"lazy\" decoding=\"async\" class=\"alignnone size-full wp-image-19187\" src=\"https:\/\/justvape.nu\/wp-content\/uploads\/2018\/05\/Color-Schemes.png\" alt=\"\" width=\"950\" height=\"64\" title=\"\" srcset=\"https:\/\/justvape.nu\/wp-content\/uploads\/2018\/05\/Color-Schemes.png 950w, https:\/\/justvape.nu\/wp-content\/uploads\/2018\/05\/Color-Schemes-555x37.png 555w, https:\/\/justvape.nu\/wp-content\/uploads\/2018\/05\/Color-Schemes-64x4.png 64w, https:\/\/justvape.nu\/wp-content\/uploads\/2018\/05\/Color-Schemes-300x20.png 300w, https:\/\/justvape.nu\/wp-content\/uploads\/2018\/05\/Color-Schemes-768x52.png 768w\" sizes=\"auto, (max-width: 950px) 100vw, 950px\" \/><\/a><\/p>\n<p class=\"description-img-center\"><a href=\"https:\/\/justvape.nu\/wp-content\/uploads\/2022\/12\/Vaporesso_Luxe_XR_Kit_Colors.jpg\"><img loading=\"lazy\" decoding=\"async\" class=\"alignnone size-full wp-image-555223\" src=\"https:\/\/justvape.nu\/wp-content\/uploads\/2022\/12\/Vaporesso_Luxe_XR_Kit_Colors.jpg\" alt=\"\" width=\"831\" height=\"328\" title=\"\" srcset=\"https:\/\/justvape.nu\/wp-content\/uploads\/2022\/12\/Vaporesso_Luxe_XR_Kit_Colors.jpg 831w, https:\/\/justvape.nu\/wp-content\/uploads\/2022\/12\/Vaporesso_Luxe_XR_Kit_Colors-300x118.jpg 300w, https:\/\/justvape.nu\/wp-content\/uploads\/2022\/12\/Vaporesso_Luxe_XR_Kit_Colors-768x303.jpg 768w, https:\/\/justvape.nu\/wp-content\/uploads\/2022\/12\/Vaporesso_Luxe_XR_Kit_Colors-600x237.jpg 600w, https:\/\/justvape.nu\/wp-content\/uploads\/2022\/12\/Vaporesso_Luxe_XR_Kit_Colors-64x25.jpg 64w\" sizes=\"auto, (max-width: 831px) 100vw, 831px\" \/><\/a><\/p>\n<div class=\"shop-features \">\n<h2 class=\"shop-features-title \"><a href=\"https:\/\/justvape.nu\/wp-content\/uploads\/2018\/05\/Specifications.png\"><img loading=\"lazy\" decoding=\"async\" class=\"alignnone size-full wp-image-18993\" src=\"https:\/\/justvape.nu\/wp-content\/uploads\/2018\/05\/Specifications.png\" alt=\"\" width=\"950\" height=\"64\" title=\"\" srcset=\"https:\/\/justvape.nu\/wp-content\/uploads\/2018\/05\/Specifications.png 950w, https:\/\/justvape.nu\/wp-content\/uploads\/2018\/05\/Specifications-555x37.png 555w, https:\/\/justvape.nu\/wp-content\/uploads\/2018\/05\/Specifications-64x4.png 64w, https:\/\/justvape.nu\/wp-content\/uploads\/2018\/05\/Specifications-300x20.png 300w, https:\/\/justvape.nu\/wp-content\/uploads\/2018\/05\/Specifications-768x52.png 768w\" sizes=\"auto, (max-width: 950px) 100vw, 950px\" \/><\/a><\/h2>\n<\/div>\n<p><strong class=\"description-little-title\">Vaporesso Luxe XR Pod System Kit Param\u00e8tres :<\/strong><\/p>\n<table class=\"description-table\">\n<tbody>\n<tr>\n<td class=\"strong-title \">Marque<\/td>\n<td class=\"inline\">Vaporesso<\/td>\n<\/tr>\n<tr>\n<td class=\"strong-title \">Nom du produit<\/td>\n<td class=\"inline\">Kit Luxe XR<\/td>\n<\/tr>\n<tr>\n<td class=\"strong-title \">Batterie<\/td>\n<td class=\"inline\">Batterie int\u00e9gr\u00e9e de 1500mAh<\/td>\n<\/tr>\n<tr>\n<td class=\"strong-title \">Puissance de sortie<\/td>\n<td class=\"inline\">40W<\/td>\n<\/tr>\n<tr>\n<td class=\"strong-title \">Courant de charge<\/td>\n<td class=\"inline\">DC 5V\/1.5A, Type-C<\/td>\n<\/tr>\n<tr>\n<td class=\"strong-title \">Capacit\u00e9 du pod<\/td>\n<td class=\"inline\">2ml (TPD)<\/td>\n<\/tr>\n<tr>\n<td class=\"strong-title \">Remplissage<\/td>\n<td class=\"inline\">Remplissage du fond<\/td>\n<\/tr>\n<tr>\n<td class=\"strong-title \">Coil Resistance<\/td>\n<td class=\"inline\">GTX 0.4\u03a9 Mesh Coil, GTX 0.8\u03a9 Mesh Coil.<\/td>\n<\/tr>\n<tr>\n<td class=\"strong-title \">En forme pour<\/td>\n<td class=\"inline\">Luxe X 0.4\u03a9\/0.8\u03a9, Luxe XR RDL\/MTL, GTX 0.4\u03a9\/0.6\u03a9 (pour XR RDL), GTX 0.8\u03a9\/1.2\u03a9 (pour XR MTL).<\/td>\n<\/tr>\n<tr>\n<td class=\"strong-title \">Taille du produit<\/td>\n<td class=\"inline\">98*31.5*21.6mm<\/td>\n<\/tr>\n<tr>\n<td class=\"strong-title \">Taille de l&#8217;emballage<\/td>\n<td class=\"inline\">126*98*38mm<\/td>\n<\/tr>\n<tr>\n<td class=\"strong-title \"><\/td>\n<td class=\"inline\"><\/td>\n<\/tr>\n<tr>\n<td class=\"strong-title \">Couleur<\/td>\n<td class=\"inline\">Bleu Galaxy, Rouge Galaxy, Violet Galaxy, Or, Noir, Rose, Argent<\/td>\n<\/tr>\n<\/tbody>\n<\/table>\n<div class=\"shop-features \">\n<h2 class=\"shop-features-title \"><a href=\"https:\/\/justvape.nu\/wp-content\/uploads\/2018\/05\/Features.png\"><img loading=\"lazy\" decoding=\"async\" class=\"alignnone size-full wp-image-248458\" src=\"https:\/\/justvape.nu\/wp-content\/uploads\/2018\/05\/Features.png\" alt=\"\" width=\"950\" height=\"64\" title=\"\" srcset=\"https:\/\/justvape.nu\/wp-content\/uploads\/2018\/05\/Features.png 950w, https:\/\/justvape.nu\/wp-content\/uploads\/2018\/05\/Features-600x40.png 600w, https:\/\/justvape.nu\/wp-content\/uploads\/2018\/05\/Features-64x4.png 64w, https:\/\/justvape.nu\/wp-content\/uploads\/2018\/05\/Features-300x20.png 300w, https:\/\/justvape.nu\/wp-content\/uploads\/2018\/05\/Features-768x52.png 768w\" sizes=\"auto, (max-width: 950px) 100vw, 950px\" \/><\/a><\/h2>\n<\/div>\n<p><strong class=\"description-little-title\">Vaporesso Luxe XR D\u00e9tails :<\/strong><\/p>\n<ul>\n<li style=\"list-style-type: none;\">\n<ul>\n<li>1. Batterie int\u00e9gr\u00e9e de 1500mAh avec une sortie de 40W<\/li>\n<li>2. Technologie de chauffage COREX pour une saveur pr\u00e9cise<\/li>\n<li>3. Adopte la puce AXON avec un contr\u00f4le intelligent<\/li>\n<li>4. Rev\u00eatement r\u00e9sistant \u00e0 l&rsquo;abrasion\/aux taches et tube PCTG<\/li>\n<li>5. Verrouillage automatique de l&rsquo;appareil apr\u00e8s 8S de pression<\/li>\n<li>6. Mode s\u00e9curis\u00e9 pour \u00e9viter les rat\u00e9s accidentels.<\/li>\n<li>7. Con\u00e7u avec 3 lumi\u00e8res LED pour afficher<\/li>\n<li>8. Design futuriste, corps cristallin et solide<\/li>\n<li>9. Adopte la technologie anti-fuite SSS<\/li>\n<li>10. Capacit\u00e9 de 2ml d&rsquo;e-juice, remplissage facile par le fond.<\/li>\n<li>11. Convient \u00e0 Luxe X 0.4\u03a9\/0.8\u03a9 Pod, Luxe XR RDL\/MTL Pod, GTX 0.4\u03a9\/0.6\u03a9 Coil (RDL), GTX 0.8\u03a9\/1.2\u03a9 Coil (MTL).<\/li>\n<\/ul>\n<\/li>\n<\/ul>\n<p class=\"description-img-center \"><a href=\"https:\/\/justvape.nu\/wp-content\/uploads\/2022\/12\/Vaporesso_Luxe_XR_Kit.jpg\"><img loading=\"lazy\" decoding=\"async\" class=\"alignnone size-full wp-image-555232\" src=\"https:\/\/justvape.nu\/wp-content\/uploads\/2022\/12\/Vaporesso_Luxe_XR_Kit.jpg\" alt=\"\" width=\"831\" height=\"416\" title=\"\" srcset=\"https:\/\/justvape.nu\/wp-content\/uploads\/2022\/12\/Vaporesso_Luxe_XR_Kit.jpg 831w, https:\/\/justvape.nu\/wp-content\/uploads\/2022\/12\/Vaporesso_Luxe_XR_Kit-300x150.jpg 300w, https:\/\/justvape.nu\/wp-content\/uploads\/2022\/12\/Vaporesso_Luxe_XR_Kit-768x384.jpg 768w, https:\/\/justvape.nu\/wp-content\/uploads\/2022\/12\/Vaporesso_Luxe_XR_Kit-600x300.jpg 600w, https:\/\/justvape.nu\/wp-content\/uploads\/2022\/12\/Vaporesso_Luxe_XR_Kit-64x32.jpg 64w\" sizes=\"auto, (max-width: 831px) 100vw, 831px\" \/><\/a><a href=\"https:\/\/justvape.nu\/wp-content\/uploads\/2022\/12\/Vaporesso_Luxe_XR_Kit_1500mAh_Battery.jpg\"><img loading=\"lazy\" decoding=\"async\" class=\"alignnone size-full wp-image-555241\" src=\"https:\/\/justvape.nu\/wp-content\/uploads\/2022\/12\/Vaporesso_Luxe_XR_Kit_1500mAh_Battery.jpg\" alt=\"\" width=\"831\" height=\"416\" title=\"\" srcset=\"https:\/\/justvape.nu\/wp-content\/uploads\/2022\/12\/Vaporesso_Luxe_XR_Kit_1500mAh_Battery.jpg 831w, https:\/\/justvape.nu\/wp-content\/uploads\/2022\/12\/Vaporesso_Luxe_XR_Kit_1500mAh_Battery-300x150.jpg 300w, https:\/\/justvape.nu\/wp-content\/uploads\/2022\/12\/Vaporesso_Luxe_XR_Kit_1500mAh_Battery-768x384.jpg 768w, https:\/\/justvape.nu\/wp-content\/uploads\/2022\/12\/Vaporesso_Luxe_XR_Kit_1500mAh_Battery-600x300.jpg 600w, https:\/\/justvape.nu\/wp-content\/uploads\/2022\/12\/Vaporesso_Luxe_XR_Kit_1500mAh_Battery-64x32.jpg 64w\" sizes=\"auto, (max-width: 831px) 100vw, 831px\" \/><\/a> <a href=\"https:\/\/justvape.nu\/wp-content\/uploads\/2022\/12\/Vaporesso_Luxe_XR_Kit_Auto_Lock.jpg\"><img loading=\"lazy\" decoding=\"async\" class=\"alignnone size-full wp-image-555250\" src=\"https:\/\/justvape.nu\/wp-content\/uploads\/2022\/12\/Vaporesso_Luxe_XR_Kit_Auto_Lock.jpg\" alt=\"\" width=\"831\" height=\"331\" title=\"\" srcset=\"https:\/\/justvape.nu\/wp-content\/uploads\/2022\/12\/Vaporesso_Luxe_XR_Kit_Auto_Lock.jpg 831w, https:\/\/justvape.nu\/wp-content\/uploads\/2022\/12\/Vaporesso_Luxe_XR_Kit_Auto_Lock-300x119.jpg 300w, https:\/\/justvape.nu\/wp-content\/uploads\/2022\/12\/Vaporesso_Luxe_XR_Kit_Auto_Lock-768x306.jpg 768w, https:\/\/justvape.nu\/wp-content\/uploads\/2022\/12\/Vaporesso_Luxe_XR_Kit_Auto_Lock-600x239.jpg 600w, https:\/\/justvape.nu\/wp-content\/uploads\/2022\/12\/Vaporesso_Luxe_XR_Kit_Auto_Lock-64x25.jpg 64w\" sizes=\"auto, (max-width: 831px) 100vw, 831px\" \/><\/a> <a href=\"https:\/\/justvape.nu\/wp-content\/uploads\/2022\/12\/Vaporesso_Luxe_XR_Kit_Coating.jpg\"><img loading=\"lazy\" decoding=\"async\" class=\"alignnone size-full wp-image-555259\" src=\"https:\/\/justvape.nu\/wp-content\/uploads\/2022\/12\/Vaporesso_Luxe_XR_Kit_Coating.jpg\" alt=\"\" width=\"831\" height=\"460\" title=\"\" srcset=\"https:\/\/justvape.nu\/wp-content\/uploads\/2022\/12\/Vaporesso_Luxe_XR_Kit_Coating.jpg 831w, https:\/\/justvape.nu\/wp-content\/uploads\/2022\/12\/Vaporesso_Luxe_XR_Kit_Coating-300x166.jpg 300w, https:\/\/justvape.nu\/wp-content\/uploads\/2022\/12\/Vaporesso_Luxe_XR_Kit_Coating-768x425.jpg 768w, https:\/\/justvape.nu\/wp-content\/uploads\/2022\/12\/Vaporesso_Luxe_XR_Kit_Coating-600x332.jpg 600w, https:\/\/justvape.nu\/wp-content\/uploads\/2022\/12\/Vaporesso_Luxe_XR_Kit_Coating-64x35.jpg 64w\" sizes=\"auto, (max-width: 831px) 100vw, 831px\" \/><\/a> <a href=\"https:\/\/justvape.nu\/wp-content\/uploads\/2022\/12\/Vaporesso_Luxe_XR_Kit_COREX_Heating_Tech.jpg\"><img loading=\"lazy\" decoding=\"async\" class=\"alignnone size-full wp-image-555268\" src=\"https:\/\/justvape.nu\/wp-content\/uploads\/2022\/12\/Vaporesso_Luxe_XR_Kit_COREX_Heating_Tech.jpg\" alt=\"\" width=\"831\" height=\"374\" title=\"\" srcset=\"https:\/\/justvape.nu\/wp-content\/uploads\/2022\/12\/Vaporesso_Luxe_XR_Kit_COREX_Heating_Tech.jpg 831w, https:\/\/justvape.nu\/wp-content\/uploads\/2022\/12\/Vaporesso_Luxe_XR_Kit_COREX_Heating_Tech-300x135.jpg 300w, https:\/\/justvape.nu\/wp-content\/uploads\/2022\/12\/Vaporesso_Luxe_XR_Kit_COREX_Heating_Tech-768x346.jpg 768w, https:\/\/justvape.nu\/wp-content\/uploads\/2022\/12\/Vaporesso_Luxe_XR_Kit_COREX_Heating_Tech-600x270.jpg 600w, https:\/\/justvape.nu\/wp-content\/uploads\/2022\/12\/Vaporesso_Luxe_XR_Kit_COREX_Heating_Tech-64x29.jpg 64w\" sizes=\"auto, (max-width: 831px) 100vw, 831px\" \/><\/a> <a href=\"https:\/\/justvape.nu\/wp-content\/uploads\/2022\/12\/Vaporesso_Luxe_XR_Kit_Features.jpg\"><img loading=\"lazy\" decoding=\"async\" class=\"alignnone size-full wp-image-555277\" src=\"https:\/\/justvape.nu\/wp-content\/uploads\/2022\/12\/Vaporesso_Luxe_XR_Kit_Features.jpg\" alt=\"\" width=\"831\" height=\"245\" title=\"\" srcset=\"https:\/\/justvape.nu\/wp-content\/uploads\/2022\/12\/Vaporesso_Luxe_XR_Kit_Features.jpg 831w, https:\/\/justvape.nu\/wp-content\/uploads\/2022\/12\/Vaporesso_Luxe_XR_Kit_Features-300x88.jpg 300w, https:\/\/justvape.nu\/wp-content\/uploads\/2022\/12\/Vaporesso_Luxe_XR_Kit_Features-768x226.jpg 768w, https:\/\/justvape.nu\/wp-content\/uploads\/2022\/12\/Vaporesso_Luxe_XR_Kit_Features-600x177.jpg 600w, https:\/\/justvape.nu\/wp-content\/uploads\/2022\/12\/Vaporesso_Luxe_XR_Kit_Features-64x19.jpg 64w\" sizes=\"auto, (max-width: 831px) 100vw, 831px\" \/><\/a> <a href=\"https:\/\/justvape.nu\/wp-content\/uploads\/2022\/12\/Vaporesso_Luxe_XR_Kit_Futuristic_Design.jpg\"><img loading=\"lazy\" decoding=\"async\" class=\"alignnone size-full wp-image-555286\" src=\"https:\/\/justvape.nu\/wp-content\/uploads\/2022\/12\/Vaporesso_Luxe_XR_Kit_Futuristic_Design.jpg\" alt=\"\" width=\"831\" height=\"464\" title=\"\" srcset=\"https:\/\/justvape.nu\/wp-content\/uploads\/2022\/12\/Vaporesso_Luxe_XR_Kit_Futuristic_Design.jpg 831w, https:\/\/justvape.nu\/wp-content\/uploads\/2022\/12\/Vaporesso_Luxe_XR_Kit_Futuristic_Design-300x168.jpg 300w, https:\/\/justvape.nu\/wp-content\/uploads\/2022\/12\/Vaporesso_Luxe_XR_Kit_Futuristic_Design-768x429.jpg 768w, https:\/\/justvape.nu\/wp-content\/uploads\/2022\/12\/Vaporesso_Luxe_XR_Kit_Futuristic_Design-600x335.jpg 600w, https:\/\/justvape.nu\/wp-content\/uploads\/2022\/12\/Vaporesso_Luxe_XR_Kit_Futuristic_Design-64x36.jpg 64w\" sizes=\"auto, (max-width: 831px) 100vw, 831px\" \/><\/a> <a href=\"https:\/\/justvape.nu\/wp-content\/uploads\/2022\/12\/Vaporesso_Luxe_XR_Kit_Part.jpg\"><img loading=\"lazy\" decoding=\"async\" class=\"alignnone size-full wp-image-555295\" src=\"https:\/\/justvape.nu\/wp-content\/uploads\/2022\/12\/Vaporesso_Luxe_XR_Kit_Part.jpg\" alt=\"\" width=\"831\" height=\"509\" title=\"\" srcset=\"https:\/\/justvape.nu\/wp-content\/uploads\/2022\/12\/Vaporesso_Luxe_XR_Kit_Part.jpg 831w, https:\/\/justvape.nu\/wp-content\/uploads\/2022\/12\/Vaporesso_Luxe_XR_Kit_Part-300x184.jpg 300w, https:\/\/justvape.nu\/wp-content\/uploads\/2022\/12\/Vaporesso_Luxe_XR_Kit_Part-768x470.jpg 768w, https:\/\/justvape.nu\/wp-content\/uploads\/2022\/12\/Vaporesso_Luxe_XR_Kit_Part-600x368.jpg 600w, https:\/\/justvape.nu\/wp-content\/uploads\/2022\/12\/Vaporesso_Luxe_XR_Kit_Part-64x39.jpg 64w\" sizes=\"auto, (max-width: 831px) 100vw, 831px\" \/><\/a>  <a href=\"https:\/\/justvape.nu\/wp-content\/uploads\/2022\/12\/Vaporesso_Luxe_XR_Kit_SSS_Leaking_Tech.jpg\"><img loading=\"lazy\" decoding=\"async\" class=\"alignnone size-full wp-image-555313\" src=\"https:\/\/justvape.nu\/wp-content\/uploads\/2022\/12\/Vaporesso_Luxe_XR_Kit_SSS_Leaking_Tech.jpg\" alt=\"\" width=\"831\" height=\"283\" title=\"\" srcset=\"https:\/\/justvape.nu\/wp-content\/uploads\/2022\/12\/Vaporesso_Luxe_XR_Kit_SSS_Leaking_Tech.jpg 831w, https:\/\/justvape.nu\/wp-content\/uploads\/2022\/12\/Vaporesso_Luxe_XR_Kit_SSS_Leaking_Tech-300x102.jpg 300w, https:\/\/justvape.nu\/wp-content\/uploads\/2022\/12\/Vaporesso_Luxe_XR_Kit_SSS_Leaking_Tech-768x262.jpg 768w, https:\/\/justvape.nu\/wp-content\/uploads\/2022\/12\/Vaporesso_Luxe_XR_Kit_SSS_Leaking_Tech-600x204.jpg 600w, https:\/\/justvape.nu\/wp-content\/uploads\/2022\/12\/Vaporesso_Luxe_XR_Kit_SSS_Leaking_Tech-64x22.jpg 64w\" sizes=\"auto, (max-width: 831px) 100vw, 831px\" \/><\/a> <a href=\"https:\/\/justvape.nu\/wp-content\/uploads\/2022\/12\/Vaporesso_Luxe_XR_Pod.jpg\"><img loading=\"lazy\" decoding=\"async\" class=\"alignnone size-full wp-image-555322\" src=\"https:\/\/justvape.nu\/wp-content\/uploads\/2022\/12\/Vaporesso_Luxe_XR_Pod.jpg\" alt=\"\" width=\"831\" height=\"288\" title=\"\" srcset=\"https:\/\/justvape.nu\/wp-content\/uploads\/2022\/12\/Vaporesso_Luxe_XR_Pod.jpg 831w, https:\/\/justvape.nu\/wp-content\/uploads\/2022\/12\/Vaporesso_Luxe_XR_Pod-300x104.jpg 300w, https:\/\/justvape.nu\/wp-content\/uploads\/2022\/12\/Vaporesso_Luxe_XR_Pod-768x266.jpg 768w, https:\/\/justvape.nu\/wp-content\/uploads\/2022\/12\/Vaporesso_Luxe_XR_Pod-600x208.jpg 600w, https:\/\/justvape.nu\/wp-content\/uploads\/2022\/12\/Vaporesso_Luxe_XR_Pod-64x22.jpg 64w\" sizes=\"auto, (max-width: 831px) 100vw, 831px\" \/><\/a><\/p>\n<div class=\"shop-features \">\n<h2 class=\"shop-features-title \"><a href=\"https:\/\/justvape.nu\/wp-content\/uploads\/2018\/05\/Packing-List.png\"><img loading=\"lazy\" decoding=\"async\" class=\"alignnone size-full wp-image-18995\" src=\"https:\/\/justvape.nu\/wp-content\/uploads\/2018\/05\/Packing-List.png\" alt=\"\" width=\"950\" height=\"64\" title=\"\" srcset=\"https:\/\/justvape.nu\/wp-content\/uploads\/2018\/05\/Packing-List.png 950w, https:\/\/justvape.nu\/wp-content\/uploads\/2018\/05\/Packing-List-555x37.png 555w, https:\/\/justvape.nu\/wp-content\/uploads\/2018\/05\/Packing-List-64x4.png 64w, https:\/\/justvape.nu\/wp-content\/uploads\/2018\/05\/Packing-List-300x20.png 300w, https:\/\/justvape.nu\/wp-content\/uploads\/2018\/05\/Packing-List-768x52.png 768w\" sizes=\"auto, (max-width: 950px) 100vw, 950px\" \/><\/a><\/h2>\n<\/div>\n<p><strong class=\"description-little-title \">Le paquet de Vaporesso Luxe XR 40W Kit est livr\u00e9 avec :<\/strong><\/p>\n<p>1* Batterie Vaporesso Luxe X<br \/>\n1* Vaporesso Luxe XR Pod (RDL)<br \/>\n1* Vaporesso Luxe XR Pod (MTL)<\/p>\n<p>1* C\u00e2ble Type-C<br \/>\n1* Manuel d&rsquo;utilisation et carte de garantie<br \/>\n1* Carte de rappel<\/p>\n","protected":false},"excerpt":{"rendered":"<p>VAPORESSO &#8211; LUXE XR VAPE KIT<\/p>\n","protected":false},"featured_media":555340,"comment_status":"open","ping_status":"closed","template":"","meta":{"_acf_changed":false,"_uag_custom_page_level_css":"","site-sidebar-layout":"default","site-content-layout":"default","ast-site-content-layout":"default","site-content-style":"default","site-sidebar-style":"default","ast-global-header-display":"","ast-banner-title-visibility":"","ast-main-header-display":"","ast-hfb-above-header-display":"","ast-hfb-below-header-display":"","ast-hfb-mobile-header-display":"","site-post-title":"","ast-breadcrumbs-content":"","ast-featured-img":"","footer-sml-layout":"","ast-disable-related-posts":"","theme-transparent-header-meta":"default","adv-header-id-meta":"","stick-header-meta":"default","header-above-stick-meta":"","header-main-stick-meta":"","header-below-stick-meta":"","astra-migrate-meta-layouts":"default","ast-page-background-enabled":"default","ast-page-background-meta":{"desktop":{"background-color":"","background-image":"","background-repeat":"repeat","background-position":"center center","background-size":"auto","background-attachment":"scroll","background-type":"","background-media":"","overlay-type":"","overlay-color":"","overlay-opacity":"","overlay-gradient":""},"tablet":{"background-color":"","background-image":"","background-repeat":"repeat","background-position":"center center","background-size":"auto","background-attachment":"scroll","background-type":"","background-media":"","overlay-type":"","overlay-color":"","overlay-opacity":"","overlay-gradient":""},"mobile":{"background-color":"","background-image":"","background-repeat":"repeat","background-position":"center center","background-size":"auto","background-attachment":"scroll","background-type":"","background-media":"","overlay-type":"","overlay-color":"","overlay-opacity":"","overlay-gradient":""}},"ast-content-background-meta":{"desktop":{"background-color":"var(--ast-global-color-5)","background-image":"","background-repeat":"repeat","background-position":"center center","background-size":"auto","background-attachment":"scroll","background-type":"","background-media":"","overlay-type":"","overlay-color":"","overlay-opacity":"","overlay-gradient":""},"tablet":{"background-color":"var(--ast-global-color-5)","background-image":"","background-repeat":"repeat","background-position":"center center","background-size":"auto","background-attachment":"scroll","background-type":"","background-media":"","overlay-type":"","overlay-color":"","overlay-opacity":"","overlay-gradient":""},"mobile":{"background-color":"var(--ast-global-color-5)","background-image":"","background-repeat":"repeat","background-position":"center center","background-size":"auto","background-attachment":"scroll","background-type":"","background-media":"","overlay-type":"","overlay-color":"","overlay-opacity":"","overlay-gradient":""}}},"product_brand":[],"product_cat":[2066,2508,2076,2509,4264],"product_tag":[],"class_list":{"0":"post-555471","1":"product","2":"type-product","3":"status-publish","4":"has-post-thumbnail","6":"product_cat-e-cigarettes-fr","7":"product_cat-hardware-fr","8":"product_cat-kits-et-pod-pour-debutants","9":"product_cat-shop-by-brand-fr","10":"product_cat-vaporesso-fr","11":"desktop-align-center","12":"tablet-align-center","13":"mobile-align-center","14":"ast-product-gallery-layout-horizontal-slider","15":"ast-product-gallery-with-no-image","16":"ast-product-single-variable","17":"ast-product-tabs-layout-horizontal","19":"first","20":"instock","21":"sale","22":"taxable","23":"shipping-taxable","24":"purchasable","25":"product-type-variable"},"acf":[],"uagb_featured_image_src":{"full":["https:\/\/justvape.nu\/wp-content\/uploads\/2022\/12\/VLXRK20220930_2048x.webp",800,800,false],"thumbnail":["https:\/\/justvape.nu\/wp-content\/uploads\/2022\/12\/VLXRK20220930_2048x-150x150.webp",150,150,true],"medium":["https:\/\/justvape.nu\/wp-content\/uploads\/2022\/12\/VLXRK20220930_2048x-300x300.webp",300,300,true],"medium_large":["https:\/\/justvape.nu\/wp-content\/uploads\/2022\/12\/VLXRK20220930_2048x-768x768.webp",768,768,true],"large":["https:\/\/justvape.nu\/wp-content\/uploads\/2022\/12\/VLXRK20220930_2048x.webp",800,800,false],"1536x1536":["https:\/\/justvape.nu\/wp-content\/uploads\/2022\/12\/VLXRK20220930_2048x.webp",800,800,false],"2048x2048":["https:\/\/justvape.nu\/wp-content\/uploads\/2022\/12\/VLXRK20220930_2048x.webp",800,800,false],"woocommerce_thumbnail":["https:\/\/justvape.nu\/wp-content\/uploads\/2022\/12\/VLXRK20220930_2048x-300x300.webp",300,300,true],"woocommerce_single":["https:\/\/justvape.nu\/wp-content\/uploads\/2022\/12\/VLXRK20220930_2048x-600x600.webp",600,600,true],"woocommerce_gallery_thumbnail":["https:\/\/justvape.nu\/wp-content\/uploads\/2022\/12\/VLXRK20220930_2048x-100x100.webp",100,100,true],"dgwt-wcas-product-suggestion":["https:\/\/justvape.nu\/wp-content\/uploads\/2022\/12\/VLXRK20220930_2048x-64x64.webp",64,64,true]},"uagb_author_info":{"display_name":"Kenneth Merkur","author_link":"https:\/\/justvape.nu\/fr\/author\/"},"uagb_comment_info":0,"uagb_excerpt":"VAPORESSO - LUXE XR VAPE KIT","_links":{"self":[{"href":"https:\/\/justvape.nu\/fr\/wp-json\/wp\/v2\/product\/555471","targetHints":{"allow":["GET"]}}],"collection":[{"href":"https:\/\/justvape.nu\/fr\/wp-json\/wp\/v2\/product"}],"about":[{"href":"https:\/\/justvape.nu\/fr\/wp-json\/wp\/v2\/types\/product"}],"replies":[{"embeddable":true,"href":"https:\/\/justvape.nu\/fr\/wp-json\/wp\/v2\/comments?post=555471"}],"wp:featuredmedia":[{"embeddable":true,"href":"https:\/\/justvape.nu\/fr\/wp-json\/wp\/v2\/media\/555340"}],"wp:attachment":[{"href":"https:\/\/justvape.nu\/fr\/wp-json\/wp\/v2\/media?parent=555471"}],"wp:term":[{"taxonomy":"product_brand","embeddable":true,"href":"https:\/\/justvape.nu\/fr\/wp-json\/wp\/v2\/product_brand?post=555471"},{"taxonomy":"product_cat","embeddable":true,"href":"https:\/\/justvape.nu\/fr\/wp-json\/wp\/v2\/product_cat?post=555471"},{"taxonomy":"product_tag","embeddable":true,"href":"https:\/\/justvape.nu\/fr\/wp-json\/wp\/v2\/product_tag?post=555471"}],"curies":[{"name":"wp","href":"https:\/\/api.w.org\/{rel}","templated":true}]}}