{"id":549422,"date":"2022-07-02T17:09:12","date_gmt":"2022-07-02T15:09:12","guid":{"rendered":"https:\/\/justvape.nu\/produkt\/uwell-caliburn-gk2-vape-kit\/"},"modified":"2022-07-02T17:09:12","modified_gmt":"2022-07-02T15:09:12","slug":"uwell-caliburn-gk2-vape-kit-2","status":"publish","type":"product","link":"https:\/\/justvape.nu\/fr\/produkt\/uwell-caliburn-gk2-vape-kit-2\/","title":{"rendered":"UWELL &#8211; CALIBURN GK2 VAPE KIT"},"content":{"rendered":"<h2>UWELL &#8211; CALIBURN GK2 VAPE KIT<\/h2>\n<p>Le nouveau kit de vape Caliburn GK2 Pod Style d&rsquo;Uwell a \u00e9t\u00e9 con\u00e7u par des experts et est un kit de vape simple \u00e0 utiliser qui offre des performances exceptionnelles. Le GK2 est la derni\u00e8re nouveaut\u00e9 d&rsquo;Uwell et, avec sa taille compacte et son design accrocheur, ce dispositif de vapotage est parfait pour les nouveaux fumeurs et les personnes en d\u00e9placement.<\/p>\n<p>Le Caliburn GK2 utilise un pod d&rsquo;une capacit\u00e9 de 2ml et est id\u00e9al pour une utilisation avec des E-Liquides \u00e0 haute teneur en PG ou en sel de nicotine. Le pod abrite une bobine Caliburn G mesh de 0,8 ohm ou de 1,2 ohm qui vous permettra d&rsquo;adapter votre style de vapotage entre bouche \u00e0 poumon et sub-ohm.<br \/>\nUwell a con\u00e7u le GK2 en gardant \u00e0 l&rsquo;esprit un mode de consommation simple et le kit de pods est dot\u00e9 d&rsquo;un syst\u00e8me d&rsquo;inhalation activ\u00e9 par tirage. Les dosettes de remplacement Caliburn G2 sont incroyablement faciles \u00e0 recharger, ce qui rend la vie exceptionnellement facile lorsque vous utilisez ce kit de vape \u00e9l\u00e9gant.<\/p>\n<p><img loading=\"lazy\" decoding=\"async\" class=\"alignnone size-full wp-image-383695\" src=\"https:\/\/justvape.nu\/wp-content\/uploads\/2021\/05\/Color-Scheme.png\" alt=\"\" width=\"950\" height=\"64\" title=\"\" srcset=\"https:\/\/justvape.nu\/wp-content\/uploads\/2021\/05\/Color-Scheme.png 950w, https:\/\/justvape.nu\/wp-content\/uploads\/2021\/05\/Color-Scheme-600x40.png 600w, https:\/\/justvape.nu\/wp-content\/uploads\/2021\/05\/Color-Scheme-64x4.png 64w, https:\/\/justvape.nu\/wp-content\/uploads\/2021\/05\/Color-Scheme-300x20.png 300w, https:\/\/justvape.nu\/wp-content\/uploads\/2021\/05\/Color-Scheme-768x52.png 768w\" sizes=\"auto, (max-width: 950px) 100vw, 950px\" \/><\/p>\n<p class=\"description-img-center\"><img loading=\"lazy\" decoding=\"async\" class=\"alignnone size-full wp-image-446364\" src=\"https:\/\/justvape.nu\/wp-content\/uploads\/2022\/07\/Uwell_Caliburn_GK2_Kit_Colors.jpg\" alt=\"\" width=\"800\" height=\"314\" title=\"\" srcset=\"https:\/\/justvape.nu\/wp-content\/uploads\/2022\/07\/Uwell_Caliburn_GK2_Kit_Colors.jpg 800w, https:\/\/justvape.nu\/wp-content\/uploads\/2022\/07\/Uwell_Caliburn_GK2_Kit_Colors-300x118.jpg 300w, https:\/\/justvape.nu\/wp-content\/uploads\/2022\/07\/Uwell_Caliburn_GK2_Kit_Colors-768x301.jpg 768w, https:\/\/justvape.nu\/wp-content\/uploads\/2022\/07\/Uwell_Caliburn_GK2_Kit_Colors-600x236.jpg 600w, https:\/\/justvape.nu\/wp-content\/uploads\/2022\/07\/Uwell_Caliburn_GK2_Kit_Colors-64x25.jpg 64w\" sizes=\"auto, (max-width: 800px) 100vw, 800px\" \/><\/p>\n<div class=\"shop-features \">\n<h2 class=\"shop-features-title \"><img loading=\"lazy\" decoding=\"async\" class=\"alignnone size-full wp-image-390997\" src=\"https:\/\/justvape.nu\/wp-content\/uploads\/2021\/06\/Specifications1.png\" alt=\"\" width=\"950\" height=\"64\" title=\"\" srcset=\"https:\/\/justvape.nu\/wp-content\/uploads\/2021\/06\/Specifications1.png 950w, https:\/\/justvape.nu\/wp-content\/uploads\/2021\/06\/Specifications1-600x40.png 600w, https:\/\/justvape.nu\/wp-content\/uploads\/2021\/06\/Specifications1-64x4.png 64w, https:\/\/justvape.nu\/wp-content\/uploads\/2021\/06\/Specifications1-300x20.png 300w, https:\/\/justvape.nu\/wp-content\/uploads\/2021\/06\/Specifications1-768x52.png 768w\" sizes=\"auto, (max-width: 950px) 100vw, 950px\" \/><\/h2>\n<\/div>\n<p><strong class=\"description-little-title\">Param\u00e8tres de Caliburn GK2 :<\/strong><\/p>\n<table class=\"description-table\">\n<tbody>\n<tr>\n<td class=\"strong-title \">Marque<\/td>\n<td class=\"inline\">Uwell<\/td>\n<\/tr>\n<tr>\n<td class=\"strong-title \">Nom du produit<\/td>\n<td class=\"inline\">Kit syst\u00e8me de pods Caliburn GK2<\/td>\n<\/tr>\n<tr>\n<td class=\"strong-title \">Dimensions<\/td>\n<td class=\"inline\">72,2mm*46,6mm*16,3mm<\/td>\n<\/tr>\n<tr>\n<td class=\"strong-title \">Mat\u00e9riau<\/td>\n<td class=\"inline\">PA, PC+ABS, verre silicat\u00e9<\/td>\n<\/tr>\n<tr>\n<td class=\"strong-title \">Capacit\u00e9 de la batterie<\/td>\n<td class=\"inline\">Batterie int\u00e9gr\u00e9e de 690mAh<\/td>\n<\/tr>\n<tr>\n<td class=\"strong-title \">Type de chargement<\/td>\n<td class=\"inline\">Chargement de type C<\/td>\n<\/tr>\n<tr>\n<td class=\"strong-title \">Production<\/td>\n<td class=\"inline\">18W<\/td>\n<\/tr>\n<tr>\n<td class=\"strong-title \">D\u00e9bit d&rsquo;air<\/td>\n<td class=\"inline\">D\u00e9bit d&rsquo;air r\u00e9glable<\/td>\n<\/tr>\n<tr>\n<td class=\"strong-title \">Capacit\u00e9 de l&rsquo;e-juice<\/td>\n<td class=\"inline\">2ml<\/td>\n<\/tr>\n<tr>\n<td class=\"strong-title \">Type de remplissage<\/td>\n<td class=\"inline\">Garniture sup\u00e9rieure<\/td>\n<\/tr>\n<tr>\n<td class=\"strong-title \">En forme pour<\/td>\n<td class=\"inline\">Uwell Caliburn G 0.8\u03a9 Mesh\/1.0\u03a9 Coil et G2 1.2\u03a9 Mesh Coil, Caliburn G2 Pod Cartridge.<\/td>\n<\/tr>\n<tr>\n<td class=\"strong-title \">Couleur<\/td>\n<td class=\"inline\">Vert Aurora, Rouge Ruban, Flamme Oc\u00e9an, Noir Mat<\/td>\n<\/tr>\n<\/tbody>\n<\/table>\n<div class=\"shop-features \">\n<h2 class=\"shop-features-title \"><img loading=\"lazy\" decoding=\"async\" class=\"alignnone size-full wp-image-248459\" src=\"https:\/\/justvape.nu\/wp-content\/uploads\/2018\/05\/Features.png\" alt=\"\" width=\"950\" height=\"64\" title=\"\" srcset=\"https:\/\/justvape.nu\/wp-content\/uploads\/2018\/05\/Features.png 950w, https:\/\/justvape.nu\/wp-content\/uploads\/2018\/05\/Features-600x40.png 600w, https:\/\/justvape.nu\/wp-content\/uploads\/2018\/05\/Features-64x4.png 64w, https:\/\/justvape.nu\/wp-content\/uploads\/2018\/05\/Features-300x20.png 300w, https:\/\/justvape.nu\/wp-content\/uploads\/2018\/05\/Features-768x52.png 768w\" sizes=\"auto, (max-width: 950px) 100vw, 950px\" \/><\/h2>\n<\/div>\n<p><strong class=\"description-little-title\">Uwell Caliburn GK2 D\u00e9tails :<\/strong><\/p>\n<ul>\n<li style=\"list-style-type: none;\">\n<ul>\n<li>1. Une version am\u00e9lior\u00e9e de la s\u00e9rie KOKO PRIME.<\/li>\n<li>2. Lumi\u00e8re \u00e9blouissante et design cyberpunk<\/li>\n<li>3. L\u00e9ger, confortable \u00e0 saisir et facile \u00e0 transporter.<\/li>\n<li>4. Diff\u00e9rentes couleurs pour indiquer les diff\u00e9rents niveaux de puissance et les \u00e9tats de fonctionnement.<\/li>\n<li>5. Batterie int\u00e9gr\u00e9e de 690mAh, 18W, chargement Type-C<\/li>\n<li>6. Capacit\u00e9 de 2ml d&rsquo;e-juice, syst\u00e8me de remplissage facile par le haut.<\/li>\n<li>7. Fen\u00eatre transparente, facile \u00e0 contr\u00f4ler<\/li>\n<li>8. Technologie de r\u00e9glage de la saveur Uwell pro-focs<\/li>\n<li>9. Con\u00e7u avec un r\u00e9glage pr\u00e9cis du flux d&rsquo;air<\/li>\n<li>10. Convient au serpentin Caliburn G 0.8\u03a9\/1.0\u03a9 et au serpentin G2 1.2\u03a9 Mesh.<\/li>\n<li>11. Adapt\u00e9 \u00e0 la cartouche \u00e0 dos Caliburn G2<\/li>\n<\/ul>\n<\/li>\n<\/ul>\n<p class=\"description-img-center \"><img loading=\"lazy\" decoding=\"async\" class=\"alignnone size-full wp-image-446385\" src=\"https:\/\/justvape.nu\/wp-content\/uploads\/2022\/07\/Uwell_Caliburn_GK2_Pod_Kit_Short_Feature.jpg\" alt=\"\" width=\"831\" height=\"372\" title=\"\" srcset=\"https:\/\/justvape.nu\/wp-content\/uploads\/2022\/07\/Uwell_Caliburn_GK2_Pod_Kit_Short_Feature.jpg 831w, https:\/\/justvape.nu\/wp-content\/uploads\/2022\/07\/Uwell_Caliburn_GK2_Pod_Kit_Short_Feature-300x134.jpg 300w, https:\/\/justvape.nu\/wp-content\/uploads\/2022\/07\/Uwell_Caliburn_GK2_Pod_Kit_Short_Feature-768x344.jpg 768w, https:\/\/justvape.nu\/wp-content\/uploads\/2022\/07\/Uwell_Caliburn_GK2_Pod_Kit_Short_Feature-600x269.jpg 600w, https:\/\/justvape.nu\/wp-content\/uploads\/2022\/07\/Uwell_Caliburn_GK2_Pod_Kit_Short_Feature-64x29.jpg 64w\" sizes=\"auto, (max-width: 831px) 100vw, 831px\" \/> <img loading=\"lazy\" decoding=\"async\" class=\"alignnone size-full wp-image-446395\" src=\"https:\/\/justvape.nu\/wp-content\/uploads\/2022\/07\/Uwell_Caliburn_GK2_Pod_Kit_Features.jpg\" alt=\"\" width=\"831\" height=\"346\" title=\"\" srcset=\"https:\/\/justvape.nu\/wp-content\/uploads\/2022\/07\/Uwell_Caliburn_GK2_Pod_Kit_Features.jpg 831w, https:\/\/justvape.nu\/wp-content\/uploads\/2022\/07\/Uwell_Caliburn_GK2_Pod_Kit_Features-300x125.jpg 300w, https:\/\/justvape.nu\/wp-content\/uploads\/2022\/07\/Uwell_Caliburn_GK2_Pod_Kit_Features-768x320.jpg 768w, https:\/\/justvape.nu\/wp-content\/uploads\/2022\/07\/Uwell_Caliburn_GK2_Pod_Kit_Features-600x250.jpg 600w, https:\/\/justvape.nu\/wp-content\/uploads\/2022\/07\/Uwell_Caliburn_GK2_Pod_Kit_Features-64x27.jpg 64w\" sizes=\"auto, (max-width: 831px) 100vw, 831px\" \/> <img loading=\"lazy\" decoding=\"async\" class=\"alignnone size-full wp-image-446405\" src=\"https:\/\/justvape.nu\/wp-content\/uploads\/2022\/07\/Uwell_Caliburn_GK2_Pod_Kit_Specification.jpg\" alt=\"\" width=\"831\" height=\"380\" title=\"\" srcset=\"https:\/\/justvape.nu\/wp-content\/uploads\/2022\/07\/Uwell_Caliburn_GK2_Pod_Kit_Specification.jpg 831w, https:\/\/justvape.nu\/wp-content\/uploads\/2022\/07\/Uwell_Caliburn_GK2_Pod_Kit_Specification-300x137.jpg 300w, https:\/\/justvape.nu\/wp-content\/uploads\/2022\/07\/Uwell_Caliburn_GK2_Pod_Kit_Specification-768x351.jpg 768w, https:\/\/justvape.nu\/wp-content\/uploads\/2022\/07\/Uwell_Caliburn_GK2_Pod_Kit_Specification-600x274.jpg 600w, https:\/\/justvape.nu\/wp-content\/uploads\/2022\/07\/Uwell_Caliburn_GK2_Pod_Kit_Specification-64x29.jpg 64w\" sizes=\"auto, (max-width: 831px) 100vw, 831px\" \/> <img loading=\"lazy\" decoding=\"async\" class=\"alignnone size-full wp-image-446415\" src=\"https:\/\/justvape.nu\/wp-content\/uploads\/2022\/07\/Uwell_Caliburn_GK2_Pod_Kit_Lightweight.jpg\" alt=\"\" width=\"831\" height=\"438\" title=\"\" srcset=\"https:\/\/justvape.nu\/wp-content\/uploads\/2022\/07\/Uwell_Caliburn_GK2_Pod_Kit_Lightweight.jpg 831w, https:\/\/justvape.nu\/wp-content\/uploads\/2022\/07\/Uwell_Caliburn_GK2_Pod_Kit_Lightweight-300x158.jpg 300w, https:\/\/justvape.nu\/wp-content\/uploads\/2022\/07\/Uwell_Caliburn_GK2_Pod_Kit_Lightweight-768x405.jpg 768w, https:\/\/justvape.nu\/wp-content\/uploads\/2022\/07\/Uwell_Caliburn_GK2_Pod_Kit_Lightweight-600x316.jpg 600w, https:\/\/justvape.nu\/wp-content\/uploads\/2022\/07\/Uwell_Caliburn_GK2_Pod_Kit_Lightweight-64x34.jpg 64w\" sizes=\"auto, (max-width: 831px) 100vw, 831px\" \/> <img loading=\"lazy\" decoding=\"async\" class=\"alignnone size-full wp-image-446425\" src=\"https:\/\/justvape.nu\/wp-content\/uploads\/2022\/07\/Uwell_Caliburn_GK2_Pod_Kit_Transparent_Windows.jpg\" alt=\"\" width=\"831\" height=\"424\" title=\"\" srcset=\"https:\/\/justvape.nu\/wp-content\/uploads\/2022\/07\/Uwell_Caliburn_GK2_Pod_Kit_Transparent_Windows.jpg 831w, https:\/\/justvape.nu\/wp-content\/uploads\/2022\/07\/Uwell_Caliburn_GK2_Pod_Kit_Transparent_Windows-300x153.jpg 300w, https:\/\/justvape.nu\/wp-content\/uploads\/2022\/07\/Uwell_Caliburn_GK2_Pod_Kit_Transparent_Windows-768x392.jpg 768w, https:\/\/justvape.nu\/wp-content\/uploads\/2022\/07\/Uwell_Caliburn_GK2_Pod_Kit_Transparent_Windows-600x306.jpg 600w, https:\/\/justvape.nu\/wp-content\/uploads\/2022\/07\/Uwell_Caliburn_GK2_Pod_Kit_Transparent_Windows-64x33.jpg 64w\" sizes=\"auto, (max-width: 831px) 100vw, 831px\" \/> <img loading=\"lazy\" decoding=\"async\" class=\"alignnone size-full wp-image-446435\" src=\"https:\/\/justvape.nu\/wp-content\/uploads\/2022\/07\/Uwell_Caliburn_GK2_Pod_Kit_Top_Filling.jpg\" alt=\"\" width=\"831\" height=\"438\" title=\"\" srcset=\"https:\/\/justvape.nu\/wp-content\/uploads\/2022\/07\/Uwell_Caliburn_GK2_Pod_Kit_Top_Filling.jpg 831w, https:\/\/justvape.nu\/wp-content\/uploads\/2022\/07\/Uwell_Caliburn_GK2_Pod_Kit_Top_Filling-300x158.jpg 300w, https:\/\/justvape.nu\/wp-content\/uploads\/2022\/07\/Uwell_Caliburn_GK2_Pod_Kit_Top_Filling-768x405.jpg 768w, https:\/\/justvape.nu\/wp-content\/uploads\/2022\/07\/Uwell_Caliburn_GK2_Pod_Kit_Top_Filling-600x316.jpg 600w, https:\/\/justvape.nu\/wp-content\/uploads\/2022\/07\/Uwell_Caliburn_GK2_Pod_Kit_Top_Filling-64x34.jpg 64w\" sizes=\"auto, (max-width: 831px) 100vw, 831px\" \/> <img loading=\"lazy\" decoding=\"async\" class=\"alignnone size-full wp-image-446445\" src=\"https:\/\/justvape.nu\/wp-content\/uploads\/2022\/07\/Uwell_Caliburn_GK2_Pod_Kit_Precise_Airflow.jpg\" alt=\"\" width=\"831\" height=\"378\" title=\"\" srcset=\"https:\/\/justvape.nu\/wp-content\/uploads\/2022\/07\/Uwell_Caliburn_GK2_Pod_Kit_Precise_Airflow.jpg 831w, https:\/\/justvape.nu\/wp-content\/uploads\/2022\/07\/Uwell_Caliburn_GK2_Pod_Kit_Precise_Airflow-300x136.jpg 300w, https:\/\/justvape.nu\/wp-content\/uploads\/2022\/07\/Uwell_Caliburn_GK2_Pod_Kit_Precise_Airflow-768x349.jpg 768w, https:\/\/justvape.nu\/wp-content\/uploads\/2022\/07\/Uwell_Caliburn_GK2_Pod_Kit_Precise_Airflow-600x273.jpg 600w, https:\/\/justvape.nu\/wp-content\/uploads\/2022\/07\/Uwell_Caliburn_GK2_Pod_Kit_Precise_Airflow-64x29.jpg 64w\" sizes=\"auto, (max-width: 831px) 100vw, 831px\" \/> <img loading=\"lazy\" decoding=\"async\" class=\"alignnone size-full wp-image-446455\" src=\"https:\/\/justvape.nu\/wp-content\/uploads\/2022\/07\/Uwell_Caliburn_GK2_Pod_Kit_Compatible.jpg\" alt=\"\" width=\"831\" height=\"437\" title=\"\" srcset=\"https:\/\/justvape.nu\/wp-content\/uploads\/2022\/07\/Uwell_Caliburn_GK2_Pod_Kit_Compatible.jpg 831w, https:\/\/justvape.nu\/wp-content\/uploads\/2022\/07\/Uwell_Caliburn_GK2_Pod_Kit_Compatible-300x158.jpg 300w, https:\/\/justvape.nu\/wp-content\/uploads\/2022\/07\/Uwell_Caliburn_GK2_Pod_Kit_Compatible-768x404.jpg 768w, https:\/\/justvape.nu\/wp-content\/uploads\/2022\/07\/Uwell_Caliburn_GK2_Pod_Kit_Compatible-600x316.jpg 600w, https:\/\/justvape.nu\/wp-content\/uploads\/2022\/07\/Uwell_Caliburn_GK2_Pod_Kit_Compatible-64x34.jpg 64w\" sizes=\"auto, (max-width: 831px) 100vw, 831px\" \/> <img loading=\"lazy\" decoding=\"async\" class=\"alignnone size-full wp-image-446465\" src=\"https:\/\/justvape.nu\/wp-content\/uploads\/2022\/07\/Uwell_Caliburn_GK2_Pod_Kit_Interactive_Vaping.jpg\" alt=\"\" width=\"831\" height=\"393\" title=\"\" srcset=\"https:\/\/justvape.nu\/wp-content\/uploads\/2022\/07\/Uwell_Caliburn_GK2_Pod_Kit_Interactive_Vaping.jpg 831w, https:\/\/justvape.nu\/wp-content\/uploads\/2022\/07\/Uwell_Caliburn_GK2_Pod_Kit_Interactive_Vaping-300x142.jpg 300w, https:\/\/justvape.nu\/wp-content\/uploads\/2022\/07\/Uwell_Caliburn_GK2_Pod_Kit_Interactive_Vaping-768x363.jpg 768w, https:\/\/justvape.nu\/wp-content\/uploads\/2022\/07\/Uwell_Caliburn_GK2_Pod_Kit_Interactive_Vaping-600x284.jpg 600w, https:\/\/justvape.nu\/wp-content\/uploads\/2022\/07\/Uwell_Caliburn_GK2_Pod_Kit_Interactive_Vaping-64x30.jpg 64w\" sizes=\"auto, (max-width: 831px) 100vw, 831px\" \/> <img loading=\"lazy\" decoding=\"async\" class=\"alignnone size-full wp-image-446475\" src=\"https:\/\/justvape.nu\/wp-content\/uploads\/2022\/07\/Uwell_Caliburn_GK2_Pod_Kit_Dazzling_Design.jpg\" alt=\"\" width=\"831\" height=\"538\" title=\"\" srcset=\"https:\/\/justvape.nu\/wp-content\/uploads\/2022\/07\/Uwell_Caliburn_GK2_Pod_Kit_Dazzling_Design.jpg 831w, https:\/\/justvape.nu\/wp-content\/uploads\/2022\/07\/Uwell_Caliburn_GK2_Pod_Kit_Dazzling_Design-300x194.jpg 300w, https:\/\/justvape.nu\/wp-content\/uploads\/2022\/07\/Uwell_Caliburn_GK2_Pod_Kit_Dazzling_Design-768x497.jpg 768w, https:\/\/justvape.nu\/wp-content\/uploads\/2022\/07\/Uwell_Caliburn_GK2_Pod_Kit_Dazzling_Design-600x388.jpg 600w, https:\/\/justvape.nu\/wp-content\/uploads\/2022\/07\/Uwell_Caliburn_GK2_Pod_Kit_Dazzling_Design-64x41.jpg 64w\" sizes=\"auto, (max-width: 831px) 100vw, 831px\" \/> <img loading=\"lazy\" decoding=\"async\" class=\"alignnone size-full wp-image-446485\" src=\"https:\/\/justvape.nu\/wp-content\/uploads\/2022\/07\/Uwell_Caliburn_GK2_Pod_Kit_Short_Description.jpg\" alt=\"\" width=\"831\" height=\"399\" title=\"\" srcset=\"https:\/\/justvape.nu\/wp-content\/uploads\/2022\/07\/Uwell_Caliburn_GK2_Pod_Kit_Short_Description.jpg 831w, https:\/\/justvape.nu\/wp-content\/uploads\/2022\/07\/Uwell_Caliburn_GK2_Pod_Kit_Short_Description-300x144.jpg 300w, https:\/\/justvape.nu\/wp-content\/uploads\/2022\/07\/Uwell_Caliburn_GK2_Pod_Kit_Short_Description-768x369.jpg 768w, https:\/\/justvape.nu\/wp-content\/uploads\/2022\/07\/Uwell_Caliburn_GK2_Pod_Kit_Short_Description-600x288.jpg 600w, https:\/\/justvape.nu\/wp-content\/uploads\/2022\/07\/Uwell_Caliburn_GK2_Pod_Kit_Short_Description-64x31.jpg 64w\" sizes=\"auto, (max-width: 831px) 100vw, 831px\" \/> <img loading=\"lazy\" decoding=\"async\" class=\"alignnone size-full wp-image-446495\" src=\"https:\/\/justvape.nu\/wp-content\/uploads\/2022\/07\/Uwell_Caliburn_GK2_Pod_Kit_Parts.jpg\" alt=\"\" width=\"831\" height=\"412\" title=\"\" srcset=\"https:\/\/justvape.nu\/wp-content\/uploads\/2022\/07\/Uwell_Caliburn_GK2_Pod_Kit_Parts.jpg 831w, https:\/\/justvape.nu\/wp-content\/uploads\/2022\/07\/Uwell_Caliburn_GK2_Pod_Kit_Parts-300x149.jpg 300w, https:\/\/justvape.nu\/wp-content\/uploads\/2022\/07\/Uwell_Caliburn_GK2_Pod_Kit_Parts-768x381.jpg 768w, https:\/\/justvape.nu\/wp-content\/uploads\/2022\/07\/Uwell_Caliburn_GK2_Pod_Kit_Parts-600x297.jpg 600w, https:\/\/justvape.nu\/wp-content\/uploads\/2022\/07\/Uwell_Caliburn_GK2_Pod_Kit_Parts-64x32.jpg 64w\" sizes=\"auto, (max-width: 831px) 100vw, 831px\" \/><\/p>\n<div class=\"shop-features \">\n<h2 class=\"shop-features-title \">CONTENU DU PAQUET<\/h2>\n<\/div>\n<p><strong class=\"description-little-title \">Le paquet Caliburn GK2 Pod Kit est livr\u00e9 avec :<\/strong><\/p>\n<p>1* Uwell Caliburn GK2 Pod System Kit<br \/>\n1* Bobine UN2 Meshed-H 1.2\u03a9 Caliburn G2 (pr\u00e9-install\u00e9e)<br \/>\n1* Bobine UN2 Meshed-H 0.8\u03a9 Caliburn G (rechange)<br \/>\n1* C\u00e2ble de chargement Type-C<br \/>\n1* Lani\u00e8re<br \/>\n1 * manuel de l&rsquo;utilisateur<\/p>\n<p class=\"description-img-center \"><img loading=\"lazy\" decoding=\"async\" class=\"alignnone size-full wp-image-446374\" src=\"https:\/\/justvape.nu\/wp-content\/uploads\/2022\/07\/Uwell_Caliburn_GK2_Pod_Kit_Package.jpg\" alt=\"\" width=\"831\" height=\"402\" title=\"\" srcset=\"https:\/\/justvape.nu\/wp-content\/uploads\/2022\/07\/Uwell_Caliburn_GK2_Pod_Kit_Package.jpg 831w, https:\/\/justvape.nu\/wp-content\/uploads\/2022\/07\/Uwell_Caliburn_GK2_Pod_Kit_Package-300x145.jpg 300w, https:\/\/justvape.nu\/wp-content\/uploads\/2022\/07\/Uwell_Caliburn_GK2_Pod_Kit_Package-768x372.jpg 768w, https:\/\/justvape.nu\/wp-content\/uploads\/2022\/07\/Uwell_Caliburn_GK2_Pod_Kit_Package-600x290.jpg 600w, https:\/\/justvape.nu\/wp-content\/uploads\/2022\/07\/Uwell_Caliburn_GK2_Pod_Kit_Package-64x31.jpg 64w\" sizes=\"auto, (max-width: 831px) 100vw, 831px\" \/><\/p>\n<p>&nbsp;<\/p>\n<p>&nbsp;<\/p>\n","protected":false},"excerpt":{"rendered":"<p>UWELL &#8211; CALIBURN GK2 VAPE KIT<\/p>\n","protected":false},"featured_media":446508,"comment_status":"open","ping_status":"closed","template":"","meta":{"_acf_changed":false,"_uag_custom_page_level_css":"","site-sidebar-layout":"default","site-content-layout":"default","ast-site-content-layout":"default","site-content-style":"default","site-sidebar-style":"default","ast-global-header-display":"","ast-banner-title-visibility":"","ast-main-header-display":"","ast-hfb-above-header-display":"","ast-hfb-below-header-display":"","ast-hfb-mobile-header-display":"","site-post-title":"","ast-breadcrumbs-content":"","ast-featured-img":"","footer-sml-layout":"","ast-disable-related-posts":"","theme-transparent-header-meta":"default","adv-header-id-meta":"","stick-header-meta":"default","header-above-stick-meta":"","header-main-stick-meta":"","header-below-stick-meta":"","astra-migrate-meta-layouts":"default","ast-page-background-enabled":"default","ast-page-background-meta":{"desktop":{"background-color":"","background-image":"","background-repeat":"repeat","background-position":"center center","background-size":"auto","background-attachment":"scroll","background-type":"","background-media":"","overlay-type":"","overlay-color":"","overlay-opacity":"","overlay-gradient":""},"tablet":{"background-color":"","background-image":"","background-repeat":"repeat","background-position":"center center","background-size":"auto","background-attachment":"scroll","background-type":"","background-media":"","overlay-type":"","overlay-color":"","overlay-opacity":"","overlay-gradient":""},"mobile":{"background-color":"","background-image":"","background-repeat":"repeat","background-position":"center center","background-size":"auto","background-attachment":"scroll","background-type":"","background-media":"","overlay-type":"","overlay-color":"","overlay-opacity":"","overlay-gradient":""}},"ast-content-background-meta":{"desktop":{"background-color":"var(--ast-global-color-5)","background-image":"","background-repeat":"repeat","background-position":"center center","background-size":"auto","background-attachment":"scroll","background-type":"","background-media":"","overlay-type":"","overlay-color":"","overlay-opacity":"","overlay-gradient":""},"tablet":{"background-color":"var(--ast-global-color-5)","background-image":"","background-repeat":"repeat","background-position":"center center","background-size":"auto","background-attachment":"scroll","background-type":"","background-media":"","overlay-type":"","overlay-color":"","overlay-opacity":"","overlay-gradient":""},"mobile":{"background-color":"var(--ast-global-color-5)","background-image":"","background-repeat":"repeat","background-position":"center center","background-size":"auto","background-attachment":"scroll","background-type":"","background-media":"","overlay-type":"","overlay-color":"","overlay-opacity":"","overlay-gradient":""}}},"product_brand":[],"product_cat":[2066,4689,2508,2076,2509,3428],"product_tag":[],"class_list":{"0":"post-549422","1":"product","2":"type-product","3":"status-publish","4":"has-post-thumbnail","6":"product_cat-e-cigarettes-fr","7":"product_cat-featured-e-cigarettes-fr","8":"product_cat-hardware-fr","9":"product_cat-kits-et-pod-pour-debutants","10":"product_cat-shop-by-brand-fr","11":"product_cat-uwell-fr-2","12":"desktop-align-center","13":"tablet-align-center","14":"mobile-align-center","15":"ast-product-gallery-layout-horizontal-slider","16":"ast-product-gallery-with-no-image","17":"ast-product-single-variable","18":"ast-product-tabs-layout-horizontal","20":"first","21":"instock","22":"sale","23":"taxable","24":"shipping-taxable","25":"purchasable","26":"product-type-variable"},"acf":[],"uagb_featured_image_src":{"full":["https:\/\/justvape.nu\/wp-content\/uploads\/2022\/07\/Uwell-Caliburn-GK2-elektromos-cigaretta-pod-cimkep.jpg",800,800,false],"thumbnail":["https:\/\/justvape.nu\/wp-content\/uploads\/2022\/07\/Uwell-Caliburn-GK2-elektromos-cigaretta-pod-cimkep-150x150.jpg",150,150,true],"medium":["https:\/\/justvape.nu\/wp-content\/uploads\/2022\/07\/Uwell-Caliburn-GK2-elektromos-cigaretta-pod-cimkep-300x300.jpg",300,300,true],"medium_large":["https:\/\/justvape.nu\/wp-content\/uploads\/2022\/07\/Uwell-Caliburn-GK2-elektromos-cigaretta-pod-cimkep-768x768.jpg",768,768,true],"large":["https:\/\/justvape.nu\/wp-content\/uploads\/2022\/07\/Uwell-Caliburn-GK2-elektromos-cigaretta-pod-cimkep.jpg",800,800,false],"1536x1536":["https:\/\/justvape.nu\/wp-content\/uploads\/2022\/07\/Uwell-Caliburn-GK2-elektromos-cigaretta-pod-cimkep.jpg",800,800,false],"2048x2048":["https:\/\/justvape.nu\/wp-content\/uploads\/2022\/07\/Uwell-Caliburn-GK2-elektromos-cigaretta-pod-cimkep.jpg",800,800,false],"woocommerce_thumbnail":["https:\/\/justvape.nu\/wp-content\/uploads\/2022\/07\/Uwell-Caliburn-GK2-elektromos-cigaretta-pod-cimkep-300x300.jpg",300,300,true],"woocommerce_single":["https:\/\/justvape.nu\/wp-content\/uploads\/2022\/07\/Uwell-Caliburn-GK2-elektromos-cigaretta-pod-cimkep-600x600.jpg",600,600,true],"woocommerce_gallery_thumbnail":["https:\/\/justvape.nu\/wp-content\/uploads\/2022\/07\/Uwell-Caliburn-GK2-elektromos-cigaretta-pod-cimkep-100x100.jpg",100,100,true],"dgwt-wcas-product-suggestion":["https:\/\/justvape.nu\/wp-content\/uploads\/2022\/07\/Uwell-Caliburn-GK2-elektromos-cigaretta-pod-cimkep-64x64.jpg",64,64,true]},"uagb_author_info":{"display_name":"JustVape.nu","author_link":"https:\/\/justvape.nu\/fr\/author\/"},"uagb_comment_info":0,"uagb_excerpt":"UWELL - CALIBURN GK2 VAPE KIT","_links":{"self":[{"href":"https:\/\/justvape.nu\/fr\/wp-json\/wp\/v2\/product\/549422","targetHints":{"allow":["GET"]}}],"collection":[{"href":"https:\/\/justvape.nu\/fr\/wp-json\/wp\/v2\/product"}],"about":[{"href":"https:\/\/justvape.nu\/fr\/wp-json\/wp\/v2\/types\/product"}],"replies":[{"embeddable":true,"href":"https:\/\/justvape.nu\/fr\/wp-json\/wp\/v2\/comments?post=549422"}],"wp:featuredmedia":[{"embeddable":true,"href":"https:\/\/justvape.nu\/fr\/wp-json\/wp\/v2\/media\/446508"}],"wp:attachment":[{"href":"https:\/\/justvape.nu\/fr\/wp-json\/wp\/v2\/media?parent=549422"}],"wp:term":[{"taxonomy":"product_brand","embeddable":true,"href":"https:\/\/justvape.nu\/fr\/wp-json\/wp\/v2\/product_brand?post=549422"},{"taxonomy":"product_cat","embeddable":true,"href":"https:\/\/justvape.nu\/fr\/wp-json\/wp\/v2\/product_cat?post=549422"},{"taxonomy":"product_tag","embeddable":true,"href":"https:\/\/justvape.nu\/fr\/wp-json\/wp\/v2\/product_tag?post=549422"}],"curies":[{"name":"wp","href":"https:\/\/api.w.org\/{rel}","templated":true}]}}