{"id":549405,"date":"2022-09-19T12:30:23","date_gmt":"2022-09-19T10:30:23","guid":{"rendered":"https:\/\/justvape.nu\/produkt\/vaporesso-luxe-x-kit\/"},"modified":"2024-05-12T22:04:11","modified_gmt":"2024-05-12T20:04:11","slug":"vaporesso-luxe-x-kit-2","status":"publish","type":"product","link":"https:\/\/justvape.nu\/fr\/produkt\/vaporesso-luxe-x-kit-2\/","title":{"rendered":"VAPORESSO &#8211; LUXE X KIT"},"content":{"rendered":"<h2>VAPORESSO &#8211; LUXE X KIT<\/h2>\n<p><b>Vaporesso LUXE X Kit<\/b>  est dot\u00e9 d&rsquo;une batterie interne de 1500mAh dans un corps compact et l\u00e9ger, et il peut atteindre une sortie maximale de 40w, le pod \u00e0 mailles 0,4ohm offre un vaping DL avec des nuages \u00e9pais et gros, tandis que le pod \u00e0 mailles 0,9ohm est un vaping MTL avec un tirage serr\u00e9. Vous obtiendrez le pod LUXE X qui est \u00e9quip\u00e9 de la technologie anti-fuite SSS pour \u00e9viter de vous salir la main et r\u00e9duire le gaspillage de e-liquide. De plus, la technologie COREX est si puissante qu&rsquo;elle permet \u00e0 la bobine de chauffer uniform\u00e9ment et d&rsquo;augmenter la saveur d&rsquo;environ 30%, vous appr\u00e9cierez certainement les nuages merveilleux et denses. De plus, le LUXE X dispose d&rsquo;un a\u00e9roport lat\u00e9ral, vous pouvez r\u00e9aliser la transformation de MTL \u00e0 DL en changeant le pod.<\/p>\n<p><img loading=\"lazy\" decoding=\"async\" class=\"alignnone size-full wp-image-383695\" src=\"https:\/\/justvape.nu\/wp-content\/uploads\/2021\/05\/Color-Scheme.png\" alt=\"\" width=\"950\" height=\"64\" title=\"\" srcset=\"https:\/\/justvape.nu\/wp-content\/uploads\/2021\/05\/Color-Scheme.png 950w, https:\/\/justvape.nu\/wp-content\/uploads\/2021\/05\/Color-Scheme-600x40.png 600w, https:\/\/justvape.nu\/wp-content\/uploads\/2021\/05\/Color-Scheme-64x4.png 64w, https:\/\/justvape.nu\/wp-content\/uploads\/2021\/05\/Color-Scheme-300x20.png 300w, https:\/\/justvape.nu\/wp-content\/uploads\/2021\/05\/Color-Scheme-768x52.png 768w\" sizes=\"auto, (max-width: 950px) 100vw, 950px\" \/><\/p>\n<p><img loading=\"lazy\" decoding=\"async\" class=\"alignnone size-full wp-image-534428\" src=\"https:\/\/justvape.nu\/wp-content\/uploads\/2022\/09\/Vaporesso_Luxe_X_Kit_Full_Color.jpg\" alt=\"\" width=\"800\" height=\"346\" title=\"\" srcset=\"https:\/\/justvape.nu\/wp-content\/uploads\/2022\/09\/Vaporesso_Luxe_X_Kit_Full_Color.jpg 800w, https:\/\/justvape.nu\/wp-content\/uploads\/2022\/09\/Vaporesso_Luxe_X_Kit_Full_Color-300x130.jpg 300w, https:\/\/justvape.nu\/wp-content\/uploads\/2022\/09\/Vaporesso_Luxe_X_Kit_Full_Color-768x332.jpg 768w, https:\/\/justvape.nu\/wp-content\/uploads\/2022\/09\/Vaporesso_Luxe_X_Kit_Full_Color-600x260.jpg 600w, https:\/\/justvape.nu\/wp-content\/uploads\/2022\/09\/Vaporesso_Luxe_X_Kit_Full_Color-64x28.jpg 64w\" sizes=\"auto, (max-width: 800px) 100vw, 800px\" \/><\/p>\n<p><img loading=\"lazy\" decoding=\"async\" class=\"alignnone size-full wp-image-248459\" src=\"https:\/\/justvape.nu\/wp-content\/uploads\/2018\/05\/Features.png\" alt=\"\" width=\"950\" height=\"64\" title=\"\" srcset=\"https:\/\/justvape.nu\/wp-content\/uploads\/2018\/05\/Features.png 950w, https:\/\/justvape.nu\/wp-content\/uploads\/2018\/05\/Features-600x40.png 600w, https:\/\/justvape.nu\/wp-content\/uploads\/2018\/05\/Features-64x4.png 64w, https:\/\/justvape.nu\/wp-content\/uploads\/2018\/05\/Features-300x20.png 300w, https:\/\/justvape.nu\/wp-content\/uploads\/2018\/05\/Features-768x52.png 768w\" sizes=\"auto, (max-width: 950px) 100vw, 950px\" \/><\/p>\n<div>\n<ul>\n<li>Aliment\u00e9 par une batterie interne de 1500mah<\/li>\n<li>40W Sortie maximale<\/li>\n<li>Bobine LUXE X 0.4ohm et LUXE X 0.8ohm<\/li>\n<li>Technologie anti-fuite SSS<\/li>\n<li>Technologie d&rsquo;amplification de l&rsquo;ar\u00f4me<\/li>\n<li>Chargement rapide Type-C<\/li>\n<li>Puce AXON<\/li>\n<\/ul>\n<\/div>\n<div><img loading=\"lazy\" decoding=\"async\" class=\"alignnone size-full wp-image-229154\" src=\"https:\/\/justvape.nu\/wp-content\/uploads\/2018\/04\/Packing-List.png\" alt=\"\" width=\"950\" height=\"64\" title=\"\" srcset=\"https:\/\/justvape.nu\/wp-content\/uploads\/2018\/04\/Packing-List.png 950w, https:\/\/justvape.nu\/wp-content\/uploads\/2018\/04\/Packing-List-600x40.png 600w, https:\/\/justvape.nu\/wp-content\/uploads\/2018\/04\/Packing-List-64x4.png 64w, https:\/\/justvape.nu\/wp-content\/uploads\/2018\/04\/Packing-List-300x20.png 300w, https:\/\/justvape.nu\/wp-content\/uploads\/2018\/04\/Packing-List-768x52.png 768w\" sizes=\"auto, (max-width: 950px) 100vw, 950px\" \/><\/div>\n<div>1x Batterie Vaporesso Luxe X<\/div>\n<div>1x Vaporesso Luxe X 0.4ohm Mesh Pod<\/div>\n<div>1x Vaporesso Luxe X 0.8ohm Mesh Pod<\/div>\n<div>1x C\u00e2ble Type-c<\/div>\n<div>1x manuel de l&rsquo;utilisateur<\/div>\n<div>1x carte de garantie<\/div>\n","protected":false},"excerpt":{"rendered":"<p>VAPORESSO &#8211; LUXE X KIT<\/p>\n","protected":false},"featured_media":534439,"comment_status":"open","ping_status":"closed","template":"","meta":{"_acf_changed":false,"_uag_custom_page_level_css":"","site-sidebar-layout":"default","site-content-layout":"default","ast-site-content-layout":"default","site-content-style":"default","site-sidebar-style":"default","ast-global-header-display":"","ast-banner-title-visibility":"","ast-main-header-display":"","ast-hfb-above-header-display":"","ast-hfb-below-header-display":"","ast-hfb-mobile-header-display":"","site-post-title":"","ast-breadcrumbs-content":"","ast-featured-img":"","footer-sml-layout":"","ast-disable-related-posts":"","theme-transparent-header-meta":"default","adv-header-id-meta":"","stick-header-meta":"default","header-above-stick-meta":"","header-main-stick-meta":"","header-below-stick-meta":"","astra-migrate-meta-layouts":"default","ast-page-background-enabled":"default","ast-page-background-meta":{"desktop":{"background-color":"","background-image":"","background-repeat":"repeat","background-position":"center center","background-size":"auto","background-attachment":"scroll","background-type":"","background-media":"","overlay-type":"","overlay-color":"","overlay-opacity":"","overlay-gradient":""},"tablet":{"background-color":"","background-image":"","background-repeat":"repeat","background-position":"center center","background-size":"auto","background-attachment":"scroll","background-type":"","background-media":"","overlay-type":"","overlay-color":"","overlay-opacity":"","overlay-gradient":""},"mobile":{"background-color":"","background-image":"","background-repeat":"repeat","background-position":"center center","background-size":"auto","background-attachment":"scroll","background-type":"","background-media":"","overlay-type":"","overlay-color":"","overlay-opacity":"","overlay-gradient":""}},"ast-content-background-meta":{"desktop":{"background-color":"var(--ast-global-color-5)","background-image":"","background-repeat":"repeat","background-position":"center center","background-size":"auto","background-attachment":"scroll","background-type":"","background-media":"","overlay-type":"","overlay-color":"","overlay-opacity":"","overlay-gradient":""},"tablet":{"background-color":"var(--ast-global-color-5)","background-image":"","background-repeat":"repeat","background-position":"center center","background-size":"auto","background-attachment":"scroll","background-type":"","background-media":"","overlay-type":"","overlay-color":"","overlay-opacity":"","overlay-gradient":""},"mobile":{"background-color":"var(--ast-global-color-5)","background-image":"","background-repeat":"repeat","background-position":"center center","background-size":"auto","background-attachment":"scroll","background-type":"","background-media":"","overlay-type":"","overlay-color":"","overlay-opacity":"","overlay-gradient":""}}},"product_brand":[],"product_cat":[2066,4689,2508,2076,2509,4264],"product_tag":[],"class_list":{"0":"post-549405","1":"product","2":"type-product","3":"status-publish","4":"has-post-thumbnail","6":"product_cat-e-cigarettes-fr","7":"product_cat-featured-e-cigarettes-fr","8":"product_cat-hardware-fr","9":"product_cat-kits-et-pod-pour-debutants","10":"product_cat-shop-by-brand-fr","11":"product_cat-vaporesso-fr","12":"desktop-align-center","13":"tablet-align-center","14":"mobile-align-center","15":"ast-product-gallery-layout-horizontal-slider","16":"ast-product-gallery-with-no-image","17":"ast-product-single-variable","18":"ast-product-tabs-layout-horizontal","20":"first","21":"instock","22":"sale","23":"featured","24":"taxable","25":"shipping-taxable","26":"purchasable","27":"product-type-variable"},"acf":[],"uagb_featured_image_src":{"full":["https:\/\/justvape.nu\/wp-content\/uploads\/2022\/09\/vaporesso-luxe-x-pod-kit.jpg",800,800,false],"thumbnail":["https:\/\/justvape.nu\/wp-content\/uploads\/2022\/09\/vaporesso-luxe-x-pod-kit-150x150.jpg",150,150,true],"medium":["https:\/\/justvape.nu\/wp-content\/uploads\/2022\/09\/vaporesso-luxe-x-pod-kit-300x300.jpg",300,300,true],"medium_large":["https:\/\/justvape.nu\/wp-content\/uploads\/2022\/09\/vaporesso-luxe-x-pod-kit-768x768.jpg",768,768,true],"large":["https:\/\/justvape.nu\/wp-content\/uploads\/2022\/09\/vaporesso-luxe-x-pod-kit.jpg",800,800,false],"1536x1536":["https:\/\/justvape.nu\/wp-content\/uploads\/2022\/09\/vaporesso-luxe-x-pod-kit.jpg",800,800,false],"2048x2048":["https:\/\/justvape.nu\/wp-content\/uploads\/2022\/09\/vaporesso-luxe-x-pod-kit.jpg",800,800,false],"woocommerce_thumbnail":["https:\/\/justvape.nu\/wp-content\/uploads\/2022\/09\/vaporesso-luxe-x-pod-kit-300x300.jpg",300,300,true],"woocommerce_single":["https:\/\/justvape.nu\/wp-content\/uploads\/2022\/09\/vaporesso-luxe-x-pod-kit-600x600.jpg",600,600,true],"woocommerce_gallery_thumbnail":["https:\/\/justvape.nu\/wp-content\/uploads\/2022\/09\/vaporesso-luxe-x-pod-kit-100x100.jpg",100,100,true],"dgwt-wcas-product-suggestion":["https:\/\/justvape.nu\/wp-content\/uploads\/2022\/09\/vaporesso-luxe-x-pod-kit-64x64.jpg",64,64,true]},"uagb_author_info":{"display_name":"JustVape.nu","author_link":"https:\/\/justvape.nu\/fr\/author\/"},"uagb_comment_info":0,"uagb_excerpt":"VAPORESSO - LUXE X KIT","_links":{"self":[{"href":"https:\/\/justvape.nu\/fr\/wp-json\/wp\/v2\/product\/549405","targetHints":{"allow":["GET"]}}],"collection":[{"href":"https:\/\/justvape.nu\/fr\/wp-json\/wp\/v2\/product"}],"about":[{"href":"https:\/\/justvape.nu\/fr\/wp-json\/wp\/v2\/types\/product"}],"replies":[{"embeddable":true,"href":"https:\/\/justvape.nu\/fr\/wp-json\/wp\/v2\/comments?post=549405"}],"wp:featuredmedia":[{"embeddable":true,"href":"https:\/\/justvape.nu\/fr\/wp-json\/wp\/v2\/media\/534439"}],"wp:attachment":[{"href":"https:\/\/justvape.nu\/fr\/wp-json\/wp\/v2\/media?parent=549405"}],"wp:term":[{"taxonomy":"product_brand","embeddable":true,"href":"https:\/\/justvape.nu\/fr\/wp-json\/wp\/v2\/product_brand?post=549405"},{"taxonomy":"product_cat","embeddable":true,"href":"https:\/\/justvape.nu\/fr\/wp-json\/wp\/v2\/product_cat?post=549405"},{"taxonomy":"product_tag","embeddable":true,"href":"https:\/\/justvape.nu\/fr\/wp-json\/wp\/v2\/product_tag?post=549405"}],"curies":[{"name":"wp","href":"https:\/\/api.w.org\/{rel}","templated":true}]}}