{"id":544017,"date":"2022-11-01T14:29:11","date_gmt":"2022-11-01T13:29:11","guid":{"rendered":"https:\/\/justvape.nu\/produkt\/uwell-crown-d-pod-mod\/"},"modified":"2024-05-15T16:24:01","modified_gmt":"2024-05-15T14:24:01","slug":"uwell-crown-d-pod-mod-2","status":"publish","type":"product","link":"https:\/\/justvape.nu\/fr\/produkt\/uwell-crown-d-pod-mod-2\/","title":{"rendered":"UWELL &#8211; CROWN D POD MOD"},"content":{"rendered":"<h2>UWELL &#8211; CROWN D POD MOD<\/h2>\n<p>Uwell Crown D Pod Mod est le dernier n\u00e9 de la s\u00e9rie Uwell Crown, offrant une technologie d&rsquo;am\u00e9lioration de la saveur et un choix de 5 modes de vapotage diff\u00e9rents, allant des modes bypass et voltage.<\/p>\n<p>Sa batterie longue dur\u00e9e de 1100 mAh en fait le concurrent id\u00e9al pour le vapotage en d\u00e9placement, car la plupart des fumeurs peuvent s&rsquo;attendre \u00e0 une journ\u00e9e compl\u00e8te de vapotage sans avoir \u00e0 recharger !<\/p>\n<p>Dot\u00e9 d&rsquo;un design fin et portable, le kit Uwell Crown D est parfait pour une utilisation nomade, sans pour autant renoncer \u00e0 des fonctionnalit\u00e9s avanc\u00e9es.<\/p>\n<p>Utilisant un pod de 2ml et un syst\u00e8me de remplissage par le haut, le r\u00e9approvisionnement en e-liquide est facile et sans d\u00e9g\u00e2ts. Les dosettes sont compatibles avec la s\u00e9rie de bobines Uwell PA, et celles-ci sont disponibles en r\u00e9sistance de 0,3ohm ou de 0,8ohm, donc que vous soyez un fumeur de sub-ohm ou que vous pr\u00e9f\u00e9riez une exp\u00e9rience de bouche \u00e0 poumon, ce kit peut s&rsquo;adapter aux deux styles.<\/p>\n<p><img loading=\"lazy\" decoding=\"async\" class=\"alignnone size-full wp-image-383695\" src=\"https:\/\/justvape.nu\/wp-content\/uploads\/2021\/05\/Color-Scheme.png\" alt=\"\" width=\"950\" height=\"64\" title=\"\" srcset=\"https:\/\/justvape.nu\/wp-content\/uploads\/2021\/05\/Color-Scheme.png 950w, https:\/\/justvape.nu\/wp-content\/uploads\/2021\/05\/Color-Scheme-600x40.png 600w, https:\/\/justvape.nu\/wp-content\/uploads\/2021\/05\/Color-Scheme-64x4.png 64w, https:\/\/justvape.nu\/wp-content\/uploads\/2021\/05\/Color-Scheme-300x20.png 300w, https:\/\/justvape.nu\/wp-content\/uploads\/2021\/05\/Color-Scheme-768x52.png 768w\" sizes=\"auto, (max-width: 950px) 100vw, 950px\" \/><\/p>\n<p class=\"description-img-center\"><img decoding=\"async\" src=\"https:\/\/www.sourcemore.com\/media\/wysiwyg\/Uwell\/Uwell_Crown_D_Pod_Mod_Kit_Colors.jpg\" alt=\"Uwell Crown D Pod Mod Kit Colors\" width=\"75%\" height=\"100%\" title=\"\"><\/p>\n<div class=\"shop-features \">\n<h2 class=\"shop-features-title \"><img loading=\"lazy\" decoding=\"async\" class=\"alignnone size-full wp-image-390997\" src=\"https:\/\/justvape.nu\/wp-content\/uploads\/2021\/06\/Specifications1.png\" alt=\"\" width=\"950\" height=\"64\" title=\"\" srcset=\"https:\/\/justvape.nu\/wp-content\/uploads\/2021\/06\/Specifications1.png 950w, https:\/\/justvape.nu\/wp-content\/uploads\/2021\/06\/Specifications1-600x40.png 600w, https:\/\/justvape.nu\/wp-content\/uploads\/2021\/06\/Specifications1-64x4.png 64w, https:\/\/justvape.nu\/wp-content\/uploads\/2021\/06\/Specifications1-300x20.png 300w, https:\/\/justvape.nu\/wp-content\/uploads\/2021\/06\/Specifications1-768x52.png 768w\" sizes=\"auto, (max-width: 950px) 100vw, 950px\" \/><\/h2>\n<\/div>\n<p><strong class=\"description-little-title\">Param\u00e8tres du kit Uwell Crown D :<\/strong><\/p>\n<table class=\"description-table\">\n<tbody>\n<tr>\n<td class=\"strong-title \">Marque<\/td>\n<td class=\"inline\">Uwell<\/td>\n<\/tr>\n<tr>\n<td class=\"strong-title \">Nom du produit<\/td>\n<td class=\"inline\">Crown D Pod Mod Kit<\/td>\n<\/tr>\n<tr>\n<td class=\"strong-title \">Mat\u00e9riau<\/td>\n<td class=\"inline\">Alliage d&rsquo;aluminium, PCTG<\/td>\n<\/tr>\n<tr>\n<td class=\"strong-title \">Dimensions<\/td>\n<td class=\"inline\">106*28*18.5mm<\/td>\n<\/tr>\n<tr>\n<td class=\"strong-title \">Capacit\u00e9 de l&rsquo;e-liquide<\/td>\n<td class=\"inline\">2ml<\/td>\n<\/tr>\n<tr>\n<td class=\"strong-title \">Gamme de sortie<\/td>\n<td class=\"inline\">5-35W<\/td>\n<\/tr>\n<tr>\n<td class=\"strong-title \">Capacit\u00e9 de la batterie<\/td>\n<td class=\"inline\">1100mAh<\/td>\n<\/tr>\n<tr>\n<td class=\"strong-title \">Sp\u00e9cification de la bobine<\/td>\n<td class=\"inline\">FeCrAI Meshed 0.3ohm Uwell PA Coil : 25W-35W(Pre-installed, DTL)<br \/>\nFeCrAI Meshed 0.8ohm Uwell PA Coil : 15W-18W(Spare, RDL+MTL)<\/td>\n<\/tr>\n<tr>\n<td class=\"strong-title \">Type de remplissage<\/td>\n<td class=\"inline\">Garniture sup\u00e9rieure<\/td>\n<\/tr>\n<tr>\n<td class=\"strong-title \">Modes de sortie<\/td>\n<td class=\"inline\">POW, VOLT, COURBES, CONTOURNEMENT, PERSONNALISATION<\/td>\n<\/tr>\n<tr>\n<td class=\"strong-title \">\u00c9cran d&rsquo;affichage<\/td>\n<td class=\"inline\">\u00c9cran TFT de 0,96 pouce<\/td>\n<\/tr>\n<tr>\n<td class=\"strong-title \">D\u00e9bit d&rsquo;air<\/td>\n<td class=\"inline\">R\u00e9glage du flux d&rsquo;air lat\u00e9ral<\/td>\n<\/tr>\n<tr>\n<td class=\"strong-title \">Couleur<\/td>\n<td class=\"inline\">Rouge, Gris, Vert, Bleu, Violet, Noir<\/td>\n<\/tr>\n<\/tbody>\n<\/table>\n<div class=\"shop-features \">\n<h2><img loading=\"lazy\" decoding=\"async\" class=\"alignnone size-full wp-image-543490\" style=\"font-weight: inherit;\" src=\"https:\/\/justvape.nu\/wp-content\/uploads\/2022\/11\/Uwell_Crown_D_Kit_Specifications.jpg\" alt=\"\" width=\"831\" height=\"507\" title=\"\" srcset=\"https:\/\/justvape.nu\/wp-content\/uploads\/2022\/11\/Uwell_Crown_D_Kit_Specifications.jpg 831w, https:\/\/justvape.nu\/wp-content\/uploads\/2022\/11\/Uwell_Crown_D_Kit_Specifications-300x183.jpg 300w, https:\/\/justvape.nu\/wp-content\/uploads\/2022\/11\/Uwell_Crown_D_Kit_Specifications-768x469.jpg 768w, https:\/\/justvape.nu\/wp-content\/uploads\/2022\/11\/Uwell_Crown_D_Kit_Specifications-600x366.jpg 600w, https:\/\/justvape.nu\/wp-content\/uploads\/2022\/11\/Uwell_Crown_D_Kit_Specifications-64x39.jpg 64w\" sizes=\"auto, (max-width: 831px) 100vw, 831px\" \/><\/h2>\n<h2 class=\"shop-features-title \"><img loading=\"lazy\" decoding=\"async\" class=\"alignnone size-full wp-image-248459\" src=\"https:\/\/justvape.nu\/wp-content\/uploads\/2018\/05\/Features.png\" alt=\"\" width=\"950\" height=\"64\" title=\"\" srcset=\"https:\/\/justvape.nu\/wp-content\/uploads\/2018\/05\/Features.png 950w, https:\/\/justvape.nu\/wp-content\/uploads\/2018\/05\/Features-600x40.png 600w, https:\/\/justvape.nu\/wp-content\/uploads\/2018\/05\/Features-64x4.png 64w, https:\/\/justvape.nu\/wp-content\/uploads\/2018\/05\/Features-300x20.png 300w, https:\/\/justvape.nu\/wp-content\/uploads\/2018\/05\/Features-768x52.png 768w\" sizes=\"auto, (max-width: 950px) 100vw, 950px\" \/><\/h2>\n<\/div>\n<p><strong class=\"description-little-title\">Uwell Crown D D\u00e9tails :<\/strong><\/p>\n<ul>\n<li style=\"list-style-type: none;\">\n<ul>\n<li>1. 5 modes de sortie : POW, VOLT, COURBES, BYPASS, PERSONNALISER<\/li>\n<li>2. R\u00e9glage des param\u00e8tres individuels<\/li>\n<li>3. R\u00e9glage progressif de la puissance<\/li>\n<li>4. Batterie de grande capacit\u00e9 de 1100mAh<\/li>\n<li>5. \u00c9cran TFT de 0,96 pouce<\/li>\n<li>6. Auto-draw &amp; button firing dual ignition way<\/li>\n<li>7. Syst\u00e8me pratique de remplissage par le haut<\/li>\n<li>8. Connexion magn\u00e9tique forte de la nacelle<\/li>\n<li>9. Technologie d&rsquo;ajustement de l&rsquo;ar\u00f4me Pro-FOCS<\/li>\n<li>10. R\u00e9glage pratique du d\u00e9bit d&rsquo;air lat\u00e9ral<\/li>\n<\/ul>\n<\/li>\n<\/ul>\n<p><img loading=\"lazy\" decoding=\"async\" class=\"alignnone size-full wp-image-543472\" src=\"https:\/\/justvape.nu\/wp-content\/uploads\/2022\/11\/Uwell_Crown_D_Kit_Features.jpg\" alt=\"\" width=\"831\" height=\"421\" title=\"\" srcset=\"https:\/\/justvape.nu\/wp-content\/uploads\/2022\/11\/Uwell_Crown_D_Kit_Features.jpg 831w, https:\/\/justvape.nu\/wp-content\/uploads\/2022\/11\/Uwell_Crown_D_Kit_Features-300x152.jpg 300w, https:\/\/justvape.nu\/wp-content\/uploads\/2022\/11\/Uwell_Crown_D_Kit_Features-768x389.jpg 768w, https:\/\/justvape.nu\/wp-content\/uploads\/2022\/11\/Uwell_Crown_D_Kit_Features-600x304.jpg 600w, https:\/\/justvape.nu\/wp-content\/uploads\/2022\/11\/Uwell_Crown_D_Kit_Features-64x32.jpg 64w\" sizes=\"auto, (max-width: 831px) 100vw, 831px\" \/><img loading=\"lazy\" decoding=\"async\" class=\"alignnone size-full wp-image-543481\" style=\"font-style: inherit; font-weight: inherit;\" src=\"https:\/\/justvape.nu\/wp-content\/uploads\/2022\/11\/Uwell_Crown_D_Kit_Structure.jpg\" alt=\"\" width=\"831\" height=\"486\" title=\"\" srcset=\"https:\/\/justvape.nu\/wp-content\/uploads\/2022\/11\/Uwell_Crown_D_Kit_Structure.jpg 831w, https:\/\/justvape.nu\/wp-content\/uploads\/2022\/11\/Uwell_Crown_D_Kit_Structure-300x175.jpg 300w, https:\/\/justvape.nu\/wp-content\/uploads\/2022\/11\/Uwell_Crown_D_Kit_Structure-768x449.jpg 768w, https:\/\/justvape.nu\/wp-content\/uploads\/2022\/11\/Uwell_Crown_D_Kit_Structure-600x351.jpg 600w, https:\/\/justvape.nu\/wp-content\/uploads\/2022\/11\/Uwell_Crown_D_Kit_Structure-64x37.jpg 64w\" sizes=\"auto, (max-width: 831px) 100vw, 831px\" \/> <span style=\"font-size: 16px;\"> <\/span><img loading=\"lazy\" decoding=\"async\" class=\"alignnone size-full wp-image-543499\" style=\"font-style: inherit; font-weight: inherit;\" src=\"https:\/\/justvape.nu\/wp-content\/uploads\/2022\/11\/Uwell_Crown_D_Kit_Dual_Ignition_Ways.jpg\" alt=\"\" width=\"831\" height=\"442\" title=\"\" srcset=\"https:\/\/justvape.nu\/wp-content\/uploads\/2022\/11\/Uwell_Crown_D_Kit_Dual_Ignition_Ways.jpg 831w, https:\/\/justvape.nu\/wp-content\/uploads\/2022\/11\/Uwell_Crown_D_Kit_Dual_Ignition_Ways-300x160.jpg 300w, https:\/\/justvape.nu\/wp-content\/uploads\/2022\/11\/Uwell_Crown_D_Kit_Dual_Ignition_Ways-768x408.jpg 768w, https:\/\/justvape.nu\/wp-content\/uploads\/2022\/11\/Uwell_Crown_D_Kit_Dual_Ignition_Ways-600x319.jpg 600w, https:\/\/justvape.nu\/wp-content\/uploads\/2022\/11\/Uwell_Crown_D_Kit_Dual_Ignition_Ways-64x34.jpg 64w\" sizes=\"auto, (max-width: 831px) 100vw, 831px\" \/> <img loading=\"lazy\" decoding=\"async\" class=\"alignnone size-full wp-image-543508\" style=\"font-style: inherit; font-weight: inherit;\" src=\"https:\/\/justvape.nu\/wp-content\/uploads\/2022\/11\/Uwell_Crown_D_Kit_Advanced_Settings.jpg\" alt=\"\" width=\"831\" height=\"454\" title=\"\" srcset=\"https:\/\/justvape.nu\/wp-content\/uploads\/2022\/11\/Uwell_Crown_D_Kit_Advanced_Settings.jpg 831w, https:\/\/justvape.nu\/wp-content\/uploads\/2022\/11\/Uwell_Crown_D_Kit_Advanced_Settings-300x164.jpg 300w, https:\/\/justvape.nu\/wp-content\/uploads\/2022\/11\/Uwell_Crown_D_Kit_Advanced_Settings-768x420.jpg 768w, https:\/\/justvape.nu\/wp-content\/uploads\/2022\/11\/Uwell_Crown_D_Kit_Advanced_Settings-600x328.jpg 600w, https:\/\/justvape.nu\/wp-content\/uploads\/2022\/11\/Uwell_Crown_D_Kit_Advanced_Settings-64x35.jpg 64w\" sizes=\"auto, (max-width: 831px) 100vw, 831px\" \/> <img loading=\"lazy\" decoding=\"async\" class=\"alignnone size-full wp-image-543517\" style=\"font-style: inherit; font-weight: inherit;\" src=\"https:\/\/justvape.nu\/wp-content\/uploads\/2022\/11\/Uwell_Crown_D_Kit_Screen.jpg\" alt=\"\" width=\"831\" height=\"485\" title=\"\" srcset=\"https:\/\/justvape.nu\/wp-content\/uploads\/2022\/11\/Uwell_Crown_D_Kit_Screen.jpg 831w, https:\/\/justvape.nu\/wp-content\/uploads\/2022\/11\/Uwell_Crown_D_Kit_Screen-300x175.jpg 300w, https:\/\/justvape.nu\/wp-content\/uploads\/2022\/11\/Uwell_Crown_D_Kit_Screen-768x448.jpg 768w, https:\/\/justvape.nu\/wp-content\/uploads\/2022\/11\/Uwell_Crown_D_Kit_Screen-600x350.jpg 600w, https:\/\/justvape.nu\/wp-content\/uploads\/2022\/11\/Uwell_Crown_D_Kit_Screen-64x37.jpg 64w\" sizes=\"auto, (max-width: 831px) 100vw, 831px\" \/> <img loading=\"lazy\" decoding=\"async\" class=\"alignnone size-full wp-image-543526\" style=\"font-style: inherit; font-weight: inherit;\" src=\"https:\/\/justvape.nu\/wp-content\/uploads\/2022\/11\/Uwell_Crown_D_Kit_Meshed_Coils.jpg\" alt=\"\" width=\"831\" height=\"475\" title=\"\" srcset=\"https:\/\/justvape.nu\/wp-content\/uploads\/2022\/11\/Uwell_Crown_D_Kit_Meshed_Coils.jpg 831w, https:\/\/justvape.nu\/wp-content\/uploads\/2022\/11\/Uwell_Crown_D_Kit_Meshed_Coils-300x171.jpg 300w, https:\/\/justvape.nu\/wp-content\/uploads\/2022\/11\/Uwell_Crown_D_Kit_Meshed_Coils-768x439.jpg 768w, https:\/\/justvape.nu\/wp-content\/uploads\/2022\/11\/Uwell_Crown_D_Kit_Meshed_Coils-600x343.jpg 600w, https:\/\/justvape.nu\/wp-content\/uploads\/2022\/11\/Uwell_Crown_D_Kit_Meshed_Coils-64x37.jpg 64w\" sizes=\"auto, (max-width: 831px) 100vw, 831px\" \/> <img loading=\"lazy\" decoding=\"async\" class=\"alignnone size-full wp-image-543535\" style=\"font-style: inherit; font-weight: inherit;\" src=\"https:\/\/justvape.nu\/wp-content\/uploads\/2022\/11\/Uwell_Crown_D_Kit_Battery_Capacity.jpg\" alt=\"\" width=\"831\" height=\"416\" title=\"\" srcset=\"https:\/\/justvape.nu\/wp-content\/uploads\/2022\/11\/Uwell_Crown_D_Kit_Battery_Capacity.jpg 831w, https:\/\/justvape.nu\/wp-content\/uploads\/2022\/11\/Uwell_Crown_D_Kit_Battery_Capacity-300x150.jpg 300w, https:\/\/justvape.nu\/wp-content\/uploads\/2022\/11\/Uwell_Crown_D_Kit_Battery_Capacity-768x384.jpg 768w, https:\/\/justvape.nu\/wp-content\/uploads\/2022\/11\/Uwell_Crown_D_Kit_Battery_Capacity-600x300.jpg 600w, https:\/\/justvape.nu\/wp-content\/uploads\/2022\/11\/Uwell_Crown_D_Kit_Battery_Capacity-64x32.jpg 64w\" sizes=\"auto, (max-width: 831px) 100vw, 831px\" \/> <img loading=\"lazy\" decoding=\"async\" class=\"alignnone size-full wp-image-543544\" style=\"font-style: inherit; font-weight: inherit;\" src=\"https:\/\/justvape.nu\/wp-content\/uploads\/2022\/11\/Uwell_Crown_D_Kit_Airflow_Adjustment.jpg\" alt=\"\" width=\"831\" height=\"410\" title=\"\" srcset=\"https:\/\/justvape.nu\/wp-content\/uploads\/2022\/11\/Uwell_Crown_D_Kit_Airflow_Adjustment.jpg 831w, https:\/\/justvape.nu\/wp-content\/uploads\/2022\/11\/Uwell_Crown_D_Kit_Airflow_Adjustment-300x148.jpg 300w, https:\/\/justvape.nu\/wp-content\/uploads\/2022\/11\/Uwell_Crown_D_Kit_Airflow_Adjustment-768x379.jpg 768w, https:\/\/justvape.nu\/wp-content\/uploads\/2022\/11\/Uwell_Crown_D_Kit_Airflow_Adjustment-600x296.jpg 600w, https:\/\/justvape.nu\/wp-content\/uploads\/2022\/11\/Uwell_Crown_D_Kit_Airflow_Adjustment-64x32.jpg 64w\" sizes=\"auto, (max-width: 831px) 100vw, 831px\" \/> <img loading=\"lazy\" decoding=\"async\" class=\"alignnone size-full wp-image-543553\" style=\"font-style: inherit; font-weight: inherit;\" src=\"https:\/\/justvape.nu\/wp-content\/uploads\/2022\/11\/Uwell_Crown_D_Kit_Power_Adjustment.jpg\" alt=\"\" width=\"831\" height=\"451\" title=\"\" srcset=\"https:\/\/justvape.nu\/wp-content\/uploads\/2022\/11\/Uwell_Crown_D_Kit_Power_Adjustment.jpg 831w, https:\/\/justvape.nu\/wp-content\/uploads\/2022\/11\/Uwell_Crown_D_Kit_Power_Adjustment-300x163.jpg 300w, https:\/\/justvape.nu\/wp-content\/uploads\/2022\/11\/Uwell_Crown_D_Kit_Power_Adjustment-768x417.jpg 768w, https:\/\/justvape.nu\/wp-content\/uploads\/2022\/11\/Uwell_Crown_D_Kit_Power_Adjustment-600x326.jpg 600w, https:\/\/justvape.nu\/wp-content\/uploads\/2022\/11\/Uwell_Crown_D_Kit_Power_Adjustment-64x35.jpg 64w\" sizes=\"auto, (max-width: 831px) 100vw, 831px\" \/> <img loading=\"lazy\" decoding=\"async\" class=\"alignnone size-full wp-image-543562\" style=\"font-style: inherit; font-weight: inherit;\" src=\"https:\/\/justvape.nu\/wp-content\/uploads\/2022\/11\/Uwell_Crown_D_Kit_Setting.jpg\" alt=\"\" width=\"831\" height=\"399\" title=\"\" srcset=\"https:\/\/justvape.nu\/wp-content\/uploads\/2022\/11\/Uwell_Crown_D_Kit_Setting.jpg 831w, https:\/\/justvape.nu\/wp-content\/uploads\/2022\/11\/Uwell_Crown_D_Kit_Setting-300x144.jpg 300w, https:\/\/justvape.nu\/wp-content\/uploads\/2022\/11\/Uwell_Crown_D_Kit_Setting-768x369.jpg 768w, https:\/\/justvape.nu\/wp-content\/uploads\/2022\/11\/Uwell_Crown_D_Kit_Setting-600x288.jpg 600w, https:\/\/justvape.nu\/wp-content\/uploads\/2022\/11\/Uwell_Crown_D_Kit_Setting-64x31.jpg 64w\" sizes=\"auto, (max-width: 831px) 100vw, 831px\" \/> <img loading=\"lazy\" decoding=\"async\" class=\"alignnone size-full wp-image-543571\" style=\"font-style: inherit; font-weight: inherit;\" src=\"https:\/\/justvape.nu\/wp-content\/uploads\/2022\/11\/Uwell_Crown_D_Kit_5_Output_Modes.jpg\" alt=\"\" width=\"831\" height=\"473\" title=\"\" srcset=\"https:\/\/justvape.nu\/wp-content\/uploads\/2022\/11\/Uwell_Crown_D_Kit_5_Output_Modes.jpg 831w, https:\/\/justvape.nu\/wp-content\/uploads\/2022\/11\/Uwell_Crown_D_Kit_5_Output_Modes-300x171.jpg 300w, https:\/\/justvape.nu\/wp-content\/uploads\/2022\/11\/Uwell_Crown_D_Kit_5_Output_Modes-768x437.jpg 768w, https:\/\/justvape.nu\/wp-content\/uploads\/2022\/11\/Uwell_Crown_D_Kit_5_Output_Modes-600x342.jpg 600w, https:\/\/justvape.nu\/wp-content\/uploads\/2022\/11\/Uwell_Crown_D_Kit_5_Output_Modes-64x36.jpg 64w\" sizes=\"auto, (max-width: 831px) 100vw, 831px\" \/> <img loading=\"lazy\" decoding=\"async\" class=\"alignnone size-full wp-image-543580\" style=\"font-style: inherit; font-weight: inherit;\" src=\"https:\/\/justvape.nu\/wp-content\/uploads\/2022\/11\/Uwell_Crown_D_Kit_Powerful.jpg\" alt=\"\" width=\"831\" height=\"425\" title=\"\" srcset=\"https:\/\/justvape.nu\/wp-content\/uploads\/2022\/11\/Uwell_Crown_D_Kit_Powerful.jpg 831w, https:\/\/justvape.nu\/wp-content\/uploads\/2022\/11\/Uwell_Crown_D_Kit_Powerful-300x153.jpg 300w, https:\/\/justvape.nu\/wp-content\/uploads\/2022\/11\/Uwell_Crown_D_Kit_Powerful-768x393.jpg 768w, https:\/\/justvape.nu\/wp-content\/uploads\/2022\/11\/Uwell_Crown_D_Kit_Powerful-600x307.jpg 600w, https:\/\/justvape.nu\/wp-content\/uploads\/2022\/11\/Uwell_Crown_D_Kit_Powerful-64x33.jpg 64w\" sizes=\"auto, (max-width: 831px) 100vw, 831px\" \/><\/p>\n<div class=\"shop-features \">\n<h2 class=\"shop-features-title \"><img loading=\"lazy\" decoding=\"async\" class=\"alignnone size-full wp-image-229154\" src=\"https:\/\/justvape.nu\/wp-content\/uploads\/2018\/04\/Packing-List.png\" alt=\"\" width=\"950\" height=\"64\" title=\"\" srcset=\"https:\/\/justvape.nu\/wp-content\/uploads\/2018\/04\/Packing-List.png 950w, https:\/\/justvape.nu\/wp-content\/uploads\/2018\/04\/Packing-List-600x40.png 600w, https:\/\/justvape.nu\/wp-content\/uploads\/2018\/04\/Packing-List-64x4.png 64w, https:\/\/justvape.nu\/wp-content\/uploads\/2018\/04\/Packing-List-300x20.png 300w, https:\/\/justvape.nu\/wp-content\/uploads\/2018\/04\/Packing-List-768x52.png 768w\" sizes=\"auto, (max-width: 950px) 100vw, 950px\" \/><\/h2>\n<\/div>\n<p><strong class=\"description-little-title \">Le paquet de Crown D Pod Mod Kit est livr\u00e9 avec :<\/strong><\/p>\n<p>1* Dispositif Crow D<br \/>\n1* Cartouche vide Crow D<br \/>\n1* Uwell PA Coil 0.3ohm M Coil (pr\u00e9-install\u00e9, DTL)<br \/>\n1* Uwell PA Coil 0.8ohm M Coil(Spare, RDL+MTL)<br \/>\n1* C\u00e2ble de chargement Type-C<br \/>\n1 * manuel de l&rsquo;utilisateur<\/p>\n<p class=\"description-img-center \"><img loading=\"lazy\" decoding=\"async\" class=\"alignnone size-full wp-image-543454\" src=\"https:\/\/justvape.nu\/wp-content\/uploads\/2022\/11\/Uwell_Crown_D_Kit_Package_List.jpg\" alt=\"\" width=\"831\" height=\"325\" title=\"\" srcset=\"https:\/\/justvape.nu\/wp-content\/uploads\/2022\/11\/Uwell_Crown_D_Kit_Package_List.jpg 831w, https:\/\/justvape.nu\/wp-content\/uploads\/2022\/11\/Uwell_Crown_D_Kit_Package_List-300x117.jpg 300w, https:\/\/justvape.nu\/wp-content\/uploads\/2022\/11\/Uwell_Crown_D_Kit_Package_List-768x300.jpg 768w, https:\/\/justvape.nu\/wp-content\/uploads\/2022\/11\/Uwell_Crown_D_Kit_Package_List-600x235.jpg 600w, https:\/\/justvape.nu\/wp-content\/uploads\/2022\/11\/Uwell_Crown_D_Kit_Package_List-64x25.jpg 64w\" sizes=\"auto, (max-width: 831px) 100vw, 831px\" \/><\/p>\n<div class=\"ast-oembed-container \" style=\"height: 100%;\"><iframe loading=\"lazy\" title=\"Crown D Pod Mod by Uwell!\" width=\"500\" height=\"281\" src=\"https:\/\/www.youtube.com\/embed\/Akmp8gvFEBs?feature=oembed\" frameborder=\"0\" allow=\"accelerometer; autoplay; clipboard-write; encrypted-media; gyroscope; picture-in-picture; web-share\" referrerpolicy=\"strict-origin-when-cross-origin\" allowfullscreen><\/iframe><\/div>\n","protected":false},"excerpt":{"rendered":"<p>UWELL &#8211; CROWN D POD MOD<\/p>\n","protected":false},"featured_media":543445,"comment_status":"open","ping_status":"closed","template":"","meta":{"_acf_changed":false,"_uag_custom_page_level_css":"","site-sidebar-layout":"default","site-content-layout":"default","ast-site-content-layout":"default","site-content-style":"default","site-sidebar-style":"default","ast-global-header-display":"","ast-banner-title-visibility":"","ast-main-header-display":"","ast-hfb-above-header-display":"","ast-hfb-below-header-display":"","ast-hfb-mobile-header-display":"","site-post-title":"","ast-breadcrumbs-content":"","ast-featured-img":"","footer-sml-layout":"","ast-disable-related-posts":"","theme-transparent-header-meta":"default","adv-header-id-meta":"","stick-header-meta":"default","header-above-stick-meta":"","header-main-stick-meta":"","header-below-stick-meta":"","astra-migrate-meta-layouts":"default","ast-page-background-enabled":"default","ast-page-background-meta":{"desktop":{"background-color":"","background-image":"","background-repeat":"repeat","background-position":"center center","background-size":"auto","background-attachment":"scroll","background-type":"","background-media":"","overlay-type":"","overlay-color":"","overlay-opacity":"","overlay-gradient":""},"tablet":{"background-color":"","background-image":"","background-repeat":"repeat","background-position":"center center","background-size":"auto","background-attachment":"scroll","background-type":"","background-media":"","overlay-type":"","overlay-color":"","overlay-opacity":"","overlay-gradient":""},"mobile":{"background-color":"","background-image":"","background-repeat":"repeat","background-position":"center center","background-size":"auto","background-attachment":"scroll","background-type":"","background-media":"","overlay-type":"","overlay-color":"","overlay-opacity":"","overlay-gradient":""}},"ast-content-background-meta":{"desktop":{"background-color":"var(--ast-global-color-5)","background-image":"","background-repeat":"repeat","background-position":"center center","background-size":"auto","background-attachment":"scroll","background-type":"","background-media":"","overlay-type":"","overlay-color":"","overlay-opacity":"","overlay-gradient":""},"tablet":{"background-color":"var(--ast-global-color-5)","background-image":"","background-repeat":"repeat","background-position":"center center","background-size":"auto","background-attachment":"scroll","background-type":"","background-media":"","overlay-type":"","overlay-color":"","overlay-opacity":"","overlay-gradient":""},"mobile":{"background-color":"var(--ast-global-color-5)","background-image":"","background-repeat":"repeat","background-position":"center center","background-size":"auto","background-attachment":"scroll","background-type":"","background-media":"","overlay-type":"","overlay-color":"","overlay-opacity":"","overlay-gradient":""}}},"product_brand":[],"product_cat":[2066,2508,2076,2509,3428],"product_tag":[],"class_list":{"0":"post-544017","1":"product","2":"type-product","3":"status-publish","4":"has-post-thumbnail","6":"product_cat-e-cigarettes-fr","7":"product_cat-hardware-fr","8":"product_cat-kits-et-pod-pour-debutants","9":"product_cat-shop-by-brand-fr","10":"product_cat-uwell-fr-2","11":"desktop-align-center","12":"tablet-align-center","13":"mobile-align-center","14":"ast-product-gallery-layout-horizontal-slider","15":"ast-product-gallery-with-no-image","16":"ast-product-single-variable","17":"ast-product-tabs-layout-horizontal","19":"first","20":"instock","21":"sale","22":"featured","23":"taxable","24":"shipping-taxable","25":"purchasable","26":"product-type-variable"},"acf":[],"uagb_featured_image_src":{"full":["https:\/\/justvape.nu\/wp-content\/uploads\/2022\/11\/group-uwell-crown-d-pod-mod-kit.webp",500,500,false],"thumbnail":["https:\/\/justvape.nu\/wp-content\/uploads\/2022\/11\/group-uwell-crown-d-pod-mod-kit-150x150.webp",150,150,true],"medium":["https:\/\/justvape.nu\/wp-content\/uploads\/2022\/11\/group-uwell-crown-d-pod-mod-kit-300x300.webp",300,300,true],"medium_large":["https:\/\/justvape.nu\/wp-content\/uploads\/2022\/11\/group-uwell-crown-d-pod-mod-kit.webp",500,500,false],"large":["https:\/\/justvape.nu\/wp-content\/uploads\/2022\/11\/group-uwell-crown-d-pod-mod-kit.webp",500,500,false],"1536x1536":["https:\/\/justvape.nu\/wp-content\/uploads\/2022\/11\/group-uwell-crown-d-pod-mod-kit.webp",500,500,false],"2048x2048":["https:\/\/justvape.nu\/wp-content\/uploads\/2022\/11\/group-uwell-crown-d-pod-mod-kit.webp",500,500,false],"woocommerce_thumbnail":["https:\/\/justvape.nu\/wp-content\/uploads\/2022\/11\/group-uwell-crown-d-pod-mod-kit-300x300.webp",300,300,true],"woocommerce_single":["https:\/\/justvape.nu\/wp-content\/uploads\/2022\/11\/group-uwell-crown-d-pod-mod-kit.webp",500,500,false],"woocommerce_gallery_thumbnail":["https:\/\/justvape.nu\/wp-content\/uploads\/2022\/11\/group-uwell-crown-d-pod-mod-kit-100x100.webp",100,100,true],"dgwt-wcas-product-suggestion":["https:\/\/justvape.nu\/wp-content\/uploads\/2022\/11\/group-uwell-crown-d-pod-mod-kit-64x64.webp",64,64,true]},"uagb_author_info":{"display_name":"JustVape.nu","author_link":"https:\/\/justvape.nu\/fr\/author\/"},"uagb_comment_info":0,"uagb_excerpt":"UWELL - CROWN D POD MOD","_links":{"self":[{"href":"https:\/\/justvape.nu\/fr\/wp-json\/wp\/v2\/product\/544017","targetHints":{"allow":["GET"]}}],"collection":[{"href":"https:\/\/justvape.nu\/fr\/wp-json\/wp\/v2\/product"}],"about":[{"href":"https:\/\/justvape.nu\/fr\/wp-json\/wp\/v2\/types\/product"}],"replies":[{"embeddable":true,"href":"https:\/\/justvape.nu\/fr\/wp-json\/wp\/v2\/comments?post=544017"}],"wp:featuredmedia":[{"embeddable":true,"href":"https:\/\/justvape.nu\/fr\/wp-json\/wp\/v2\/media\/543445"}],"wp:attachment":[{"href":"https:\/\/justvape.nu\/fr\/wp-json\/wp\/v2\/media?parent=544017"}],"wp:term":[{"taxonomy":"product_brand","embeddable":true,"href":"https:\/\/justvape.nu\/fr\/wp-json\/wp\/v2\/product_brand?post=544017"},{"taxonomy":"product_cat","embeddable":true,"href":"https:\/\/justvape.nu\/fr\/wp-json\/wp\/v2\/product_cat?post=544017"},{"taxonomy":"product_tag","embeddable":true,"href":"https:\/\/justvape.nu\/fr\/wp-json\/wp\/v2\/product_tag?post=544017"}],"curies":[{"name":"wp","href":"https:\/\/api.w.org\/{rel}","templated":true}]}}