{"id":539586,"date":"2022-10-12T12:40:57","date_gmt":"2022-10-12T10:40:57","guid":{"rendered":"https:\/\/justvape.nu\/produkt\/innokin-zlide-top-reservoir\/"},"modified":"2022-10-12T12:46:08","modified_gmt":"2022-10-12T10:46:08","slug":"innokin-zlide-top-tank","status":"publish","type":"product","link":"https:\/\/justvape.nu\/fr\/produkt\/innokin-zlide-top-tank\/","title":{"rendered":"INNOKIN &#8211; ZLIDE TOP R\u00c9SERVOIR"},"content":{"rendered":"<h2>INNOKIN &#8211; ZLIDE TOP R\u00c9SERVOIR<\/h2>\n<p>Innokin est de retour avec une nouvelle version am\u00e9lior\u00e9e du r\u00e9servoir Zlide !<\/p>\n<p>Le d\u00e9bardeur Zlide le plus vendu revient avec un tout nouveau look et des performances am\u00e9lior\u00e9es. Le site<br \/>\nLe Zlide Top pr\u00e9sente un flux d&rsquo;air sup\u00e9rieur, \u00e9liminant toute fuite. Le syst\u00e8me de flux d&rsquo;air redessin\u00e9 permet un contr\u00f4le plus important que jamais, avec une large gamme d&rsquo;options allant des tirages MTL serr\u00e9s aux tirages RDL doux et savoureux.<\/p>\n<p><strong>Emballage: <\/strong><\/p>\n<p>1 x R\u00e9servoir Zlide Top 2ml (0,6\u03a9 DuoPrime Z-Coil)<\/p>\n<p>1 x Bobine Z de rechange 0,3\u03a9 RDL<\/p>\n<p>1 x Filtre RDL de rechange<\/p>\n<p>1 x Jeu de joints toriques de rechange<\/p>\n<p>1 x Guide de l&rsquo;utilisateur<\/p>\n","protected":false},"excerpt":{"rendered":"<p>INNOKIN &#8211; ZLIDE TOP R\u00c9SERVOIR<\/p>\n","protected":false},"featured_media":539571,"comment_status":"open","ping_status":"closed","template":"","meta":{"_acf_changed":false,"_uag_custom_page_level_css":"","site-sidebar-layout":"default","site-content-layout":"default","ast-site-content-layout":"default","site-content-style":"default","site-sidebar-style":"default","ast-global-header-display":"","ast-banner-title-visibility":"","ast-main-header-display":"","ast-hfb-above-header-display":"","ast-hfb-below-header-display":"","ast-hfb-mobile-header-display":"","site-post-title":"","ast-breadcrumbs-content":"","ast-featured-img":"","footer-sml-layout":"","ast-disable-related-posts":"","theme-transparent-header-meta":"default","adv-header-id-meta":"","stick-header-meta":"default","header-above-stick-meta":"","header-main-stick-meta":"","header-below-stick-meta":"","astra-migrate-meta-layouts":"default","ast-page-background-enabled":"default","ast-page-background-meta":{"desktop":{"background-color":"","background-image":"","background-repeat":"repeat","background-position":"center center","background-size":"auto","background-attachment":"scroll","background-type":"","background-media":"","overlay-type":"","overlay-color":"","overlay-opacity":"","overlay-gradient":""},"tablet":{"background-color":"","background-image":"","background-repeat":"repeat","background-position":"center center","background-size":"auto","background-attachment":"scroll","background-type":"","background-media":"","overlay-type":"","overlay-color":"","overlay-opacity":"","overlay-gradient":""},"mobile":{"background-color":"","background-image":"","background-repeat":"repeat","background-position":"center center","background-size":"auto","background-attachment":"scroll","background-type":"","background-media":"","overlay-type":"","overlay-color":"","overlay-opacity":"","overlay-gradient":""}},"ast-content-background-meta":{"desktop":{"background-color":"var(--ast-global-color-5)","background-image":"","background-repeat":"repeat","background-position":"center center","background-size":"auto","background-attachment":"scroll","background-type":"","background-media":"","overlay-type":"","overlay-color":"","overlay-opacity":"","overlay-gradient":""},"tablet":{"background-color":"var(--ast-global-color-5)","background-image":"","background-repeat":"repeat","background-position":"center center","background-size":"auto","background-attachment":"scroll","background-type":"","background-media":"","overlay-type":"","overlay-color":"","overlay-opacity":"","overlay-gradient":""},"mobile":{"background-color":"var(--ast-global-color-5)","background-image":"","background-repeat":"repeat","background-position":"center center","background-size":"auto","background-attachment":"scroll","background-type":"","background-media":"","overlay-type":"","overlay-color":"","overlay-opacity":"","overlay-gradient":""}}},"product_brand":[],"product_cat":[2508,2536,2036,1976,2509],"product_tag":[],"class_list":{"0":"post-539586","1":"product","2":"type-product","3":"status-publish","4":"has-post-thumbnail","6":"product_cat-hardware-fr","7":"product_cat-innokin-fr","8":"product_cat-reservoirs","9":"product_cat-reservoirs-et-bobines","10":"product_cat-shop-by-brand-fr","11":"desktop-align-center","12":"tablet-align-center","13":"mobile-align-center","14":"ast-product-gallery-layout-horizontal-slider","15":"ast-product-gallery-with-no-image","16":"ast-product-single-variable","17":"ast-product-tabs-layout-horizontal","19":"first","20":"instock","21":"sale","22":"taxable","23":"shipping-taxable","24":"purchasable","25":"product-type-variable"},"acf":[],"uagb_featured_image_src":{"full":["https:\/\/justvape.nu\/wp-content\/uploads\/2022\/10\/innokin-zlide-top-3ml-atomizer.jpg",1200,1200,false],"thumbnail":["https:\/\/justvape.nu\/wp-content\/uploads\/2022\/10\/innokin-zlide-top-3ml-atomizer-150x150.jpg",150,150,true],"medium":["https:\/\/justvape.nu\/wp-content\/uploads\/2022\/10\/innokin-zlide-top-3ml-atomizer-300x300.jpg",300,300,true],"medium_large":["https:\/\/justvape.nu\/wp-content\/uploads\/2022\/10\/innokin-zlide-top-3ml-atomizer-768x768.jpg",768,768,true],"large":["https:\/\/justvape.nu\/wp-content\/uploads\/2022\/10\/innokin-zlide-top-3ml-atomizer-1024x1024.jpg",1024,1024,true],"1536x1536":["https:\/\/justvape.nu\/wp-content\/uploads\/2022\/10\/innokin-zlide-top-3ml-atomizer.jpg",1200,1200,false],"2048x2048":["https:\/\/justvape.nu\/wp-content\/uploads\/2022\/10\/innokin-zlide-top-3ml-atomizer.jpg",1200,1200,false],"woocommerce_thumbnail":["https:\/\/justvape.nu\/wp-content\/uploads\/2022\/10\/innokin-zlide-top-3ml-atomizer-300x300.jpg",300,300,true],"woocommerce_single":["https:\/\/justvape.nu\/wp-content\/uploads\/2022\/10\/innokin-zlide-top-3ml-atomizer-600x600.jpg",600,600,true],"woocommerce_gallery_thumbnail":["https:\/\/justvape.nu\/wp-content\/uploads\/2022\/10\/innokin-zlide-top-3ml-atomizer-100x100.jpg",100,100,true],"dgwt-wcas-product-suggestion":["https:\/\/justvape.nu\/wp-content\/uploads\/2022\/10\/innokin-zlide-top-3ml-atomizer-64x64.jpg",64,64,true]},"uagb_author_info":{"display_name":"JustVape.nu","author_link":"https:\/\/justvape.nu\/fr\/author\/"},"uagb_comment_info":0,"uagb_excerpt":"INNOKIN - ZLIDE TOP R\u00c9SERVOIR","_links":{"self":[{"href":"https:\/\/justvape.nu\/fr\/wp-json\/wp\/v2\/product\/539586","targetHints":{"allow":["GET"]}}],"collection":[{"href":"https:\/\/justvape.nu\/fr\/wp-json\/wp\/v2\/product"}],"about":[{"href":"https:\/\/justvape.nu\/fr\/wp-json\/wp\/v2\/types\/product"}],"replies":[{"embeddable":true,"href":"https:\/\/justvape.nu\/fr\/wp-json\/wp\/v2\/comments?post=539586"}],"wp:featuredmedia":[{"embeddable":true,"href":"https:\/\/justvape.nu\/fr\/wp-json\/wp\/v2\/media\/539571"}],"wp:attachment":[{"href":"https:\/\/justvape.nu\/fr\/wp-json\/wp\/v2\/media?parent=539586"}],"wp:term":[{"taxonomy":"product_brand","embeddable":true,"href":"https:\/\/justvape.nu\/fr\/wp-json\/wp\/v2\/product_brand?post=539586"},{"taxonomy":"product_cat","embeddable":true,"href":"https:\/\/justvape.nu\/fr\/wp-json\/wp\/v2\/product_cat?post=539586"},{"taxonomy":"product_tag","embeddable":true,"href":"https:\/\/justvape.nu\/fr\/wp-json\/wp\/v2\/product_tag?post=539586"}],"curies":[{"name":"wp","href":"https:\/\/api.w.org\/{rel}","templated":true}]}}