{"id":538728,"date":"2022-10-06T17:38:59","date_gmt":"2022-10-06T15:38:59","guid":{"rendered":"https:\/\/justvape.nu\/produkt\/lost-vape-ursa-nano-pro-pod-kit\/"},"modified":"2024-04-09T14:41:08","modified_gmt":"2024-04-09T12:41:08","slug":"lost-vape-ursa-nano-pro-pod-kit-2","status":"publish","type":"product","link":"https:\/\/justvape.nu\/fr\/produkt\/lost-vape-ursa-nano-pro-pod-kit-2\/","title":{"rendered":"LOST VAPE &#8211; URSA NANO PRO POD KIT"},"content":{"rendered":"<h2>LOST VAPE &#8211; URSA NANO PRO POD KIT<\/h2>\n<p>Le Lost Vape Ursa Nano Pro Pod System Kit, dispose d&rsquo;une batterie int\u00e9gr\u00e9e de 900mAh, du Quest Chipset, et peut utiliser des pods \u00e0 bobine rempla\u00e7able ou int\u00e9gr\u00e9e. Con\u00e7u pour les d\u00e9butants et les fumeurs avanc\u00e9s, l&rsquo;URSA Nano Pro de Lost Vape peut utiliser des bobines UB dans un pod rechargeable de 2mL pour ceux qui aiment les bobines rempla\u00e7ables ou faire appel \u00e0 un pod \u00e0 bobine int\u00e9gr\u00e9e de 0,6ohm pour d\u00e9livrer une saveur et une vapeur exceptionnelles de votre e-juice pr\u00e9f\u00e9r\u00e9, rempli lat\u00e9ralement derri\u00e8re un bouchon en silicone. Aliment\u00e9 par le chipset Quest, le kit Ursa Nano Pro Pod utilise une batterie interne de 900mAh pour fonctionner toute la journ\u00e9e, produisant entre 5 et 25W avec facilit\u00e9. \u00c9quip\u00e9 d&rsquo;un interrupteur de contr\u00f4le du flux d&rsquo;air r\u00e9glable, le Lost Vape Ursa Nano Pro est le syst\u00e8me de pods de vapotage polyvalent qu&rsquo;il vous faut dans votre collection.<\/p>\n<p><img loading=\"lazy\" decoding=\"async\" class=\"alignnone size-full wp-image-383695\" src=\"https:\/\/justvape.nu\/wp-content\/uploads\/2021\/05\/Color-Scheme.png\" alt=\"\" width=\"950\" height=\"64\" title=\"\" srcset=\"https:\/\/justvape.nu\/wp-content\/uploads\/2021\/05\/Color-Scheme.png 950w, https:\/\/justvape.nu\/wp-content\/uploads\/2021\/05\/Color-Scheme-600x40.png 600w, https:\/\/justvape.nu\/wp-content\/uploads\/2021\/05\/Color-Scheme-64x4.png 64w, https:\/\/justvape.nu\/wp-content\/uploads\/2021\/05\/Color-Scheme-300x20.png 300w, https:\/\/justvape.nu\/wp-content\/uploads\/2021\/05\/Color-Scheme-768x52.png 768w\" sizes=\"auto, (max-width: 950px) 100vw, 950px\" \/><\/p>\n<p><img loading=\"lazy\" decoding=\"async\" class=\"alignnone wp-image-538682\" src=\"https:\/\/justvape.nu\/wp-content\/uploads\/2022\/10\/P30A_13.jpg\" alt=\"\" width=\"940\" height=\"490\" title=\"\" srcset=\"https:\/\/justvape.nu\/wp-content\/uploads\/2022\/10\/P30A_13.jpg 1920w, https:\/\/justvape.nu\/wp-content\/uploads\/2022\/10\/P30A_13-300x156.jpg 300w, https:\/\/justvape.nu\/wp-content\/uploads\/2022\/10\/P30A_13-1024x533.jpg 1024w, https:\/\/justvape.nu\/wp-content\/uploads\/2022\/10\/P30A_13-768x400.jpg 768w, https:\/\/justvape.nu\/wp-content\/uploads\/2022\/10\/P30A_13-1536x800.jpg 1536w, https:\/\/justvape.nu\/wp-content\/uploads\/2022\/10\/P30A_13-600x313.jpg 600w, https:\/\/justvape.nu\/wp-content\/uploads\/2022\/10\/P30A_13-64x33.jpg 64w\" sizes=\"auto, (max-width: 940px) 100vw, 940px\" \/> <img loading=\"lazy\" decoding=\"async\" class=\"alignnone wp-image-538691\" src=\"https:\/\/justvape.nu\/wp-content\/uploads\/2022\/10\/P30A_11.jpg\" alt=\"\" width=\"940\" height=\"490\" title=\"\" srcset=\"https:\/\/justvape.nu\/wp-content\/uploads\/2022\/10\/P30A_11.jpg 1920w, https:\/\/justvape.nu\/wp-content\/uploads\/2022\/10\/P30A_11-300x156.jpg 300w, https:\/\/justvape.nu\/wp-content\/uploads\/2022\/10\/P30A_11-1024x533.jpg 1024w, https:\/\/justvape.nu\/wp-content\/uploads\/2022\/10\/P30A_11-768x400.jpg 768w, https:\/\/justvape.nu\/wp-content\/uploads\/2022\/10\/P30A_11-1536x800.jpg 1536w, https:\/\/justvape.nu\/wp-content\/uploads\/2022\/10\/P30A_11-600x313.jpg 600w, https:\/\/justvape.nu\/wp-content\/uploads\/2022\/10\/P30A_11-64x33.jpg 64w\" sizes=\"auto, (max-width: 940px) 100vw, 940px\" \/> <img loading=\"lazy\" decoding=\"async\" class=\"alignnone wp-image-538700\" src=\"https:\/\/justvape.nu\/wp-content\/uploads\/2022\/10\/P30A_12.jpg\" alt=\"\" width=\"939\" height=\"491\" title=\"\" srcset=\"https:\/\/justvape.nu\/wp-content\/uploads\/2022\/10\/P30A_12.jpg 1920w, https:\/\/justvape.nu\/wp-content\/uploads\/2022\/10\/P30A_12-300x157.jpg 300w, https:\/\/justvape.nu\/wp-content\/uploads\/2022\/10\/P30A_12-1024x535.jpg 1024w, https:\/\/justvape.nu\/wp-content\/uploads\/2022\/10\/P30A_12-768x402.jpg 768w, https:\/\/justvape.nu\/wp-content\/uploads\/2022\/10\/P30A_12-1536x803.jpg 1536w, https:\/\/justvape.nu\/wp-content\/uploads\/2022\/10\/P30A_12-600x314.jpg 600w, https:\/\/justvape.nu\/wp-content\/uploads\/2022\/10\/P30A_12-64x33.jpg 64w\" sizes=\"auto, (max-width: 939px) 100vw, 939px\" \/><\/p>\n<p><img loading=\"lazy\" decoding=\"async\" class=\"alignnone size-full wp-image-248459\" src=\"https:\/\/justvape.nu\/wp-content\/uploads\/2018\/05\/Features.png\" alt=\"\" width=\"950\" height=\"64\" title=\"\" srcset=\"https:\/\/justvape.nu\/wp-content\/uploads\/2018\/05\/Features.png 950w, https:\/\/justvape.nu\/wp-content\/uploads\/2018\/05\/Features-600x40.png 600w, https:\/\/justvape.nu\/wp-content\/uploads\/2018\/05\/Features-64x4.png 64w, https:\/\/justvape.nu\/wp-content\/uploads\/2018\/05\/Features-300x20.png 300w, https:\/\/justvape.nu\/wp-content\/uploads\/2018\/05\/Features-768x52.png 768w\" sizes=\"auto, (max-width: 950px) 100vw, 950px\" \/><br \/>\nPuce QUEST de Lost Vape<br \/>\nDimensions : 94.4mm par 24mm par 14mm<br \/>\nBatterie : interne 900mAh<br \/>\nGamme de puissance : 9-25W<br \/>\nGamme de tension : 1.7-3.9V<br \/>\nCh\u00e2ssis en alliage d&rsquo;aluminium<br \/>\nBouton de tir intuitif<br \/>\n0.42\u2033 \u00c9cran OLED<br \/>\nCommutateur de d\u00e9bit d&rsquo;air d\u00e9di\u00e9<br \/>\nCapacit\u00e9 du pod de 2mL &#8211; Rempla\u00e7able et int\u00e9gr\u00e9<br \/>\nSyst\u00e8me de remplissage lat\u00e9ral &#8211; bouchon en silicone<br \/>\nPod \u00e0 bobine 0,6ohm int\u00e9gr\u00e9<br \/>\n0.8ohm UB Mini S1 Coil<br \/>\nInstallation de la bobine \u00e0 pression<br \/>\nConnexion du pod magn\u00e9tique<br \/>\nProtection de court circuit<br \/>\nProtection contre les batteries faibles<br \/>\nProtection contre la surchauffe<br \/>\nVitesse de charge : 2A<br \/>\nChargement : Port Type-C<\/p>\n<p><img loading=\"lazy\" decoding=\"async\" class=\"alignnone size-full wp-image-229154\" src=\"https:\/\/justvape.nu\/wp-content\/uploads\/2018\/04\/Packing-List.png\" alt=\"\" width=\"950\" height=\"64\" title=\"\" srcset=\"https:\/\/justvape.nu\/wp-content\/uploads\/2018\/04\/Packing-List.png 950w, https:\/\/justvape.nu\/wp-content\/uploads\/2018\/04\/Packing-List-600x40.png 600w, https:\/\/justvape.nu\/wp-content\/uploads\/2018\/04\/Packing-List-64x4.png 64w, https:\/\/justvape.nu\/wp-content\/uploads\/2018\/04\/Packing-List-300x20.png 300w, https:\/\/justvape.nu\/wp-content\/uploads\/2018\/04\/Packing-List-768x52.png 768w\" sizes=\"auto, (max-width: 950px) 100vw, 950px\" \/><br \/>\n1 syst\u00e8me de pods URSA Nano Pro<br \/>\n1 URSA Empty Pod<br \/>\n1 cartouche URSA 0.6ohm<br \/>\n1 serpentin UB Mini S1 0.8ohm<br \/>\n1 c\u00e2ble de chargement Type-C<br \/>\n1 carte de garantie<br \/>\n1 manuel d&rsquo;utilisation<br \/>\n1 cordon<br \/>\n1 joint torique<\/p>\n","protected":false},"excerpt":{"rendered":"<p>LOST VAPE &#8211; URSA NANO PRO POD KIT<\/p>\n","protected":false},"featured_media":538674,"comment_status":"open","ping_status":"closed","template":"","meta":{"_acf_changed":false,"_uag_custom_page_level_css":"","site-sidebar-layout":"default","site-content-layout":"default","ast-site-content-layout":"default","site-content-style":"default","site-sidebar-style":"default","ast-global-header-display":"","ast-banner-title-visibility":"","ast-main-header-display":"","ast-hfb-above-header-display":"","ast-hfb-below-header-display":"","ast-hfb-mobile-header-display":"","site-post-title":"","ast-breadcrumbs-content":"","ast-featured-img":"","footer-sml-layout":"","ast-disable-related-posts":"","theme-transparent-header-meta":"default","adv-header-id-meta":"","stick-header-meta":"default","header-above-stick-meta":"","header-main-stick-meta":"","header-below-stick-meta":"","astra-migrate-meta-layouts":"default","ast-page-background-enabled":"default","ast-page-background-meta":{"desktop":{"background-color":"","background-image":"","background-repeat":"repeat","background-position":"center center","background-size":"auto","background-attachment":"scroll","background-type":"","background-media":"","overlay-type":"","overlay-color":"","overlay-opacity":"","overlay-gradient":""},"tablet":{"background-color":"","background-image":"","background-repeat":"repeat","background-position":"center center","background-size":"auto","background-attachment":"scroll","background-type":"","background-media":"","overlay-type":"","overlay-color":"","overlay-opacity":"","overlay-gradient":""},"mobile":{"background-color":"","background-image":"","background-repeat":"repeat","background-position":"center center","background-size":"auto","background-attachment":"scroll","background-type":"","background-media":"","overlay-type":"","overlay-color":"","overlay-opacity":"","overlay-gradient":""}},"ast-content-background-meta":{"desktop":{"background-color":"var(--ast-global-color-5)","background-image":"","background-repeat":"repeat","background-position":"center center","background-size":"auto","background-attachment":"scroll","background-type":"","background-media":"","overlay-type":"","overlay-color":"","overlay-opacity":"","overlay-gradient":""},"tablet":{"background-color":"var(--ast-global-color-5)","background-image":"","background-repeat":"repeat","background-position":"center center","background-size":"auto","background-attachment":"scroll","background-type":"","background-media":"","overlay-type":"","overlay-color":"","overlay-opacity":"","overlay-gradient":""},"mobile":{"background-color":"var(--ast-global-color-5)","background-image":"","background-repeat":"repeat","background-position":"center center","background-size":"auto","background-attachment":"scroll","background-type":"","background-media":"","overlay-type":"","overlay-color":"","overlay-opacity":"","overlay-gradient":""}}},"product_brand":[],"product_cat":[2066,4689,2508,2076,4813,2509],"product_tag":[],"class_list":{"0":"post-538728","1":"product","2":"type-product","3":"status-publish","4":"has-post-thumbnail","6":"product_cat-e-cigarettes-fr","7":"product_cat-featured-e-cigarettes-fr","8":"product_cat-hardware-fr","9":"product_cat-kits-et-pod-pour-debutants","10":"product_cat-lost-vape-fr","11":"product_cat-shop-by-brand-fr","12":"desktop-align-center","13":"tablet-align-center","14":"mobile-align-center","15":"ast-product-gallery-layout-horizontal-slider","16":"ast-product-single-variable","17":"ast-product-tabs-layout-horizontal","19":"first","20":"instock","21":"sale","22":"featured","23":"taxable","24":"shipping-taxable","25":"purchasable","26":"product-type-variable"},"acf":[],"uagb_featured_image_src":{"full":["https:\/\/justvape.nu\/wp-content\/uploads\/2022\/10\/ursa-nano-pro-razem.jpg",1500,1500,false],"thumbnail":["https:\/\/justvape.nu\/wp-content\/uploads\/2022\/10\/ursa-nano-pro-razem-150x150.jpg",150,150,true],"medium":["https:\/\/justvape.nu\/wp-content\/uploads\/2022\/10\/ursa-nano-pro-razem-300x300.jpg",300,300,true],"medium_large":["https:\/\/justvape.nu\/wp-content\/uploads\/2022\/10\/ursa-nano-pro-razem-768x768.jpg",768,768,true],"large":["https:\/\/justvape.nu\/wp-content\/uploads\/2022\/10\/ursa-nano-pro-razem-1024x1024.jpg",1024,1024,true],"1536x1536":["https:\/\/justvape.nu\/wp-content\/uploads\/2022\/10\/ursa-nano-pro-razem.jpg",1500,1500,false],"2048x2048":["https:\/\/justvape.nu\/wp-content\/uploads\/2022\/10\/ursa-nano-pro-razem.jpg",1500,1500,false],"woocommerce_thumbnail":["https:\/\/justvape.nu\/wp-content\/uploads\/2022\/10\/ursa-nano-pro-razem-300x300.jpg",300,300,true],"woocommerce_single":["https:\/\/justvape.nu\/wp-content\/uploads\/2022\/10\/ursa-nano-pro-razem-600x600.jpg",600,600,true],"woocommerce_gallery_thumbnail":["https:\/\/justvape.nu\/wp-content\/uploads\/2022\/10\/ursa-nano-pro-razem-100x100.jpg",100,100,true],"dgwt-wcas-product-suggestion":["https:\/\/justvape.nu\/wp-content\/uploads\/2022\/10\/ursa-nano-pro-razem-64x64.jpg",64,64,true]},"uagb_author_info":{"display_name":"JustVape.nu","author_link":"https:\/\/justvape.nu\/fr\/author\/"},"uagb_comment_info":0,"uagb_excerpt":"LOST VAPE - URSA NANO PRO POD KIT","_links":{"self":[{"href":"https:\/\/justvape.nu\/fr\/wp-json\/wp\/v2\/product\/538728","targetHints":{"allow":["GET"]}}],"collection":[{"href":"https:\/\/justvape.nu\/fr\/wp-json\/wp\/v2\/product"}],"about":[{"href":"https:\/\/justvape.nu\/fr\/wp-json\/wp\/v2\/types\/product"}],"replies":[{"embeddable":true,"href":"https:\/\/justvape.nu\/fr\/wp-json\/wp\/v2\/comments?post=538728"}],"wp:featuredmedia":[{"embeddable":true,"href":"https:\/\/justvape.nu\/fr\/wp-json\/wp\/v2\/media\/538674"}],"wp:attachment":[{"href":"https:\/\/justvape.nu\/fr\/wp-json\/wp\/v2\/media?parent=538728"}],"wp:term":[{"taxonomy":"product_brand","embeddable":true,"href":"https:\/\/justvape.nu\/fr\/wp-json\/wp\/v2\/product_brand?post=538728"},{"taxonomy":"product_cat","embeddable":true,"href":"https:\/\/justvape.nu\/fr\/wp-json\/wp\/v2\/product_cat?post=538728"},{"taxonomy":"product_tag","embeddable":true,"href":"https:\/\/justvape.nu\/fr\/wp-json\/wp\/v2\/product_tag?post=538728"}],"curies":[{"name":"wp","href":"https:\/\/api.w.org\/{rel}","templated":true}]}}