{"id":456702,"date":"2022-08-25T13:28:45","date_gmt":"2022-08-25T11:28:45","guid":{"rendered":"https:\/\/justvape.nu\/produkt\/horizon-reservoir-aquila\/"},"modified":"2023-03-29T13:50:34","modified_gmt":"2023-03-29T11:50:34","slug":"reservoir-horizon-aquila","status":"publish","type":"product","link":"https:\/\/justvape.nu\/fr\/produkt\/reservoir-horizon-aquila\/","title":{"rendered":"HORIZONTECH &#8211; AQUILA TANK"},"content":{"rendered":"<h2>HORIZONTECH &#8211; AQUILA TANK<\/h2>\n<p>D\u00e9couvrez le tout nouveau r\u00e9servoir Atomiseur Horizon Aquila, ce r\u00e9servoir est con\u00e7u avec une m\u00e9thode de changement plug-in-out \u00e0 la base inf\u00e9rieure, ce qui simplifie grandement le remplacement de la bobine par rapport \u00e0 nos r\u00e9servoirs pr\u00e9c\u00e9dents. Remplissage par le haut, bouton \u00e0 ressort en un seul clic, et remplissage de l&rsquo;e-juice par le haut. compatibilit\u00e9 avec les bobines en maille et anneau de contr\u00f4le du flux d&rsquo;air Bottom \u00e0 double fente. La conception du flux d&rsquo;air ascendant Updraft s&rsquo;accorde parfaitement avec les structures de bobines E1 et P1 afin de maximiser la sensation de douceur gr\u00e2ce \u00e0 la ventilation verticale ascendante qui intensifie la densit\u00e9 des nuages et l&rsquo;extraction de l&rsquo;essence.<br \/>\nREMPLACEMENT DE LA BOBINE PLUG-IN-OUT<br \/>\nL&rsquo;Aquila Tank est con\u00e7u avec une m\u00e9thode de changement de bobine plug-in-out \u00e0 la base inf\u00e9rieure, ce qui simplifie grandement le remplacement de la bobine par rapport \u00e0 nos r\u00e9servoirs pr\u00e9c\u00e9dents.<\/p>\n<p><img loading=\"lazy\" decoding=\"async\" class=\"alignnone size-full wp-image-383695\" src=\"https:\/\/justvape.nu\/wp-content\/uploads\/2021\/05\/Color-Scheme.png\" alt=\"\" width=\"950\" height=\"64\" title=\"\" srcset=\"https:\/\/justvape.nu\/wp-content\/uploads\/2021\/05\/Color-Scheme.png 950w, https:\/\/justvape.nu\/wp-content\/uploads\/2021\/05\/Color-Scheme-600x40.png 600w, https:\/\/justvape.nu\/wp-content\/uploads\/2021\/05\/Color-Scheme-64x4.png 64w, https:\/\/justvape.nu\/wp-content\/uploads\/2021\/05\/Color-Scheme-300x20.png 300w, https:\/\/justvape.nu\/wp-content\/uploads\/2021\/05\/Color-Scheme-768x52.png 768w\" sizes=\"auto, (max-width: 950px) 100vw, 950px\" \/><\/p>\n<p class=\"description-img-center\"><img loading=\"lazy\" decoding=\"async\" class=\"alignnone size-full wp-image-456629\" src=\"https:\/\/justvape.nu\/wp-content\/uploads\/2022\/08\/Horizon_Aqulia_Tank_Full_Colors.jpg\" alt=\"\" width=\"831\" height=\"341\" title=\"\" srcset=\"https:\/\/justvape.nu\/wp-content\/uploads\/2022\/08\/Horizon_Aqulia_Tank_Full_Colors.jpg 831w, https:\/\/justvape.nu\/wp-content\/uploads\/2022\/08\/Horizon_Aqulia_Tank_Full_Colors-300x123.jpg 300w, https:\/\/justvape.nu\/wp-content\/uploads\/2022\/08\/Horizon_Aqulia_Tank_Full_Colors-768x315.jpg 768w, https:\/\/justvape.nu\/wp-content\/uploads\/2022\/08\/Horizon_Aqulia_Tank_Full_Colors-600x246.jpg 600w, https:\/\/justvape.nu\/wp-content\/uploads\/2022\/08\/Horizon_Aqulia_Tank_Full_Colors-64x26.jpg 64w\" sizes=\"auto, (max-width: 831px) 100vw, 831px\" \/><\/p>\n<div class=\"shop-features \">\n<h2 class=\"shop-features-title \"><img loading=\"lazy\" decoding=\"async\" class=\"alignnone size-full wp-image-248449\" src=\"https:\/\/justvape.nu\/wp-content\/uploads\/2018\/05\/Specifications.png\" alt=\"\" width=\"950\" height=\"64\" title=\"\" srcset=\"https:\/\/justvape.nu\/wp-content\/uploads\/2018\/05\/Specifications.png 950w, https:\/\/justvape.nu\/wp-content\/uploads\/2018\/05\/Specifications-600x40.png 600w, https:\/\/justvape.nu\/wp-content\/uploads\/2018\/05\/Specifications-64x4.png 64w, https:\/\/justvape.nu\/wp-content\/uploads\/2018\/05\/Specifications-300x20.png 300w, https:\/\/justvape.nu\/wp-content\/uploads\/2018\/05\/Specifications-768x52.png 768w\" sizes=\"auto, (max-width: 950px) 100vw, 950px\" \/><\/h2>\n<\/div>\n<p><strong class=\"description-little-title\">Param\u00e8tres de l&rsquo;atomiseur HorizonTech Aquila :<\/strong><\/p>\n<table class=\"description-table\">\n<tbody>\n<tr>\n<td class=\"strong-title \">Marque<\/td>\n<td class=\"inline\">Horizon<\/td>\n<\/tr>\n<tr>\n<td class=\"strong-title \">Nom du produit<\/td>\n<td class=\"inline\">Tank Aquila<\/td>\n<\/tr>\n<tr>\n<td class=\"strong-title \">Dimension<\/td>\n<td class=\"inline\">28*59.5mm<\/td>\n<\/tr>\n<tr>\n<td class=\"strong-title \">Capacit\u00e9<\/td>\n<td class=\"inline\">2ml<\/td>\n<\/tr>\n<tr>\n<td class=\"strong-title \">Remplissage<\/td>\n<td class=\"inline\">Garniture sup\u00e9rieure<\/td>\n<\/tr>\n<tr>\n<td class=\"strong-title \">D\u00e9bit d&rsquo;air<\/td>\n<td class=\"inline\">Flux d&rsquo;air ascendant<\/td>\n<\/tr>\n<tr>\n<td class=\"strong-title \">Coil<\/td>\n<td class=\"inline\">E2 Dual Mesh Coil 0.16\u03a9 (60-70W)<br \/>\nSerpentin P4 Quad Mesh 0.14\u03a9 (60-70W)<\/td>\n<\/tr>\n<tr>\n<td class=\"strong-title \">Couleur<\/td>\n<td class=\"inline\">Bleu, Noir, Gunmetal, SS, Arc-en-ciel<\/td>\n<\/tr>\n<\/tbody>\n<\/table>\n<div class=\"shop-features \">\n<h2 class=\"shop-features-title \"><img loading=\"lazy\" decoding=\"async\" class=\"alignnone size-full wp-image-248459\" src=\"https:\/\/justvape.nu\/wp-content\/uploads\/2018\/05\/Features.png\" alt=\"\" width=\"950\" height=\"64\" title=\"\" srcset=\"https:\/\/justvape.nu\/wp-content\/uploads\/2018\/05\/Features.png 950w, https:\/\/justvape.nu\/wp-content\/uploads\/2018\/05\/Features-600x40.png 600w, https:\/\/justvape.nu\/wp-content\/uploads\/2018\/05\/Features-64x4.png 64w, https:\/\/justvape.nu\/wp-content\/uploads\/2018\/05\/Features-300x20.png 300w, https:\/\/justvape.nu\/wp-content\/uploads\/2018\/05\/Features-768x52.png 768w\" sizes=\"auto, (max-width: 950px) 100vw, 950px\" \/><\/h2>\n<\/div>\n<p><strong class=\"description-little-title\">Horizon Aquila D\u00e9tails :<\/strong><\/p>\n<ul>\n<li style=\"list-style-type: none;\">\n<ul>\n<li>1. Bambou avec des propri\u00e9t\u00e9s antimicrobiennes pour maintenir la stabilit\u00e9 de la bobine<\/li>\n<li>2. Adopte le coton biologique de bambou<\/li>\n<li>3. Structure de bobine \u00e0 double maille encercl\u00e9e<\/li>\n<li>4. Structure de bobine \u00e0 quadruple maille parall\u00e8le<\/li>\n<li>5. Conception \u00e0 ressort en un seul clic<\/li>\n<li>6. Adopte un flux d&rsquo;air ascendant<\/li>\n<li>7. Remplacement de la bobine d&rsquo;allumage<\/li>\n<li>8. 2ml\/5ml Avec verre \u00e0 bulles (non inclus), remplissage facile par le haut.<\/li>\n<\/ul>\n<\/li>\n<\/ul>\n<p><img loading=\"lazy\" decoding=\"async\" class=\"alignnone size-full wp-image-456569\" src=\"https:\/\/justvape.nu\/wp-content\/uploads\/2022\/08\/Horizon_Aqulia_Tank_Features.jpg\" alt=\"\" width=\"831\" height=\"392\" title=\"\" srcset=\"https:\/\/justvape.nu\/wp-content\/uploads\/2022\/08\/Horizon_Aqulia_Tank_Features.jpg 831w, https:\/\/justvape.nu\/wp-content\/uploads\/2022\/08\/Horizon_Aqulia_Tank_Features-300x142.jpg 300w, https:\/\/justvape.nu\/wp-content\/uploads\/2022\/08\/Horizon_Aqulia_Tank_Features-768x362.jpg 768w, https:\/\/justvape.nu\/wp-content\/uploads\/2022\/08\/Horizon_Aqulia_Tank_Features-600x283.jpg 600w, https:\/\/justvape.nu\/wp-content\/uploads\/2022\/08\/Horizon_Aqulia_Tank_Features-64x30.jpg 64w\" sizes=\"auto, (max-width: 831px) 100vw, 831px\" \/> <img loading=\"lazy\" decoding=\"async\" class=\"alignnone size-full wp-image-456579\" src=\"https:\/\/justvape.nu\/wp-content\/uploads\/2022\/08\/Horizon_Aqulia_Tank_Bamboo_Plug_Cotton.jpg\" alt=\"\" width=\"831\" height=\"318\" title=\"\" srcset=\"https:\/\/justvape.nu\/wp-content\/uploads\/2022\/08\/Horizon_Aqulia_Tank_Bamboo_Plug_Cotton.jpg 831w, https:\/\/justvape.nu\/wp-content\/uploads\/2022\/08\/Horizon_Aqulia_Tank_Bamboo_Plug_Cotton-300x115.jpg 300w, https:\/\/justvape.nu\/wp-content\/uploads\/2022\/08\/Horizon_Aqulia_Tank_Bamboo_Plug_Cotton-768x294.jpg 768w, https:\/\/justvape.nu\/wp-content\/uploads\/2022\/08\/Horizon_Aqulia_Tank_Bamboo_Plug_Cotton-600x230.jpg 600w, https:\/\/justvape.nu\/wp-content\/uploads\/2022\/08\/Horizon_Aqulia_Tank_Bamboo_Plug_Cotton-64x24.jpg 64w\" sizes=\"auto, (max-width: 831px) 100vw, 831px\" \/> <img loading=\"lazy\" decoding=\"async\" class=\"alignnone size-full wp-image-456589\" src=\"https:\/\/justvape.nu\/wp-content\/uploads\/2022\/08\/Horizon_Aqulia_Tank_Parts.jpg\" alt=\"\" width=\"831\" height=\"452\" title=\"\" srcset=\"https:\/\/justvape.nu\/wp-content\/uploads\/2022\/08\/Horizon_Aqulia_Tank_Parts.jpg 831w, https:\/\/justvape.nu\/wp-content\/uploads\/2022\/08\/Horizon_Aqulia_Tank_Parts-300x163.jpg 300w, https:\/\/justvape.nu\/wp-content\/uploads\/2022\/08\/Horizon_Aqulia_Tank_Parts-768x418.jpg 768w, https:\/\/justvape.nu\/wp-content\/uploads\/2022\/08\/Horizon_Aqulia_Tank_Parts-600x326.jpg 600w, https:\/\/justvape.nu\/wp-content\/uploads\/2022\/08\/Horizon_Aqulia_Tank_Parts-64x35.jpg 64w\" sizes=\"auto, (max-width: 831px) 100vw, 831px\" \/> <img loading=\"lazy\" decoding=\"async\" class=\"alignnone size-full wp-image-456599\" src=\"https:\/\/justvape.nu\/wp-content\/uploads\/2022\/08\/Horizon_Aqulia_Tank_Spring_Loaded_Design.jpg\" alt=\"\" width=\"831\" height=\"482\" title=\"\" srcset=\"https:\/\/justvape.nu\/wp-content\/uploads\/2022\/08\/Horizon_Aqulia_Tank_Spring_Loaded_Design.jpg 831w, https:\/\/justvape.nu\/wp-content\/uploads\/2022\/08\/Horizon_Aqulia_Tank_Spring_Loaded_Design-300x174.jpg 300w, https:\/\/justvape.nu\/wp-content\/uploads\/2022\/08\/Horizon_Aqulia_Tank_Spring_Loaded_Design-768x445.jpg 768w, https:\/\/justvape.nu\/wp-content\/uploads\/2022\/08\/Horizon_Aqulia_Tank_Spring_Loaded_Design-600x348.jpg 600w, https:\/\/justvape.nu\/wp-content\/uploads\/2022\/08\/Horizon_Aqulia_Tank_Spring_Loaded_Design-64x37.jpg 64w\" sizes=\"auto, (max-width: 831px) 100vw, 831px\" \/> <img loading=\"lazy\" decoding=\"async\" class=\"alignnone size-full wp-image-456609\" src=\"https:\/\/justvape.nu\/wp-content\/uploads\/2022\/08\/Horizon_Aqulia_Tank_Updraft_Rising_Airflow.jpg\" alt=\"\" width=\"831\" height=\"451\" title=\"\" srcset=\"https:\/\/justvape.nu\/wp-content\/uploads\/2022\/08\/Horizon_Aqulia_Tank_Updraft_Rising_Airflow.jpg 831w, https:\/\/justvape.nu\/wp-content\/uploads\/2022\/08\/Horizon_Aqulia_Tank_Updraft_Rising_Airflow-300x163.jpg 300w, https:\/\/justvape.nu\/wp-content\/uploads\/2022\/08\/Horizon_Aqulia_Tank_Updraft_Rising_Airflow-768x417.jpg 768w, https:\/\/justvape.nu\/wp-content\/uploads\/2022\/08\/Horizon_Aqulia_Tank_Updraft_Rising_Airflow-600x326.jpg 600w, https:\/\/justvape.nu\/wp-content\/uploads\/2022\/08\/Horizon_Aqulia_Tank_Updraft_Rising_Airflow-64x35.jpg 64w\" sizes=\"auto, (max-width: 831px) 100vw, 831px\" \/> <img loading=\"lazy\" decoding=\"async\" class=\"alignnone size-full wp-image-456619\" src=\"https:\/\/justvape.nu\/wp-content\/uploads\/2022\/08\/Horizon_Aqulia_Tank_Easy_Coil_Replacement.jpg\" alt=\"\" width=\"831\" height=\"339\" title=\"\" srcset=\"https:\/\/justvape.nu\/wp-content\/uploads\/2022\/08\/Horizon_Aqulia_Tank_Easy_Coil_Replacement.jpg 831w, https:\/\/justvape.nu\/wp-content\/uploads\/2022\/08\/Horizon_Aqulia_Tank_Easy_Coil_Replacement-300x122.jpg 300w, https:\/\/justvape.nu\/wp-content\/uploads\/2022\/08\/Horizon_Aqulia_Tank_Easy_Coil_Replacement-768x313.jpg 768w, https:\/\/justvape.nu\/wp-content\/uploads\/2022\/08\/Horizon_Aqulia_Tank_Easy_Coil_Replacement-600x245.jpg 600w, https:\/\/justvape.nu\/wp-content\/uploads\/2022\/08\/Horizon_Aqulia_Tank_Easy_Coil_Replacement-64x26.jpg 64w\" sizes=\"auto, (max-width: 831px) 100vw, 831px\" \/><\/p>\n<div class=\"shop-features \">\n<h2 class=\"shop-features-title \"><img loading=\"lazy\" decoding=\"async\" class=\"alignnone size-full wp-image-229154\" src=\"https:\/\/justvape.nu\/wp-content\/uploads\/2018\/04\/Packing-List.png\" alt=\"\" width=\"950\" height=\"64\" title=\"\" srcset=\"https:\/\/justvape.nu\/wp-content\/uploads\/2018\/04\/Packing-List.png 950w, https:\/\/justvape.nu\/wp-content\/uploads\/2018\/04\/Packing-List-600x40.png 600w, https:\/\/justvape.nu\/wp-content\/uploads\/2018\/04\/Packing-List-64x4.png 64w, https:\/\/justvape.nu\/wp-content\/uploads\/2018\/04\/Packing-List-300x20.png 300w, https:\/\/justvape.nu\/wp-content\/uploads\/2018\/04\/Packing-List-768x52.png 768w\" sizes=\"auto, (max-width: 950px) 100vw, 950px\" \/><\/h2>\n<\/div>\n<p><strong class=\"description-little-title \">Le paquet d&rsquo;Aquila Atomizer est livr\u00e9 avec :<\/strong><\/p>\n<p>1* Horizon Aqulia Tank 2ml<br \/>\n1* Bobine pr\u00e9-install\u00e9e : E2 Dual Mesh Coil 0.16\u03a9 (60-70W)<br \/>\n1* Bobine de rechange : Bobine P4 Quad Mesh 0.14\u03a9 (60-70W)<br \/>\n1* Joints toriques de rechange<br \/>\n1 * manuel de l&rsquo;utilisateur<\/p>\n<p>&nbsp;<\/p>\n","protected":false},"excerpt":{"rendered":"<p>HORIZONTECH &#8211; AQUILA TANK<\/p>\n","protected":false},"featured_media":456647,"comment_status":"open","ping_status":"closed","template":"","meta":{"_acf_changed":false,"_uag_custom_page_level_css":"","site-sidebar-layout":"default","site-content-layout":"default","ast-site-content-layout":"default","site-content-style":"default","site-sidebar-style":"default","ast-global-header-display":"","ast-banner-title-visibility":"","ast-main-header-display":"","ast-hfb-above-header-display":"","ast-hfb-below-header-display":"","ast-hfb-mobile-header-display":"","site-post-title":"","ast-breadcrumbs-content":"","ast-featured-img":"","footer-sml-layout":"","ast-disable-related-posts":"","theme-transparent-header-meta":"default","adv-header-id-meta":"","stick-header-meta":"default","header-above-stick-meta":"","header-main-stick-meta":"","header-below-stick-meta":"","astra-migrate-meta-layouts":"default","ast-page-background-enabled":"default","ast-page-background-meta":{"desktop":{"background-color":"","background-image":"","background-repeat":"repeat","background-position":"center center","background-size":"auto","background-attachment":"scroll","background-type":"","background-media":"","overlay-type":"","overlay-color":"","overlay-opacity":"","overlay-gradient":""},"tablet":{"background-color":"","background-image":"","background-repeat":"repeat","background-position":"center center","background-size":"auto","background-attachment":"scroll","background-type":"","background-media":"","overlay-type":"","overlay-color":"","overlay-opacity":"","overlay-gradient":""},"mobile":{"background-color":"","background-image":"","background-repeat":"repeat","background-position":"center center","background-size":"auto","background-attachment":"scroll","background-type":"","background-media":"","overlay-type":"","overlay-color":"","overlay-opacity":"","overlay-gradient":""}},"ast-content-background-meta":{"desktop":{"background-color":"var(--ast-global-color-5)","background-image":"","background-repeat":"repeat","background-position":"center center","background-size":"auto","background-attachment":"scroll","background-type":"","background-media":"","overlay-type":"","overlay-color":"","overlay-opacity":"","overlay-gradient":""},"tablet":{"background-color":"var(--ast-global-color-5)","background-image":"","background-repeat":"repeat","background-position":"center center","background-size":"auto","background-attachment":"scroll","background-type":"","background-media":"","overlay-type":"","overlay-color":"","overlay-opacity":"","overlay-gradient":""},"mobile":{"background-color":"var(--ast-global-color-5)","background-image":"","background-repeat":"repeat","background-position":"center center","background-size":"auto","background-attachment":"scroll","background-type":"","background-media":"","overlay-type":"","overlay-color":"","overlay-opacity":"","overlay-gradient":""}}},"product_brand":[],"product_cat":[4689,2508,3257,2036,1976,2509],"product_tag":[],"class_list":{"0":"post-456702","1":"product","2":"type-product","3":"status-publish","4":"has-post-thumbnail","6":"product_cat-featured-e-cigarettes-fr","7":"product_cat-hardware-fr","8":"product_cat-horizontech-falcon-fr-2","9":"product_cat-reservoirs","10":"product_cat-reservoirs-et-bobines","11":"product_cat-shop-by-brand-fr","12":"desktop-align-center","13":"tablet-align-center","14":"mobile-align-center","15":"ast-product-gallery-layout-horizontal-slider","16":"ast-product-gallery-with-no-image","17":"ast-product-single-variable","18":"ast-product-tabs-layout-horizontal","20":"first","21":"instock","22":"sale","23":"featured","24":"taxable","25":"shipping-taxable","26":"purchasable","27":"product-type-variable"},"acf":[],"uagb_featured_image_src":{"full":["https:\/\/justvape.nu\/wp-content\/uploads\/2022\/08\/Aquila-Tank-1.jpg",800,800,false],"thumbnail":["https:\/\/justvape.nu\/wp-content\/uploads\/2022\/08\/Aquila-Tank-1-150x150.jpg",150,150,true],"medium":["https:\/\/justvape.nu\/wp-content\/uploads\/2022\/08\/Aquila-Tank-1-300x300.jpg",300,300,true],"medium_large":["https:\/\/justvape.nu\/wp-content\/uploads\/2022\/08\/Aquila-Tank-1-768x768.jpg",768,768,true],"large":["https:\/\/justvape.nu\/wp-content\/uploads\/2022\/08\/Aquila-Tank-1.jpg",800,800,false],"1536x1536":["https:\/\/justvape.nu\/wp-content\/uploads\/2022\/08\/Aquila-Tank-1.jpg",800,800,false],"2048x2048":["https:\/\/justvape.nu\/wp-content\/uploads\/2022\/08\/Aquila-Tank-1.jpg",800,800,false],"woocommerce_thumbnail":["https:\/\/justvape.nu\/wp-content\/uploads\/2022\/08\/Aquila-Tank-1-300x300.jpg",300,300,true],"woocommerce_single":["https:\/\/justvape.nu\/wp-content\/uploads\/2022\/08\/Aquila-Tank-1-600x600.jpg",600,600,true],"woocommerce_gallery_thumbnail":["https:\/\/justvape.nu\/wp-content\/uploads\/2022\/08\/Aquila-Tank-1-100x100.jpg",100,100,true],"dgwt-wcas-product-suggestion":["https:\/\/justvape.nu\/wp-content\/uploads\/2022\/08\/Aquila-Tank-1-64x64.jpg",64,64,true]},"uagb_author_info":{"display_name":"JustVape.nu","author_link":"https:\/\/justvape.nu\/fr\/author\/"},"uagb_comment_info":0,"uagb_excerpt":"HORIZONTECH - AQUILA TANK","_links":{"self":[{"href":"https:\/\/justvape.nu\/fr\/wp-json\/wp\/v2\/product\/456702","targetHints":{"allow":["GET"]}}],"collection":[{"href":"https:\/\/justvape.nu\/fr\/wp-json\/wp\/v2\/product"}],"about":[{"href":"https:\/\/justvape.nu\/fr\/wp-json\/wp\/v2\/types\/product"}],"replies":[{"embeddable":true,"href":"https:\/\/justvape.nu\/fr\/wp-json\/wp\/v2\/comments?post=456702"}],"wp:featuredmedia":[{"embeddable":true,"href":"https:\/\/justvape.nu\/fr\/wp-json\/wp\/v2\/media\/456647"}],"wp:attachment":[{"href":"https:\/\/justvape.nu\/fr\/wp-json\/wp\/v2\/media?parent=456702"}],"wp:term":[{"taxonomy":"product_brand","embeddable":true,"href":"https:\/\/justvape.nu\/fr\/wp-json\/wp\/v2\/product_brand?post=456702"},{"taxonomy":"product_cat","embeddable":true,"href":"https:\/\/justvape.nu\/fr\/wp-json\/wp\/v2\/product_cat?post=456702"},{"taxonomy":"product_tag","embeddable":true,"href":"https:\/\/justvape.nu\/fr\/wp-json\/wp\/v2\/product_tag?post=456702"}],"curies":[{"name":"wp","href":"https:\/\/api.w.org\/{rel}","templated":true}]}}