{"id":453477,"date":"2022-08-01T20:33:20","date_gmt":"2022-08-01T18:33:20","guid":{"rendered":"https:\/\/justvape.nu\/produkt\/geekvape-kit-vape-b60-boost-2\/"},"modified":"2022-08-01T20:33:20","modified_gmt":"2022-08-01T18:33:20","slug":"geekvape-b60-boost-2-vape-kit-2","status":"publish","type":"product","link":"https:\/\/justvape.nu\/fr\/produkt\/geekvape-b60-boost-2-vape-kit-2\/","title":{"rendered":"GEEKVAPE &#8211; KIT VAPE B60 (BOOST 2)"},"content":{"rendered":"<h2>GEEKVAPE &#8211; KIT VAPE B60 (BOOST 2)<\/h2>\n<p>Le Geekvape B60 Aegis Boost 2 est un appareil compact avec une puissante batterie int\u00e9gr\u00e9e de 2000mAh qui vous permettra de fumer plus longtemps. Avec une gamme de puissance de sortie de 5 \u00e0 60W, ce kit est id\u00e9al pour cr\u00e9er une inhalation de style DTL (Direct To Lung). La norme IP68 et la construction en alliage de zinc signifient qu&rsquo;il peut r\u00e9sister \u00e0 l&rsquo;eau et \u00e0 la poussi\u00e8re, et qu&rsquo;il est donc moins susceptible d&rsquo;\u00eatre affect\u00e9 par les facteurs environnementaux.<\/p>\n<p>L&rsquo;appareil est dot\u00e9 d&rsquo;un seul bouton de mise \u00e0 feu, ainsi que de deux boutons de r\u00e9glage et d&rsquo;un \u00e9cran LED incurv\u00e9 de 0,96&Prime; pour une navigation ais\u00e9e. Sa puce AS offre des avantages tels qu&rsquo;un temps de mont\u00e9e en puissance rapide. Avec le mode de puissance variable par d\u00e9faut, vous avez le contr\u00f4le de la quantit\u00e9 de vapeur cr\u00e9\u00e9e par votre kit. Cependant, le mode Smart d\u00e9tecte quelle bobine a \u00e9t\u00e9 ins\u00e9r\u00e9e et r\u00e8gle la puissance id\u00e9ale pour vous. D&rsquo;autre part, le mode Boost offre la vape la plus puissante possible pour une inhalation intense.<br \/>\nLe remplissage du B60 est simple et gr\u00e2ce \u00e0 sa conception de remplissage par le haut, il vous suffit de d\u00e9visser le couvercle du r\u00e9servoir pour trouver le port de remplissage. Vous avez le choix entre des bobines de 0,2 Ohm et de 0,6 Ohm, mais nous vous sugg\u00e9rons de combiner le Geekvape Aegis Boost 2 avec des e-liquides \u00e0 haute teneur en VG, quelle que soit la bobine choisie.<br \/>\n<img loading=\"lazy\" decoding=\"async\" class=\"alignnone size-full wp-image-383695\" src=\"https:\/\/justvape.nu\/wp-content\/uploads\/2021\/05\/Color-Scheme.png\" alt=\"\" width=\"950\" height=\"64\" title=\"\" srcset=\"https:\/\/justvape.nu\/wp-content\/uploads\/2021\/05\/Color-Scheme.png 950w, https:\/\/justvape.nu\/wp-content\/uploads\/2021\/05\/Color-Scheme-600x40.png 600w, https:\/\/justvape.nu\/wp-content\/uploads\/2021\/05\/Color-Scheme-64x4.png 64w, https:\/\/justvape.nu\/wp-content\/uploads\/2021\/05\/Color-Scheme-300x20.png 300w, https:\/\/justvape.nu\/wp-content\/uploads\/2021\/05\/Color-Scheme-768x52.png 768w\" sizes=\"auto, (max-width: 950px) 100vw, 950px\" \/><\/p>\n<p class=\"description-img-center\"><img loading=\"lazy\" decoding=\"async\" class=\"alignnone size-full wp-image-452574\" src=\"https:\/\/justvape.nu\/wp-content\/uploads\/2022\/08\/GeekVape_B60_Pod_Mod_Kit_Full_Color.jpg\" alt=\"\" width=\"800\" height=\"286\" title=\"\" srcset=\"https:\/\/justvape.nu\/wp-content\/uploads\/2022\/08\/GeekVape_B60_Pod_Mod_Kit_Full_Color.jpg 800w, https:\/\/justvape.nu\/wp-content\/uploads\/2022\/08\/GeekVape_B60_Pod_Mod_Kit_Full_Color-300x107.jpg 300w, https:\/\/justvape.nu\/wp-content\/uploads\/2022\/08\/GeekVape_B60_Pod_Mod_Kit_Full_Color-768x275.jpg 768w, https:\/\/justvape.nu\/wp-content\/uploads\/2022\/08\/GeekVape_B60_Pod_Mod_Kit_Full_Color-600x215.jpg 600w, https:\/\/justvape.nu\/wp-content\/uploads\/2022\/08\/GeekVape_B60_Pod_Mod_Kit_Full_Color-64x23.jpg 64w\" sizes=\"auto, (max-width: 800px) 100vw, 800px\" \/><\/p>\n<div class=\"shop-features \">\n<h2 class=\"shop-features-title \"><img loading=\"lazy\" decoding=\"async\" class=\"alignnone size-full wp-image-390997\" src=\"https:\/\/justvape.nu\/wp-content\/uploads\/2021\/06\/Specifications1.png\" alt=\"\" width=\"950\" height=\"64\" title=\"\" srcset=\"https:\/\/justvape.nu\/wp-content\/uploads\/2021\/06\/Specifications1.png 950w, https:\/\/justvape.nu\/wp-content\/uploads\/2021\/06\/Specifications1-600x40.png 600w, https:\/\/justvape.nu\/wp-content\/uploads\/2021\/06\/Specifications1-64x4.png 64w, https:\/\/justvape.nu\/wp-content\/uploads\/2021\/06\/Specifications1-300x20.png 300w, https:\/\/justvape.nu\/wp-content\/uploads\/2021\/06\/Specifications1-768x52.png 768w\" sizes=\"auto, (max-width: 950px) 100vw, 950px\" \/><\/h2>\n<\/div>\n<p><strong class=\"description-little-title\">Param\u00e8tres du kit GeekVape B60 60W :<\/strong><\/p>\n<table class=\"description-table\">\n<tbody>\n<tr>\n<td class=\"strong-title \">Marque<\/td>\n<td class=\"inline\">GeekVape<\/td>\n<\/tr>\n<tr>\n<td class=\"strong-title \">Nom du produit<\/td>\n<td class=\"inline\">Kit B60 (Aegis Boost 2)<\/td>\n<\/tr>\n<tr>\n<td class=\"strong-title \">Capacit\u00e9 de la batterie<\/td>\n<td class=\"inline\">Batterie int\u00e9gr\u00e9e de 2000mAh<\/td>\n<\/tr>\n<tr>\n<td class=\"strong-title \">Puissance de sortie<\/td>\n<td class=\"inline\">5W-60W<\/td>\n<\/tr>\n<tr>\n<td class=\"strong-title \">Courant de sortie maximum<\/td>\n<td class=\"inline\">20A<\/td>\n<\/tr>\n<tr>\n<td class=\"strong-title \">Tension de sortie maximale<\/td>\n<td class=\"inline\">7.5V<\/td>\n<\/tr>\n<tr>\n<td class=\"strong-title \">Chargement<\/td>\n<td class=\"inline\">Chargement de type C<\/td>\n<\/tr>\n<tr>\n<td class=\"strong-title \">\u00c9cran d&rsquo;affichage<\/td>\n<td class=\"inline\">\u00c9cran couleur TFT de 0,96 pouce<\/td>\n<\/tr>\n<tr>\n<td class=\"strong-title \">Capacit\u00e9<\/td>\n<td class=\"inline\">2ml<\/td>\n<\/tr>\n<tr>\n<td class=\"strong-title \">D\u00e9bit d&rsquo;air<\/td>\n<td class=\"inline\">D\u00e9bit d&rsquo;air sup\u00e9rieur<\/td>\n<\/tr>\n<tr>\n<td class=\"strong-title \">En forme pour<\/td>\n<td class=\"inline\">Geekvape B60 (Aegis Boost 2) Cartouche vide pour pod, GeekVape B Series Coil<\/td>\n<\/tr>\n<tr>\n<td class=\"strong-title \">Couleur<\/td>\n<td class=\"inline\">Bleu Rouge, Argent, Vert bouteille, Rouge dor\u00e9, Noir, Bleu menthe, Arc-en-ciel<\/td>\n<\/tr>\n<\/tbody>\n<\/table>\n<div class=\"shop-features \">\n<h2 class=\"shop-features-title \"><img loading=\"lazy\" decoding=\"async\" class=\"alignnone size-full wp-image-18994\" src=\"https:\/\/justvape.nu\/wp-content\/uploads\/2018\/05\/Features.png\" alt=\"\" width=\"950\" height=\"64\" title=\"\" srcset=\"https:\/\/justvape.nu\/wp-content\/uploads\/2018\/05\/Features.png 950w, https:\/\/justvape.nu\/wp-content\/uploads\/2018\/05\/Features-555x37.png 555w, https:\/\/justvape.nu\/wp-content\/uploads\/2018\/05\/Features-64x4.png 64w, https:\/\/justvape.nu\/wp-content\/uploads\/2018\/05\/Features-300x20.png 300w, https:\/\/justvape.nu\/wp-content\/uploads\/2018\/05\/Features-768x52.png 768w\" sizes=\"auto, (max-width: 950px) 100vw, 950px\" \/><\/h2>\n<\/div>\n<p><strong class=\"description-little-title\">GeekVape B60 D\u00e9tails :<\/strong><\/p>\n<ul>\n<li style=\"list-style-type: none;\">\n<ul>\n<li>1. Nouveau boost avec nouvelle technologie tri-proof<\/li>\n<li>2. Batterie int\u00e9gr\u00e9e de 2000mAh avec une sortie stable de 60W<\/li>\n<li>3. Technologie buck-boost \u00e0 sortie stable pour une saveur constante.<\/li>\n<li>4. \u00c9cran LED incurv\u00e9 de 0,96 pouce et toute nouvelle interface utilisateur<\/li>\n<li>5. AS chip 3.0 avec modes de travail intelligents<\/li>\n<li>6. Mode Boost\/smart pour s\u00e9lectionner automatiquement la sortie maximale pour les nuages maximaux.<\/li>\n<li>7. R\u00e9sistance \u00e0 l&rsquo;eau et \u00e0 la poussi\u00e8re selon la norme IP68 et r\u00e9sistance aux chocs de niveau sup\u00e9rieur.<\/li>\n<li>8. \u00c9quip\u00e9 d&rsquo;un verrou de protection contre les pressions accidentelles, il peut \u00eatre transport\u00e9 en toute s\u00e9curit\u00e9.<\/li>\n<li>9. Capacit\u00e9 de 5 ml, flux d&rsquo;air sup\u00e9rieur et cartouche \u00e9tanche.<\/li>\n<li>10. Convient au pod vide B60 (Aegis Boost 2) et \u00e0 toutes les bobines de la s\u00e9rie B.<\/li>\n<\/ul>\n<\/li>\n<\/ul>\n<p><img loading=\"lazy\" decoding=\"async\" class=\"alignnone size-full wp-image-452585\" src=\"https:\/\/justvape.nu\/wp-content\/uploads\/2022\/08\/GeekVape_B60_Pod_Mod_Kit.jpg\" alt=\"\" width=\"831\" height=\"389\" title=\"\" srcset=\"https:\/\/justvape.nu\/wp-content\/uploads\/2022\/08\/GeekVape_B60_Pod_Mod_Kit.jpg 831w, https:\/\/justvape.nu\/wp-content\/uploads\/2022\/08\/GeekVape_B60_Pod_Mod_Kit-300x140.jpg 300w, https:\/\/justvape.nu\/wp-content\/uploads\/2022\/08\/GeekVape_B60_Pod_Mod_Kit-768x360.jpg 768w, https:\/\/justvape.nu\/wp-content\/uploads\/2022\/08\/GeekVape_B60_Pod_Mod_Kit-600x281.jpg 600w, https:\/\/justvape.nu\/wp-content\/uploads\/2022\/08\/GeekVape_B60_Pod_Mod_Kit-64x30.jpg 64w\" sizes=\"auto, (max-width: 831px) 100vw, 831px\" \/> <img loading=\"lazy\" decoding=\"async\" class=\"alignnone size-full wp-image-452595\" src=\"https:\/\/justvape.nu\/wp-content\/uploads\/2022\/08\/GeekVape_B60_Pod_Mod_Kit_IP68_Rating.jpg\" alt=\"\" width=\"831\" height=\"414\" title=\"\" srcset=\"https:\/\/justvape.nu\/wp-content\/uploads\/2022\/08\/GeekVape_B60_Pod_Mod_Kit_IP68_Rating.jpg 831w, https:\/\/justvape.nu\/wp-content\/uploads\/2022\/08\/GeekVape_B60_Pod_Mod_Kit_IP68_Rating-300x149.jpg 300w, https:\/\/justvape.nu\/wp-content\/uploads\/2022\/08\/GeekVape_B60_Pod_Mod_Kit_IP68_Rating-768x383.jpg 768w, https:\/\/justvape.nu\/wp-content\/uploads\/2022\/08\/GeekVape_B60_Pod_Mod_Kit_IP68_Rating-600x299.jpg 600w, https:\/\/justvape.nu\/wp-content\/uploads\/2022\/08\/GeekVape_B60_Pod_Mod_Kit_IP68_Rating-64x32.jpg 64w\" sizes=\"auto, (max-width: 831px) 100vw, 831px\" \/> <img loading=\"lazy\" decoding=\"async\" class=\"alignnone size-full wp-image-452605\" src=\"https:\/\/justvape.nu\/wp-content\/uploads\/2022\/08\/GeekVape_B60_Pod_Mod_Kit_Boosting.jpg\" alt=\"\" width=\"831\" height=\"431\" title=\"\" srcset=\"https:\/\/justvape.nu\/wp-content\/uploads\/2022\/08\/GeekVape_B60_Pod_Mod_Kit_Boosting.jpg 831w, https:\/\/justvape.nu\/wp-content\/uploads\/2022\/08\/GeekVape_B60_Pod_Mod_Kit_Boosting-300x156.jpg 300w, https:\/\/justvape.nu\/wp-content\/uploads\/2022\/08\/GeekVape_B60_Pod_Mod_Kit_Boosting-768x398.jpg 768w, https:\/\/justvape.nu\/wp-content\/uploads\/2022\/08\/GeekVape_B60_Pod_Mod_Kit_Boosting-600x311.jpg 600w, https:\/\/justvape.nu\/wp-content\/uploads\/2022\/08\/GeekVape_B60_Pod_Mod_Kit_Boosting-64x33.jpg 64w\" sizes=\"auto, (max-width: 831px) 100vw, 831px\" \/> <img loading=\"lazy\" decoding=\"async\" class=\"alignnone size-full wp-image-452615\" src=\"https:\/\/justvape.nu\/wp-content\/uploads\/2022\/08\/GeekVape_B60_Pod_Mod_Kit_Features.jpg\" alt=\"\" width=\"831\" height=\"329\" title=\"\" srcset=\"https:\/\/justvape.nu\/wp-content\/uploads\/2022\/08\/GeekVape_B60_Pod_Mod_Kit_Features.jpg 831w, https:\/\/justvape.nu\/wp-content\/uploads\/2022\/08\/GeekVape_B60_Pod_Mod_Kit_Features-300x119.jpg 300w, https:\/\/justvape.nu\/wp-content\/uploads\/2022\/08\/GeekVape_B60_Pod_Mod_Kit_Features-768x304.jpg 768w, https:\/\/justvape.nu\/wp-content\/uploads\/2022\/08\/GeekVape_B60_Pod_Mod_Kit_Features-600x238.jpg 600w, https:\/\/justvape.nu\/wp-content\/uploads\/2022\/08\/GeekVape_B60_Pod_Mod_Kit_Features-64x25.jpg 64w\" sizes=\"auto, (max-width: 831px) 100vw, 831px\" \/> <img loading=\"lazy\" decoding=\"async\" class=\"alignnone size-full wp-image-452625\" src=\"https:\/\/justvape.nu\/wp-content\/uploads\/2022\/08\/GeekVape_B60_Pod_Mod_Kit_Safe_Lock.jpg\" alt=\"\" width=\"831\" height=\"429\" title=\"\" srcset=\"https:\/\/justvape.nu\/wp-content\/uploads\/2022\/08\/GeekVape_B60_Pod_Mod_Kit_Safe_Lock.jpg 831w, https:\/\/justvape.nu\/wp-content\/uploads\/2022\/08\/GeekVape_B60_Pod_Mod_Kit_Safe_Lock-300x155.jpg 300w, https:\/\/justvape.nu\/wp-content\/uploads\/2022\/08\/GeekVape_B60_Pod_Mod_Kit_Safe_Lock-768x396.jpg 768w, https:\/\/justvape.nu\/wp-content\/uploads\/2022\/08\/GeekVape_B60_Pod_Mod_Kit_Safe_Lock-600x310.jpg 600w, https:\/\/justvape.nu\/wp-content\/uploads\/2022\/08\/GeekVape_B60_Pod_Mod_Kit_Safe_Lock-64x33.jpg 64w\" sizes=\"auto, (max-width: 831px) 100vw, 831px\" \/> <img loading=\"lazy\" decoding=\"async\" class=\"alignnone size-full wp-image-452635\" src=\"https:\/\/justvape.nu\/wp-content\/uploads\/2022\/08\/GeekVape_B60_Kit_AS_Chip.jpg\" alt=\"\" width=\"831\" height=\"366\" title=\"\" srcset=\"https:\/\/justvape.nu\/wp-content\/uploads\/2022\/08\/GeekVape_B60_Kit_AS_Chip.jpg 831w, https:\/\/justvape.nu\/wp-content\/uploads\/2022\/08\/GeekVape_B60_Kit_AS_Chip-300x132.jpg 300w, https:\/\/justvape.nu\/wp-content\/uploads\/2022\/08\/GeekVape_B60_Kit_AS_Chip-768x338.jpg 768w, https:\/\/justvape.nu\/wp-content\/uploads\/2022\/08\/GeekVape_B60_Kit_AS_Chip-600x264.jpg 600w, https:\/\/justvape.nu\/wp-content\/uploads\/2022\/08\/GeekVape_B60_Kit_AS_Chip-64x28.jpg 64w\" sizes=\"auto, (max-width: 831px) 100vw, 831px\" \/> <img loading=\"lazy\" decoding=\"async\" class=\"alignnone size-full wp-image-452645\" src=\"https:\/\/justvape.nu\/wp-content\/uploads\/2022\/08\/GeekVape_B60_Pod_Mod_Kit_Screen.jpg\" alt=\"\" width=\"831\" height=\"406\" title=\"\" srcset=\"https:\/\/justvape.nu\/wp-content\/uploads\/2022\/08\/GeekVape_B60_Pod_Mod_Kit_Screen.jpg 831w, https:\/\/justvape.nu\/wp-content\/uploads\/2022\/08\/GeekVape_B60_Pod_Mod_Kit_Screen-300x147.jpg 300w, https:\/\/justvape.nu\/wp-content\/uploads\/2022\/08\/GeekVape_B60_Pod_Mod_Kit_Screen-768x375.jpg 768w, https:\/\/justvape.nu\/wp-content\/uploads\/2022\/08\/GeekVape_B60_Pod_Mod_Kit_Screen-600x293.jpg 600w, https:\/\/justvape.nu\/wp-content\/uploads\/2022\/08\/GeekVape_B60_Pod_Mod_Kit_Screen-64x31.jpg 64w\" sizes=\"auto, (max-width: 831px) 100vw, 831px\" \/> <img loading=\"lazy\" decoding=\"async\" class=\"alignnone size-full wp-image-452655\" src=\"https:\/\/justvape.nu\/wp-content\/uploads\/2022\/08\/GeekVape_B60_Pod_Mod_Kit_Leakproof.jpg\" alt=\"\" width=\"831\" height=\"326\" title=\"\" srcset=\"https:\/\/justvape.nu\/wp-content\/uploads\/2022\/08\/GeekVape_B60_Pod_Mod_Kit_Leakproof.jpg 831w, https:\/\/justvape.nu\/wp-content\/uploads\/2022\/08\/GeekVape_B60_Pod_Mod_Kit_Leakproof-300x118.jpg 300w, https:\/\/justvape.nu\/wp-content\/uploads\/2022\/08\/GeekVape_B60_Pod_Mod_Kit_Leakproof-768x301.jpg 768w, https:\/\/justvape.nu\/wp-content\/uploads\/2022\/08\/GeekVape_B60_Pod_Mod_Kit_Leakproof-600x235.jpg 600w, https:\/\/justvape.nu\/wp-content\/uploads\/2022\/08\/GeekVape_B60_Pod_Mod_Kit_Leakproof-64x25.jpg 64w\" sizes=\"auto, (max-width: 831px) 100vw, 831px\" \/> <img loading=\"lazy\" decoding=\"async\" class=\"alignnone size-full wp-image-452665\" src=\"https:\/\/justvape.nu\/wp-content\/uploads\/2022\/08\/GeekVape_B60_Pod_Mod_Kit_Battery.jpg\" alt=\"\" width=\"831\" height=\"435\" title=\"\" srcset=\"https:\/\/justvape.nu\/wp-content\/uploads\/2022\/08\/GeekVape_B60_Pod_Mod_Kit_Battery.jpg 831w, https:\/\/justvape.nu\/wp-content\/uploads\/2022\/08\/GeekVape_B60_Pod_Mod_Kit_Battery-300x157.jpg 300w, https:\/\/justvape.nu\/wp-content\/uploads\/2022\/08\/GeekVape_B60_Pod_Mod_Kit_Battery-768x402.jpg 768w, https:\/\/justvape.nu\/wp-content\/uploads\/2022\/08\/GeekVape_B60_Pod_Mod_Kit_Battery-600x314.jpg 600w, https:\/\/justvape.nu\/wp-content\/uploads\/2022\/08\/GeekVape_B60_Pod_Mod_Kit_Battery-64x34.jpg 64w\" sizes=\"auto, (max-width: 831px) 100vw, 831px\" \/><\/p>\n<div class=\"shop-features \">\n<h2 class=\"shop-features-title \"><img loading=\"lazy\" decoding=\"async\" class=\"alignnone size-full wp-image-229154\" src=\"https:\/\/justvape.nu\/wp-content\/uploads\/2018\/04\/Packing-List.png\" alt=\"\" width=\"950\" height=\"64\" title=\"\" srcset=\"https:\/\/justvape.nu\/wp-content\/uploads\/2018\/04\/Packing-List.png 950w, https:\/\/justvape.nu\/wp-content\/uploads\/2018\/04\/Packing-List-600x40.png 600w, https:\/\/justvape.nu\/wp-content\/uploads\/2018\/04\/Packing-List-64x4.png 64w, https:\/\/justvape.nu\/wp-content\/uploads\/2018\/04\/Packing-List-300x20.png 300w, https:\/\/justvape.nu\/wp-content\/uploads\/2018\/04\/Packing-List-768x52.png 768w\" sizes=\"auto, (max-width: 950px) 100vw, 950px\" \/><\/h2>\n<\/div>\n<p><strong class=\"description-little-title \">Le paquet de GeekVape Aegis Boost 2 Kit est livr\u00e9 avec :<\/strong><\/p>\n<p>1* GeekVape B60 (Aegis Boost 2) Mod<br \/>\n1* GeekVape B60 (Aegis Boost 2) Pod (2ml)<br \/>\n2* Bobine GeekVape B Series (pr\u00e9-install\u00e9e : 0.2\u03a9, 50-58W, bobine de rechange : 0.6\u03a9 15-25W)<br \/>\n1* Outil \u00e0 bobine<br \/>\n1* C\u00e2ble USB Type-C<\/p>\n<p>&nbsp;<\/p>\n","protected":false},"excerpt":{"rendered":"<p>GEEKVAPE &#8211; KIT VAPE B60 (BOOST 2)<\/p>\n","protected":false},"featured_media":664916,"comment_status":"open","ping_status":"closed","template":"","meta":{"_acf_changed":false,"_uag_custom_page_level_css":"","site-sidebar-layout":"default","site-content-layout":"default","ast-site-content-layout":"default","site-content-style":"default","site-sidebar-style":"default","ast-global-header-display":"","ast-banner-title-visibility":"","ast-main-header-display":"","ast-hfb-above-header-display":"","ast-hfb-below-header-display":"","ast-hfb-mobile-header-display":"","site-post-title":"","ast-breadcrumbs-content":"","ast-featured-img":"","footer-sml-layout":"","ast-disable-related-posts":"","theme-transparent-header-meta":"default","adv-header-id-meta":"","stick-header-meta":"default","header-above-stick-meta":"","header-main-stick-meta":"","header-below-stick-meta":"","astra-migrate-meta-layouts":"default","ast-page-background-enabled":"default","ast-page-background-meta":{"desktop":{"background-color":"","background-image":"","background-repeat":"repeat","background-position":"center center","background-size":"auto","background-attachment":"scroll","background-type":"","background-media":"","overlay-type":"","overlay-color":"","overlay-opacity":"","overlay-gradient":""},"tablet":{"background-color":"","background-image":"","background-repeat":"repeat","background-position":"center center","background-size":"auto","background-attachment":"scroll","background-type":"","background-media":"","overlay-type":"","overlay-color":"","overlay-opacity":"","overlay-gradient":""},"mobile":{"background-color":"","background-image":"","background-repeat":"repeat","background-position":"center center","background-size":"auto","background-attachment":"scroll","background-type":"","background-media":"","overlay-type":"","overlay-color":"","overlay-opacity":"","overlay-gradient":""}},"ast-content-background-meta":{"desktop":{"background-color":"var(--ast-global-color-5)","background-image":"","background-repeat":"repeat","background-position":"center center","background-size":"auto","background-attachment":"scroll","background-type":"","background-media":"","overlay-type":"","overlay-color":"","overlay-opacity":"","overlay-gradient":""},"tablet":{"background-color":"var(--ast-global-color-5)","background-image":"","background-repeat":"repeat","background-position":"center center","background-size":"auto","background-attachment":"scroll","background-type":"","background-media":"","overlay-type":"","overlay-color":"","overlay-opacity":"","overlay-gradient":""},"mobile":{"background-color":"var(--ast-global-color-5)","background-image":"","background-repeat":"repeat","background-position":"center center","background-size":"auto","background-attachment":"scroll","background-type":"","background-media":"","overlay-type":"","overlay-color":"","overlay-opacity":"","overlay-gradient":""}}},"product_brand":[],"product_cat":[2066,4689,3238,2508,2076,2509],"product_tag":[],"class_list":{"0":"post-453477","1":"product","2":"type-product","3":"status-publish","4":"has-post-thumbnail","6":"product_cat-e-cigarettes-fr","7":"product_cat-featured-e-cigarettes-fr","8":"product_cat-geekvape-fr-2","9":"product_cat-hardware-fr","10":"product_cat-kits-et-pod-pour-debutants","11":"product_cat-shop-by-brand-fr","12":"desktop-align-center","13":"tablet-align-center","14":"mobile-align-center","15":"ast-product-gallery-layout-horizontal-slider","16":"ast-product-gallery-with-no-image","17":"ast-product-single-variable","18":"ast-product-tabs-layout-horizontal","20":"first","21":"instock","22":"sale","23":"featured","24":"taxable","25":"shipping-taxable","26":"purchasable","27":"product-type-variable"},"acf":[],"uagb_featured_image_src":{"full":["https:\/\/justvape.nu\/wp-content\/uploads\/2022\/08\/GeekVape_B60_AegisBoost2__GROUP_2048x2048_db0ffffa-ca57-4830-8347-2b02fb214ed4.webp",2048,2048,false],"thumbnail":["https:\/\/justvape.nu\/wp-content\/uploads\/2022\/08\/GeekVape_B60_AegisBoost2__GROUP_2048x2048_db0ffffa-ca57-4830-8347-2b02fb214ed4-150x150.webp",150,150,true],"medium":["https:\/\/justvape.nu\/wp-content\/uploads\/2022\/08\/GeekVape_B60_AegisBoost2__GROUP_2048x2048_db0ffffa-ca57-4830-8347-2b02fb214ed4-300x300.webp",300,300,true],"medium_large":["https:\/\/justvape.nu\/wp-content\/uploads\/2022\/08\/GeekVape_B60_AegisBoost2__GROUP_2048x2048_db0ffffa-ca57-4830-8347-2b02fb214ed4-768x768.webp",768,768,true],"large":["https:\/\/justvape.nu\/wp-content\/uploads\/2022\/08\/GeekVape_B60_AegisBoost2__GROUP_2048x2048_db0ffffa-ca57-4830-8347-2b02fb214ed4-1024x1024.webp",1024,1024,true],"1536x1536":["https:\/\/justvape.nu\/wp-content\/uploads\/2022\/08\/GeekVape_B60_AegisBoost2__GROUP_2048x2048_db0ffffa-ca57-4830-8347-2b02fb214ed4-1536x1536.webp",1536,1536,true],"2048x2048":["https:\/\/justvape.nu\/wp-content\/uploads\/2022\/08\/GeekVape_B60_AegisBoost2__GROUP_2048x2048_db0ffffa-ca57-4830-8347-2b02fb214ed4.webp",2048,2048,false],"woocommerce_thumbnail":["https:\/\/justvape.nu\/wp-content\/uploads\/2022\/08\/GeekVape_B60_AegisBoost2__GROUP_2048x2048_db0ffffa-ca57-4830-8347-2b02fb214ed4-300x300.webp",300,300,true],"woocommerce_single":["https:\/\/justvape.nu\/wp-content\/uploads\/2022\/08\/GeekVape_B60_AegisBoost2__GROUP_2048x2048_db0ffffa-ca57-4830-8347-2b02fb214ed4-600x600.webp",600,600,true],"woocommerce_gallery_thumbnail":["https:\/\/justvape.nu\/wp-content\/uploads\/2022\/08\/GeekVape_B60_AegisBoost2__GROUP_2048x2048_db0ffffa-ca57-4830-8347-2b02fb214ed4-100x100.webp",100,100,true],"dgwt-wcas-product-suggestion":["https:\/\/justvape.nu\/wp-content\/uploads\/2022\/08\/GeekVape_B60_AegisBoost2__GROUP_2048x2048_db0ffffa-ca57-4830-8347-2b02fb214ed4-64x64.webp",64,64,true]},"uagb_author_info":{"display_name":"JustVape.nu","author_link":"https:\/\/justvape.nu\/fr\/author\/"},"uagb_comment_info":0,"uagb_excerpt":"GEEKVAPE - KIT VAPE B60 (BOOST 2)","_links":{"self":[{"href":"https:\/\/justvape.nu\/fr\/wp-json\/wp\/v2\/product\/453477","targetHints":{"allow":["GET"]}}],"collection":[{"href":"https:\/\/justvape.nu\/fr\/wp-json\/wp\/v2\/product"}],"about":[{"href":"https:\/\/justvape.nu\/fr\/wp-json\/wp\/v2\/types\/product"}],"replies":[{"embeddable":true,"href":"https:\/\/justvape.nu\/fr\/wp-json\/wp\/v2\/comments?post=453477"}],"wp:featuredmedia":[{"embeddable":true,"href":"https:\/\/justvape.nu\/fr\/wp-json\/wp\/v2\/media\/664916"}],"wp:attachment":[{"href":"https:\/\/justvape.nu\/fr\/wp-json\/wp\/v2\/media?parent=453477"}],"wp:term":[{"taxonomy":"product_brand","embeddable":true,"href":"https:\/\/justvape.nu\/fr\/wp-json\/wp\/v2\/product_brand?post=453477"},{"taxonomy":"product_cat","embeddable":true,"href":"https:\/\/justvape.nu\/fr\/wp-json\/wp\/v2\/product_cat?post=453477"},{"taxonomy":"product_tag","embeddable":true,"href":"https:\/\/justvape.nu\/fr\/wp-json\/wp\/v2\/product_tag?post=453477"}],"curies":[{"name":"wp","href":"https:\/\/api.w.org\/{rel}","templated":true}]}}