{"id":453196,"date":"2022-08-01T22:26:40","date_gmt":"2022-08-01T20:26:40","guid":{"rendered":"https:\/\/justvape.nu\/produkt\/uwell-caliburn-a2s-pod-system\/"},"modified":"2026-04-01T23:07:56","modified_gmt":"2026-04-01T21:07:56","slug":"uwell-caliburn-a2s-pod-system-2","status":"publish","type":"product","link":"https:\/\/justvape.nu\/fr\/produkt\/uwell-caliburn-a2s-pod-system-2\/","title":{"rendered":"UWELL &#8211; CALIBURN A2S POD SYSTEM"},"content":{"rendered":"<h2>UWELL &#8211; CALIBURN A2S POD SYSTEM &#8211; A2 GOT NEW AND IMPROVED<\/h2>\n<p>Le kit de pods Uwell Caliburn A2S est \u00e9l\u00e9gant et styl\u00e9. Il s&rsquo;agit d&rsquo;un excellent choix de kit pour les fumeurs moins exp\u00e9riment\u00e9s car il est facile \u00e0 utiliser et offre une vape MTL (Mouth To Lung). Aliment\u00e9 par une batterie int\u00e9gr\u00e9e de 520mAh, vous pouvez fumer plus longtemps entre deux charges. Chaque kit comprend deux dosettes rechargeables Caliburn A2 de 1,2 Ohm, dot\u00e9es d&rsquo;un serpentin en maille int\u00e9gr\u00e9 pour une meilleure saveur.<\/p>\n<p>Gr\u00e2ce \u00e0 la conception sans bouton de ce kit et \u00e0 l&rsquo;activation de l&rsquo;inhalation, vous pouvez fumer en tirant sur l&#8217;embout buccal. Ce kit utilise \u00e9galement une puissance fixe pour offrir une saveur et une production de vapeur constantes de la premi\u00e8re \u00e0 la derni\u00e8re bouff\u00e9e. Ce kit comporte \u00e9galement une petite fen\u00eatre qui vous permet de mieux voir la quantit\u00e9 d&rsquo;e-liquide restant dans le r\u00e9servoir.<\/p>\n<p>Les dosettes Caliburn A2 de 1,2 Ohm qui sont incluses dans ce kit permettent des recharges rapides et moins de d\u00e9g\u00e2ts. Ce kit dispose d&rsquo;un port de remplissage lat\u00e9ral qui peut facilement \u00eatre retir\u00e9 pour remplir le pod avec vos e-liquides pr\u00e9f\u00e9r\u00e9s. La bobine est int\u00e9gr\u00e9e dans ce pod, ce qui signifie qu&rsquo;il n&rsquo;y a pas de changement de bobine compliqu\u00e9. Lorsque la bobine est termin\u00e9e, vous pouvez la remplacer par une nouvelle. Nous recommandons d&rsquo;associer ces dosettes \u00e0 des e-liquides 50\/50 et \u00e0 haute teneur en PG.<\/p>\n<p><strong>Remarque : ce kit n&rsquo;est pas vendu avec un c\u00e2ble de chargement USB- C, qui est vendu s\u00e9par\u00e9ment.<\/strong><\/p>\n<p><img loading=\"lazy\" decoding=\"async\" class=\"alignnone size-full wp-image-383695\" src=\"https:\/\/justvape.nu\/wp-content\/uploads\/2021\/05\/Color-Scheme.png\" alt=\"\" width=\"950\" height=\"64\" title=\"\" srcset=\"https:\/\/justvape.nu\/wp-content\/uploads\/2021\/05\/Color-Scheme.png 950w, https:\/\/justvape.nu\/wp-content\/uploads\/2021\/05\/Color-Scheme-600x40.png 600w, https:\/\/justvape.nu\/wp-content\/uploads\/2021\/05\/Color-Scheme-64x4.png 64w, https:\/\/justvape.nu\/wp-content\/uploads\/2021\/05\/Color-Scheme-300x20.png 300w, https:\/\/justvape.nu\/wp-content\/uploads\/2021\/05\/Color-Scheme-768x52.png 768w\" sizes=\"auto, (max-width: 950px) 100vw, 950px\" \/><\/p>\n<p><img loading=\"lazy\" decoding=\"async\" class=\"alignnone size-full wp-image-452937\" src=\"https:\/\/justvape.nu\/wp-content\/uploads\/2022\/08\/Uwell-CALIBURN-A2S-Pod-System-Kit_500x.jpg\" alt=\"\" width=\"757\" height=\"319\" title=\"\" srcset=\"https:\/\/justvape.nu\/wp-content\/uploads\/2022\/08\/Uwell-CALIBURN-A2S-Pod-System-Kit_500x.jpg 757w, https:\/\/justvape.nu\/wp-content\/uploads\/2022\/08\/Uwell-CALIBURN-A2S-Pod-System-Kit_500x-300x126.jpg 300w, https:\/\/justvape.nu\/wp-content\/uploads\/2022\/08\/Uwell-CALIBURN-A2S-Pod-System-Kit_500x-600x253.jpg 600w, https:\/\/justvape.nu\/wp-content\/uploads\/2022\/08\/Uwell-CALIBURN-A2S-Pod-System-Kit_500x-64x27.jpg 64w\" sizes=\"auto, (max-width: 757px) 100vw, 757px\" \/><\/p>\n<p><img loading=\"lazy\" decoding=\"async\" class=\"alignnone size-full wp-image-229154\" src=\"https:\/\/justvape.nu\/wp-content\/uploads\/2018\/04\/Packing-List.png\" alt=\"\" width=\"950\" height=\"64\" title=\"\" srcset=\"https:\/\/justvape.nu\/wp-content\/uploads\/2018\/04\/Packing-List.png 950w, https:\/\/justvape.nu\/wp-content\/uploads\/2018\/04\/Packing-List-600x40.png 600w, https:\/\/justvape.nu\/wp-content\/uploads\/2018\/04\/Packing-List-64x4.png 64w, https:\/\/justvape.nu\/wp-content\/uploads\/2018\/04\/Packing-List-300x20.png 300w, https:\/\/justvape.nu\/wp-content\/uploads\/2018\/04\/Packing-List-768x52.png 768w\" sizes=\"auto, (max-width: 950px) 100vw, 950px\" \/><\/p>\n<ul>\n<li>Dispositif Caliburn A2S<\/li>\n<li>2 x 1,2 Ohm Uwell Caliburn A2 Side Refilling Pod et avec 1,2 Ohm Uwell Caliburn A2S Side Refilling Pod<\/li>\n<li>Manuel de l&rsquo;Utilisateur<\/li>\n<\/ul>\n","protected":false},"excerpt":{"rendered":"<p>UWELL &#8211; CALIBURN A2S POD SYSTEM<\/p>\n","protected":false},"featured_media":452950,"comment_status":"open","ping_status":"closed","template":"","meta":{"_acf_changed":false,"_uag_custom_page_level_css":"","site-sidebar-layout":"default","site-content-layout":"default","ast-site-content-layout":"default","site-content-style":"default","site-sidebar-style":"default","ast-global-header-display":"","ast-banner-title-visibility":"","ast-main-header-display":"","ast-hfb-above-header-display":"","ast-hfb-below-header-display":"","ast-hfb-mobile-header-display":"","site-post-title":"","ast-breadcrumbs-content":"","ast-featured-img":"","footer-sml-layout":"","ast-disable-related-posts":"","theme-transparent-header-meta":"default","adv-header-id-meta":"","stick-header-meta":"default","header-above-stick-meta":"","header-main-stick-meta":"","header-below-stick-meta":"","astra-migrate-meta-layouts":"default","ast-page-background-enabled":"default","ast-page-background-meta":{"desktop":{"background-color":"","background-image":"","background-repeat":"repeat","background-position":"center center","background-size":"auto","background-attachment":"scroll","background-type":"","background-media":"","overlay-type":"","overlay-color":"","overlay-opacity":"","overlay-gradient":""},"tablet":{"background-color":"","background-image":"","background-repeat":"repeat","background-position":"center center","background-size":"auto","background-attachment":"scroll","background-type":"","background-media":"","overlay-type":"","overlay-color":"","overlay-opacity":"","overlay-gradient":""},"mobile":{"background-color":"","background-image":"","background-repeat":"repeat","background-position":"center center","background-size":"auto","background-attachment":"scroll","background-type":"","background-media":"","overlay-type":"","overlay-color":"","overlay-opacity":"","overlay-gradient":""}},"ast-content-background-meta":{"desktop":{"background-color":"var(--ast-global-color-5)","background-image":"","background-repeat":"repeat","background-position":"center center","background-size":"auto","background-attachment":"scroll","background-type":"","background-media":"","overlay-type":"","overlay-color":"","overlay-opacity":"","overlay-gradient":""},"tablet":{"background-color":"var(--ast-global-color-5)","background-image":"","background-repeat":"repeat","background-position":"center center","background-size":"auto","background-attachment":"scroll","background-type":"","background-media":"","overlay-type":"","overlay-color":"","overlay-opacity":"","overlay-gradient":""},"mobile":{"background-color":"var(--ast-global-color-5)","background-image":"","background-repeat":"repeat","background-position":"center center","background-size":"auto","background-attachment":"scroll","background-type":"","background-media":"","overlay-type":"","overlay-color":"","overlay-opacity":"","overlay-gradient":""}}},"product_brand":[],"product_cat":[1966,2066,4689,2508,2076,2509,3428],"product_tag":[],"class_list":{"0":"post-453196","1":"product","2":"type-product","3":"status-publish","4":"has-post-thumbnail","6":"product_cat-des-offres","7":"product_cat-e-cigarettes-fr","8":"product_cat-featured-e-cigarettes-fr","9":"product_cat-hardware-fr","10":"product_cat-kits-et-pod-pour-debutants","11":"product_cat-shop-by-brand-fr","12":"product_cat-uwell-fr-2","13":"desktop-align-center","14":"tablet-align-center","15":"mobile-align-center","16":"ast-product-gallery-layout-horizontal-slider","17":"ast-product-gallery-with-no-image","18":"ast-product-single-variable","19":"ast-product-tabs-layout-horizontal","21":"first","22":"instock","23":"sale","24":"featured","25":"taxable","26":"shipping-taxable","27":"purchasable","28":"product-type-variable"},"acf":[],"uagb_featured_image_src":{"full":["https:\/\/justvape.nu\/wp-content\/uploads\/2022\/08\/uwell-caliburn-a2s-pod-kit-e-zigaretten-set.jpg",600,600,false],"thumbnail":["https:\/\/justvape.nu\/wp-content\/uploads\/2022\/08\/uwell-caliburn-a2s-pod-kit-e-zigaretten-set-150x150.jpg",150,150,true],"medium":["https:\/\/justvape.nu\/wp-content\/uploads\/2022\/08\/uwell-caliburn-a2s-pod-kit-e-zigaretten-set-300x300.jpg",300,300,true],"medium_large":["https:\/\/justvape.nu\/wp-content\/uploads\/2022\/08\/uwell-caliburn-a2s-pod-kit-e-zigaretten-set.jpg",600,600,false],"large":["https:\/\/justvape.nu\/wp-content\/uploads\/2022\/08\/uwell-caliburn-a2s-pod-kit-e-zigaretten-set.jpg",600,600,false],"1536x1536":["https:\/\/justvape.nu\/wp-content\/uploads\/2022\/08\/uwell-caliburn-a2s-pod-kit-e-zigaretten-set.jpg",600,600,false],"2048x2048":["https:\/\/justvape.nu\/wp-content\/uploads\/2022\/08\/uwell-caliburn-a2s-pod-kit-e-zigaretten-set.jpg",600,600,false],"woocommerce_thumbnail":["https:\/\/justvape.nu\/wp-content\/uploads\/2022\/08\/uwell-caliburn-a2s-pod-kit-e-zigaretten-set-300x300.jpg",300,300,true],"woocommerce_single":["https:\/\/justvape.nu\/wp-content\/uploads\/2022\/08\/uwell-caliburn-a2s-pod-kit-e-zigaretten-set.jpg",600,600,false],"woocommerce_gallery_thumbnail":["https:\/\/justvape.nu\/wp-content\/uploads\/2022\/08\/uwell-caliburn-a2s-pod-kit-e-zigaretten-set-100x100.jpg",100,100,true],"dgwt-wcas-product-suggestion":["https:\/\/justvape.nu\/wp-content\/uploads\/2022\/08\/uwell-caliburn-a2s-pod-kit-e-zigaretten-set-64x64.jpg",64,64,true]},"uagb_author_info":{"display_name":"JustVape.nu","author_link":"https:\/\/justvape.nu\/fr\/author\/"},"uagb_comment_info":0,"uagb_excerpt":"UWELL - CALIBURN A2S POD SYSTEM","_links":{"self":[{"href":"https:\/\/justvape.nu\/fr\/wp-json\/wp\/v2\/product\/453196","targetHints":{"allow":["GET"]}}],"collection":[{"href":"https:\/\/justvape.nu\/fr\/wp-json\/wp\/v2\/product"}],"about":[{"href":"https:\/\/justvape.nu\/fr\/wp-json\/wp\/v2\/types\/product"}],"replies":[{"embeddable":true,"href":"https:\/\/justvape.nu\/fr\/wp-json\/wp\/v2\/comments?post=453196"}],"wp:featuredmedia":[{"embeddable":true,"href":"https:\/\/justvape.nu\/fr\/wp-json\/wp\/v2\/media\/452950"}],"wp:attachment":[{"href":"https:\/\/justvape.nu\/fr\/wp-json\/wp\/v2\/media?parent=453196"}],"wp:term":[{"taxonomy":"product_brand","embeddable":true,"href":"https:\/\/justvape.nu\/fr\/wp-json\/wp\/v2\/product_brand?post=453196"},{"taxonomy":"product_cat","embeddable":true,"href":"https:\/\/justvape.nu\/fr\/wp-json\/wp\/v2\/product_cat?post=453196"},{"taxonomy":"product_tag","embeddable":true,"href":"https:\/\/justvape.nu\/fr\/wp-json\/wp\/v2\/product_tag?post=453196"}],"curies":[{"name":"wp","href":"https:\/\/api.w.org\/{rel}","templated":true}]}}