{"id":450162,"date":"2022-07-19T11:36:56","date_gmt":"2022-07-19T09:36:56","guid":{"rendered":"https:\/\/justvape.nu\/produkt\/aspire-riil-x-pod\/"},"modified":"2025-03-08T15:22:45","modified_gmt":"2025-03-08T14:22:45","slug":"aspire-riil-x-pod-2","status":"publish","type":"product","link":"https:\/\/justvape.nu\/fr\/produkt\/aspire-riil-x-pod-2\/","title":{"rendered":"ASPIRE &#8211; RIIL X POD"},"content":{"rendered":"<h2>ASPIRE &#8211; RIIL X POD<\/h2>\n<p>Le pod de remplacement Aspire RiiL X a une capacit\u00e9 de 2ml d&rsquo;e-liquide et a \u00e9t\u00e9 sp\u00e9cialement con\u00e7u pour \u00eatre utilis\u00e9 avec le kit de vape Aspire RiiL X. Ils prennent en charge le vapotage MTL (Mouth To Lung), pour une quantit\u00e9 de vapeur plus discr\u00e8te qui reproduit la sensation d&rsquo;une cigarette, ce qui peut \u00eatre tr\u00e8s utile pour ceux qui passent du tabac au vapotage. Le curseur de contr\u00f4le du d\u00e9bit d&rsquo;air permet \u00e9galement une inhalation de type RDTL (Restricted Direct to Lung), ce qui vous offre encore plus d&rsquo;options.<\/p>\n<p><strong>Caract\u00e9ristiques:<\/strong><\/p>\n<ul>\n<li>Doses rechargeables de 2ml<\/li>\n<li>Vaping MTL &amp; RDTL<\/li>\n<li>Remplissage lat\u00e9ral<\/li>\n<li>Compatible avec les bobines Mesh<\/li>\n<\/ul>\n<p>Les dosettes ont une capacit\u00e9 de 2ml et leur remplissage est simple gr\u00e2ce \u00e0 leur fonction de remplissage lat\u00e9rale. La bobine de 0,6 Ohm cr\u00e9era des nuages l\u00e9g\u00e8rement plus gros que la version de 1,0 Ohm, mais les deux font partie de la gamme de bobines Aspire AF et sont con\u00e7ues pour produire des quantit\u00e9s discr\u00e8tes de vapeur. Nous vous recommandons d&rsquo;utiliser les bobines avec des e-liquides 50% PG ou plus pour de meilleurs r\u00e9sultats. Vous obtiendrez \u00e9galement une saveur plus compl\u00e8te gr\u00e2ce au serpentin en maille qui chauffe le e-liquide plus rapidement. En outre, le flux d&rsquo;air r\u00e9glable vous permet de d\u00e9finir une sensation plus ou moins forte \u00e0 l&rsquo;inspiration.<\/p>\n<p><strong>Contient<\/strong><\/p>\n<ul>\n<li>1 x Aspire RiiL X Pod<\/li>\n<\/ul>\n","protected":false},"excerpt":{"rendered":"<p>ASPIRE &#8211; RIIL X POD<\/p>\n","protected":false},"featured_media":449772,"comment_status":"open","ping_status":"closed","template":"","meta":{"_acf_changed":false,"_uag_custom_page_level_css":"","site-sidebar-layout":"default","site-content-layout":"default","ast-site-content-layout":"default","site-content-style":"default","site-sidebar-style":"default","ast-global-header-display":"","ast-banner-title-visibility":"","ast-main-header-display":"","ast-hfb-above-header-display":"","ast-hfb-below-header-display":"","ast-hfb-mobile-header-display":"","site-post-title":"","ast-breadcrumbs-content":"","ast-featured-img":"","footer-sml-layout":"","ast-disable-related-posts":"","theme-transparent-header-meta":"default","adv-header-id-meta":"","stick-header-meta":"default","header-above-stick-meta":"","header-main-stick-meta":"","header-below-stick-meta":"","astra-migrate-meta-layouts":"default","ast-page-background-enabled":"default","ast-page-background-meta":{"desktop":{"background-color":"","background-image":"","background-repeat":"repeat","background-position":"center center","background-size":"auto","background-attachment":"scroll","background-type":"","background-media":"","overlay-type":"","overlay-color":"","overlay-opacity":"","overlay-gradient":""},"tablet":{"background-color":"","background-image":"","background-repeat":"repeat","background-position":"center center","background-size":"auto","background-attachment":"scroll","background-type":"","background-media":"","overlay-type":"","overlay-color":"","overlay-opacity":"","overlay-gradient":""},"mobile":{"background-color":"","background-image":"","background-repeat":"repeat","background-position":"center center","background-size":"auto","background-attachment":"scroll","background-type":"","background-media":"","overlay-type":"","overlay-color":"","overlay-opacity":"","overlay-gradient":""}},"ast-content-background-meta":{"desktop":{"background-color":"var(--ast-global-color-5)","background-image":"","background-repeat":"repeat","background-position":"center center","background-size":"auto","background-attachment":"scroll","background-type":"","background-media":"","overlay-type":"","overlay-color":"","overlay-opacity":"","overlay-gradient":""},"tablet":{"background-color":"var(--ast-global-color-5)","background-image":"","background-repeat":"repeat","background-position":"center center","background-size":"auto","background-attachment":"scroll","background-type":"","background-media":"","overlay-type":"","overlay-color":"","overlay-opacity":"","overlay-gradient":""},"mobile":{"background-color":"var(--ast-global-color-5)","background-image":"","background-repeat":"repeat","background-position":"center center","background-size":"auto","background-attachment":"scroll","background-type":"","background-media":"","overlay-type":"","overlay-color":"","overlay-opacity":"","overlay-gradient":""}}},"product_brand":[],"product_cat":[2056,1976],"product_tag":[],"class_list":{"0":"post-450162","1":"product","2":"type-product","3":"status-publish","4":"has-post-thumbnail","6":"product_cat-bobines-pods","7":"product_cat-reservoirs-et-bobines","8":"desktop-align-center","9":"tablet-align-center","10":"mobile-align-center","11":"ast-product-gallery-layout-horizontal-slider","12":"ast-product-gallery-with-no-image","13":"ast-product-tabs-layout-horizontal","15":"first","16":"instock","17":"sale","18":"taxable","19":"shipping-taxable","20":"purchasable","21":"product-type-simple"},"acf":[],"uagb_featured_image_src":{"full":["https:\/\/justvape.nu\/wp-content\/uploads\/2022\/07\/Riil-X-Replacement-Pod.webp",700,700,false],"thumbnail":["https:\/\/justvape.nu\/wp-content\/uploads\/2022\/07\/Riil-X-Replacement-Pod-150x150.webp",150,150,true],"medium":["https:\/\/justvape.nu\/wp-content\/uploads\/2022\/07\/Riil-X-Replacement-Pod-300x300.webp",300,300,true],"medium_large":["https:\/\/justvape.nu\/wp-content\/uploads\/2022\/07\/Riil-X-Replacement-Pod.webp",700,700,false],"large":["https:\/\/justvape.nu\/wp-content\/uploads\/2022\/07\/Riil-X-Replacement-Pod.webp",700,700,false],"1536x1536":["https:\/\/justvape.nu\/wp-content\/uploads\/2022\/07\/Riil-X-Replacement-Pod.webp",700,700,false],"2048x2048":["https:\/\/justvape.nu\/wp-content\/uploads\/2022\/07\/Riil-X-Replacement-Pod.webp",700,700,false],"woocommerce_thumbnail":["https:\/\/justvape.nu\/wp-content\/uploads\/2022\/07\/Riil-X-Replacement-Pod-300x300.webp",300,300,true],"woocommerce_single":["https:\/\/justvape.nu\/wp-content\/uploads\/2022\/07\/Riil-X-Replacement-Pod-600x600.webp",600,600,true],"woocommerce_gallery_thumbnail":["https:\/\/justvape.nu\/wp-content\/uploads\/2022\/07\/Riil-X-Replacement-Pod-100x100.webp",100,100,true],"dgwt-wcas-product-suggestion":["https:\/\/justvape.nu\/wp-content\/uploads\/2022\/07\/Riil-X-Replacement-Pod-64x64.webp",64,64,true]},"uagb_author_info":{"display_name":"JustVape.nu","author_link":"https:\/\/justvape.nu\/fr\/author\/"},"uagb_comment_info":0,"uagb_excerpt":"ASPIRE - RIIL X POD","_links":{"self":[{"href":"https:\/\/justvape.nu\/fr\/wp-json\/wp\/v2\/product\/450162","targetHints":{"allow":["GET"]}}],"collection":[{"href":"https:\/\/justvape.nu\/fr\/wp-json\/wp\/v2\/product"}],"about":[{"href":"https:\/\/justvape.nu\/fr\/wp-json\/wp\/v2\/types\/product"}],"replies":[{"embeddable":true,"href":"https:\/\/justvape.nu\/fr\/wp-json\/wp\/v2\/comments?post=450162"}],"wp:featuredmedia":[{"embeddable":true,"href":"https:\/\/justvape.nu\/fr\/wp-json\/wp\/v2\/media\/449772"}],"wp:attachment":[{"href":"https:\/\/justvape.nu\/fr\/wp-json\/wp\/v2\/media?parent=450162"}],"wp:term":[{"taxonomy":"product_brand","embeddable":true,"href":"https:\/\/justvape.nu\/fr\/wp-json\/wp\/v2\/product_brand?post=450162"},{"taxonomy":"product_cat","embeddable":true,"href":"https:\/\/justvape.nu\/fr\/wp-json\/wp\/v2\/product_cat?post=450162"},{"taxonomy":"product_tag","embeddable":true,"href":"https:\/\/justvape.nu\/fr\/wp-json\/wp\/v2\/product_tag?post=450162"}],"curies":[{"name":"wp","href":"https:\/\/api.w.org\/{rel}","templated":true}]}}