{"id":447107,"date":"2022-07-03T11:59:16","date_gmt":"2022-07-03T09:59:16","guid":{"rendered":"https:\/\/justvape.nu\/produkt\/innokin-go-z-tank\/"},"modified":"2022-07-03T11:59:16","modified_gmt":"2022-07-03T09:59:16","slug":"innokin-go-z-tank-2","status":"publish","type":"product","link":"https:\/\/justvape.nu\/fr\/produkt\/innokin-go-z-tank-2\/","title":{"rendered":"INNOKIN &#8211; GO Z TANK"},"content":{"rendered":"<h2>INNOKIN &#8211; GO Z TANK<\/h2>\n<p>Le r\u00e9servoir Innokin GO Z est con\u00e7u de mani\u00e8re pratique pour fournir une vape MTL de qualit\u00e9. Con\u00e7u pour \u00eatre utilis\u00e9 avec le kit stylo Innokin GO Z, il se visse sur le dessus de la batterie. Le syst\u00e8me de remplissage permet de remplir le r\u00e9servoir d&rsquo;e-liquide de mani\u00e8re simple et sans d\u00e9g\u00e2ts. Il suffit de faire glisser la partie sup\u00e9rieure pour r\u00e9v\u00e9ler l&rsquo;entr\u00e9e du e-liquide. Poussez l&#8217;embout de la bouteille d&rsquo;e-liquide \u00e0 travers le joint en silicone et remplissez. Cela ajoute une protection suppl\u00e9mentaire contre les fuites. Le syst\u00e8me de remplissage par le haut signifie \u00e9galement qu&rsquo;il n&rsquo;est pas n\u00e9cessaire de le retirer du kit pour ajouter du liquide \u00e0 vaper. Le d\u00e9bit d&rsquo;air peut \u00eatre ajust\u00e9 en tournant la bague \u00e0 la base du r\u00e9servoir pour augmenter ou diminuer la taille de l&rsquo;entr\u00e9e d&rsquo;air. Les trous d&rsquo;a\u00e9ration pr\u00e9cis permettent un tirage restreint adapt\u00e9 au vapotage MTL. De plus, la bobine Innokin Z de 1,6 ohm offre une grande saveur \u00e0 partir de e-liquide et de sels nic 50\/50.<\/p>\n<p><img loading=\"lazy\" decoding=\"async\" class=\"alignnone size-full wp-image-446973\" src=\"https:\/\/justvape.nu\/wp-content\/uploads\/2022\/07\/Innokin-GO-Z-2ml-%CE%91%CF%84%CE%BC%CE%BF%CF%80%CE%BF%CE%B9%CE%B7%CF%84%CE%AE%CF%82-banner-10.jpg\" alt=\"\" width=\"950\" height=\"384\" title=\"\"><\/p>\n<h3>CONTENU DU KIT<\/h3>\n<ul>\n<li>1 x Innokin GO Z Tank<\/li>\n<li>1 x bobine Innokin Z<\/li>\n<\/ul>\n","protected":false},"excerpt":{"rendered":"<p>INNOKIN &#8211; GO Z TANK<\/p>\n","protected":false},"featured_media":446986,"comment_status":"open","ping_status":"closed","template":"","meta":{"_acf_changed":false,"_uag_custom_page_level_css":"","site-sidebar-layout":"default","site-content-layout":"default","ast-site-content-layout":"default","site-content-style":"default","site-sidebar-style":"default","ast-global-header-display":"","ast-banner-title-visibility":"","ast-main-header-display":"","ast-hfb-above-header-display":"","ast-hfb-below-header-display":"","ast-hfb-mobile-header-display":"","site-post-title":"","ast-breadcrumbs-content":"","ast-featured-img":"","footer-sml-layout":"","ast-disable-related-posts":"","theme-transparent-header-meta":"default","adv-header-id-meta":"","stick-header-meta":"default","header-above-stick-meta":"","header-main-stick-meta":"","header-below-stick-meta":"","astra-migrate-meta-layouts":"default","ast-page-background-enabled":"default","ast-page-background-meta":{"desktop":{"background-color":"","background-image":"","background-repeat":"repeat","background-position":"center center","background-size":"auto","background-attachment":"scroll","background-type":"","background-media":"","overlay-type":"","overlay-color":"","overlay-opacity":"","overlay-gradient":""},"tablet":{"background-color":"","background-image":"","background-repeat":"repeat","background-position":"center center","background-size":"auto","background-attachment":"scroll","background-type":"","background-media":"","overlay-type":"","overlay-color":"","overlay-opacity":"","overlay-gradient":""},"mobile":{"background-color":"","background-image":"","background-repeat":"repeat","background-position":"center center","background-size":"auto","background-attachment":"scroll","background-type":"","background-media":"","overlay-type":"","overlay-color":"","overlay-opacity":"","overlay-gradient":""}},"ast-content-background-meta":{"desktop":{"background-color":"var(--ast-global-color-5)","background-image":"","background-repeat":"repeat","background-position":"center center","background-size":"auto","background-attachment":"scroll","background-type":"","background-media":"","overlay-type":"","overlay-color":"","overlay-opacity":"","overlay-gradient":""},"tablet":{"background-color":"var(--ast-global-color-5)","background-image":"","background-repeat":"repeat","background-position":"center center","background-size":"auto","background-attachment":"scroll","background-type":"","background-media":"","overlay-type":"","overlay-color":"","overlay-opacity":"","overlay-gradient":""},"mobile":{"background-color":"var(--ast-global-color-5)","background-image":"","background-repeat":"repeat","background-position":"center center","background-size":"auto","background-attachment":"scroll","background-type":"","background-media":"","overlay-type":"","overlay-color":"","overlay-opacity":"","overlay-gradient":""}}},"product_brand":[],"product_cat":[2508,2536,2036,1976,2509],"product_tag":[],"class_list":{"0":"post-447107","1":"product","2":"type-product","3":"status-publish","4":"has-post-thumbnail","6":"product_cat-hardware-fr","7":"product_cat-innokin-fr","8":"product_cat-reservoirs","9":"product_cat-reservoirs-et-bobines","10":"product_cat-shop-by-brand-fr","11":"desktop-align-center","12":"tablet-align-center","13":"mobile-align-center","14":"ast-product-gallery-layout-horizontal-slider","15":"ast-product-gallery-with-no-image","16":"ast-product-single-variable","17":"ast-product-tabs-layout-horizontal","19":"first","20":"instock","21":"sale","22":"taxable","23":"shipping-taxable","24":"purchasable","25":"product-type-variable"},"acf":[],"uagb_featured_image_src":{"full":["https:\/\/justvape.nu\/wp-content\/uploads\/2022\/07\/innokin-go-z-atomizer-2ml-vb030242-786x786-1.jpg",786,786,false],"thumbnail":["https:\/\/justvape.nu\/wp-content\/uploads\/2022\/07\/innokin-go-z-atomizer-2ml-vb030242-786x786-1-150x150.jpg",150,150,true],"medium":["https:\/\/justvape.nu\/wp-content\/uploads\/2022\/07\/innokin-go-z-atomizer-2ml-vb030242-786x786-1-300x300.jpg",300,300,true],"medium_large":["https:\/\/justvape.nu\/wp-content\/uploads\/2022\/07\/innokin-go-z-atomizer-2ml-vb030242-786x786-1-768x768.jpg",768,768,true],"large":["https:\/\/justvape.nu\/wp-content\/uploads\/2022\/07\/innokin-go-z-atomizer-2ml-vb030242-786x786-1.jpg",786,786,false],"1536x1536":["https:\/\/justvape.nu\/wp-content\/uploads\/2022\/07\/innokin-go-z-atomizer-2ml-vb030242-786x786-1.jpg",786,786,false],"2048x2048":["https:\/\/justvape.nu\/wp-content\/uploads\/2022\/07\/innokin-go-z-atomizer-2ml-vb030242-786x786-1.jpg",786,786,false],"woocommerce_thumbnail":["https:\/\/justvape.nu\/wp-content\/uploads\/2022\/07\/innokin-go-z-atomizer-2ml-vb030242-786x786-1-300x300.jpg",300,300,true],"woocommerce_single":["https:\/\/justvape.nu\/wp-content\/uploads\/2022\/07\/innokin-go-z-atomizer-2ml-vb030242-786x786-1-600x600.jpg",600,600,true],"woocommerce_gallery_thumbnail":["https:\/\/justvape.nu\/wp-content\/uploads\/2022\/07\/innokin-go-z-atomizer-2ml-vb030242-786x786-1-100x100.jpg",100,100,true],"dgwt-wcas-product-suggestion":["https:\/\/justvape.nu\/wp-content\/uploads\/2022\/07\/innokin-go-z-atomizer-2ml-vb030242-786x786-1-64x64.jpg",64,64,true]},"uagb_author_info":{"display_name":"JustVape.nu","author_link":"https:\/\/justvape.nu\/fr\/author\/"},"uagb_comment_info":0,"uagb_excerpt":"INNOKIN - GO Z TANK","_links":{"self":[{"href":"https:\/\/justvape.nu\/fr\/wp-json\/wp\/v2\/product\/447107","targetHints":{"allow":["GET"]}}],"collection":[{"href":"https:\/\/justvape.nu\/fr\/wp-json\/wp\/v2\/product"}],"about":[{"href":"https:\/\/justvape.nu\/fr\/wp-json\/wp\/v2\/types\/product"}],"replies":[{"embeddable":true,"href":"https:\/\/justvape.nu\/fr\/wp-json\/wp\/v2\/comments?post=447107"}],"wp:featuredmedia":[{"embeddable":true,"href":"https:\/\/justvape.nu\/fr\/wp-json\/wp\/v2\/media\/446986"}],"wp:attachment":[{"href":"https:\/\/justvape.nu\/fr\/wp-json\/wp\/v2\/media?parent=447107"}],"wp:term":[{"taxonomy":"product_brand","embeddable":true,"href":"https:\/\/justvape.nu\/fr\/wp-json\/wp\/v2\/product_brand?post=447107"},{"taxonomy":"product_cat","embeddable":true,"href":"https:\/\/justvape.nu\/fr\/wp-json\/wp\/v2\/product_cat?post=447107"},{"taxonomy":"product_tag","embeddable":true,"href":"https:\/\/justvape.nu\/fr\/wp-json\/wp\/v2\/product_tag?post=447107"}],"curies":[{"name":"wp","href":"https:\/\/api.w.org\/{rel}","templated":true}]}}