{"id":445184,"date":"2022-06-27T23:35:26","date_gmt":"2022-06-27T21:35:26","guid":{"rendered":"https:\/\/justvape.nu\/produkt\/voopoo-argus-pod-kit\/"},"modified":"2022-06-27T23:35:26","modified_gmt":"2022-06-27T21:35:26","slug":"voopoo-argus-pod-kit-2","status":"publish","type":"product","link":"https:\/\/justvape.nu\/fr\/produkt\/voopoo-argus-pod-kit-2\/","title":{"rendered":"VOOPOO &#8211; ARGUS POD KIT"},"content":{"rendered":"<h2>VOOPOO &#8211; ARGUS POD KIT<\/h2>\n<p>L&rsquo;alliage de zinc et le cuir raffin\u00e9s de l&rsquo;Argus Pod procurent une sensation de confort et d&rsquo;ergonomie tout en \u00e9tant compacts et durables, parfaits pour une utilisation quotidienne. Voopoo est retourn\u00e9 \u00e0 la planche \u00e0 dessin avec le pod rempla\u00e7able et l&#8217;embout buccal nouvellement form\u00e9 qui est con\u00e7u pour s&rsquo;adapter parfaitement \u00e0 vos l\u00e8vres pour une exp\u00e9rience de vapotage encore meilleure.<\/p>\n<p>Apr\u00e8s des milliers de tests, VooPoo a pr\u00e9cis\u00e9ment con\u00e7u le flux d&rsquo;air le plus appropri\u00e9. L&rsquo;entr\u00e9e d&rsquo;air \u00e0 4 trous \u00e9largit le flux d&rsquo;air et la chambre tampon du flux d&rsquo;air assure une vape et une saveur r\u00e9guli\u00e8res et constantes. Le pod Argus est aliment\u00e9 par le chipset GENE.AI 1.2 qui fournit avec pr\u00e9cision une sortie de 20w tout en enregistrant et fournissant toutes les donn\u00e9es n\u00e9cessaires sur l&rsquo;\u00e9cran OLED de 0,69&Prime; telles que la capacit\u00e9 de la batterie en temps r\u00e9el, les bouff\u00e9es, le temps de vapotage, la r\u00e9sistance de la bobine et la puissance.<\/p>\n<p>Les dosettes Argus sont dot\u00e9es d&rsquo;une connexion magn\u00e9tique puissante qui assure une connectivit\u00e9 parfaite tout au long du processus, tout en facilitant le retrait et l&rsquo;insertion de la dosette elle-m\u00eame dans l&rsquo;appareil. Contrairement \u00e0 de nombreux appareils sur le march\u00e9 aujourd&rsquo;hui, VooPoo a cr\u00e9\u00e9 une cartouche simplifi\u00e9e \u00e0 vue compl\u00e8te qui permet de visualiser plus facilement le niveau d&rsquo;e-liquide sans avoir \u00e0 retirer la dosette.<\/p>\n<p><img loading=\"lazy\" decoding=\"async\" class=\"alignnone size-full wp-image-383695\" src=\"https:\/\/justvape.nu\/wp-content\/uploads\/2021\/05\/Color-Scheme.png\" alt=\"\" width=\"950\" height=\"64\" title=\"\" srcset=\"https:\/\/justvape.nu\/wp-content\/uploads\/2021\/05\/Color-Scheme.png 950w, https:\/\/justvape.nu\/wp-content\/uploads\/2021\/05\/Color-Scheme-600x40.png 600w, https:\/\/justvape.nu\/wp-content\/uploads\/2021\/05\/Color-Scheme-64x4.png 64w, https:\/\/justvape.nu\/wp-content\/uploads\/2021\/05\/Color-Scheme-300x20.png 300w, https:\/\/justvape.nu\/wp-content\/uploads\/2021\/05\/Color-Scheme-768x52.png 768w\" sizes=\"auto, (max-width: 950px) 100vw, 950px\" \/><\/p>\n<p class=\"description-img-center\"><img loading=\"lazy\" decoding=\"async\" class=\"alignnone size-full wp-image-444722\" src=\"https:\/\/justvape.nu\/wp-content\/uploads\/2022\/06\/VOOPOO_Argus_Pod_Kit_Colors.jpg\" alt=\"\" width=\"831\" height=\"323\" title=\"\" srcset=\"https:\/\/justvape.nu\/wp-content\/uploads\/2022\/06\/VOOPOO_Argus_Pod_Kit_Colors.jpg 831w, https:\/\/justvape.nu\/wp-content\/uploads\/2022\/06\/VOOPOO_Argus_Pod_Kit_Colors-300x117.jpg 300w, https:\/\/justvape.nu\/wp-content\/uploads\/2022\/06\/VOOPOO_Argus_Pod_Kit_Colors-768x299.jpg 768w, https:\/\/justvape.nu\/wp-content\/uploads\/2022\/06\/VOOPOO_Argus_Pod_Kit_Colors-600x233.jpg 600w, https:\/\/justvape.nu\/wp-content\/uploads\/2022\/06\/VOOPOO_Argus_Pod_Kit_Colors-64x25.jpg 64w\" sizes=\"auto, (max-width: 831px) 100vw, 831px\" \/><\/p>\n<div class=\"shop-features \">\n<h2 class=\"shop-features-title \"><img loading=\"lazy\" decoding=\"async\" class=\"alignnone size-full wp-image-390997\" src=\"https:\/\/justvape.nu\/wp-content\/uploads\/2021\/06\/Specifications1.png\" alt=\"\" width=\"950\" height=\"64\" title=\"\" srcset=\"https:\/\/justvape.nu\/wp-content\/uploads\/2021\/06\/Specifications1.png 950w, https:\/\/justvape.nu\/wp-content\/uploads\/2021\/06\/Specifications1-600x40.png 600w, https:\/\/justvape.nu\/wp-content\/uploads\/2021\/06\/Specifications1-64x4.png 64w, https:\/\/justvape.nu\/wp-content\/uploads\/2021\/06\/Specifications1-300x20.png 300w, https:\/\/justvape.nu\/wp-content\/uploads\/2021\/06\/Specifications1-768x52.png 768w\" sizes=\"auto, (max-width: 950px) 100vw, 950px\" \/><\/h2>\n<\/div>\n<p><strong class=\"description-little-title\">VOOPOO Argus Pod Param\u00e8tres :<\/strong><\/p>\n<table class=\"description-table\">\n<tbody>\n<tr>\n<td class=\"strong-title \">Marque<\/td>\n<td class=\"inline\">VOOPOO<\/td>\n<\/tr>\n<tr>\n<td class=\"strong-title \">Nom du produit<\/td>\n<td class=\"inline\">Kit de pods Argus<\/td>\n<\/tr>\n<tr>\n<td class=\"strong-title \">Capacit\u00e9 du pod<\/td>\n<td class=\"inline\">2.0ml<\/td>\n<\/tr>\n<tr>\n<td class=\"strong-title \">Mat\u00e9riau du pod<\/td>\n<td class=\"inline\">PCTG<\/td>\n<\/tr>\n<tr>\n<td class=\"strong-title \">R\u00e9sistance des gousses<\/td>\n<td class=\"inline\">0,7ohm\/1,2ohm<\/td>\n<\/tr>\n<tr>\n<td class=\"strong-title \">E-liquide recommand\u00e9<\/td>\n<td class=\"inline\">Nicotine\u226450mg<\/td>\n<\/tr>\n<tr>\n<td class=\"strong-title \">Mat\u00e9riau du dispositif<\/td>\n<td class=\"inline\">Alliage de zinc + cuir\/PC<\/td>\n<\/tr>\n<tr>\n<td class=\"strong-title \">Puissance de sortie<\/td>\n<td class=\"inline\">5-20W<\/td>\n<\/tr>\n<tr>\n<td class=\"strong-title \">Tension de sortie<\/td>\n<td class=\"inline\">3.2V-4.2V<\/td>\n<\/tr>\n<tr>\n<td class=\"strong-title \">R\u00e9sistance du dispositif<\/td>\n<td class=\"inline\">0.5-3.0ohm<\/td>\n<\/tr>\n<tr>\n<td class=\"strong-title \">Capacit\u00e9 de la batterie<\/td>\n<td class=\"inline\">Batterie int\u00e9gr\u00e9e de 800mAh<\/td>\n<\/tr>\n<tr>\n<td class=\"strong-title \">\u00c9cran<\/td>\n<td class=\"inline\">\u00c9cran OLED de 0,69 pouce<\/td>\n<\/tr>\n<tr>\n<td class=\"strong-title \">Couleur<\/td>\n<td class=\"inline\">Fibre de carbone, Noir, Gris, Marron, Rouge, Bleu ciel<\/td>\n<\/tr>\n<\/tbody>\n<\/table>\n<p><img loading=\"lazy\" decoding=\"async\" class=\"alignnone size-full wp-image-229154\" src=\"https:\/\/justvape.nu\/wp-content\/uploads\/2018\/04\/Packing-List.png\" alt=\"\" width=\"950\" height=\"64\" title=\"\" srcset=\"https:\/\/justvape.nu\/wp-content\/uploads\/2018\/04\/Packing-List.png 950w, https:\/\/justvape.nu\/wp-content\/uploads\/2018\/04\/Packing-List-600x40.png 600w, https:\/\/justvape.nu\/wp-content\/uploads\/2018\/04\/Packing-List-64x4.png 64w, https:\/\/justvape.nu\/wp-content\/uploads\/2018\/04\/Packing-List-300x20.png 300w, https:\/\/justvape.nu\/wp-content\/uploads\/2018\/04\/Packing-List-768x52.png 768w\" sizes=\"auto, (max-width: 950px) 100vw, 950px\" \/><\/p>\n<p>1* Argus Pod Device<br \/>\n1* Argus Pod Cartridge 0.7ohm (remplissage lat\u00e9ral)<br \/>\n1* Argus Pod Cartridge 1.2ohm (remplissage lat\u00e9ral)<br \/>\n1 * manuel de l&rsquo;utilisateur<br \/>\n1* C\u00e2ble Type-C<\/p>\n","protected":false},"excerpt":{"rendered":"<p>VOOPOO &#8211; ARGUS POD KIT<\/p>\n","protected":false},"featured_media":444735,"comment_status":"open","ping_status":"closed","template":"","meta":{"_acf_changed":false,"_uag_custom_page_level_css":"","site-sidebar-layout":"default","site-content-layout":"default","ast-site-content-layout":"default","site-content-style":"default","site-sidebar-style":"default","ast-global-header-display":"","ast-banner-title-visibility":"","ast-main-header-display":"","ast-hfb-above-header-display":"","ast-hfb-below-header-display":"","ast-hfb-mobile-header-display":"","site-post-title":"","ast-breadcrumbs-content":"","ast-featured-img":"","footer-sml-layout":"","ast-disable-related-posts":"","theme-transparent-header-meta":"default","adv-header-id-meta":"","stick-header-meta":"default","header-above-stick-meta":"","header-main-stick-meta":"","header-below-stick-meta":"","astra-migrate-meta-layouts":"default","ast-page-background-enabled":"default","ast-page-background-meta":{"desktop":{"background-color":"","background-image":"","background-repeat":"repeat","background-position":"center center","background-size":"auto","background-attachment":"scroll","background-type":"","background-media":"","overlay-type":"","overlay-color":"","overlay-opacity":"","overlay-gradient":""},"tablet":{"background-color":"","background-image":"","background-repeat":"repeat","background-position":"center center","background-size":"auto","background-attachment":"scroll","background-type":"","background-media":"","overlay-type":"","overlay-color":"","overlay-opacity":"","overlay-gradient":""},"mobile":{"background-color":"","background-image":"","background-repeat":"repeat","background-position":"center center","background-size":"auto","background-attachment":"scroll","background-type":"","background-media":"","overlay-type":"","overlay-color":"","overlay-opacity":"","overlay-gradient":""}},"ast-content-background-meta":{"desktop":{"background-color":"var(--ast-global-color-5)","background-image":"","background-repeat":"repeat","background-position":"center center","background-size":"auto","background-attachment":"scroll","background-type":"","background-media":"","overlay-type":"","overlay-color":"","overlay-opacity":"","overlay-gradient":""},"tablet":{"background-color":"var(--ast-global-color-5)","background-image":"","background-repeat":"repeat","background-position":"center center","background-size":"auto","background-attachment":"scroll","background-type":"","background-media":"","overlay-type":"","overlay-color":"","overlay-opacity":"","overlay-gradient":""},"mobile":{"background-color":"var(--ast-global-color-5)","background-image":"","background-repeat":"repeat","background-position":"center center","background-size":"auto","background-attachment":"scroll","background-type":"","background-media":"","overlay-type":"","overlay-color":"","overlay-opacity":"","overlay-gradient":""}}},"product_brand":[],"product_cat":[2066,2508,2076,2509,2510],"product_tag":[],"class_list":{"0":"post-445184","1":"product","2":"type-product","3":"status-publish","4":"has-post-thumbnail","6":"product_cat-e-cigarettes-fr","7":"product_cat-hardware-fr","8":"product_cat-kits-et-pod-pour-debutants","9":"product_cat-shop-by-brand-fr","10":"product_cat-voopoo-fr","11":"desktop-align-center","12":"tablet-align-center","13":"mobile-align-center","14":"ast-product-gallery-layout-horizontal-slider","15":"ast-product-gallery-with-no-image","16":"ast-product-single-variable","17":"ast-product-tabs-layout-horizontal","19":"first","20":"instock","21":"sale","22":"taxable","23":"shipping-taxable","24":"purchasable","25":"product-type-variable"},"acf":[],"uagb_featured_image_src":{"full":["https:\/\/justvape.nu\/wp-content\/uploads\/2022\/06\/voopoo-argus-pod-colours.jpg",700,700,false],"thumbnail":["https:\/\/justvape.nu\/wp-content\/uploads\/2022\/06\/voopoo-argus-pod-colours-150x150.jpg",150,150,true],"medium":["https:\/\/justvape.nu\/wp-content\/uploads\/2022\/06\/voopoo-argus-pod-colours-300x300.jpg",300,300,true],"medium_large":["https:\/\/justvape.nu\/wp-content\/uploads\/2022\/06\/voopoo-argus-pod-colours.jpg",700,700,false],"large":["https:\/\/justvape.nu\/wp-content\/uploads\/2022\/06\/voopoo-argus-pod-colours.jpg",700,700,false],"1536x1536":["https:\/\/justvape.nu\/wp-content\/uploads\/2022\/06\/voopoo-argus-pod-colours.jpg",700,700,false],"2048x2048":["https:\/\/justvape.nu\/wp-content\/uploads\/2022\/06\/voopoo-argus-pod-colours.jpg",700,700,false],"woocommerce_thumbnail":["https:\/\/justvape.nu\/wp-content\/uploads\/2022\/06\/voopoo-argus-pod-colours-300x300.jpg",300,300,true],"woocommerce_single":["https:\/\/justvape.nu\/wp-content\/uploads\/2022\/06\/voopoo-argus-pod-colours-600x600.jpg",600,600,true],"woocommerce_gallery_thumbnail":["https:\/\/justvape.nu\/wp-content\/uploads\/2022\/06\/voopoo-argus-pod-colours-100x100.jpg",100,100,true],"dgwt-wcas-product-suggestion":["https:\/\/justvape.nu\/wp-content\/uploads\/2022\/06\/voopoo-argus-pod-colours-64x64.jpg",64,64,true]},"uagb_author_info":{"display_name":"JustVape.nu","author_link":"https:\/\/justvape.nu\/fr\/author\/"},"uagb_comment_info":0,"uagb_excerpt":"VOOPOO - ARGUS POD KIT","_links":{"self":[{"href":"https:\/\/justvape.nu\/fr\/wp-json\/wp\/v2\/product\/445184","targetHints":{"allow":["GET"]}}],"collection":[{"href":"https:\/\/justvape.nu\/fr\/wp-json\/wp\/v2\/product"}],"about":[{"href":"https:\/\/justvape.nu\/fr\/wp-json\/wp\/v2\/types\/product"}],"replies":[{"embeddable":true,"href":"https:\/\/justvape.nu\/fr\/wp-json\/wp\/v2\/comments?post=445184"}],"wp:featuredmedia":[{"embeddable":true,"href":"https:\/\/justvape.nu\/fr\/wp-json\/wp\/v2\/media\/444735"}],"wp:attachment":[{"href":"https:\/\/justvape.nu\/fr\/wp-json\/wp\/v2\/media?parent=445184"}],"wp:term":[{"taxonomy":"product_brand","embeddable":true,"href":"https:\/\/justvape.nu\/fr\/wp-json\/wp\/v2\/product_brand?post=445184"},{"taxonomy":"product_cat","embeddable":true,"href":"https:\/\/justvape.nu\/fr\/wp-json\/wp\/v2\/product_cat?post=445184"},{"taxonomy":"product_tag","embeddable":true,"href":"https:\/\/justvape.nu\/fr\/wp-json\/wp\/v2\/product_tag?post=445184"}],"curies":[{"name":"wp","href":"https:\/\/api.w.org\/{rel}","templated":true}]}}