{"id":445030,"date":"2022-06-27T22:58:45","date_gmt":"2022-06-27T20:58:45","guid":{"rendered":"https:\/\/justvape.nu\/produkt\/lost-vape-ursa-baby-pod-kit\/"},"modified":"2022-06-27T22:58:45","modified_gmt":"2022-06-27T20:58:45","slug":"lost-vape-ursa-baby-pod-kit-2","status":"publish","type":"product","link":"https:\/\/justvape.nu\/fr\/produkt\/lost-vape-ursa-baby-pod-kit-2\/","title":{"rendered":"LOST VAPE &#8211; URSA BABY POD KIT"},"content":{"rendered":"<h2>LOST VAPE &#8211; URSA BABY POD KIT<\/h2>\n<p>Le kit de pods Ursa Baby utilise le chipset Quest, est compatible avec les pods Ursa Nano, et pr\u00e9sente un design de fa\u00e7ade transparente \u00e0 la mode, le m\u00eame que celui de l&rsquo;Ursa Nano faisant ressortir le tirage MTL parfait et l\u00e2che. Gr\u00e2ce \u00e0 la fonction unique de commutation du flux d&rsquo;air, il suffit d&rsquo;inspirer sur l&#8217;embout pour fumer ! Portez-le avec la lani\u00e8re autour du cou comme un objet de style indispensable et sentez combien il est brillant et l\u00e9ger !<\/p>\n<p>Fascin\u00e9 par le design de la fa\u00e7ade claire avec m\u00eame un design assorti du bo\u00eetier de la batterie, vous \u00eates en mesure de voir tous les \u00e9l\u00e9ments internes du kit pod Ursa Baby, qui a l&rsquo;air charmant et miraculeux. Impressionn\u00e9 par la puissance de l&rsquo;humble Ursa Baby, bien au-del\u00e0 de ce \u00e0 quoi vous vous attendez, vous pouvez facilement go\u00fbter \u00e0 l&rsquo;explosion de saveurs, \u00e0 la vapeur douce et \u00e0 l&rsquo;effet restrictif sur les poumons.<\/p>\n<p>Le kit Ursa Baby d\u00e9tectera automatiquement la r\u00e9sistance de la bobine du pod et r\u00e9gulera la sortie en fonction de la r\u00e9sistance de la bobine, le flux d&rsquo;air est contr\u00f4l\u00e9 par le curseur qui vous permettra d&rsquo;ajuster parfaitement votre flux d&rsquo;air \u00e0 votre go\u00fbt pour une vape de style MTL ou RDL.<\/p>\n<p><img loading=\"lazy\" decoding=\"async\" class=\"alignnone size-full wp-image-383695\" src=\"https:\/\/justvape.nu\/wp-content\/uploads\/2021\/05\/Color-Scheme.png\" alt=\"\" width=\"950\" height=\"64\" title=\"\" srcset=\"https:\/\/justvape.nu\/wp-content\/uploads\/2021\/05\/Color-Scheme.png 950w, https:\/\/justvape.nu\/wp-content\/uploads\/2021\/05\/Color-Scheme-600x40.png 600w, https:\/\/justvape.nu\/wp-content\/uploads\/2021\/05\/Color-Scheme-64x4.png 64w, https:\/\/justvape.nu\/wp-content\/uploads\/2021\/05\/Color-Scheme-300x20.png 300w, https:\/\/justvape.nu\/wp-content\/uploads\/2021\/05\/Color-Scheme-768x52.png 768w\" sizes=\"auto, (max-width: 950px) 100vw, 950px\" \/><\/p>\n<p><img loading=\"lazy\" decoding=\"async\" class=\"alignnone size-full wp-image-444648\" src=\"https:\/\/justvape.nu\/wp-content\/uploads\/2022\/06\/Lost_Vape_Ursa_Baby_Pod_Kit_Colors.jpg\" alt=\"\" width=\"831\" height=\"213\" title=\"\" srcset=\"https:\/\/justvape.nu\/wp-content\/uploads\/2022\/06\/Lost_Vape_Ursa_Baby_Pod_Kit_Colors.jpg 831w, https:\/\/justvape.nu\/wp-content\/uploads\/2022\/06\/Lost_Vape_Ursa_Baby_Pod_Kit_Colors-300x77.jpg 300w, https:\/\/justvape.nu\/wp-content\/uploads\/2022\/06\/Lost_Vape_Ursa_Baby_Pod_Kit_Colors-768x197.jpg 768w, https:\/\/justvape.nu\/wp-content\/uploads\/2022\/06\/Lost_Vape_Ursa_Baby_Pod_Kit_Colors-600x154.jpg 600w, https:\/\/justvape.nu\/wp-content\/uploads\/2022\/06\/Lost_Vape_Ursa_Baby_Pod_Kit_Colors-64x16.jpg 64w\" sizes=\"auto, (max-width: 831px) 100vw, 831px\" \/><\/p>\n<p><img loading=\"lazy\" decoding=\"async\" class=\"alignnone size-full wp-image-390997\" src=\"https:\/\/justvape.nu\/wp-content\/uploads\/2021\/06\/Specifications1.png\" alt=\"\" width=\"950\" height=\"64\" title=\"\" srcset=\"https:\/\/justvape.nu\/wp-content\/uploads\/2021\/06\/Specifications1.png 950w, https:\/\/justvape.nu\/wp-content\/uploads\/2021\/06\/Specifications1-600x40.png 600w, https:\/\/justvape.nu\/wp-content\/uploads\/2021\/06\/Specifications1-64x4.png 64w, https:\/\/justvape.nu\/wp-content\/uploads\/2021\/06\/Specifications1-300x20.png 300w, https:\/\/justvape.nu\/wp-content\/uploads\/2021\/06\/Specifications1-768x52.png 768w\" sizes=\"auto, (max-width: 950px) 100vw, 950px\" \/><\/p>\n<table class=\"description-table\">\n<tbody>\n<tr>\n<td class=\"strong-title \">Marque<\/td>\n<td class=\"inline\">Lost Vape<\/td>\n<\/tr>\n<tr>\n<td class=\"strong-title \">Nom du produit<\/td>\n<td class=\"inline\">Kit Ursa Baby Pod<\/td>\n<\/tr>\n<tr>\n<td class=\"strong-title \">Dimension<\/td>\n<td class=\"inline\">47*16*68.5mm<\/td>\n<\/tr>\n<tr>\n<td class=\"strong-title \">Capacit\u00e9 du r\u00e9servoir<\/td>\n<td class=\"inline\">2ml<\/td>\n<\/tr>\n<tr>\n<td class=\"strong-title \">Capacit\u00e9 de la batterie<\/td>\n<td class=\"inline\">Batterie int\u00e9gr\u00e9e de 800mAh<\/td>\n<\/tr>\n<tr>\n<td class=\"strong-title \">Tension de la batterie<\/td>\n<td class=\"inline\">3.0V-4.2V<\/td>\n<\/tr>\n<tr>\n<td class=\"strong-title \">Gamme de puissance<\/td>\n<td class=\"inline\">9-18W<\/td>\n<\/tr>\n<tr>\n<td class=\"strong-title \">Courant de sortie<\/td>\n<td class=\"inline\">2,5A-5,0A<\/td>\n<\/tr>\n<tr>\n<td class=\"strong-title \">Mat\u00e9riau du corps<\/td>\n<td class=\"inline\">PC transparent<\/td>\n<\/tr>\n<tr>\n<td class=\"strong-title \">Couleur<\/td>\n<td class=\"inline\">Rouge clair, Full clair, Noir clair, Ambre clair, Bleu clair, Violet clair<\/td>\n<\/tr>\n<\/tbody>\n<\/table>\n<div class=\"shop-features \">\n<h2 class=\"shop-features-title \"><img loading=\"lazy\" decoding=\"async\" class=\"alignnone size-full wp-image-248459\" src=\"https:\/\/justvape.nu\/wp-content\/uploads\/2018\/05\/Features.png\" alt=\"\" width=\"950\" height=\"64\" title=\"\" srcset=\"https:\/\/justvape.nu\/wp-content\/uploads\/2018\/05\/Features.png 950w, https:\/\/justvape.nu\/wp-content\/uploads\/2018\/05\/Features-600x40.png 600w, https:\/\/justvape.nu\/wp-content\/uploads\/2018\/05\/Features-64x4.png 64w, https:\/\/justvape.nu\/wp-content\/uploads\/2018\/05\/Features-300x20.png 300w, https:\/\/justvape.nu\/wp-content\/uploads\/2018\/05\/Features-768x52.png 768w\" sizes=\"auto, (max-width: 950px) 100vw, 950px\" \/><\/h2>\n<\/div>\n<p><strong class=\"description-little-title\">D\u00e9tails Ursa Baby :<\/strong><\/p>\n<ul>\n<li>1. Batterie int\u00e9gr\u00e9e de 800mAh<\/li>\n<li>2. Capacit\u00e9 de 2,5 ml, conception anti-fuite.<\/li>\n<li>3. D\u00e9bit d&rsquo;air r\u00e9glable<\/li>\n<li>4. Charge rapide de type C<\/li>\n<li>5. Compatible avec Ursa Nano Pod<\/li>\n<li>6. Offre un tirage MTL parfait et l\u00e2che<\/li>\n<li>7. Un style visuellement attrayant<\/li>\n<li>8. D\u00e9tection automatique de la r\u00e9sistance de la bobine<\/li>\n<li>9. Sortie maximale de 18W<\/li>\n<li>10. Indication de charge intelligente<\/li>\n<li>11. Un cordon de liaison est inclus dans le paquet.<\/li>\n<li>12. Connexion magn\u00e9tique lisse<\/li>\n<li>13. Protections multiples : Protection contre les courts-circuits, les batteries faibles, la surchauffe et les surcharges.<\/li>\n<\/ul>\n<p><img loading=\"lazy\" decoding=\"async\" class=\"alignnone size-full wp-image-229154\" src=\"https:\/\/justvape.nu\/wp-content\/uploads\/2018\/04\/Packing-List.png\" alt=\"\" width=\"950\" height=\"64\" title=\"\" srcset=\"https:\/\/justvape.nu\/wp-content\/uploads\/2018\/04\/Packing-List.png 950w, https:\/\/justvape.nu\/wp-content\/uploads\/2018\/04\/Packing-List-600x40.png 600w, https:\/\/justvape.nu\/wp-content\/uploads\/2018\/04\/Packing-List-64x4.png 64w, https:\/\/justvape.nu\/wp-content\/uploads\/2018\/04\/Packing-List-300x20.png 300w, https:\/\/justvape.nu\/wp-content\/uploads\/2018\/04\/Packing-List-768x52.png 768w\" sizes=\"auto, (max-width: 950px) 100vw, 950px\" \/><\/p>\n<p>1* Dispositif Ursa Baby Pod<br \/>\n1* 0.8ohm Ursa Nano Pod 2ml<br \/>\n1* C\u00e2ble de chargement Type-C<br \/>\n1* Lani\u00e8re<br \/>\n1 * manuel de l&rsquo;utilisateur<br \/>\n1* Carte de garantie<\/p>\n","protected":false},"excerpt":{"rendered":"<p>LOST VAPE &#8211; URSA BABY POD KIT<\/p>\n","protected":false},"featured_media":444661,"comment_status":"open","ping_status":"closed","template":"","meta":{"_acf_changed":false,"_uag_custom_page_level_css":"","site-sidebar-layout":"default","site-content-layout":"default","ast-site-content-layout":"default","site-content-style":"default","site-sidebar-style":"default","ast-global-header-display":"","ast-banner-title-visibility":"","ast-main-header-display":"","ast-hfb-above-header-display":"","ast-hfb-below-header-display":"","ast-hfb-mobile-header-display":"","site-post-title":"","ast-breadcrumbs-content":"","ast-featured-img":"","footer-sml-layout":"","ast-disable-related-posts":"","theme-transparent-header-meta":"default","adv-header-id-meta":"","stick-header-meta":"default","header-above-stick-meta":"","header-main-stick-meta":"","header-below-stick-meta":"","astra-migrate-meta-layouts":"default","ast-page-background-enabled":"default","ast-page-background-meta":{"desktop":{"background-color":"","background-image":"","background-repeat":"repeat","background-position":"center center","background-size":"auto","background-attachment":"scroll","background-type":"","background-media":"","overlay-type":"","overlay-color":"","overlay-opacity":"","overlay-gradient":""},"tablet":{"background-color":"","background-image":"","background-repeat":"repeat","background-position":"center center","background-size":"auto","background-attachment":"scroll","background-type":"","background-media":"","overlay-type":"","overlay-color":"","overlay-opacity":"","overlay-gradient":""},"mobile":{"background-color":"","background-image":"","background-repeat":"repeat","background-position":"center center","background-size":"auto","background-attachment":"scroll","background-type":"","background-media":"","overlay-type":"","overlay-color":"","overlay-opacity":"","overlay-gradient":""}},"ast-content-background-meta":{"desktop":{"background-color":"var(--ast-global-color-5)","background-image":"","background-repeat":"repeat","background-position":"center center","background-size":"auto","background-attachment":"scroll","background-type":"","background-media":"","overlay-type":"","overlay-color":"","overlay-opacity":"","overlay-gradient":""},"tablet":{"background-color":"var(--ast-global-color-5)","background-image":"","background-repeat":"repeat","background-position":"center center","background-size":"auto","background-attachment":"scroll","background-type":"","background-media":"","overlay-type":"","overlay-color":"","overlay-opacity":"","overlay-gradient":""},"mobile":{"background-color":"var(--ast-global-color-5)","background-image":"","background-repeat":"repeat","background-position":"center center","background-size":"auto","background-attachment":"scroll","background-type":"","background-media":"","overlay-type":"","overlay-color":"","overlay-opacity":"","overlay-gradient":""}}},"product_brand":[],"product_cat":[2066,2508,2076,4813,2509],"product_tag":[],"class_list":{"0":"post-445030","1":"product","2":"type-product","3":"status-publish","4":"has-post-thumbnail","6":"product_cat-e-cigarettes-fr","7":"product_cat-hardware-fr","8":"product_cat-kits-et-pod-pour-debutants","9":"product_cat-lost-vape-fr","10":"product_cat-shop-by-brand-fr","11":"desktop-align-center","12":"tablet-align-center","13":"mobile-align-center","14":"ast-product-gallery-layout-horizontal-slider","15":"ast-product-gallery-with-no-image","16":"ast-product-single-variable","17":"ast-product-tabs-layout-horizontal","19":"first","20":"instock","21":"sale","22":"taxable","23":"shipping-taxable","24":"purchasable","25":"product-type-variable"},"acf":[],"uagb_featured_image_src":{"full":["https:\/\/justvape.nu\/wp-content\/uploads\/2022\/06\/Untitled-3-2__13666.webp",500,500,false],"thumbnail":["https:\/\/justvape.nu\/wp-content\/uploads\/2022\/06\/Untitled-3-2__13666-150x150.webp",150,150,true],"medium":["https:\/\/justvape.nu\/wp-content\/uploads\/2022\/06\/Untitled-3-2__13666-300x300.webp",300,300,true],"medium_large":["https:\/\/justvape.nu\/wp-content\/uploads\/2022\/06\/Untitled-3-2__13666.webp",500,500,false],"large":["https:\/\/justvape.nu\/wp-content\/uploads\/2022\/06\/Untitled-3-2__13666.webp",500,500,false],"1536x1536":["https:\/\/justvape.nu\/wp-content\/uploads\/2022\/06\/Untitled-3-2__13666.webp",500,500,false],"2048x2048":["https:\/\/justvape.nu\/wp-content\/uploads\/2022\/06\/Untitled-3-2__13666.webp",500,500,false],"woocommerce_thumbnail":["https:\/\/justvape.nu\/wp-content\/uploads\/2022\/06\/Untitled-3-2__13666-300x300.webp",300,300,true],"woocommerce_single":["https:\/\/justvape.nu\/wp-content\/uploads\/2022\/06\/Untitled-3-2__13666.webp",500,500,false],"woocommerce_gallery_thumbnail":["https:\/\/justvape.nu\/wp-content\/uploads\/2022\/06\/Untitled-3-2__13666-100x100.webp",100,100,true],"dgwt-wcas-product-suggestion":["https:\/\/justvape.nu\/wp-content\/uploads\/2022\/06\/Untitled-3-2__13666-64x64.webp",64,64,true]},"uagb_author_info":{"display_name":"JustVape.nu","author_link":"https:\/\/justvape.nu\/fr\/author\/"},"uagb_comment_info":0,"uagb_excerpt":"LOST VAPE - URSA BABY POD KIT","_links":{"self":[{"href":"https:\/\/justvape.nu\/fr\/wp-json\/wp\/v2\/product\/445030","targetHints":{"allow":["GET"]}}],"collection":[{"href":"https:\/\/justvape.nu\/fr\/wp-json\/wp\/v2\/product"}],"about":[{"href":"https:\/\/justvape.nu\/fr\/wp-json\/wp\/v2\/types\/product"}],"replies":[{"embeddable":true,"href":"https:\/\/justvape.nu\/fr\/wp-json\/wp\/v2\/comments?post=445030"}],"wp:featuredmedia":[{"embeddable":true,"href":"https:\/\/justvape.nu\/fr\/wp-json\/wp\/v2\/media\/444661"}],"wp:attachment":[{"href":"https:\/\/justvape.nu\/fr\/wp-json\/wp\/v2\/media?parent=445030"}],"wp:term":[{"taxonomy":"product_brand","embeddable":true,"href":"https:\/\/justvape.nu\/fr\/wp-json\/wp\/v2\/product_brand?post=445030"},{"taxonomy":"product_cat","embeddable":true,"href":"https:\/\/justvape.nu\/fr\/wp-json\/wp\/v2\/product_cat?post=445030"},{"taxonomy":"product_tag","embeddable":true,"href":"https:\/\/justvape.nu\/fr\/wp-json\/wp\/v2\/product_tag?post=445030"}],"curies":[{"name":"wp","href":"https:\/\/api.w.org\/{rel}","templated":true}]}}