{"id":431100,"date":"2022-04-12T11:40:10","date_gmt":"2022-04-12T09:40:10","guid":{"rendered":"https:\/\/justvape.nu\/produkt\/uwell-popreel-n1-pods\/"},"modified":"2025-01-18T21:56:15","modified_gmt":"2025-01-18T20:56:15","slug":"uwell-popreel-n1-pods","status":"publish","type":"product","link":"https:\/\/justvape.nu\/fr\/produkt\/uwell-popreel-n1-pods\/","title":{"rendered":"UWELL POPREEL N1\/ YEARN NEAT 2 REPLACEMENT PODS"},"content":{"rendered":"<h2>UWELL POPREEL N1\/ YEARN NEAT 2 REPLACEMENT PODS<\/h2>\n<p>Les dosettes de remplacement Popreel d&rsquo;Uwell sont dot\u00e9es de la technologie de test d&rsquo;ar\u00f4me Uwell Pro-FOCS pour garantir un ar\u00f4me parfait \u00e0 chaque bouff\u00e9e, les dosettes 1,2 ohm sont fournies en standard avec le syst\u00e8me de dosettes Popreel tandis que les dosettes 0,8 ohm sont fournies avec le kit de dosettes Neat 2, les deux dosettes fonctionnent avec les deux appareils.<br \/>\nUne base magn\u00e9tique permet un remplacement rapide et facile de la dosette et dispose d&rsquo;un remplissage lat\u00e9ral pour rendre le remplissage encore plus facile.<\/p>\n<p><strong class=\"description-little-title\">Param\u00e8tres de la cartouche Uwell Popreel N1 :<\/strong><\/p>\n<table class=\"description-table\">\n<tbody>\n<tr>\n<td class=\"strong-title \">Marque<\/td>\n<td class=\"inline\">Uwell<\/td>\n<\/tr>\n<tr>\n<td class=\"strong-title \">Nom du produit<\/td>\n<td class=\"inline\">Popreel N1 Pod Cartridge<\/td>\n<\/tr>\n<tr>\n<td class=\"strong-title \">Capacit\u00e9<\/td>\n<td class=\"inline\">2ml<\/td>\n<\/tr>\n<tr>\n<td class=\"strong-title \">Remplissage<\/td>\n<td class=\"inline\">Remplissage lat\u00e9ral<\/td>\n<\/tr>\n<tr>\n<td class=\"strong-title \">Type de bobine<\/td>\n<td class=\"inline\">Bobine FeCrAI UN2 Meshed-H 1.2\u03a9<\/td>\n<\/tr>\n<tr>\n<td class=\"strong-title \">En forme pour<\/td>\n<td class=\"inline\">Uwell Popreel N1 Pod System Kit<\/td>\n<\/tr>\n<tr>\n<td class=\"strong-title \">Quantit\u00e9<\/td>\n<td class=\"inline\">2 pi\u00e8ces\/pack<\/td>\n<\/tr>\n<\/tbody>\n<\/table>\n<p><strong class=\"description-little-title \">Le paquet de Popreel N1 Pod est livr\u00e9 avec :<\/strong><\/p>\n<p>1* Uwell Popreel N1 Pod Cartridge 2pcs\/pack<\/p>\n","protected":false},"excerpt":{"rendered":"<p>UWELL POPREEL N1\/ YEARN NEAT 2 REPLACEMENT PODS<\/p>\n","protected":false},"featured_media":431087,"comment_status":"open","ping_status":"closed","template":"","meta":{"_acf_changed":false,"_uag_custom_page_level_css":"","site-sidebar-layout":"default","site-content-layout":"default","ast-site-content-layout":"default","site-content-style":"default","site-sidebar-style":"default","ast-global-header-display":"","ast-banner-title-visibility":"","ast-main-header-display":"","ast-hfb-above-header-display":"","ast-hfb-below-header-display":"","ast-hfb-mobile-header-display":"","site-post-title":"","ast-breadcrumbs-content":"","ast-featured-img":"","footer-sml-layout":"","ast-disable-related-posts":"","theme-transparent-header-meta":"default","adv-header-id-meta":"","stick-header-meta":"default","header-above-stick-meta":"","header-main-stick-meta":"","header-below-stick-meta":"","astra-migrate-meta-layouts":"default","ast-page-background-enabled":"default","ast-page-background-meta":{"desktop":{"background-color":"","background-image":"","background-repeat":"repeat","background-position":"center center","background-size":"auto","background-attachment":"scroll","background-type":"","background-media":"","overlay-type":"","overlay-color":"","overlay-opacity":"","overlay-gradient":""},"tablet":{"background-color":"","background-image":"","background-repeat":"repeat","background-position":"center center","background-size":"auto","background-attachment":"scroll","background-type":"","background-media":"","overlay-type":"","overlay-color":"","overlay-opacity":"","overlay-gradient":""},"mobile":{"background-color":"","background-image":"","background-repeat":"repeat","background-position":"center center","background-size":"auto","background-attachment":"scroll","background-type":"","background-media":"","overlay-type":"","overlay-color":"","overlay-opacity":"","overlay-gradient":""}},"ast-content-background-meta":{"desktop":{"background-color":"var(--ast-global-color-5)","background-image":"","background-repeat":"repeat","background-position":"center center","background-size":"auto","background-attachment":"scroll","background-type":"","background-media":"","overlay-type":"","overlay-color":"","overlay-opacity":"","overlay-gradient":""},"tablet":{"background-color":"var(--ast-global-color-5)","background-image":"","background-repeat":"repeat","background-position":"center center","background-size":"auto","background-attachment":"scroll","background-type":"","background-media":"","overlay-type":"","overlay-color":"","overlay-opacity":"","overlay-gradient":""},"mobile":{"background-color":"var(--ast-global-color-5)","background-image":"","background-repeat":"repeat","background-position":"center center","background-size":"auto","background-attachment":"scroll","background-type":"","background-media":"","overlay-type":"","overlay-color":"","overlay-opacity":"","overlay-gradient":""}}},"product_brand":[],"product_cat":[2056,1976],"product_tag":[],"class_list":{"0":"post-431100","1":"product","2":"type-product","3":"status-publish","4":"has-post-thumbnail","6":"product_cat-bobines-pods","7":"product_cat-reservoirs-et-bobines","8":"desktop-align-center","9":"tablet-align-center","10":"mobile-align-center","11":"ast-product-gallery-layout-horizontal-slider","12":"ast-product-gallery-with-no-image","13":"ast-product-single-variable","14":"ast-product-tabs-layout-horizontal","16":"first","17":"instock","18":"sale","19":"taxable","20":"shipping-taxable","21":"purchasable","22":"product-type-variable"},"acf":[],"uagb_featured_image_src":{"full":["https:\/\/justvape.nu\/wp-content\/uploads\/2022\/04\/authentic-uwell-popreel-n1-replacement-pod-cartridge-2ml-un2-meshed-h-12ohm-coil-2-pcs-1.jpg",800,800,false],"thumbnail":["https:\/\/justvape.nu\/wp-content\/uploads\/2022\/04\/authentic-uwell-popreel-n1-replacement-pod-cartridge-2ml-un2-meshed-h-12ohm-coil-2-pcs-1-150x150.jpg",150,150,true],"medium":["https:\/\/justvape.nu\/wp-content\/uploads\/2022\/04\/authentic-uwell-popreel-n1-replacement-pod-cartridge-2ml-un2-meshed-h-12ohm-coil-2-pcs-1-300x300.jpg",300,300,true],"medium_large":["https:\/\/justvape.nu\/wp-content\/uploads\/2022\/04\/authentic-uwell-popreel-n1-replacement-pod-cartridge-2ml-un2-meshed-h-12ohm-coil-2-pcs-1-768x768.jpg",768,768,true],"large":["https:\/\/justvape.nu\/wp-content\/uploads\/2022\/04\/authentic-uwell-popreel-n1-replacement-pod-cartridge-2ml-un2-meshed-h-12ohm-coil-2-pcs-1.jpg",800,800,false],"1536x1536":["https:\/\/justvape.nu\/wp-content\/uploads\/2022\/04\/authentic-uwell-popreel-n1-replacement-pod-cartridge-2ml-un2-meshed-h-12ohm-coil-2-pcs-1.jpg",800,800,false],"2048x2048":["https:\/\/justvape.nu\/wp-content\/uploads\/2022\/04\/authentic-uwell-popreel-n1-replacement-pod-cartridge-2ml-un2-meshed-h-12ohm-coil-2-pcs-1.jpg",800,800,false],"woocommerce_thumbnail":["https:\/\/justvape.nu\/wp-content\/uploads\/2022\/04\/authentic-uwell-popreel-n1-replacement-pod-cartridge-2ml-un2-meshed-h-12ohm-coil-2-pcs-1-300x300.jpg",300,300,true],"woocommerce_single":["https:\/\/justvape.nu\/wp-content\/uploads\/2022\/04\/authentic-uwell-popreel-n1-replacement-pod-cartridge-2ml-un2-meshed-h-12ohm-coil-2-pcs-1-600x600.jpg",600,600,true],"woocommerce_gallery_thumbnail":["https:\/\/justvape.nu\/wp-content\/uploads\/2022\/04\/authentic-uwell-popreel-n1-replacement-pod-cartridge-2ml-un2-meshed-h-12ohm-coil-2-pcs-1-100x100.jpg",100,100,true],"dgwt-wcas-product-suggestion":["https:\/\/justvape.nu\/wp-content\/uploads\/2022\/04\/authentic-uwell-popreel-n1-replacement-pod-cartridge-2ml-un2-meshed-h-12ohm-coil-2-pcs-1-64x64.jpg",64,64,true]},"uagb_author_info":{"display_name":"JustVape.nu","author_link":"https:\/\/justvape.nu\/fr\/author\/"},"uagb_comment_info":0,"uagb_excerpt":"UWELL POPREEL N1\/ YEARN NEAT 2 REPLACEMENT PODS","_links":{"self":[{"href":"https:\/\/justvape.nu\/fr\/wp-json\/wp\/v2\/product\/431100","targetHints":{"allow":["GET"]}}],"collection":[{"href":"https:\/\/justvape.nu\/fr\/wp-json\/wp\/v2\/product"}],"about":[{"href":"https:\/\/justvape.nu\/fr\/wp-json\/wp\/v2\/types\/product"}],"replies":[{"embeddable":true,"href":"https:\/\/justvape.nu\/fr\/wp-json\/wp\/v2\/comments?post=431100"}],"wp:featuredmedia":[{"embeddable":true,"href":"https:\/\/justvape.nu\/fr\/wp-json\/wp\/v2\/media\/431087"}],"wp:attachment":[{"href":"https:\/\/justvape.nu\/fr\/wp-json\/wp\/v2\/media?parent=431100"}],"wp:term":[{"taxonomy":"product_brand","embeddable":true,"href":"https:\/\/justvape.nu\/fr\/wp-json\/wp\/v2\/product_brand?post=431100"},{"taxonomy":"product_cat","embeddable":true,"href":"https:\/\/justvape.nu\/fr\/wp-json\/wp\/v2\/product_cat?post=431100"},{"taxonomy":"product_tag","embeddable":true,"href":"https:\/\/justvape.nu\/fr\/wp-json\/wp\/v2\/product_tag?post=431100"}],"curies":[{"name":"wp","href":"https:\/\/api.w.org\/{rel}","templated":true}]}}