{"id":423912,"date":"2022-03-08T15:01:22","date_gmt":"2022-03-08T14:01:22","guid":{"rendered":"https:\/\/justvape.nu\/produkt\/eleaf-gx-coils\/"},"modified":"2022-03-08T15:01:22","modified_gmt":"2022-03-08T14:01:22","slug":"eleaf-gx-coils-2","status":"publish","type":"product","link":"https:\/\/justvape.nu\/fr\/produkt\/eleaf-gx-coils-2\/","title":{"rendered":"ELEAF &#8211; GX COILS"},"content":{"rendered":"<h2>ELEAF &#8211; GX COILS<\/h2>\n<p>L&rsquo;<strong>atomiseur Eleaf GX <\/strong>est disponible dans une gamme de r\u00e9sistances. Ils ont une structure en maille qui r\u00e9chauffe votre e-liquide de mani\u00e8re plus uniforme et plus rapide. Associ\u00e9s au r\u00e9servoir GX, ces bobines peuvent chauffer votre e-liquide en seulement 0,001 seconde. Ces bobines ont \u00e9t\u00e9 am\u00e9lior\u00e9es pour offrir un go\u00fbt intense et une vapeur dense.<\/p>\n<ul>\n<li>4 x bobines<\/li>\n<li>Compatible avec le r\u00e9servoir GX<\/li>\n<li>Design Push-fit<\/li>\n<\/ul>\n<p>La bobine 0,2Ohm fonctionne mieux \u00e0 50-80W et la bobine 0,5Ohm atteint son plein potentiel \u00e0 25-45W.<\/p>\n<p>Les deux bobines ont \u00e9t\u00e9 fabriqu\u00e9es avec des mailles pour chauffer votre e-liquide rapidement et uniform\u00e9ment et sont parfaites avec les e-liquides \u00e0 remplissage court pour produire de gros nuages de vapeur. Ils peuvent \u00e9galement \u00eatre utilis\u00e9s avec du e-liquide 50\/50 pour un \u00e9quilibre entre la saveur, la vapeur et la sensation de gorge.<\/p>\n","protected":false},"excerpt":{"rendered":"<p>ELEAF &#8211; GX COILS<\/p>\n","protected":false},"featured_media":423894,"comment_status":"open","ping_status":"closed","template":"","meta":{"_acf_changed":false,"_uag_custom_page_level_css":"","site-sidebar-layout":"default","site-content-layout":"default","ast-site-content-layout":"default","site-content-style":"default","site-sidebar-style":"default","ast-global-header-display":"","ast-banner-title-visibility":"","ast-main-header-display":"","ast-hfb-above-header-display":"","ast-hfb-below-header-display":"","ast-hfb-mobile-header-display":"","site-post-title":"","ast-breadcrumbs-content":"","ast-featured-img":"","footer-sml-layout":"","ast-disable-related-posts":"","theme-transparent-header-meta":"default","adv-header-id-meta":"","stick-header-meta":"default","header-above-stick-meta":"","header-main-stick-meta":"","header-below-stick-meta":"","astra-migrate-meta-layouts":"default","ast-page-background-enabled":"default","ast-page-background-meta":{"desktop":{"background-color":"","background-image":"","background-repeat":"repeat","background-position":"center center","background-size":"auto","background-attachment":"scroll","background-type":"","background-media":"","overlay-type":"","overlay-color":"","overlay-opacity":"","overlay-gradient":""},"tablet":{"background-color":"","background-image":"","background-repeat":"repeat","background-position":"center center","background-size":"auto","background-attachment":"scroll","background-type":"","background-media":"","overlay-type":"","overlay-color":"","overlay-opacity":"","overlay-gradient":""},"mobile":{"background-color":"","background-image":"","background-repeat":"repeat","background-position":"center center","background-size":"auto","background-attachment":"scroll","background-type":"","background-media":"","overlay-type":"","overlay-color":"","overlay-opacity":"","overlay-gradient":""}},"ast-content-background-meta":{"desktop":{"background-color":"var(--ast-global-color-5)","background-image":"","background-repeat":"repeat","background-position":"center center","background-size":"auto","background-attachment":"scroll","background-type":"","background-media":"","overlay-type":"","overlay-color":"","overlay-opacity":"","overlay-gradient":""},"tablet":{"background-color":"var(--ast-global-color-5)","background-image":"","background-repeat":"repeat","background-position":"center center","background-size":"auto","background-attachment":"scroll","background-type":"","background-media":"","overlay-type":"","overlay-color":"","overlay-opacity":"","overlay-gradient":""},"mobile":{"background-color":"var(--ast-global-color-5)","background-image":"","background-repeat":"repeat","background-position":"center center","background-size":"auto","background-attachment":"scroll","background-type":"","background-media":"","overlay-type":"","overlay-color":"","overlay-opacity":"","overlay-gradient":""}}},"product_brand":[],"product_cat":[2056,1976],"product_tag":[],"class_list":{"0":"post-423912","1":"product","2":"type-product","3":"status-publish","4":"has-post-thumbnail","6":"product_cat-bobines-pods","7":"product_cat-reservoirs-et-bobines","8":"desktop-align-center","9":"tablet-align-center","10":"mobile-align-center","11":"ast-product-gallery-layout-horizontal-slider","12":"ast-product-gallery-with-no-image","13":"ast-product-single-variable","14":"ast-product-tabs-layout-horizontal","16":"first","17":"instock","18":"sale","19":"taxable","20":"shipping-taxable","21":"purchasable","22":"product-type-variable"},"acf":[],"uagb_featured_image_src":{"full":["https:\/\/justvape.nu\/wp-content\/uploads\/2022\/03\/p_7W3Uew.jpeg",1000,1000,false],"thumbnail":["https:\/\/justvape.nu\/wp-content\/uploads\/2022\/03\/p_7W3Uew-150x150.jpeg",150,150,true],"medium":["https:\/\/justvape.nu\/wp-content\/uploads\/2022\/03\/p_7W3Uew-300x300.jpeg",300,300,true],"medium_large":["https:\/\/justvape.nu\/wp-content\/uploads\/2022\/03\/p_7W3Uew-768x768.jpeg",768,768,true],"large":["https:\/\/justvape.nu\/wp-content\/uploads\/2022\/03\/p_7W3Uew.jpeg",1000,1000,false],"1536x1536":["https:\/\/justvape.nu\/wp-content\/uploads\/2022\/03\/p_7W3Uew.jpeg",1000,1000,false],"2048x2048":["https:\/\/justvape.nu\/wp-content\/uploads\/2022\/03\/p_7W3Uew.jpeg",1000,1000,false],"woocommerce_thumbnail":["https:\/\/justvape.nu\/wp-content\/uploads\/2022\/03\/p_7W3Uew-300x300.jpeg",300,300,true],"woocommerce_single":["https:\/\/justvape.nu\/wp-content\/uploads\/2022\/03\/p_7W3Uew-600x600.jpeg",600,600,true],"woocommerce_gallery_thumbnail":["https:\/\/justvape.nu\/wp-content\/uploads\/2022\/03\/p_7W3Uew-100x100.jpeg",100,100,true],"dgwt-wcas-product-suggestion":["https:\/\/justvape.nu\/wp-content\/uploads\/2022\/03\/p_7W3Uew-64x64.jpeg",64,64,true]},"uagb_author_info":{"display_name":"JustVape.nu","author_link":"https:\/\/justvape.nu\/fr\/author\/"},"uagb_comment_info":0,"uagb_excerpt":"ELEAF - GX COILS","_links":{"self":[{"href":"https:\/\/justvape.nu\/fr\/wp-json\/wp\/v2\/product\/423912","targetHints":{"allow":["GET"]}}],"collection":[{"href":"https:\/\/justvape.nu\/fr\/wp-json\/wp\/v2\/product"}],"about":[{"href":"https:\/\/justvape.nu\/fr\/wp-json\/wp\/v2\/types\/product"}],"replies":[{"embeddable":true,"href":"https:\/\/justvape.nu\/fr\/wp-json\/wp\/v2\/comments?post=423912"}],"wp:featuredmedia":[{"embeddable":true,"href":"https:\/\/justvape.nu\/fr\/wp-json\/wp\/v2\/media\/423894"}],"wp:attachment":[{"href":"https:\/\/justvape.nu\/fr\/wp-json\/wp\/v2\/media?parent=423912"}],"wp:term":[{"taxonomy":"product_brand","embeddable":true,"href":"https:\/\/justvape.nu\/fr\/wp-json\/wp\/v2\/product_brand?post=423912"},{"taxonomy":"product_cat","embeddable":true,"href":"https:\/\/justvape.nu\/fr\/wp-json\/wp\/v2\/product_cat?post=423912"},{"taxonomy":"product_tag","embeddable":true,"href":"https:\/\/justvape.nu\/fr\/wp-json\/wp\/v2\/product_tag?post=423912"}],"curies":[{"name":"wp","href":"https:\/\/api.w.org\/{rel}","templated":true}]}}