{"id":416268,"date":"2021-12-29T15:21:00","date_gmt":"2021-12-29T14:21:00","guid":{"rendered":"https:\/\/justvape.nu\/produkt\/horizontech-durandal-replacement-pod\/"},"modified":"2021-12-29T15:21:00","modified_gmt":"2021-12-29T14:21:00","slug":"horizontech-durandal-replacement-pod-2","status":"publish","type":"product","link":"https:\/\/justvape.nu\/fr\/produkt\/horizontech-durandal-replacement-pod-2\/","title":{"rendered":"Horizontech &#8211; Durandal Replacement Pod"},"content":{"rendered":"<h2>Horizontech &#8211; Durandal Replacement Pod<\/h2>\n<p>Un seul pod de remplacement, vide, pour le kit Durandal de HorizonTech. Le pod Durandal a une capacit\u00e9 de 4mL d&rsquo;e-liquide et dispose d&rsquo;un remplissage par le haut et d&rsquo;un contr\u00f4le de l&rsquo;airflow par le haut pour \u00e9viter toute fuite. Il est compatible avec les bobines Durandal Mesh, qui sont disponibles en diff\u00e9rentes r\u00e9sistances pour r\u00e9pondre \u00e0 vos besoins.<\/p>\n<h2>PARAM\u00c8TRES :<\/h2>\n<ul>\n<li>Capacit\u00e9 en jus d&rsquo;orange : 4mL<\/li>\n<li>Mat\u00e9riau de la Cosse : PCTG<\/li>\n<li>Type de remplissage : Remplissage sup\u00e9rieur<\/li>\n<li>Chargement : Type-C<\/li>\n<li><strong>Les bobines ne sont pas incluses.<\/strong><\/li>\n<\/ul>\n","protected":false},"excerpt":{"rendered":"<p>Horizontech &#8211; Durandal Replacement Pod<\/p>\n","protected":false},"featured_media":415739,"comment_status":"open","ping_status":"closed","template":"","meta":{"_acf_changed":false,"_uag_custom_page_level_css":"","site-sidebar-layout":"default","site-content-layout":"default","ast-site-content-layout":"default","site-content-style":"default","site-sidebar-style":"default","ast-global-header-display":"","ast-banner-title-visibility":"","ast-main-header-display":"","ast-hfb-above-header-display":"","ast-hfb-below-header-display":"","ast-hfb-mobile-header-display":"","site-post-title":"","ast-breadcrumbs-content":"","ast-featured-img":"","footer-sml-layout":"","ast-disable-related-posts":"","theme-transparent-header-meta":"default","adv-header-id-meta":"","stick-header-meta":"default","header-above-stick-meta":"","header-main-stick-meta":"","header-below-stick-meta":"","astra-migrate-meta-layouts":"default","ast-page-background-enabled":"default","ast-page-background-meta":{"desktop":{"background-color":"","background-image":"","background-repeat":"repeat","background-position":"center center","background-size":"auto","background-attachment":"scroll","background-type":"","background-media":"","overlay-type":"","overlay-color":"","overlay-opacity":"","overlay-gradient":""},"tablet":{"background-color":"","background-image":"","background-repeat":"repeat","background-position":"center center","background-size":"auto","background-attachment":"scroll","background-type":"","background-media":"","overlay-type":"","overlay-color":"","overlay-opacity":"","overlay-gradient":""},"mobile":{"background-color":"","background-image":"","background-repeat":"repeat","background-position":"center center","background-size":"auto","background-attachment":"scroll","background-type":"","background-media":"","overlay-type":"","overlay-color":"","overlay-opacity":"","overlay-gradient":""}},"ast-content-background-meta":{"desktop":{"background-color":"var(--ast-global-color-5)","background-image":"","background-repeat":"repeat","background-position":"center center","background-size":"auto","background-attachment":"scroll","background-type":"","background-media":"","overlay-type":"","overlay-color":"","overlay-opacity":"","overlay-gradient":""},"tablet":{"background-color":"var(--ast-global-color-5)","background-image":"","background-repeat":"repeat","background-position":"center center","background-size":"auto","background-attachment":"scroll","background-type":"","background-media":"","overlay-type":"","overlay-color":"","overlay-opacity":"","overlay-gradient":""},"mobile":{"background-color":"var(--ast-global-color-5)","background-image":"","background-repeat":"repeat","background-position":"center center","background-size":"auto","background-attachment":"scroll","background-type":"","background-media":"","overlay-type":"","overlay-color":"","overlay-opacity":"","overlay-gradient":""}}},"product_brand":[],"product_cat":[2056,1966,1976],"product_tag":[],"class_list":{"0":"post-416268","1":"product","2":"type-product","3":"status-publish","4":"has-post-thumbnail","6":"product_cat-bobines-pods","7":"product_cat-des-offres","8":"product_cat-reservoirs-et-bobines","9":"desktop-align-center","10":"tablet-align-center","11":"mobile-align-center","12":"ast-product-gallery-layout-horizontal-slider","13":"ast-product-gallery-with-no-image","14":"ast-product-tabs-layout-horizontal","16":"first","17":"instock","18":"sale","19":"taxable","20":"shipping-taxable","21":"purchasable","22":"product-type-simple"},"acf":[],"uagb_featured_image_src":{"full":["https:\/\/justvape.nu\/wp-content\/uploads\/2021\/12\/authentic-horizontech-durandal-replacement-pod-cartridge-40ml-1-pc.jpg",800,800,false],"thumbnail":["https:\/\/justvape.nu\/wp-content\/uploads\/2021\/12\/authentic-horizontech-durandal-replacement-pod-cartridge-40ml-1-pc-150x150.jpg",150,150,true],"medium":["https:\/\/justvape.nu\/wp-content\/uploads\/2021\/12\/authentic-horizontech-durandal-replacement-pod-cartridge-40ml-1-pc-300x300.jpg",300,300,true],"medium_large":["https:\/\/justvape.nu\/wp-content\/uploads\/2021\/12\/authentic-horizontech-durandal-replacement-pod-cartridge-40ml-1-pc-768x768.jpg",768,768,true],"large":["https:\/\/justvape.nu\/wp-content\/uploads\/2021\/12\/authentic-horizontech-durandal-replacement-pod-cartridge-40ml-1-pc.jpg",800,800,false],"1536x1536":["https:\/\/justvape.nu\/wp-content\/uploads\/2021\/12\/authentic-horizontech-durandal-replacement-pod-cartridge-40ml-1-pc.jpg",800,800,false],"2048x2048":["https:\/\/justvape.nu\/wp-content\/uploads\/2021\/12\/authentic-horizontech-durandal-replacement-pod-cartridge-40ml-1-pc.jpg",800,800,false],"woocommerce_thumbnail":["https:\/\/justvape.nu\/wp-content\/uploads\/2021\/12\/authentic-horizontech-durandal-replacement-pod-cartridge-40ml-1-pc-300x300.jpg",300,300,true],"woocommerce_single":["https:\/\/justvape.nu\/wp-content\/uploads\/2021\/12\/authentic-horizontech-durandal-replacement-pod-cartridge-40ml-1-pc-600x600.jpg",600,600,true],"woocommerce_gallery_thumbnail":["https:\/\/justvape.nu\/wp-content\/uploads\/2021\/12\/authentic-horizontech-durandal-replacement-pod-cartridge-40ml-1-pc-100x100.jpg",100,100,true],"dgwt-wcas-product-suggestion":["https:\/\/justvape.nu\/wp-content\/uploads\/2021\/12\/authentic-horizontech-durandal-replacement-pod-cartridge-40ml-1-pc-64x64.jpg",64,64,true]},"uagb_author_info":{"display_name":"JustVape.nu","author_link":"https:\/\/justvape.nu\/fr\/author\/"},"uagb_comment_info":0,"uagb_excerpt":"Horizontech - Durandal Replacement Pod","_links":{"self":[{"href":"https:\/\/justvape.nu\/fr\/wp-json\/wp\/v2\/product\/416268","targetHints":{"allow":["GET"]}}],"collection":[{"href":"https:\/\/justvape.nu\/fr\/wp-json\/wp\/v2\/product"}],"about":[{"href":"https:\/\/justvape.nu\/fr\/wp-json\/wp\/v2\/types\/product"}],"replies":[{"embeddable":true,"href":"https:\/\/justvape.nu\/fr\/wp-json\/wp\/v2\/comments?post=416268"}],"wp:featuredmedia":[{"embeddable":true,"href":"https:\/\/justvape.nu\/fr\/wp-json\/wp\/v2\/media\/415739"}],"wp:attachment":[{"href":"https:\/\/justvape.nu\/fr\/wp-json\/wp\/v2\/media?parent=416268"}],"wp:term":[{"taxonomy":"product_brand","embeddable":true,"href":"https:\/\/justvape.nu\/fr\/wp-json\/wp\/v2\/product_brand?post=416268"},{"taxonomy":"product_cat","embeddable":true,"href":"https:\/\/justvape.nu\/fr\/wp-json\/wp\/v2\/product_cat?post=416268"},{"taxonomy":"product_tag","embeddable":true,"href":"https:\/\/justvape.nu\/fr\/wp-json\/wp\/v2\/product_tag?post=416268"}],"curies":[{"name":"wp","href":"https:\/\/api.w.org\/{rel}","templated":true}]}}