{"id":412801,"date":"2021-12-05T16:34:23","date_gmt":"2021-12-05T15:34:23","guid":{"rendered":"https:\/\/justvape.nu\/produkt\/aspire-flexus-q-pod-cartridge\/"},"modified":"2021-12-06T11:20:16","modified_gmt":"2021-12-06T10:20:16","slug":"aspire-flexus-q-pod-cartridge","status":"publish","type":"product","link":"https:\/\/justvape.nu\/fr\/produkt\/aspire-flexus-q-pod-cartridge\/","title":{"rendered":"Aspire &#8211; Flexus Q Pod Cartridge"},"content":{"rendered":"<h2>Aspire &#8211; Flexus Q Pod Cartridge<\/h2>\n<div class=\"description\">\n<p>Le pod Aspire Flexus Q est le remplacement facile \u00e0 utiliser qui s&rsquo;adapte \u00e0 votre kit de vape Flexus Q. Il peut contenir jusqu&rsquo;\u00e0 2ml d&rsquo;e-liquide et comme il est compatible avec les deux bobines de la gamme Aspire Flexus, vous pourrez exp\u00e9rimenter un style de vapotage MTL (Mouth To Lung). Les deux bobines sont vendues s\u00e9par\u00e9ment et imitent l&rsquo;inspiration d&rsquo;une cigarette, cr\u00e9ant une quantit\u00e9 de vapeur plus discr\u00e8te.<\/p>\n<p><strong>Caract\u00e9ristiques:<\/strong><\/p>\n<ul>\n<li>Pod rechargeable de 2ml<\/li>\n<li>MTL Vaping<\/li>\n<li>Aspire Flexus Coil Compatible<\/li>\n<li>Remplissage lat\u00e9ral<\/li>\n<li>Supporte les E-Liquides 50\/50 &amp; High PG<\/li>\n<\/ul>\n<p>Pour recharger votre pod Flexus Q, il suffit de retirer le bouchon en silicone sur le c\u00f4t\u00e9 et vous pourrez remplir jusqu&rsquo;\u00e0 2ml d&rsquo;e-liquide. La bobine de 0,6 Ohm cr\u00e9e un peu plus de vapeur que la version de 1,0 Ohm, mais les deux offrent une saveur am\u00e9lior\u00e9e gr\u00e2ce \u00e0 leur construction en maille. Pour de meilleurs r\u00e9sultats, nous vous recommandons d&rsquo;utiliser un e-liquide avec une concentration de PG de 50\/50 ou plus, quel que soit le type de bobine que vous choisissez.<\/p>\n<\/div>\n<div id=\"shopify-product-reviews\" data-id=\"6665109471334\"><\/div>\n","protected":false},"excerpt":{"rendered":"<p>Aspire &#8211; Flexus Q Pod Cartridge<\/p>\n","protected":false},"featured_media":411764,"comment_status":"open","ping_status":"closed","template":"","meta":{"_acf_changed":false,"_uag_custom_page_level_css":"","site-sidebar-layout":"default","site-content-layout":"default","ast-site-content-layout":"default","site-content-style":"default","site-sidebar-style":"default","ast-global-header-display":"","ast-banner-title-visibility":"","ast-main-header-display":"","ast-hfb-above-header-display":"","ast-hfb-below-header-display":"","ast-hfb-mobile-header-display":"","site-post-title":"","ast-breadcrumbs-content":"","ast-featured-img":"","footer-sml-layout":"","ast-disable-related-posts":"","theme-transparent-header-meta":"default","adv-header-id-meta":"","stick-header-meta":"default","header-above-stick-meta":"","header-main-stick-meta":"","header-below-stick-meta":"","astra-migrate-meta-layouts":"default","ast-page-background-enabled":"default","ast-page-background-meta":{"desktop":{"background-color":"","background-image":"","background-repeat":"repeat","background-position":"center center","background-size":"auto","background-attachment":"scroll","background-type":"","background-media":"","overlay-type":"","overlay-color":"","overlay-opacity":"","overlay-gradient":""},"tablet":{"background-color":"","background-image":"","background-repeat":"repeat","background-position":"center center","background-size":"auto","background-attachment":"scroll","background-type":"","background-media":"","overlay-type":"","overlay-color":"","overlay-opacity":"","overlay-gradient":""},"mobile":{"background-color":"","background-image":"","background-repeat":"repeat","background-position":"center center","background-size":"auto","background-attachment":"scroll","background-type":"","background-media":"","overlay-type":"","overlay-color":"","overlay-opacity":"","overlay-gradient":""}},"ast-content-background-meta":{"desktop":{"background-color":"var(--ast-global-color-5)","background-image":"","background-repeat":"repeat","background-position":"center center","background-size":"auto","background-attachment":"scroll","background-type":"","background-media":"","overlay-type":"","overlay-color":"","overlay-opacity":"","overlay-gradient":""},"tablet":{"background-color":"var(--ast-global-color-5)","background-image":"","background-repeat":"repeat","background-position":"center center","background-size":"auto","background-attachment":"scroll","background-type":"","background-media":"","overlay-type":"","overlay-color":"","overlay-opacity":"","overlay-gradient":""},"mobile":{"background-color":"var(--ast-global-color-5)","background-image":"","background-repeat":"repeat","background-position":"center center","background-size":"auto","background-attachment":"scroll","background-type":"","background-media":"","overlay-type":"","overlay-color":"","overlay-opacity":"","overlay-gradient":""}}},"product_brand":[],"product_cat":[2056,1976],"product_tag":[],"class_list":{"0":"post-412801","1":"product","2":"type-product","3":"status-publish","4":"has-post-thumbnail","6":"product_cat-bobines-pods","7":"product_cat-reservoirs-et-bobines","8":"desktop-align-center","9":"tablet-align-center","10":"mobile-align-center","11":"ast-product-gallery-layout-horizontal-slider","12":"ast-product-gallery-with-no-image","13":"ast-product-tabs-layout-horizontal","15":"first","16":"instock","17":"sale","18":"taxable","19":"shipping-taxable","20":"purchasable","21":"product-type-simple"},"acf":[],"uagb_featured_image_src":{"full":["https:\/\/justvape.nu\/wp-content\/uploads\/2021\/12\/0001_1_2_1024x.jpg",800,800,false],"thumbnail":["https:\/\/justvape.nu\/wp-content\/uploads\/2021\/12\/0001_1_2_1024x-150x150.jpg",150,150,true],"medium":["https:\/\/justvape.nu\/wp-content\/uploads\/2021\/12\/0001_1_2_1024x-300x300.jpg",300,300,true],"medium_large":["https:\/\/justvape.nu\/wp-content\/uploads\/2021\/12\/0001_1_2_1024x-768x768.jpg",768,768,true],"large":["https:\/\/justvape.nu\/wp-content\/uploads\/2021\/12\/0001_1_2_1024x.jpg",800,800,false],"1536x1536":["https:\/\/justvape.nu\/wp-content\/uploads\/2021\/12\/0001_1_2_1024x.jpg",800,800,false],"2048x2048":["https:\/\/justvape.nu\/wp-content\/uploads\/2021\/12\/0001_1_2_1024x.jpg",800,800,false],"woocommerce_thumbnail":["https:\/\/justvape.nu\/wp-content\/uploads\/2021\/12\/0001_1_2_1024x-300x300.jpg",300,300,true],"woocommerce_single":["https:\/\/justvape.nu\/wp-content\/uploads\/2021\/12\/0001_1_2_1024x-600x600.jpg",600,600,true],"woocommerce_gallery_thumbnail":["https:\/\/justvape.nu\/wp-content\/uploads\/2021\/12\/0001_1_2_1024x-100x100.jpg",100,100,true],"dgwt-wcas-product-suggestion":["https:\/\/justvape.nu\/wp-content\/uploads\/2021\/12\/0001_1_2_1024x-64x64.jpg",64,64,true]},"uagb_author_info":{"display_name":"JustVape.nu","author_link":"https:\/\/justvape.nu\/fr\/author\/"},"uagb_comment_info":0,"uagb_excerpt":"Aspire - Flexus Q Pod Cartridge","_links":{"self":[{"href":"https:\/\/justvape.nu\/fr\/wp-json\/wp\/v2\/product\/412801","targetHints":{"allow":["GET"]}}],"collection":[{"href":"https:\/\/justvape.nu\/fr\/wp-json\/wp\/v2\/product"}],"about":[{"href":"https:\/\/justvape.nu\/fr\/wp-json\/wp\/v2\/types\/product"}],"replies":[{"embeddable":true,"href":"https:\/\/justvape.nu\/fr\/wp-json\/wp\/v2\/comments?post=412801"}],"wp:featuredmedia":[{"embeddable":true,"href":"https:\/\/justvape.nu\/fr\/wp-json\/wp\/v2\/media\/411764"}],"wp:attachment":[{"href":"https:\/\/justvape.nu\/fr\/wp-json\/wp\/v2\/media?parent=412801"}],"wp:term":[{"taxonomy":"product_brand","embeddable":true,"href":"https:\/\/justvape.nu\/fr\/wp-json\/wp\/v2\/product_brand?post=412801"},{"taxonomy":"product_cat","embeddable":true,"href":"https:\/\/justvape.nu\/fr\/wp-json\/wp\/v2\/product_cat?post=412801"},{"taxonomy":"product_tag","embeddable":true,"href":"https:\/\/justvape.nu\/fr\/wp-json\/wp\/v2\/product_tag?post=412801"}],"curies":[{"name":"wp","href":"https:\/\/api.w.org\/{rel}","templated":true}]}}