{"id":406845,"date":"2021-10-28T17:39:11","date_gmt":"2021-10-28T15:39:11","guid":{"rendered":"https:\/\/justvape.nu\/produkt\/lost-vape-ultra-boost-pro-ub-replacement-pods\/"},"modified":"2021-10-28T17:39:11","modified_gmt":"2021-10-28T15:39:11","slug":"lost-vape-ultra-boost-ub-replacement-pods-2","status":"publish","type":"product","link":"https:\/\/justvape.nu\/fr\/produkt\/lost-vape-ultra-boost-ub-replacement-pods-2\/","title":{"rendered":"LOST VAPE &#8211; ULTRA BOOST PRO &amp; UB REPLACEMENT PODS"},"content":{"rendered":"<h2>LOST VAPE &#8211; ULTRA BOOST PRO &amp; UB REPLACEMENT PODS<\/h2>\n<p>Le UB Pro Pod a une capacit\u00e9 de 5ml et le UB Pod a une capacit\u00e9 de 5,5ml.<\/p>\n<p>Les pods de remplacement UB existent en deux variantes :<\/p>\n<ul>\n<li>UB PRO \u00e0 utiliser avec les bobines Ultra Boost PRO (non incluses)<\/li>\n<li>UB qui doivent \u00eatre utilis\u00e9s avec les bobines Ultra Boost (non incluses).<\/li>\n<\/ul>\n<p>Le r\u00e9servoir UB Pod a \u00e9t\u00e9 vu pour la premi\u00e8re fois sur le kit Grus 100 et dispose d&rsquo;un design de bobine de fond push-fit et d&rsquo;un syst\u00e8me de remplissage lat\u00e9ral, les deux pods ont un drip tip 810, mais le UB Pro Pod a un diam\u00e8tre l\u00e9g\u00e8rement plus grand pour permettre une vape moins restrictive lors de l&rsquo;utilisation des Pro Coils. 1 pi\u00e8ce par paquet<\/p>\n","protected":false},"excerpt":{"rendered":"<p>LOST VAPE &#8211; ULTRA BOOST PRO &amp; UB REPLACEMENT PODS<\/p>\n","protected":false},"featured_media":406386,"comment_status":"open","ping_status":"closed","template":"","meta":{"_acf_changed":false,"_uag_custom_page_level_css":"","site-sidebar-layout":"default","site-content-layout":"default","ast-site-content-layout":"default","site-content-style":"default","site-sidebar-style":"default","ast-global-header-display":"","ast-banner-title-visibility":"","ast-main-header-display":"","ast-hfb-above-header-display":"","ast-hfb-below-header-display":"","ast-hfb-mobile-header-display":"","site-post-title":"","ast-breadcrumbs-content":"","ast-featured-img":"","footer-sml-layout":"","ast-disable-related-posts":"","theme-transparent-header-meta":"default","adv-header-id-meta":"","stick-header-meta":"default","header-above-stick-meta":"","header-main-stick-meta":"","header-below-stick-meta":"","astra-migrate-meta-layouts":"default","ast-page-background-enabled":"default","ast-page-background-meta":{"desktop":{"background-color":"","background-image":"","background-repeat":"repeat","background-position":"center center","background-size":"auto","background-attachment":"scroll","background-type":"","background-media":"","overlay-type":"","overlay-color":"","overlay-opacity":"","overlay-gradient":""},"tablet":{"background-color":"","background-image":"","background-repeat":"repeat","background-position":"center center","background-size":"auto","background-attachment":"scroll","background-type":"","background-media":"","overlay-type":"","overlay-color":"","overlay-opacity":"","overlay-gradient":""},"mobile":{"background-color":"","background-image":"","background-repeat":"repeat","background-position":"center center","background-size":"auto","background-attachment":"scroll","background-type":"","background-media":"","overlay-type":"","overlay-color":"","overlay-opacity":"","overlay-gradient":""}},"ast-content-background-meta":{"desktop":{"background-color":"var(--ast-global-color-5)","background-image":"","background-repeat":"repeat","background-position":"center center","background-size":"auto","background-attachment":"scroll","background-type":"","background-media":"","overlay-type":"","overlay-color":"","overlay-opacity":"","overlay-gradient":""},"tablet":{"background-color":"var(--ast-global-color-5)","background-image":"","background-repeat":"repeat","background-position":"center center","background-size":"auto","background-attachment":"scroll","background-type":"","background-media":"","overlay-type":"","overlay-color":"","overlay-opacity":"","overlay-gradient":""},"mobile":{"background-color":"var(--ast-global-color-5)","background-image":"","background-repeat":"repeat","background-position":"center center","background-size":"auto","background-attachment":"scroll","background-type":"","background-media":"","overlay-type":"","overlay-color":"","overlay-opacity":"","overlay-gradient":""}}},"product_brand":[],"product_cat":[2056,1966,1976],"product_tag":[],"class_list":{"0":"post-406845","1":"product","2":"type-product","3":"status-publish","4":"has-post-thumbnail","6":"product_cat-bobines-pods","7":"product_cat-des-offres","8":"product_cat-reservoirs-et-bobines","9":"desktop-align-center","10":"tablet-align-center","11":"mobile-align-center","12":"ast-product-gallery-layout-horizontal-slider","13":"ast-product-single-variable","14":"ast-product-tabs-layout-horizontal","16":"first","17":"instock","18":"sale","19":"taxable","20":"shipping-taxable","21":"purchasable","22":"product-type-variable"},"acf":[],"uagb_featured_image_src":{"full":["https:\/\/justvape.nu\/wp-content\/uploads\/2021\/10\/pod1_1024x1024.png",600,600,false],"thumbnail":["https:\/\/justvape.nu\/wp-content\/uploads\/2021\/10\/pod1_1024x1024-150x150.png",150,150,true],"medium":["https:\/\/justvape.nu\/wp-content\/uploads\/2021\/10\/pod1_1024x1024-300x300.png",300,300,true],"medium_large":["https:\/\/justvape.nu\/wp-content\/uploads\/2021\/10\/pod1_1024x1024.png",600,600,false],"large":["https:\/\/justvape.nu\/wp-content\/uploads\/2021\/10\/pod1_1024x1024.png",600,600,false],"1536x1536":["https:\/\/justvape.nu\/wp-content\/uploads\/2021\/10\/pod1_1024x1024.png",600,600,false],"2048x2048":["https:\/\/justvape.nu\/wp-content\/uploads\/2021\/10\/pod1_1024x1024.png",600,600,false],"woocommerce_thumbnail":["https:\/\/justvape.nu\/wp-content\/uploads\/2021\/10\/pod1_1024x1024-300x300.png",300,300,true],"woocommerce_single":["https:\/\/justvape.nu\/wp-content\/uploads\/2021\/10\/pod1_1024x1024.png",600,600,false],"woocommerce_gallery_thumbnail":["https:\/\/justvape.nu\/wp-content\/uploads\/2021\/10\/pod1_1024x1024-100x100.png",100,100,true],"dgwt-wcas-product-suggestion":["https:\/\/justvape.nu\/wp-content\/uploads\/2021\/10\/pod1_1024x1024-64x64.png",64,64,true]},"uagb_author_info":{"display_name":"JustVape.nu","author_link":"https:\/\/justvape.nu\/fr\/author\/"},"uagb_comment_info":0,"uagb_excerpt":"LOST VAPE - ULTRA BOOST PRO &amp; UB REPLACEMENT PODS","_links":{"self":[{"href":"https:\/\/justvape.nu\/fr\/wp-json\/wp\/v2\/product\/406845","targetHints":{"allow":["GET"]}}],"collection":[{"href":"https:\/\/justvape.nu\/fr\/wp-json\/wp\/v2\/product"}],"about":[{"href":"https:\/\/justvape.nu\/fr\/wp-json\/wp\/v2\/types\/product"}],"replies":[{"embeddable":true,"href":"https:\/\/justvape.nu\/fr\/wp-json\/wp\/v2\/comments?post=406845"}],"wp:featuredmedia":[{"embeddable":true,"href":"https:\/\/justvape.nu\/fr\/wp-json\/wp\/v2\/media\/406386"}],"wp:attachment":[{"href":"https:\/\/justvape.nu\/fr\/wp-json\/wp\/v2\/media?parent=406845"}],"wp:term":[{"taxonomy":"product_brand","embeddable":true,"href":"https:\/\/justvape.nu\/fr\/wp-json\/wp\/v2\/product_brand?post=406845"},{"taxonomy":"product_cat","embeddable":true,"href":"https:\/\/justvape.nu\/fr\/wp-json\/wp\/v2\/product_cat?post=406845"},{"taxonomy":"product_tag","embeddable":true,"href":"https:\/\/justvape.nu\/fr\/wp-json\/wp\/v2\/product_tag?post=406845"}],"curies":[{"name":"wp","href":"https:\/\/api.w.org\/{rel}","templated":true}]}}