{"id":399558,"date":"2021-09-07T22:05:32","date_gmt":"2021-09-07T20:05:32","guid":{"rendered":"https:\/\/www.justvape.nu\/produkt\/alpha3-cap-removal-tool\/"},"modified":"2021-09-07T22:10:29","modified_gmt":"2021-09-07T20:10:29","slug":"outil-denlevement-du-capuchon-alpha3","status":"publish","type":"product","link":"https:\/\/justvape.nu\/fr\/produkt\/outil-denlevement-du-capuchon-alpha3\/","title":{"rendered":"ALPHA3 CAP REMOVAL TOOL"},"content":{"rendered":"<h2 class=\"product_name\">ALPHA3 CAP REMOVAL TOOL<\/h2>\n<p>L&rsquo;Alpha3 est un dispositif innovant mais simple de remplissage court et d&rsquo;enl\u00e8vement de la plume de 10 ml, qui permet d&rsquo;\u00e9viter l&rsquo;utilisation de ciseaux, de tournevis, de pinces et d&rsquo;autres instruments actuellement utilis\u00e9s pour ce travail. d&rsquo;un simple mouvement de pouss\u00e9e et de soul\u00e8vement, vous pourrez retirer les bouchons de remplissage courts avec facilit\u00e9 !<\/p>\n<p><strong>Supprime :<\/strong><\/p>\n<ul>\n<li>10ml Bouteille de plumes<\/li>\n<li>60ml de plumes de bouteille Chubby<\/li>\n<li>120ml de plumes de bouteille Chubby<\/li>\n<\/ul>\n","protected":false},"excerpt":{"rendered":"<p>ALPHA3 CAP REMOVAL TOOL<\/p>\n","protected":false},"featured_media":399549,"comment_status":"open","ping_status":"closed","template":"","meta":{"_acf_changed":false,"_uag_custom_page_level_css":"","site-sidebar-layout":"default","site-content-layout":"default","ast-site-content-layout":"default","site-content-style":"default","site-sidebar-style":"default","ast-global-header-display":"","ast-banner-title-visibility":"","ast-main-header-display":"","ast-hfb-above-header-display":"","ast-hfb-below-header-display":"","ast-hfb-mobile-header-display":"","site-post-title":"","ast-breadcrumbs-content":"","ast-featured-img":"","footer-sml-layout":"","ast-disable-related-posts":"","theme-transparent-header-meta":"default","adv-header-id-meta":"","stick-header-meta":"default","header-above-stick-meta":"","header-main-stick-meta":"","header-below-stick-meta":"","astra-migrate-meta-layouts":"default","ast-page-background-enabled":"default","ast-page-background-meta":{"desktop":{"background-color":"","background-image":"","background-repeat":"repeat","background-position":"center center","background-size":"auto","background-attachment":"scroll","background-type":"","background-media":"","overlay-type":"","overlay-color":"","overlay-opacity":"","overlay-gradient":""},"tablet":{"background-color":"","background-image":"","background-repeat":"repeat","background-position":"center center","background-size":"auto","background-attachment":"scroll","background-type":"","background-media":"","overlay-type":"","overlay-color":"","overlay-opacity":"","overlay-gradient":""},"mobile":{"background-color":"","background-image":"","background-repeat":"repeat","background-position":"center center","background-size":"auto","background-attachment":"scroll","background-type":"","background-media":"","overlay-type":"","overlay-color":"","overlay-opacity":"","overlay-gradient":""}},"ast-content-background-meta":{"desktop":{"background-color":"var(--ast-global-color-5)","background-image":"","background-repeat":"repeat","background-position":"center center","background-size":"auto","background-attachment":"scroll","background-type":"","background-media":"","overlay-type":"","overlay-color":"","overlay-opacity":"","overlay-gradient":""},"tablet":{"background-color":"var(--ast-global-color-5)","background-image":"","background-repeat":"repeat","background-position":"center center","background-size":"auto","background-attachment":"scroll","background-type":"","background-media":"","overlay-type":"","overlay-color":"","overlay-opacity":"","overlay-gradient":""},"mobile":{"background-color":"var(--ast-global-color-5)","background-image":"","background-repeat":"repeat","background-position":"center center","background-size":"auto","background-attachment":"scroll","background-type":"","background-media":"","overlay-type":"","overlay-color":"","overlay-opacity":"","overlay-gradient":""}}},"product_brand":[],"product_cat":[1916,2280],"product_tag":[],"class_list":{"0":"post-399558","1":"product","2":"type-product","3":"status-publish","4":"has-post-thumbnail","6":"product_cat-diy-fr","7":"product_cat-outils-vape","8":"desktop-align-center","9":"tablet-align-center","10":"mobile-align-center","11":"ast-product-gallery-layout-horizontal-slider","12":"ast-product-gallery-with-no-image","13":"ast-product-tabs-layout-horizontal","15":"first","16":"instock","17":"sale","18":"taxable","19":"shipping-taxable","20":"purchasable","21":"product-type-simple"},"acf":[],"uagb_featured_image_src":{"full":["https:\/\/justvape.nu\/wp-content\/uploads\/2021\/09\/alpha-3-removal-tool-eliquid-cap-the-alpha-3.png",600,600,false],"thumbnail":["https:\/\/justvape.nu\/wp-content\/uploads\/2021\/09\/alpha-3-removal-tool-eliquid-cap-the-alpha-3-150x150.png",150,150,true],"medium":["https:\/\/justvape.nu\/wp-content\/uploads\/2021\/09\/alpha-3-removal-tool-eliquid-cap-the-alpha-3-300x300.png",300,300,true],"medium_large":["https:\/\/justvape.nu\/wp-content\/uploads\/2021\/09\/alpha-3-removal-tool-eliquid-cap-the-alpha-3.png",600,600,false],"large":["https:\/\/justvape.nu\/wp-content\/uploads\/2021\/09\/alpha-3-removal-tool-eliquid-cap-the-alpha-3.png",600,600,false],"1536x1536":["https:\/\/justvape.nu\/wp-content\/uploads\/2021\/09\/alpha-3-removal-tool-eliquid-cap-the-alpha-3.png",600,600,false],"2048x2048":["https:\/\/justvape.nu\/wp-content\/uploads\/2021\/09\/alpha-3-removal-tool-eliquid-cap-the-alpha-3.png",600,600,false],"woocommerce_thumbnail":["https:\/\/justvape.nu\/wp-content\/uploads\/2021\/09\/alpha-3-removal-tool-eliquid-cap-the-alpha-3-300x300.png",300,300,true],"woocommerce_single":["https:\/\/justvape.nu\/wp-content\/uploads\/2021\/09\/alpha-3-removal-tool-eliquid-cap-the-alpha-3.png",600,600,false],"woocommerce_gallery_thumbnail":["https:\/\/justvape.nu\/wp-content\/uploads\/2021\/09\/alpha-3-removal-tool-eliquid-cap-the-alpha-3-100x100.png",100,100,true],"dgwt-wcas-product-suggestion":["https:\/\/justvape.nu\/wp-content\/uploads\/2021\/09\/alpha-3-removal-tool-eliquid-cap-the-alpha-3-64x64.png",64,64,true]},"uagb_author_info":{"display_name":"JustVape.nu","author_link":"https:\/\/justvape.nu\/fr\/author\/"},"uagb_comment_info":0,"uagb_excerpt":"ALPHA3 CAP REMOVAL TOOL","_links":{"self":[{"href":"https:\/\/justvape.nu\/fr\/wp-json\/wp\/v2\/product\/399558","targetHints":{"allow":["GET"]}}],"collection":[{"href":"https:\/\/justvape.nu\/fr\/wp-json\/wp\/v2\/product"}],"about":[{"href":"https:\/\/justvape.nu\/fr\/wp-json\/wp\/v2\/types\/product"}],"replies":[{"embeddable":true,"href":"https:\/\/justvape.nu\/fr\/wp-json\/wp\/v2\/comments?post=399558"}],"wp:featuredmedia":[{"embeddable":true,"href":"https:\/\/justvape.nu\/fr\/wp-json\/wp\/v2\/media\/399549"}],"wp:attachment":[{"href":"https:\/\/justvape.nu\/fr\/wp-json\/wp\/v2\/media?parent=399558"}],"wp:term":[{"taxonomy":"product_brand","embeddable":true,"href":"https:\/\/justvape.nu\/fr\/wp-json\/wp\/v2\/product_brand?post=399558"},{"taxonomy":"product_cat","embeddable":true,"href":"https:\/\/justvape.nu\/fr\/wp-json\/wp\/v2\/product_cat?post=399558"},{"taxonomy":"product_tag","embeddable":true,"href":"https:\/\/justvape.nu\/fr\/wp-json\/wp\/v2\/product_tag?post=399558"}],"curies":[{"name":"wp","href":"https:\/\/api.w.org\/{rel}","templated":true}]}}