{"id":398465,"date":"2021-09-07T16:21:17","date_gmt":"2021-09-07T14:21:17","guid":{"rendered":"https:\/\/www.justvape.nu\/produkt\/aspire-cloudflask-replacement-pod-2ml\/"},"modified":"2021-09-07T16:28:51","modified_gmt":"2021-09-07T14:28:51","slug":"aspire-cloudflask-replacement-pod-2ml","status":"publish","type":"product","link":"https:\/\/justvape.nu\/fr\/produkt\/aspire-cloudflask-replacement-pod-2ml\/","title":{"rendered":"ASPIRE &#8211; CLOUDFLASK REPLACEMENT POD 2ML"},"content":{"rendered":"<h2>ASPIRE &#8211; CLOUDFLASK REPLACEMENT POD 2ML<\/h2>\n<p>Fusionnant des fonctionnalit\u00e9s puissantes avec un design facile \u00e0 utiliser et robuste de type hipflask, le nouveau Cloudflask d&rsquo;Aspire repr\u00e9sente un pod id\u00e9al pour les nouveaux fumeurs ou les fumeurs exp\u00e9riment\u00e9s \u00e0 la recherche de l&rsquo;ultime compagnon de voyage.<\/p>\n<p>Cette dosette de remplacement de 2ml pour le Cloudflask permet de remplacer votre bobine gr\u00e2ce au syst\u00e8me simple \u00ab\u00a0push-to-fit\u00a0\u00bb d&rsquo;Aspire et peut \u00eatre facilement recharg\u00e9e en d\u00e9tachant la dosette, en descellant la bonde en silicone, en compl\u00e9tant votre liquide et en la repla\u00e7ant.<\/p>\n<p>Le drip tip 810 en r\u00e9sine est confortable sur les l\u00e8vres mais peut \u00eatre remplac\u00e9 par un autre drip tip 810 de votre pr\u00e9f\u00e9rence.<\/p>\n<p>Con\u00e7u pour \u00eatre utilis\u00e9 avec les bobines Aspire Mesh 0.25 pour une sublime exp\u00e9rience de vapotage sub-ohm, DTL (direct-to-lung).<\/p>\n<p><strong>Sp\u00e9cification :<\/strong><\/p>\n<p>Capacit\u00e9 e-liquide de 2 ml<br \/>\nSyst\u00e8me de bobine amovible<br \/>\nR\u00e9sine 810 Drip Tip<br \/>\nCompatible avec les bobines Aspire Cloudflask Mesh.<\/p>\n","protected":false},"excerpt":{"rendered":"<p>ASPIRE &#8211; CLOUDFLASK REPLACEMENT POD 2ML<\/p>\n","protected":false},"featured_media":398474,"comment_status":"open","ping_status":"closed","template":"","meta":{"_acf_changed":false,"_uag_custom_page_level_css":"","site-sidebar-layout":"default","site-content-layout":"default","ast-site-content-layout":"default","site-content-style":"default","site-sidebar-style":"default","ast-global-header-display":"","ast-banner-title-visibility":"","ast-main-header-display":"","ast-hfb-above-header-display":"","ast-hfb-below-header-display":"","ast-hfb-mobile-header-display":"","site-post-title":"","ast-breadcrumbs-content":"","ast-featured-img":"","footer-sml-layout":"","ast-disable-related-posts":"","theme-transparent-header-meta":"default","adv-header-id-meta":"","stick-header-meta":"default","header-above-stick-meta":"","header-main-stick-meta":"","header-below-stick-meta":"","astra-migrate-meta-layouts":"default","ast-page-background-enabled":"default","ast-page-background-meta":{"desktop":{"background-color":"","background-image":"","background-repeat":"repeat","background-position":"center center","background-size":"auto","background-attachment":"scroll","background-type":"","background-media":"","overlay-type":"","overlay-color":"","overlay-opacity":"","overlay-gradient":""},"tablet":{"background-color":"","background-image":"","background-repeat":"repeat","background-position":"center center","background-size":"auto","background-attachment":"scroll","background-type":"","background-media":"","overlay-type":"","overlay-color":"","overlay-opacity":"","overlay-gradient":""},"mobile":{"background-color":"","background-image":"","background-repeat":"repeat","background-position":"center center","background-size":"auto","background-attachment":"scroll","background-type":"","background-media":"","overlay-type":"","overlay-color":"","overlay-opacity":"","overlay-gradient":""}},"ast-content-background-meta":{"desktop":{"background-color":"var(--ast-global-color-5)","background-image":"","background-repeat":"repeat","background-position":"center center","background-size":"auto","background-attachment":"scroll","background-type":"","background-media":"","overlay-type":"","overlay-color":"","overlay-opacity":"","overlay-gradient":""},"tablet":{"background-color":"var(--ast-global-color-5)","background-image":"","background-repeat":"repeat","background-position":"center center","background-size":"auto","background-attachment":"scroll","background-type":"","background-media":"","overlay-type":"","overlay-color":"","overlay-opacity":"","overlay-gradient":""},"mobile":{"background-color":"var(--ast-global-color-5)","background-image":"","background-repeat":"repeat","background-position":"center center","background-size":"auto","background-attachment":"scroll","background-type":"","background-media":"","overlay-type":"","overlay-color":"","overlay-opacity":"","overlay-gradient":""}}},"product_brand":[],"product_cat":[2056,1976],"product_tag":[],"class_list":{"0":"post-398465","1":"product","2":"type-product","3":"status-publish","4":"has-post-thumbnail","6":"product_cat-bobines-pods","7":"product_cat-reservoirs-et-bobines","8":"desktop-align-center","9":"tablet-align-center","10":"mobile-align-center","11":"ast-product-gallery-layout-horizontal-slider","12":"ast-product-gallery-with-no-image","13":"ast-product-tabs-layout-horizontal","15":"first","16":"instock","17":"sale","18":"taxable","19":"shipping-taxable","20":"purchasable","21":"product-type-simple"},"acf":[],"uagb_featured_image_src":{"full":["https:\/\/justvape.nu\/wp-content\/uploads\/2021\/09\/pod-aspire-cloudflask-pod-14637569835097_600x_dba8433a-5b87-4e92-9f40-da89038bdbf2.jpg",600,600,false],"thumbnail":["https:\/\/justvape.nu\/wp-content\/uploads\/2021\/09\/pod-aspire-cloudflask-pod-14637569835097_600x_dba8433a-5b87-4e92-9f40-da89038bdbf2-150x150.jpg",150,150,true],"medium":["https:\/\/justvape.nu\/wp-content\/uploads\/2021\/09\/pod-aspire-cloudflask-pod-14637569835097_600x_dba8433a-5b87-4e92-9f40-da89038bdbf2-300x300.jpg",300,300,true],"medium_large":["https:\/\/justvape.nu\/wp-content\/uploads\/2021\/09\/pod-aspire-cloudflask-pod-14637569835097_600x_dba8433a-5b87-4e92-9f40-da89038bdbf2.jpg",600,600,false],"large":["https:\/\/justvape.nu\/wp-content\/uploads\/2021\/09\/pod-aspire-cloudflask-pod-14637569835097_600x_dba8433a-5b87-4e92-9f40-da89038bdbf2.jpg",600,600,false],"1536x1536":["https:\/\/justvape.nu\/wp-content\/uploads\/2021\/09\/pod-aspire-cloudflask-pod-14637569835097_600x_dba8433a-5b87-4e92-9f40-da89038bdbf2.jpg",600,600,false],"2048x2048":["https:\/\/justvape.nu\/wp-content\/uploads\/2021\/09\/pod-aspire-cloudflask-pod-14637569835097_600x_dba8433a-5b87-4e92-9f40-da89038bdbf2.jpg",600,600,false],"woocommerce_thumbnail":["https:\/\/justvape.nu\/wp-content\/uploads\/2021\/09\/pod-aspire-cloudflask-pod-14637569835097_600x_dba8433a-5b87-4e92-9f40-da89038bdbf2-300x300.jpg",300,300,true],"woocommerce_single":["https:\/\/justvape.nu\/wp-content\/uploads\/2021\/09\/pod-aspire-cloudflask-pod-14637569835097_600x_dba8433a-5b87-4e92-9f40-da89038bdbf2.jpg",600,600,false],"woocommerce_gallery_thumbnail":["https:\/\/justvape.nu\/wp-content\/uploads\/2021\/09\/pod-aspire-cloudflask-pod-14637569835097_600x_dba8433a-5b87-4e92-9f40-da89038bdbf2-100x100.jpg",100,100,true],"dgwt-wcas-product-suggestion":["https:\/\/justvape.nu\/wp-content\/uploads\/2021\/09\/pod-aspire-cloudflask-pod-14637569835097_600x_dba8433a-5b87-4e92-9f40-da89038bdbf2-64x64.jpg",64,64,true]},"uagb_author_info":{"display_name":"JustVape.nu","author_link":"https:\/\/justvape.nu\/fr\/author\/"},"uagb_comment_info":0,"uagb_excerpt":"ASPIRE - CLOUDFLASK REPLACEMENT POD 2ML","_links":{"self":[{"href":"https:\/\/justvape.nu\/fr\/wp-json\/wp\/v2\/product\/398465","targetHints":{"allow":["GET"]}}],"collection":[{"href":"https:\/\/justvape.nu\/fr\/wp-json\/wp\/v2\/product"}],"about":[{"href":"https:\/\/justvape.nu\/fr\/wp-json\/wp\/v2\/types\/product"}],"replies":[{"embeddable":true,"href":"https:\/\/justvape.nu\/fr\/wp-json\/wp\/v2\/comments?post=398465"}],"wp:featuredmedia":[{"embeddable":true,"href":"https:\/\/justvape.nu\/fr\/wp-json\/wp\/v2\/media\/398474"}],"wp:attachment":[{"href":"https:\/\/justvape.nu\/fr\/wp-json\/wp\/v2\/media?parent=398465"}],"wp:term":[{"taxonomy":"product_brand","embeddable":true,"href":"https:\/\/justvape.nu\/fr\/wp-json\/wp\/v2\/product_brand?post=398465"},{"taxonomy":"product_cat","embeddable":true,"href":"https:\/\/justvape.nu\/fr\/wp-json\/wp\/v2\/product_cat?post=398465"},{"taxonomy":"product_tag","embeddable":true,"href":"https:\/\/justvape.nu\/fr\/wp-json\/wp\/v2\/product_tag?post=398465"}],"curies":[{"name":"wp","href":"https:\/\/api.w.org\/{rel}","templated":true}]}}