{"id":397382,"date":"2021-09-01T17:54:51","date_gmt":"2021-09-01T15:54:51","guid":{"rendered":"https:\/\/www.justvape.nu\/produkt\/lost-vape-ub-lite-coils\/"},"modified":"2021-09-01T20:33:01","modified_gmt":"2021-09-01T18:33:01","slug":"bobines-de-vapeur-perdue-ub-lite","status":"publish","type":"product","link":"https:\/\/justvape.nu\/fr\/produkt\/bobines-de-vapeur-perdue-ub-lite\/","title":{"rendered":"LOST VAPE &#8211; UB LITE COILS"},"content":{"rendered":"<h2>LOST VAPE &#8211; UB LITE COILS<\/h2>\n<p>Les bobines de la s\u00e9rie UB Lite sont con\u00e7ues pour \u00eatre utilis\u00e9es avec le kit de pods UB Lite de lost vape, elles sont construites en Mesh et sont disponibles en trois r\u00e9sistances, 0.4ohm (UB L1) est mieux utilis\u00e9e entre 20-30 et est plus destin\u00e9e \u00e0 une inhalation directe vers les poumons, la 0.8ohm (UB L3) est mieux utilis\u00e9 entre 12-17w et est plus destin\u00e9 \u00e0 une inhalation restrictive directe aux poumons tandis que le 1.4ohm (UB L5) Coil est une bouche compl\u00e8te \u00e0 l&rsquo;inhalation de poumon mieux utilis\u00e9 entre 8-10w. 5 pi\u00e8ces chaque paquet.<\/p>\n<p><img loading=\"lazy\" decoding=\"async\" class=\"alignnone size-full wp-image-396913\" src=\"https:\/\/www.justvape.nu\/wp-content\/uploads\/2021\/09\/Lost_Vape_UB_Lite_Coil_Resistance.jpg\" alt=\"\" width=\"831\" height=\"367\" title=\"\" srcset=\"https:\/\/justvape.nu\/wp-content\/uploads\/2021\/09\/Lost_Vape_UB_Lite_Coil_Resistance.jpg 831w, https:\/\/justvape.nu\/wp-content\/uploads\/2021\/09\/Lost_Vape_UB_Lite_Coil_Resistance-300x132.jpg 300w, https:\/\/justvape.nu\/wp-content\/uploads\/2021\/09\/Lost_Vape_UB_Lite_Coil_Resistance-768x339.jpg 768w, https:\/\/justvape.nu\/wp-content\/uploads\/2021\/09\/Lost_Vape_UB_Lite_Coil_Resistance-600x265.jpg 600w, https:\/\/justvape.nu\/wp-content\/uploads\/2021\/09\/Lost_Vape_UB_Lite_Coil_Resistance-64x28.jpg 64w\" sizes=\"auto, (max-width: 831px) 100vw, 831px\" \/><\/p>\n<p><strong>Contenu :<\/strong><\/p>\n<ul>\n<li>5x UB Lite Replacement Coils<\/li>\n<\/ul>\n<p>&nbsp;<\/p>\n","protected":false},"excerpt":{"rendered":"<p>LOST VAPE &#8211; UB LITE COILS<\/p>\n","protected":false},"featured_media":396930,"comment_status":"open","ping_status":"closed","template":"","meta":{"_acf_changed":false,"_uag_custom_page_level_css":"","site-sidebar-layout":"default","site-content-layout":"default","ast-site-content-layout":"default","site-content-style":"default","site-sidebar-style":"default","ast-global-header-display":"","ast-banner-title-visibility":"","ast-main-header-display":"","ast-hfb-above-header-display":"","ast-hfb-below-header-display":"","ast-hfb-mobile-header-display":"","site-post-title":"","ast-breadcrumbs-content":"","ast-featured-img":"","footer-sml-layout":"","ast-disable-related-posts":"","theme-transparent-header-meta":"default","adv-header-id-meta":"","stick-header-meta":"default","header-above-stick-meta":"","header-main-stick-meta":"","header-below-stick-meta":"","astra-migrate-meta-layouts":"default","ast-page-background-enabled":"default","ast-page-background-meta":{"desktop":{"background-color":"","background-image":"","background-repeat":"repeat","background-position":"center center","background-size":"auto","background-attachment":"scroll","background-type":"","background-media":"","overlay-type":"","overlay-color":"","overlay-opacity":"","overlay-gradient":""},"tablet":{"background-color":"","background-image":"","background-repeat":"repeat","background-position":"center center","background-size":"auto","background-attachment":"scroll","background-type":"","background-media":"","overlay-type":"","overlay-color":"","overlay-opacity":"","overlay-gradient":""},"mobile":{"background-color":"","background-image":"","background-repeat":"repeat","background-position":"center center","background-size":"auto","background-attachment":"scroll","background-type":"","background-media":"","overlay-type":"","overlay-color":"","overlay-opacity":"","overlay-gradient":""}},"ast-content-background-meta":{"desktop":{"background-color":"var(--ast-global-color-5)","background-image":"","background-repeat":"repeat","background-position":"center center","background-size":"auto","background-attachment":"scroll","background-type":"","background-media":"","overlay-type":"","overlay-color":"","overlay-opacity":"","overlay-gradient":""},"tablet":{"background-color":"var(--ast-global-color-5)","background-image":"","background-repeat":"repeat","background-position":"center center","background-size":"auto","background-attachment":"scroll","background-type":"","background-media":"","overlay-type":"","overlay-color":"","overlay-opacity":"","overlay-gradient":""},"mobile":{"background-color":"var(--ast-global-color-5)","background-image":"","background-repeat":"repeat","background-position":"center center","background-size":"auto","background-attachment":"scroll","background-type":"","background-media":"","overlay-type":"","overlay-color":"","overlay-opacity":"","overlay-gradient":""}}},"product_brand":[],"product_cat":[2056,1976],"product_tag":[],"class_list":{"0":"post-397382","1":"product","2":"type-product","3":"status-publish","4":"has-post-thumbnail","6":"product_cat-bobines-pods","7":"product_cat-reservoirs-et-bobines","8":"desktop-align-center","9":"tablet-align-center","10":"mobile-align-center","11":"ast-product-gallery-layout-horizontal-slider","12":"ast-product-gallery-with-no-image","13":"ast-product-single-variable","14":"ast-product-tabs-layout-horizontal","16":"first","17":"instock","18":"sale","19":"taxable","20":"shipping-taxable","21":"purchasable","22":"product-type-variable","23":"has-default-attributes"},"acf":[],"uagb_featured_image_src":{"full":["https:\/\/justvape.nu\/wp-content\/uploads\/2021\/09\/JWN5LostVapeUBLiteMeshCoils2_6_grande.jpg",600,600,false],"thumbnail":["https:\/\/justvape.nu\/wp-content\/uploads\/2021\/09\/JWN5LostVapeUBLiteMeshCoils2_6_grande-150x150.jpg",150,150,true],"medium":["https:\/\/justvape.nu\/wp-content\/uploads\/2021\/09\/JWN5LostVapeUBLiteMeshCoils2_6_grande-300x300.jpg",300,300,true],"medium_large":["https:\/\/justvape.nu\/wp-content\/uploads\/2021\/09\/JWN5LostVapeUBLiteMeshCoils2_6_grande.jpg",600,600,false],"large":["https:\/\/justvape.nu\/wp-content\/uploads\/2021\/09\/JWN5LostVapeUBLiteMeshCoils2_6_grande.jpg",600,600,false],"1536x1536":["https:\/\/justvape.nu\/wp-content\/uploads\/2021\/09\/JWN5LostVapeUBLiteMeshCoils2_6_grande.jpg",600,600,false],"2048x2048":["https:\/\/justvape.nu\/wp-content\/uploads\/2021\/09\/JWN5LostVapeUBLiteMeshCoils2_6_grande.jpg",600,600,false],"woocommerce_thumbnail":["https:\/\/justvape.nu\/wp-content\/uploads\/2021\/09\/JWN5LostVapeUBLiteMeshCoils2_6_grande-300x300.jpg",300,300,true],"woocommerce_single":["https:\/\/justvape.nu\/wp-content\/uploads\/2021\/09\/JWN5LostVapeUBLiteMeshCoils2_6_grande.jpg",600,600,false],"woocommerce_gallery_thumbnail":["https:\/\/justvape.nu\/wp-content\/uploads\/2021\/09\/JWN5LostVapeUBLiteMeshCoils2_6_grande-100x100.jpg",100,100,true],"dgwt-wcas-product-suggestion":["https:\/\/justvape.nu\/wp-content\/uploads\/2021\/09\/JWN5LostVapeUBLiteMeshCoils2_6_grande-64x64.jpg",64,64,true]},"uagb_author_info":{"display_name":"JustVape.nu","author_link":"https:\/\/justvape.nu\/fr\/author\/"},"uagb_comment_info":0,"uagb_excerpt":"LOST VAPE - UB LITE COILS","_links":{"self":[{"href":"https:\/\/justvape.nu\/fr\/wp-json\/wp\/v2\/product\/397382","targetHints":{"allow":["GET"]}}],"collection":[{"href":"https:\/\/justvape.nu\/fr\/wp-json\/wp\/v2\/product"}],"about":[{"href":"https:\/\/justvape.nu\/fr\/wp-json\/wp\/v2\/types\/product"}],"replies":[{"embeddable":true,"href":"https:\/\/justvape.nu\/fr\/wp-json\/wp\/v2\/comments?post=397382"}],"wp:featuredmedia":[{"embeddable":true,"href":"https:\/\/justvape.nu\/fr\/wp-json\/wp\/v2\/media\/396930"}],"wp:attachment":[{"href":"https:\/\/justvape.nu\/fr\/wp-json\/wp\/v2\/media?parent=397382"}],"wp:term":[{"taxonomy":"product_brand","embeddable":true,"href":"https:\/\/justvape.nu\/fr\/wp-json\/wp\/v2\/product_brand?post=397382"},{"taxonomy":"product_cat","embeddable":true,"href":"https:\/\/justvape.nu\/fr\/wp-json\/wp\/v2\/product_cat?post=397382"},{"taxonomy":"product_tag","embeddable":true,"href":"https:\/\/justvape.nu\/fr\/wp-json\/wp\/v2\/product_tag?post=397382"}],"curies":[{"name":"wp","href":"https:\/\/api.w.org\/{rel}","templated":true}]}}