{"id":395474,"date":"2021-08-11T17:25:14","date_gmt":"2021-08-11T15:25:14","guid":{"rendered":"https:\/\/www.justvape.nu\/produkt\/geekvape-obelisk-60-pod-kit-2200mah\/"},"modified":"2024-04-09T15:32:09","modified_gmt":"2024-04-09T13:32:09","slug":"geekvape-obelisk-60-pod-kit-2200mah","status":"publish","type":"product","link":"https:\/\/justvape.nu\/fr\/produkt\/geekvape-obelisk-60-pod-kit-2200mah\/","title":{"rendered":"GEEKVAPE &#8211; OBELISK 60 POD KIT 2200mAh"},"content":{"rendered":"<h2>GEEKVAPE &#8211; OBELISK 60 POD KIT 2200mAh<\/h2>\n<p>L&rsquo;ob\u00e9lisque 60 a \u00e9t\u00e9 con\u00e7u pour offrir jusqu&rsquo;\u00e0 une journ\u00e9e compl\u00e8te de vapotage sur une seule charge. La gamme de sortie de 5 \u00e0 60 W signifie qu&rsquo;il prendra en charge le vapotage DTL (Direct To Lung), tout en vous offrant la possibilit\u00e9 de modifier la puissance de sortie pour d\u00e9couvrir votre niveau id\u00e9al de production de vapeur. Chaque kit est livr\u00e9 avec un pod Obelisk 2ml ainsi que deux coils pour vous permettre de d\u00e9marrer.<\/p>\n<p>Con\u00e7u dans un souci de discr\u00e9tion, l&rsquo;Obelisk tient dans la paume de votre main et offre une approche tout \u00e0 fait simple du vapotage sub-ohm. Un \u00e9cran de menu clair facilite la configuration de ce kit et affiche des informations cl\u00e9s concernant l&rsquo;autonomie de la batterie, la r\u00e9sistance de la bobine et le niveau de puissance. En plus du mode de puissance variable, vous pouvez \u00e9galement utiliser le contr\u00f4le de la temp\u00e9rature pour d\u00e9finir une temp\u00e9rature maximale fixe et la puce de contr\u00f4le intelligente r\u00e9gulera la puissance pour maintenir la temp\u00e9rature au niveau choisi.<\/p>\n<p>Le pod rechargeable Obelisk 2ml se trouve \u00e0 l&rsquo;int\u00e9rieur de l&rsquo;appareil lui-m\u00eame et est fix\u00e9 par une connexion magn\u00e9tique &#8211; ce qui signifie qu&rsquo;il n&rsquo;y a pas de fermoirs ou de m\u00e9canismes irritants. Facile \u00e0 recharger, chaque dosette dispose \u00e9galement d&rsquo;un flux d&rsquo;air sup\u00e9rieur r\u00e9glable qui vous permet de mieux contr\u00f4ler votre inspiration pour un tirage plus ou moins serr\u00e9. Les serpentins GeekVape P ont une structure maill\u00e9e, ce qui signifie qu&rsquo;ils chauffent plus d&rsquo;e-liquide \u00e0 un rythme plus rapide pour augmenter \u00e0 la fois la saveur et la production de vapeur. Lorsqu&rsquo;il s&rsquo;agit de choisir un e-liquide, nous recommandons un e-liquide \u00e0 70% de VG ou plus.<\/p>\n<p><img loading=\"lazy\" decoding=\"async\" class=\"alignnone size-full wp-image-383695\" src=\"https:\/\/www.justvape.nu\/wp-content\/uploads\/2021\/05\/Color-Scheme.png\" alt=\"\" width=\"950\" height=\"64\" title=\"\" srcset=\"https:\/\/justvape.nu\/wp-content\/uploads\/2021\/05\/Color-Scheme.png 950w, https:\/\/justvape.nu\/wp-content\/uploads\/2021\/05\/Color-Scheme-600x40.png 600w, https:\/\/justvape.nu\/wp-content\/uploads\/2021\/05\/Color-Scheme-64x4.png 64w, https:\/\/justvape.nu\/wp-content\/uploads\/2021\/05\/Color-Scheme-300x20.png 300w, https:\/\/justvape.nu\/wp-content\/uploads\/2021\/05\/Color-Scheme-768x52.png 768w\" sizes=\"auto, (max-width: 950px) 100vw, 950px\" \/><br \/>\n<img loading=\"lazy\" decoding=\"async\" class=\"alignnone size-full wp-image-394846\" src=\"https:\/\/www.justvape.nu\/wp-content\/uploads\/2021\/08\/11_0c2669.jpg\" alt=\"\" width=\"950\" height=\"594\" title=\"\" srcset=\"https:\/\/justvape.nu\/wp-content\/uploads\/2021\/08\/11_0c2669.jpg 950w, https:\/\/justvape.nu\/wp-content\/uploads\/2021\/08\/11_0c2669-600x375.jpg 600w, https:\/\/justvape.nu\/wp-content\/uploads\/2021\/08\/11_0c2669-64x40.jpg 64w, https:\/\/justvape.nu\/wp-content\/uploads\/2021\/08\/11_0c2669-300x188.jpg 300w, https:\/\/justvape.nu\/wp-content\/uploads\/2021\/08\/11_0c2669-768x480.jpg 768w\" sizes=\"auto, (max-width: 950px) 100vw, 950px\" \/><\/p>\n<p><img loading=\"lazy\" decoding=\"async\" class=\"alignnone size-full wp-image-390997\" src=\"https:\/\/www.justvape.nu\/wp-content\/uploads\/2021\/06\/Specifications1.png\" alt=\"\" width=\"950\" height=\"64\" title=\"\" srcset=\"https:\/\/justvape.nu\/wp-content\/uploads\/2021\/06\/Specifications1.png 950w, https:\/\/justvape.nu\/wp-content\/uploads\/2021\/06\/Specifications1-600x40.png 600w, https:\/\/justvape.nu\/wp-content\/uploads\/2021\/06\/Specifications1-64x4.png 64w, https:\/\/justvape.nu\/wp-content\/uploads\/2021\/06\/Specifications1-300x20.png 300w, https:\/\/justvape.nu\/wp-content\/uploads\/2021\/06\/Specifications1-768x52.png 768w\" sizes=\"auto, (max-width: 950px) 100vw, 950px\" \/><\/p>\n<p><strong>Param\u00e8tres<\/strong><\/p>\n<p>Taille : 97 x 47,5 mm<br \/>\nCapacit\u00e9 du r\u00e9servoir: 2 ml<br \/>\nGamme de puissance de sortie : 5-60W<br \/>\nGamme de r\u00e9sistance: 0,1-3,0ohm<br \/>\nBobines incluses : Bobine P0.4 (0.4ohm, 50-60W)Bobine P0.5 (0.5ohm, 40-50W)<br \/>\nTemps de sortie\/de vaporisation le plus long : 10S<br \/>\nContr\u00f4le de la temp\u00e9rature : 200-600\u00b0F\/100-315\u2103<br \/>\nCapacit\u00e9 de la batterie : 2200mAh<br \/>\nTension de charge : USB Type-C 5V\/2A<br \/>\n\u00c9cran d&rsquo;affichage : \u00c9cran couleur TFT de 0,96 pouce<br \/>\nTaille de l&#8217;emballage : 81(L) x 60(W) x 135(H)mm<br \/>\n<img loading=\"lazy\" decoding=\"async\" class=\"alignnone size-full wp-image-394856\" src=\"https:\/\/www.justvape.nu\/wp-content\/uploads\/2021\/08\/12_8ddbe5.jpg\" alt=\"\" width=\"950\" height=\"677\" title=\"\" srcset=\"https:\/\/justvape.nu\/wp-content\/uploads\/2021\/08\/12_8ddbe5.jpg 950w, https:\/\/justvape.nu\/wp-content\/uploads\/2021\/08\/12_8ddbe5-600x428.jpg 600w, https:\/\/justvape.nu\/wp-content\/uploads\/2021\/08\/12_8ddbe5-64x46.jpg 64w, https:\/\/justvape.nu\/wp-content\/uploads\/2021\/08\/12_8ddbe5-300x214.jpg 300w, https:\/\/justvape.nu\/wp-content\/uploads\/2021\/08\/12_8ddbe5-768x547.jpg 768w\" sizes=\"auto, (max-width: 950px) 100vw, 950px\" \/><\/p>\n<p><img loading=\"lazy\" decoding=\"async\" class=\"alignnone size-full wp-image-18994\" src=\"https:\/\/www.justvape.nu\/wp-content\/uploads\/2018\/05\/Features.png\" alt=\"\" width=\"950\" height=\"64\" title=\"\" srcset=\"https:\/\/justvape.nu\/wp-content\/uploads\/2018\/05\/Features.png 950w, https:\/\/justvape.nu\/wp-content\/uploads\/2018\/05\/Features-555x37.png 555w, https:\/\/justvape.nu\/wp-content\/uploads\/2018\/05\/Features-64x4.png 64w, https:\/\/justvape.nu\/wp-content\/uploads\/2018\/05\/Features-300x20.png 300w, https:\/\/justvape.nu\/wp-content\/uploads\/2018\/05\/Features-768x52.png 768w\" sizes=\"auto, (max-width: 950px) 100vw, 950px\" \/><br \/>\nUne autonomie \u00e9tonnamment longue avec une capacit\u00e9 de 2200mAh.<br \/>\n2ml grande capacit\u00e9 de jus avec Geekvape P Series Coil<br \/>\n60W max out put support wonderful vaping<br \/>\nCharge rapide USB Type-C 5V\/2A<br \/>\nPuce intelligente de contr\u00f4le de la puissance<br \/>\n100-315\u2103 temp\u00e9rature r\u00e9glable<br \/>\nClic magn\u00e9tique sans probl\u00e8me suppl\u00e9mentaire<br \/>\n<img loading=\"lazy\" decoding=\"async\" class=\"alignnone wp-image-394867\" src=\"https:\/\/www.justvape.nu\/wp-content\/uploads\/2021\/08\/13_6707e3-scaled.jpg\" alt=\"\" width=\"950\" height=\"2598\" title=\"\" srcset=\"https:\/\/justvape.nu\/wp-content\/uploads\/2021\/08\/13_6707e3-scaled.jpg 749w, https:\/\/justvape.nu\/wp-content\/uploads\/2021\/08\/13_6707e3-scaled-600x1641.jpg 600w, https:\/\/justvape.nu\/wp-content\/uploads\/2021\/08\/13_6707e3-scaled-64x175.jpg 64w, https:\/\/justvape.nu\/wp-content\/uploads\/2021\/08\/13_6707e3-110x300.jpg 110w, https:\/\/justvape.nu\/wp-content\/uploads\/2021\/08\/13_6707e3-374x1024.jpg 374w, https:\/\/justvape.nu\/wp-content\/uploads\/2021\/08\/13_6707e3-768x2101.jpg 768w\" sizes=\"auto, (max-width: 950px) 100vw, 950px\" \/><\/p>\n<p><img loading=\"lazy\" decoding=\"async\" class=\"alignnone size-full wp-image-229153\" src=\"https:\/\/www.justvape.nu\/wp-content\/uploads\/2018\/04\/Packing-List.png\" alt=\"\" width=\"950\" height=\"64\" title=\"\" srcset=\"https:\/\/justvape.nu\/wp-content\/uploads\/2018\/04\/Packing-List.png 950w, https:\/\/justvape.nu\/wp-content\/uploads\/2018\/04\/Packing-List-600x40.png 600w, https:\/\/justvape.nu\/wp-content\/uploads\/2018\/04\/Packing-List-64x4.png 64w, https:\/\/justvape.nu\/wp-content\/uploads\/2018\/04\/Packing-List-300x20.png 300w, https:\/\/justvape.nu\/wp-content\/uploads\/2018\/04\/Packing-List-768x52.png 768w\" sizes=\"auto, (max-width: 950px) 100vw, 950px\" \/><\/p>\n<p><strong>\u00c9dition TPD<\/strong><\/p>\n<ul>\n<li>1 x Kit (2ml)<\/li>\n<li>1 x Outil \u00e0 bobine<\/li>\n<li>1 x C\u00e2ble USB (Type-C)<\/li>\n<li>2\u00d7 Geekvape P Series Coil (pr\u00e9-install\u00e9 : 0.4ohm, 50-60W, Coil de rechange : 0.5ohm, 40-50W)<\/li>\n<\/ul>\n<p><img loading=\"lazy\" decoding=\"async\" class=\"alignnone size-full wp-image-394877\" src=\"https:\/\/www.justvape.nu\/wp-content\/uploads\/2021\/08\/14_2f8456.jpg\" alt=\"\" width=\"950\" height=\"458\" title=\"\" srcset=\"https:\/\/justvape.nu\/wp-content\/uploads\/2021\/08\/14_2f8456.jpg 950w, https:\/\/justvape.nu\/wp-content\/uploads\/2021\/08\/14_2f8456-600x289.jpg 600w, https:\/\/justvape.nu\/wp-content\/uploads\/2021\/08\/14_2f8456-64x31.jpg 64w, https:\/\/justvape.nu\/wp-content\/uploads\/2021\/08\/14_2f8456-300x145.jpg 300w, https:\/\/justvape.nu\/wp-content\/uploads\/2021\/08\/14_2f8456-768x370.jpg 768w\" sizes=\"auto, (max-width: 950px) 100vw, 950px\" \/><\/p>\n<div class=\"ast-oembed-container \" style=\"height: 100%;\"><iframe loading=\"lazy\" title=\"GeekVape Obelisk AIO60 Kit!\" width=\"500\" height=\"281\" src=\"https:\/\/www.youtube.com\/embed\/SsOyi_6zHZ0?feature=oembed\" frameborder=\"0\" allow=\"accelerometer; autoplay; clipboard-write; encrypted-media; gyroscope; picture-in-picture; web-share\" referrerpolicy=\"strict-origin-when-cross-origin\" allowfullscreen><\/iframe><\/div>\n","protected":false},"excerpt":{"rendered":"<p>GEEKVAPE &#8211; OBELISK 60 POD KIT 2200mAh<\/p>\n","protected":false},"featured_media":394890,"comment_status":"open","ping_status":"closed","template":"","meta":{"_acf_changed":false,"_uag_custom_page_level_css":"","site-sidebar-layout":"default","site-content-layout":"default","ast-site-content-layout":"default","site-content-style":"default","site-sidebar-style":"default","ast-global-header-display":"","ast-banner-title-visibility":"","ast-main-header-display":"","ast-hfb-above-header-display":"","ast-hfb-below-header-display":"","ast-hfb-mobile-header-display":"","site-post-title":"","ast-breadcrumbs-content":"","ast-featured-img":"","footer-sml-layout":"","ast-disable-related-posts":"","theme-transparent-header-meta":"default","adv-header-id-meta":"","stick-header-meta":"default","header-above-stick-meta":"","header-main-stick-meta":"","header-below-stick-meta":"","astra-migrate-meta-layouts":"default","ast-page-background-enabled":"default","ast-page-background-meta":{"desktop":{"background-color":"","background-image":"","background-repeat":"repeat","background-position":"center center","background-size":"auto","background-attachment":"scroll","background-type":"","background-media":"","overlay-type":"","overlay-color":"","overlay-opacity":"","overlay-gradient":""},"tablet":{"background-color":"","background-image":"","background-repeat":"repeat","background-position":"center center","background-size":"auto","background-attachment":"scroll","background-type":"","background-media":"","overlay-type":"","overlay-color":"","overlay-opacity":"","overlay-gradient":""},"mobile":{"background-color":"","background-image":"","background-repeat":"repeat","background-position":"center center","background-size":"auto","background-attachment":"scroll","background-type":"","background-media":"","overlay-type":"","overlay-color":"","overlay-opacity":"","overlay-gradient":""}},"ast-content-background-meta":{"desktop":{"background-color":"var(--ast-global-color-5)","background-image":"","background-repeat":"repeat","background-position":"center center","background-size":"auto","background-attachment":"scroll","background-type":"","background-media":"","overlay-type":"","overlay-color":"","overlay-opacity":"","overlay-gradient":""},"tablet":{"background-color":"var(--ast-global-color-5)","background-image":"","background-repeat":"repeat","background-position":"center center","background-size":"auto","background-attachment":"scroll","background-type":"","background-media":"","overlay-type":"","overlay-color":"","overlay-opacity":"","overlay-gradient":""},"mobile":{"background-color":"var(--ast-global-color-5)","background-image":"","background-repeat":"repeat","background-position":"center center","background-size":"auto","background-attachment":"scroll","background-type":"","background-media":"","overlay-type":"","overlay-color":"","overlay-opacity":"","overlay-gradient":""}}},"product_brand":[],"product_cat":[2066,3238,2508,2076,2509],"product_tag":[],"class_list":{"0":"post-395474","1":"product","2":"type-product","3":"status-publish","4":"has-post-thumbnail","6":"product_cat-e-cigarettes-fr","7":"product_cat-geekvape-fr-2","8":"product_cat-hardware-fr","9":"product_cat-kits-et-pod-pour-debutants","10":"product_cat-shop-by-brand-fr","11":"desktop-align-center","12":"tablet-align-center","13":"mobile-align-center","14":"ast-product-gallery-layout-horizontal-slider","15":"ast-product-gallery-with-no-image","16":"ast-product-single-variable","17":"ast-product-tabs-layout-horizontal","19":"first","20":"instock","21":"sale","22":"taxable","23":"shipping-taxable","24":"purchasable","25":"product-type-variable"},"acf":[],"uagb_featured_image_src":{"full":["https:\/\/justvape.nu\/wp-content\/uploads\/2021\/08\/0_4892e9.jpg",600,600,false],"thumbnail":["https:\/\/justvape.nu\/wp-content\/uploads\/2021\/08\/0_4892e9-150x150.jpg",150,150,true],"medium":["https:\/\/justvape.nu\/wp-content\/uploads\/2021\/08\/0_4892e9-300x300.jpg",300,300,true],"medium_large":["https:\/\/justvape.nu\/wp-content\/uploads\/2021\/08\/0_4892e9.jpg",600,600,false],"large":["https:\/\/justvape.nu\/wp-content\/uploads\/2021\/08\/0_4892e9.jpg",600,600,false],"1536x1536":["https:\/\/justvape.nu\/wp-content\/uploads\/2021\/08\/0_4892e9.jpg",600,600,false],"2048x2048":["https:\/\/justvape.nu\/wp-content\/uploads\/2021\/08\/0_4892e9.jpg",600,600,false],"woocommerce_thumbnail":["https:\/\/justvape.nu\/wp-content\/uploads\/2021\/08\/0_4892e9-300x300.jpg",300,300,true],"woocommerce_single":["https:\/\/justvape.nu\/wp-content\/uploads\/2021\/08\/0_4892e9.jpg",600,600,false],"woocommerce_gallery_thumbnail":["https:\/\/justvape.nu\/wp-content\/uploads\/2021\/08\/0_4892e9-100x100.jpg",100,100,true],"dgwt-wcas-product-suggestion":["https:\/\/justvape.nu\/wp-content\/uploads\/2021\/08\/0_4892e9-64x64.jpg",64,64,true]},"uagb_author_info":{"display_name":"JustVape.nu","author_link":"https:\/\/justvape.nu\/fr\/author\/"},"uagb_comment_info":0,"uagb_excerpt":"GEEKVAPE - OBELISK 60 POD KIT 2200mAh","_links":{"self":[{"href":"https:\/\/justvape.nu\/fr\/wp-json\/wp\/v2\/product\/395474","targetHints":{"allow":["GET"]}}],"collection":[{"href":"https:\/\/justvape.nu\/fr\/wp-json\/wp\/v2\/product"}],"about":[{"href":"https:\/\/justvape.nu\/fr\/wp-json\/wp\/v2\/types\/product"}],"replies":[{"embeddable":true,"href":"https:\/\/justvape.nu\/fr\/wp-json\/wp\/v2\/comments?post=395474"}],"wp:featuredmedia":[{"embeddable":true,"href":"https:\/\/justvape.nu\/fr\/wp-json\/wp\/v2\/media\/394890"}],"wp:attachment":[{"href":"https:\/\/justvape.nu\/fr\/wp-json\/wp\/v2\/media?parent=395474"}],"wp:term":[{"taxonomy":"product_brand","embeddable":true,"href":"https:\/\/justvape.nu\/fr\/wp-json\/wp\/v2\/product_brand?post=395474"},{"taxonomy":"product_cat","embeddable":true,"href":"https:\/\/justvape.nu\/fr\/wp-json\/wp\/v2\/product_cat?post=395474"},{"taxonomy":"product_tag","embeddable":true,"href":"https:\/\/justvape.nu\/fr\/wp-json\/wp\/v2\/product_tag?post=395474"}],"curies":[{"name":"wp","href":"https:\/\/api.w.org\/{rel}","templated":true}]}}