{"id":395448,"date":"2021-08-11T16:51:05","date_gmt":"2021-08-11T14:51:05","guid":{"rendered":"https:\/\/www.justvape.nu\/produkt\/geekvape-obelisk-60-cartouche-4ml-avec-coil\/"},"modified":"2024-04-09T15:34:47","modified_gmt":"2024-04-09T13:34:47","slug":"geekvape-obelisk-60-cartridge-4ml-with-coil","status":"publish","type":"product","link":"https:\/\/justvape.nu\/fr\/produkt\/geekvape-obelisk-60-cartridge-4ml-with-coil\/","title":{"rendered":"GEEKVAPE &#8211; OBELISK 60 CARTOUCHE 4ML &#8211; AVEC COIL"},"content":{"rendered":"<h2>GEEKVAPE &#8211; OBELISK 60 CARTOUCHE 4ML &#8211; AVEC COIL<\/h2>\n<p>La cartouche Geekvape Obelisk 60 est con\u00e7ue pour le Geekvape Obelisk 60 Pod Mod Kit 2200mah. Le pod Geekvape Obelisk 60 a une capacit\u00e9 de 4ml. Et la cartouche Geekvape Obelisk 60 est compatible avec les bobines GV P Series avec un syst\u00e8me d&rsquo;airflow sup\u00e9rieur pour un nuage massif.<\/p>\n<div class=\"description\">\n<p><strong>Param\u00e8tre :<\/strong><br \/>\nCapacit\u00e9 : 4ml<br \/>\nR\u00e9sistance : Bobine P0.4 (0.4\u03a9, 50-60W)<br \/>\nBobine P0.5 (0.5\u03a9, 40-50W)<\/p>\n<p><strong>Caract\u00e9ristiques:<\/strong><br \/>\nGeekvape P Series Coil, une performance de haute puissance avec une faible r\u00e9sistance.<br \/>\nSyst\u00e8me de flux d&rsquo;air sup\u00e9rieur<\/p>\n<p><strong>Paquets :<\/strong><br \/>\n1* Cartouche Geekvape Obelisk 60 (pr\u00e9-install\u00e9e : bobine P0.4\u03a9, 50-60W)<br \/>\n1* Bobine P0.5 ( 0.5\u03a9, 40-50W)<\/p>\n<\/div>\n<div id=\"shopify-product-reviews\" data-id=\"6600146321510\"><\/div>\n","protected":false},"excerpt":{"rendered":"<p>GEEKVAPE &#8211; OBELISK 60 CARTOUCHE 4ML &#8211; AVEC COIL<\/p>\n","protected":false},"featured_media":394813,"comment_status":"open","ping_status":"closed","template":"","meta":{"_acf_changed":false,"_uag_custom_page_level_css":"","site-sidebar-layout":"default","site-content-layout":"default","ast-site-content-layout":"default","site-content-style":"default","site-sidebar-style":"default","ast-global-header-display":"","ast-banner-title-visibility":"","ast-main-header-display":"","ast-hfb-above-header-display":"","ast-hfb-below-header-display":"","ast-hfb-mobile-header-display":"","site-post-title":"","ast-breadcrumbs-content":"","ast-featured-img":"","footer-sml-layout":"","ast-disable-related-posts":"","theme-transparent-header-meta":"default","adv-header-id-meta":"","stick-header-meta":"default","header-above-stick-meta":"","header-main-stick-meta":"","header-below-stick-meta":"","astra-migrate-meta-layouts":"default","ast-page-background-enabled":"default","ast-page-background-meta":{"desktop":{"background-color":"","background-image":"","background-repeat":"repeat","background-position":"center center","background-size":"auto","background-attachment":"scroll","background-type":"","background-media":"","overlay-type":"","overlay-color":"","overlay-opacity":"","overlay-gradient":""},"tablet":{"background-color":"","background-image":"","background-repeat":"repeat","background-position":"center center","background-size":"auto","background-attachment":"scroll","background-type":"","background-media":"","overlay-type":"","overlay-color":"","overlay-opacity":"","overlay-gradient":""},"mobile":{"background-color":"","background-image":"","background-repeat":"repeat","background-position":"center center","background-size":"auto","background-attachment":"scroll","background-type":"","background-media":"","overlay-type":"","overlay-color":"","overlay-opacity":"","overlay-gradient":""}},"ast-content-background-meta":{"desktop":{"background-color":"var(--ast-global-color-5)","background-image":"","background-repeat":"repeat","background-position":"center center","background-size":"auto","background-attachment":"scroll","background-type":"","background-media":"","overlay-type":"","overlay-color":"","overlay-opacity":"","overlay-gradient":""},"tablet":{"background-color":"var(--ast-global-color-5)","background-image":"","background-repeat":"repeat","background-position":"center center","background-size":"auto","background-attachment":"scroll","background-type":"","background-media":"","overlay-type":"","overlay-color":"","overlay-opacity":"","overlay-gradient":""},"mobile":{"background-color":"var(--ast-global-color-5)","background-image":"","background-repeat":"repeat","background-position":"center center","background-size":"auto","background-attachment":"scroll","background-type":"","background-media":"","overlay-type":"","overlay-color":"","overlay-opacity":"","overlay-gradient":""}}},"product_brand":[],"product_cat":[2056,1976],"product_tag":[],"class_list":{"0":"post-395448","1":"product","2":"type-product","3":"status-publish","4":"has-post-thumbnail","6":"product_cat-bobines-pods","7":"product_cat-reservoirs-et-bobines","8":"desktop-align-center","9":"tablet-align-center","10":"mobile-align-center","11":"ast-product-gallery-layout-horizontal-slider","12":"ast-product-gallery-with-no-image","13":"ast-product-tabs-layout-horizontal","15":"first","16":"instock","17":"sale","18":"taxable","19":"shipping-taxable","20":"purchasable","21":"product-type-simple"},"acf":[],"uagb_featured_image_src":{"full":["https:\/\/justvape.nu\/wp-content\/uploads\/2021\/08\/2_24c3d4.jpg",600,600,false],"thumbnail":["https:\/\/justvape.nu\/wp-content\/uploads\/2021\/08\/2_24c3d4-150x150.jpg",150,150,true],"medium":["https:\/\/justvape.nu\/wp-content\/uploads\/2021\/08\/2_24c3d4-300x300.jpg",300,300,true],"medium_large":["https:\/\/justvape.nu\/wp-content\/uploads\/2021\/08\/2_24c3d4.jpg",600,600,false],"large":["https:\/\/justvape.nu\/wp-content\/uploads\/2021\/08\/2_24c3d4.jpg",600,600,false],"1536x1536":["https:\/\/justvape.nu\/wp-content\/uploads\/2021\/08\/2_24c3d4.jpg",600,600,false],"2048x2048":["https:\/\/justvape.nu\/wp-content\/uploads\/2021\/08\/2_24c3d4.jpg",600,600,false],"woocommerce_thumbnail":["https:\/\/justvape.nu\/wp-content\/uploads\/2021\/08\/2_24c3d4-300x300.jpg",300,300,true],"woocommerce_single":["https:\/\/justvape.nu\/wp-content\/uploads\/2021\/08\/2_24c3d4.jpg",600,600,false],"woocommerce_gallery_thumbnail":["https:\/\/justvape.nu\/wp-content\/uploads\/2021\/08\/2_24c3d4-100x100.jpg",100,100,true],"dgwt-wcas-product-suggestion":["https:\/\/justvape.nu\/wp-content\/uploads\/2021\/08\/2_24c3d4-64x64.jpg",64,64,true]},"uagb_author_info":{"display_name":"JustVape.nu","author_link":"https:\/\/justvape.nu\/fr\/author\/"},"uagb_comment_info":0,"uagb_excerpt":"GEEKVAPE - OBELISK 60 CARTOUCHE 4ML - AVEC COIL","_links":{"self":[{"href":"https:\/\/justvape.nu\/fr\/wp-json\/wp\/v2\/product\/395448","targetHints":{"allow":["GET"]}}],"collection":[{"href":"https:\/\/justvape.nu\/fr\/wp-json\/wp\/v2\/product"}],"about":[{"href":"https:\/\/justvape.nu\/fr\/wp-json\/wp\/v2\/types\/product"}],"replies":[{"embeddable":true,"href":"https:\/\/justvape.nu\/fr\/wp-json\/wp\/v2\/comments?post=395448"}],"wp:featuredmedia":[{"embeddable":true,"href":"https:\/\/justvape.nu\/fr\/wp-json\/wp\/v2\/media\/394813"}],"wp:attachment":[{"href":"https:\/\/justvape.nu\/fr\/wp-json\/wp\/v2\/media?parent=395448"}],"wp:term":[{"taxonomy":"product_brand","embeddable":true,"href":"https:\/\/justvape.nu\/fr\/wp-json\/wp\/v2\/product_brand?post=395448"},{"taxonomy":"product_cat","embeddable":true,"href":"https:\/\/justvape.nu\/fr\/wp-json\/wp\/v2\/product_cat?post=395448"},{"taxonomy":"product_tag","embeddable":true,"href":"https:\/\/justvape.nu\/fr\/wp-json\/wp\/v2\/product_tag?post=395448"}],"curies":[{"name":"wp","href":"https:\/\/api.w.org\/{rel}","templated":true}]}}