{"id":395249,"date":"2021-08-10T17:18:50","date_gmt":"2021-08-10T15:18:50","guid":{"rendered":"https:\/\/www.justvape.nu\/produkt\/innokin-zenith-2-glass-4ml\/"},"modified":"2024-04-09T15:34:50","modified_gmt":"2024-04-09T13:34:50","slug":"innokin-zenith-2-glass-4ml","status":"publish","type":"product","link":"https:\/\/justvape.nu\/fr\/produkt\/innokin-zenith-2-glass-4ml\/","title":{"rendered":"INNOKIN &#8211; ZENITH 2 GLASS 4ML"},"content":{"rendered":"<h2>INNOKIN &#8211; ZENITH 2 GLASS 4ML<\/h2>\n<p>Verre de remplacement pour les r\u00e9servoirs \u00e0 vape Innokin Zenith 2 et Coolfire Z80 avec les kits Zenith II. Chaque verre a une capacit\u00e9 de jus accrue par rapport au verre TPD qui \u00e9tait livr\u00e9 avec les vapes, augmentant la capacit\u00e9 de 2ml \u00e0 environ 4ml.<\/p>\n<p>Verre Pyrex de remplacement<\/p>\n<p><strong>Compatible avec<\/strong>: les r\u00e9servoirs Zenith 2 et les kits Coolfire Z80 Zenith 2.<\/p>\n<p><strong>Capacit\u00e9 en jus<\/strong>: Environ 4ml<\/p>\n<p><strong>Style<\/strong>: Droit<\/p>\n","protected":false},"excerpt":{"rendered":"<p>INNOKIN &#8211; ZENITH 2 GLASS 4ML<\/p>\n","protected":false},"featured_media":394547,"comment_status":"open","ping_status":"closed","template":"","meta":{"_acf_changed":false,"_uag_custom_page_level_css":"","site-sidebar-layout":"default","site-content-layout":"default","ast-site-content-layout":"default","site-content-style":"default","site-sidebar-style":"default","ast-global-header-display":"","ast-banner-title-visibility":"","ast-main-header-display":"","ast-hfb-above-header-display":"","ast-hfb-below-header-display":"","ast-hfb-mobile-header-display":"","site-post-title":"","ast-breadcrumbs-content":"","ast-featured-img":"","footer-sml-layout":"","ast-disable-related-posts":"","theme-transparent-header-meta":"default","adv-header-id-meta":"","stick-header-meta":"default","header-above-stick-meta":"","header-main-stick-meta":"","header-below-stick-meta":"","astra-migrate-meta-layouts":"default","ast-page-background-enabled":"default","ast-page-background-meta":{"desktop":{"background-color":"","background-image":"","background-repeat":"repeat","background-position":"center center","background-size":"auto","background-attachment":"scroll","background-type":"","background-media":"","overlay-type":"","overlay-color":"","overlay-opacity":"","overlay-gradient":""},"tablet":{"background-color":"","background-image":"","background-repeat":"repeat","background-position":"center center","background-size":"auto","background-attachment":"scroll","background-type":"","background-media":"","overlay-type":"","overlay-color":"","overlay-opacity":"","overlay-gradient":""},"mobile":{"background-color":"","background-image":"","background-repeat":"repeat","background-position":"center center","background-size":"auto","background-attachment":"scroll","background-type":"","background-media":"","overlay-type":"","overlay-color":"","overlay-opacity":"","overlay-gradient":""}},"ast-content-background-meta":{"desktop":{"background-color":"var(--ast-global-color-5)","background-image":"","background-repeat":"repeat","background-position":"center center","background-size":"auto","background-attachment":"scroll","background-type":"","background-media":"","overlay-type":"","overlay-color":"","overlay-opacity":"","overlay-gradient":""},"tablet":{"background-color":"var(--ast-global-color-5)","background-image":"","background-repeat":"repeat","background-position":"center center","background-size":"auto","background-attachment":"scroll","background-type":"","background-media":"","overlay-type":"","overlay-color":"","overlay-opacity":"","overlay-gradient":""},"mobile":{"background-color":"var(--ast-global-color-5)","background-image":"","background-repeat":"repeat","background-position":"center center","background-size":"auto","background-attachment":"scroll","background-type":"","background-media":"","overlay-type":"","overlay-color":"","overlay-opacity":"","overlay-gradient":""}}},"product_brand":[],"product_cat":[1976,2016],"product_tag":[],"class_list":{"0":"post-395249","1":"product","2":"type-product","3":"status-publish","4":"has-post-thumbnail","6":"product_cat-reservoirs-et-bobines","7":"product_cat-verre-et-adaptateurs","8":"desktop-align-center","9":"tablet-align-center","10":"mobile-align-center","11":"ast-product-gallery-layout-horizontal-slider","12":"ast-product-gallery-with-no-image","13":"ast-product-tabs-layout-horizontal","15":"first","16":"instock","17":"sale","18":"taxable","19":"shipping-taxable","20":"purchasable","21":"product-type-simple"},"acf":[],"uagb_featured_image_src":{"full":["https:\/\/justvape.nu\/wp-content\/uploads\/2021\/08\/Innokin-Zenith-2-4ml-Bigger-Glass-Tank.jpeg",1600,1600,false],"thumbnail":["https:\/\/justvape.nu\/wp-content\/uploads\/2021\/08\/Innokin-Zenith-2-4ml-Bigger-Glass-Tank-150x150.jpeg",150,150,true],"medium":["https:\/\/justvape.nu\/wp-content\/uploads\/2021\/08\/Innokin-Zenith-2-4ml-Bigger-Glass-Tank-300x300.jpeg",300,300,true],"medium_large":["https:\/\/justvape.nu\/wp-content\/uploads\/2021\/08\/Innokin-Zenith-2-4ml-Bigger-Glass-Tank-768x768.jpeg",768,768,true],"large":["https:\/\/justvape.nu\/wp-content\/uploads\/2021\/08\/Innokin-Zenith-2-4ml-Bigger-Glass-Tank-1024x1024.jpeg",1024,1024,true],"1536x1536":["https:\/\/justvape.nu\/wp-content\/uploads\/2021\/08\/Innokin-Zenith-2-4ml-Bigger-Glass-Tank-1536x1536.jpeg",1536,1536,true],"2048x2048":["https:\/\/justvape.nu\/wp-content\/uploads\/2021\/08\/Innokin-Zenith-2-4ml-Bigger-Glass-Tank.jpeg",1600,1600,false],"woocommerce_thumbnail":["https:\/\/justvape.nu\/wp-content\/uploads\/2021\/08\/Innokin-Zenith-2-4ml-Bigger-Glass-Tank-300x300.jpeg",300,300,true],"woocommerce_single":["https:\/\/justvape.nu\/wp-content\/uploads\/2021\/08\/Innokin-Zenith-2-4ml-Bigger-Glass-Tank-600x600.jpeg",600,600,true],"woocommerce_gallery_thumbnail":["https:\/\/justvape.nu\/wp-content\/uploads\/2021\/08\/Innokin-Zenith-2-4ml-Bigger-Glass-Tank-100x100.jpeg",100,100,true],"dgwt-wcas-product-suggestion":["https:\/\/justvape.nu\/wp-content\/uploads\/2021\/08\/Innokin-Zenith-2-4ml-Bigger-Glass-Tank-64x64.jpeg",64,64,true]},"uagb_author_info":{"display_name":"JustVape.nu","author_link":"https:\/\/justvape.nu\/fr\/author\/"},"uagb_comment_info":0,"uagb_excerpt":"INNOKIN - ZENITH 2 GLASS 4ML","_links":{"self":[{"href":"https:\/\/justvape.nu\/fr\/wp-json\/wp\/v2\/product\/395249","targetHints":{"allow":["GET"]}}],"collection":[{"href":"https:\/\/justvape.nu\/fr\/wp-json\/wp\/v2\/product"}],"about":[{"href":"https:\/\/justvape.nu\/fr\/wp-json\/wp\/v2\/types\/product"}],"replies":[{"embeddable":true,"href":"https:\/\/justvape.nu\/fr\/wp-json\/wp\/v2\/comments?post=395249"}],"wp:featuredmedia":[{"embeddable":true,"href":"https:\/\/justvape.nu\/fr\/wp-json\/wp\/v2\/media\/394547"}],"wp:attachment":[{"href":"https:\/\/justvape.nu\/fr\/wp-json\/wp\/v2\/media?parent=395249"}],"wp:term":[{"taxonomy":"product_brand","embeddable":true,"href":"https:\/\/justvape.nu\/fr\/wp-json\/wp\/v2\/product_brand?post=395249"},{"taxonomy":"product_cat","embeddable":true,"href":"https:\/\/justvape.nu\/fr\/wp-json\/wp\/v2\/product_cat?post=395249"},{"taxonomy":"product_tag","embeddable":true,"href":"https:\/\/justvape.nu\/fr\/wp-json\/wp\/v2\/product_tag?post=395249"}],"curies":[{"name":"wp","href":"https:\/\/api.w.org\/{rel}","templated":true}]}}