{"id":390179,"date":"2021-06-10T13:58:06","date_gmt":"2021-06-10T11:58:06","guid":{"rendered":"https:\/\/www.justvape.nu\/produkt\/smok-infinix-2-pod-3-pack\/"},"modified":"2024-04-09T15:43:47","modified_gmt":"2024-04-09T13:43:47","slug":"smok-infinix-2-pod-3-pack","status":"publish","type":"product","link":"https:\/\/justvape.nu\/fr\/produkt\/smok-infinix-2-pod-3-pack\/","title":{"rendered":"SMOK &#8211; INFINIX 2 POD 3 PACK"},"content":{"rendered":"<h2>SMOK &#8211; INFINIX 2 POD 3 PACK<\/h2>\n<p>Smok &#8211; Infinix 2 pods de remplacement par Smok. Avec une capacit\u00e9 de 2ml de jus, une r\u00e9sistance de 1,4ohm, il est sp\u00e9cialement con\u00e7u pour le vapotage bouche \u00e0 poumon. Gr\u00e2ce \u00e0 un syst\u00e8me de recharge lat\u00e9rale, les dosettes de l&rsquo;Infinix 2 sont faciles \u00e0 utiliser et ne pr\u00e9sentent aucun risque de fuite.<\/p>\n<p><strong><a name=\"packing\"><\/a>D\u00e9tails d&#8217;emballage:<\/strong><br \/>\n3pcs &#8211; SMOK Infinix 2 Pods 2ml<\/p>\n<p><strong><a name=\"parameters\"><\/a>Param\u00e8tres:<\/strong><br \/>\n&#8211; Capacit\u00e9 du e-liquide : 2ml<br \/>\n&#8211; Bobine : 1.4ohm<br \/>\n\u2022 Quantit\u00e9: 3 pcs \/ pack<\/p>\n","protected":false},"excerpt":{"rendered":"<p>SMOK &#8211; INFINIX 2 POD 3 PACK Smok &#8211; Infinix 2 pods de remplacement par Smok. Avec une capacit\u00e9 de 2ml de jus, une r\u00e9sistance de 1,4ohm, il est sp\u00e9cialement con\u00e7u pour le vapotage bouche \u00e0 poumon. Gr\u00e2ce \u00e0 un syst\u00e8me de recharge lat\u00e9rale, les dosettes de l&rsquo;Infinix 2 sont faciles \u00e0 utiliser et ne [&hellip;]<\/p>\n","protected":false},"featured_media":389417,"comment_status":"open","ping_status":"closed","template":"","meta":{"_acf_changed":false,"_uag_custom_page_level_css":"","site-sidebar-layout":"default","site-content-layout":"default","ast-site-content-layout":"default","site-content-style":"default","site-sidebar-style":"default","ast-global-header-display":"","ast-banner-title-visibility":"","ast-main-header-display":"","ast-hfb-above-header-display":"","ast-hfb-below-header-display":"","ast-hfb-mobile-header-display":"","site-post-title":"","ast-breadcrumbs-content":"","ast-featured-img":"","footer-sml-layout":"","ast-disable-related-posts":"","theme-transparent-header-meta":"default","adv-header-id-meta":"","stick-header-meta":"default","header-above-stick-meta":"","header-main-stick-meta":"","header-below-stick-meta":"","astra-migrate-meta-layouts":"default","ast-page-background-enabled":"default","ast-page-background-meta":{"desktop":{"background-color":"","background-image":"","background-repeat":"repeat","background-position":"center center","background-size":"auto","background-attachment":"scroll","background-type":"","background-media":"","overlay-type":"","overlay-color":"","overlay-opacity":"","overlay-gradient":""},"tablet":{"background-color":"","background-image":"","background-repeat":"repeat","background-position":"center center","background-size":"auto","background-attachment":"scroll","background-type":"","background-media":"","overlay-type":"","overlay-color":"","overlay-opacity":"","overlay-gradient":""},"mobile":{"background-color":"","background-image":"","background-repeat":"repeat","background-position":"center center","background-size":"auto","background-attachment":"scroll","background-type":"","background-media":"","overlay-type":"","overlay-color":"","overlay-opacity":"","overlay-gradient":""}},"ast-content-background-meta":{"desktop":{"background-color":"var(--ast-global-color-5)","background-image":"","background-repeat":"repeat","background-position":"center center","background-size":"auto","background-attachment":"scroll","background-type":"","background-media":"","overlay-type":"","overlay-color":"","overlay-opacity":"","overlay-gradient":""},"tablet":{"background-color":"var(--ast-global-color-5)","background-image":"","background-repeat":"repeat","background-position":"center center","background-size":"auto","background-attachment":"scroll","background-type":"","background-media":"","overlay-type":"","overlay-color":"","overlay-opacity":"","overlay-gradient":""},"mobile":{"background-color":"var(--ast-global-color-5)","background-image":"","background-repeat":"repeat","background-position":"center center","background-size":"auto","background-attachment":"scroll","background-type":"","background-media":"","overlay-type":"","overlay-color":"","overlay-opacity":"","overlay-gradient":""}}},"product_brand":[],"product_cat":[2056,1976],"product_tag":[],"class_list":{"0":"post-390179","1":"product","2":"type-product","3":"status-publish","4":"has-post-thumbnail","6":"product_cat-bobines-pods","7":"product_cat-reservoirs-et-bobines","8":"desktop-align-center","9":"tablet-align-center","10":"mobile-align-center","11":"ast-product-gallery-layout-horizontal-slider","12":"ast-product-gallery-with-no-image","13":"ast-product-tabs-layout-horizontal","15":"first","16":"instock","17":"sale","18":"taxable","19":"shipping-taxable","20":"purchasable","21":"product-type-simple"},"acf":[],"uagb_featured_image_src":{"full":["https:\/\/justvape.nu\/wp-content\/uploads\/2021\/06\/SMOK-INFINIX-2-Pods-3-Pack-justvape.jpg",800,800,false],"thumbnail":["https:\/\/justvape.nu\/wp-content\/uploads\/2021\/06\/SMOK-INFINIX-2-Pods-3-Pack-justvape-150x150.jpg",150,150,true],"medium":["https:\/\/justvape.nu\/wp-content\/uploads\/2021\/06\/SMOK-INFINIX-2-Pods-3-Pack-justvape-300x300.jpg",300,300,true],"medium_large":["https:\/\/justvape.nu\/wp-content\/uploads\/2021\/06\/SMOK-INFINIX-2-Pods-3-Pack-justvape-768x768.jpg",768,768,true],"large":["https:\/\/justvape.nu\/wp-content\/uploads\/2021\/06\/SMOK-INFINIX-2-Pods-3-Pack-justvape.jpg",800,800,false],"1536x1536":["https:\/\/justvape.nu\/wp-content\/uploads\/2021\/06\/SMOK-INFINIX-2-Pods-3-Pack-justvape.jpg",800,800,false],"2048x2048":["https:\/\/justvape.nu\/wp-content\/uploads\/2021\/06\/SMOK-INFINIX-2-Pods-3-Pack-justvape.jpg",800,800,false],"woocommerce_thumbnail":["https:\/\/justvape.nu\/wp-content\/uploads\/2021\/06\/SMOK-INFINIX-2-Pods-3-Pack-justvape-300x300.jpg",300,300,true],"woocommerce_single":["https:\/\/justvape.nu\/wp-content\/uploads\/2021\/06\/SMOK-INFINIX-2-Pods-3-Pack-justvape-600x600.jpg",600,600,true],"woocommerce_gallery_thumbnail":["https:\/\/justvape.nu\/wp-content\/uploads\/2021\/06\/SMOK-INFINIX-2-Pods-3-Pack-justvape-100x100.jpg",100,100,true],"dgwt-wcas-product-suggestion":["https:\/\/justvape.nu\/wp-content\/uploads\/2021\/06\/SMOK-INFINIX-2-Pods-3-Pack-justvape-64x64.jpg",64,64,true]},"uagb_author_info":{"display_name":"JustVape.nu","author_link":"https:\/\/justvape.nu\/fr\/author\/"},"uagb_comment_info":0,"uagb_excerpt":"SMOK &#8211; INFINIX 2 POD 3 PACK Smok &#8211; Infinix 2 pods de remplacement par Smok. Avec une capacit\u00e9 de 2ml de jus, une r\u00e9sistance de 1,4ohm, il est sp\u00e9cialement con\u00e7u pour le vapotage bouche \u00e0 poumon. Gr\u00e2ce \u00e0 un syst\u00e8me de recharge lat\u00e9rale, les dosettes de l&rsquo;Infinix 2 sont faciles \u00e0 utiliser et ne\u2026","_links":{"self":[{"href":"https:\/\/justvape.nu\/fr\/wp-json\/wp\/v2\/product\/390179","targetHints":{"allow":["GET"]}}],"collection":[{"href":"https:\/\/justvape.nu\/fr\/wp-json\/wp\/v2\/product"}],"about":[{"href":"https:\/\/justvape.nu\/fr\/wp-json\/wp\/v2\/types\/product"}],"replies":[{"embeddable":true,"href":"https:\/\/justvape.nu\/fr\/wp-json\/wp\/v2\/comments?post=390179"}],"wp:featuredmedia":[{"embeddable":true,"href":"https:\/\/justvape.nu\/fr\/wp-json\/wp\/v2\/media\/389417"}],"wp:attachment":[{"href":"https:\/\/justvape.nu\/fr\/wp-json\/wp\/v2\/media?parent=390179"}],"wp:term":[{"taxonomy":"product_brand","embeddable":true,"href":"https:\/\/justvape.nu\/fr\/wp-json\/wp\/v2\/product_brand?post=390179"},{"taxonomy":"product_cat","embeddable":true,"href":"https:\/\/justvape.nu\/fr\/wp-json\/wp\/v2\/product_cat?post=390179"},{"taxonomy":"product_tag","embeddable":true,"href":"https:\/\/justvape.nu\/fr\/wp-json\/wp\/v2\/product_tag?post=390179"}],"curies":[{"name":"wp","href":"https:\/\/api.w.org\/{rel}","templated":true}]}}