{"id":381914,"date":"2018-09-26T20:58:35","date_gmt":"2018-09-26T18:58:35","guid":{"rendered":"https:\/\/www.justvape.nu\/produkt\/wotofo-coton-pre-construit\/"},"modified":"2024-04-09T16:40:22","modified_gmt":"2024-04-09T14:40:22","slug":"coton-pre-construit-wotofo","status":"publish","type":"product","link":"https:\/\/justvape.nu\/fr\/produkt\/coton-pre-construit-wotofo\/","title":{"rendered":"Wotofo &#8211; Pre-Built Cotton"},"content":{"rendered":"<h2>Wotofo &#8211; Pre-Built Cotton<\/h2>\n<p>Wotofo Agleted Organic Cotton est inspir\u00e9 par les besoins toujours croissants de pr\u00e9paration rapide du coton pour votre commodit\u00e9 de reconstruction. Le coton que nous avons s\u00e9lectionn\u00e9 est compos\u00e9 de fibres longues pour qu&rsquo;il m\u00e8che en douceur et qu&rsquo;il n&rsquo;est pas facile de se s\u00e9parer. Cependant, ce n&rsquo;est pas la meilleure partie, la meilleure partie est que nous mettons une gaine \u00e0 une extr\u00e9mit\u00e9 de la bande de coton afin de fonctionner comme l&rsquo;aglet sur votre lacet, puis il est beaucoup plus facile d&rsquo;enfiler le coton \u00e0 travers les bobines. Chaque bande de coton est pr\u00eate \u00e0 l&#8217;emploi avec une quantit\u00e9 de coton appropri\u00e9e qui a \u00e9t\u00e9 test\u00e9e pour s&rsquo;adapter au mieux aux bobines de 3 mm ID dominantes sur le march\u00e9 et aux bobines de maille Wotofo Profile 6 mm ID. Le coton pr\u00e9sente une grande capacit\u00e9 d&rsquo;absorption et une meilleure capacit\u00e9 de r\u00e9tention, fra\u00eechement emball\u00e9 pour offrir la saveur la plus pure. Il y a 10 morceaux de bandes de coton agleted dans une petite bo\u00eete, pratiques \u00e0 transporter et \u00e0 ranger de mani\u00e8re propre.<\/p>\n<p><strong>Caract\u00e9ristiques:<\/strong><\/p>\n<p>1. 100% coton biologique<\/p>\n<p>2. Pr\u00eat \u00e0 l&#8217;emploi avec aglet \u00e0 une extr\u00e9mit\u00e9<\/p>\n<p>3. Quantit\u00e9 de coton appropri\u00e9e pour les bobines ID dominantes de 3 mm \/ Justvape recommande les bobines ID de 3,5 mm avec ces cotons ou avec des bobines ID de 6 mm \u00e0 maillage<\/p>\n<p>4. Fibres longues sp\u00e9cialement s\u00e9lectionn\u00e9es pour le vapotage<\/p>\n<p>5. Grande capacit\u00e9 d&rsquo;absorption<\/p>\n<p>6. Meilleure capacit\u00e9 de r\u00e9tention<\/p>\n<p>7. Saveur fra\u00eeche et propre<\/p>\n<p>8. Maintenant dans une bo\u00eete de 10 pi\u00e8ces et une bo\u00eete de 30 pi\u00e8ces (30 pi\u00e8ces uniquement en \u00d83)<\/p>\n<p><img loading=\"lazy\" decoding=\"async\" class=\"alignnone size-full wp-image-112105\" src=\"https:\/\/www.justvape.nu\/wp-content\/uploads\/2018\/09\/2018082216.png\" alt=\"\" width=\"950\" height=\"383\" title=\"\" srcset=\"https:\/\/justvape.nu\/wp-content\/uploads\/2018\/09\/2018082216.png 950w, https:\/\/justvape.nu\/wp-content\/uploads\/2018\/09\/2018082216-555x224.png 555w, https:\/\/justvape.nu\/wp-content\/uploads\/2018\/09\/2018082216-64x26.png 64w, https:\/\/justvape.nu\/wp-content\/uploads\/2018\/09\/2018082216-300x121.png 300w, https:\/\/justvape.nu\/wp-content\/uploads\/2018\/09\/2018082216-768x310.png 768w, https:\/\/justvape.nu\/wp-content\/uploads\/2018\/09\/2018082216-24x10.png 24w, https:\/\/justvape.nu\/wp-content\/uploads\/2018\/09\/2018082216-36x15.png 36w, https:\/\/justvape.nu\/wp-content\/uploads\/2018\/09\/2018082216-48x19.png 48w\" sizes=\"auto, (max-width: 950px) 100vw, 950px\" \/><\/p>\n<p><img loading=\"lazy\" decoding=\"async\" class=\"alignnone size-full wp-image-23091\" src=\"https:\/\/www.justvape.nu\/wp-content\/uploads\/2018\/09\/QQjietu201-1.png\" alt=\"\" width=\"1031\" height=\"386\" title=\"\" srcset=\"https:\/\/justvape.nu\/wp-content\/uploads\/2018\/09\/QQjietu201-1.png 1031w, https:\/\/justvape.nu\/wp-content\/uploads\/2018\/09\/QQjietu201-1-555x208.png 555w, https:\/\/justvape.nu\/wp-content\/uploads\/2018\/09\/QQjietu201-1-64x24.png 64w, https:\/\/justvape.nu\/wp-content\/uploads\/2018\/09\/QQjietu201-1-300x112.png 300w, https:\/\/justvape.nu\/wp-content\/uploads\/2018\/09\/QQjietu201-1-768x288.png 768w, https:\/\/justvape.nu\/wp-content\/uploads\/2018\/09\/QQjietu201-1-1024x383.png 1024w\" sizes=\"auto, (max-width: 1031px) 100vw, 1031px\" \/><\/p>\n","protected":false},"excerpt":{"rendered":"<p>Wotofo &#8211; Pre-Built Cotton<\/p>\n","protected":false},"featured_media":255674,"comment_status":"open","ping_status":"closed","template":"","meta":{"_acf_changed":false,"_uag_custom_page_level_css":"","site-sidebar-layout":"default","site-content-layout":"default","ast-site-content-layout":"default","site-content-style":"default","site-sidebar-style":"default","ast-global-header-display":"","ast-banner-title-visibility":"","ast-main-header-display":"","ast-hfb-above-header-display":"","ast-hfb-below-header-display":"","ast-hfb-mobile-header-display":"","site-post-title":"","ast-breadcrumbs-content":"","ast-featured-img":"","footer-sml-layout":"","ast-disable-related-posts":"","theme-transparent-header-meta":"default","adv-header-id-meta":"","stick-header-meta":"default","header-above-stick-meta":"","header-main-stick-meta":"","header-below-stick-meta":"","astra-migrate-meta-layouts":"default","ast-page-background-enabled":"default","ast-page-background-meta":{"desktop":{"background-color":"","background-image":"","background-repeat":"repeat","background-position":"center center","background-size":"auto","background-attachment":"scroll","background-type":"","background-media":"","overlay-type":"","overlay-color":"","overlay-opacity":"","overlay-gradient":""},"tablet":{"background-color":"","background-image":"","background-repeat":"repeat","background-position":"center center","background-size":"auto","background-attachment":"scroll","background-type":"","background-media":"","overlay-type":"","overlay-color":"","overlay-opacity":"","overlay-gradient":""},"mobile":{"background-color":"","background-image":"","background-repeat":"repeat","background-position":"center center","background-size":"auto","background-attachment":"scroll","background-type":"","background-media":"","overlay-type":"","overlay-color":"","overlay-opacity":"","overlay-gradient":""}},"ast-content-background-meta":{"desktop":{"background-color":"var(--ast-global-color-5)","background-image":"","background-repeat":"repeat","background-position":"center center","background-size":"auto","background-attachment":"scroll","background-type":"","background-media":"","overlay-type":"","overlay-color":"","overlay-opacity":"","overlay-gradient":""},"tablet":{"background-color":"var(--ast-global-color-5)","background-image":"","background-repeat":"repeat","background-position":"center center","background-size":"auto","background-attachment":"scroll","background-type":"","background-media":"","overlay-type":"","overlay-color":"","overlay-opacity":"","overlay-gradient":""},"mobile":{"background-color":"var(--ast-global-color-5)","background-image":"","background-repeat":"repeat","background-position":"center center","background-size":"auto","background-attachment":"scroll","background-type":"","background-media":"","overlay-type":"","overlay-color":"","overlay-opacity":"","overlay-gradient":""}}},"product_brand":[],"product_cat":[2210,1916],"product_tag":[],"class_list":{"0":"post-381914","1":"product","2":"type-product","3":"status-publish","4":"has-post-thumbnail","6":"product_cat-coton","7":"product_cat-diy-fr","8":"desktop-align-center","9":"tablet-align-center","10":"mobile-align-center","11":"ast-product-gallery-layout-horizontal-slider","12":"ast-product-single-variable","13":"ast-product-tabs-layout-horizontal","15":"first","16":"instock","17":"sale","18":"taxable","19":"shipping-taxable","20":"purchasable","21":"product-type-variable"},"acf":[],"uagb_featured_image_src":{"full":["https:\/\/justvape.nu\/wp-content\/uploads\/2018\/09\/Wotofo-Pre-Built-Agleted-Organic-Cotton.jpg",800,800,false],"thumbnail":["https:\/\/justvape.nu\/wp-content\/uploads\/2018\/09\/Wotofo-Pre-Built-Agleted-Organic-Cotton-150x150.jpg",150,150,true],"medium":["https:\/\/justvape.nu\/wp-content\/uploads\/2018\/09\/Wotofo-Pre-Built-Agleted-Organic-Cotton-300x300.jpg",300,300,true],"medium_large":["https:\/\/justvape.nu\/wp-content\/uploads\/2018\/09\/Wotofo-Pre-Built-Agleted-Organic-Cotton-768x768.jpg",768,768,true],"large":["https:\/\/justvape.nu\/wp-content\/uploads\/2018\/09\/Wotofo-Pre-Built-Agleted-Organic-Cotton.jpg",800,800,false],"1536x1536":["https:\/\/justvape.nu\/wp-content\/uploads\/2018\/09\/Wotofo-Pre-Built-Agleted-Organic-Cotton.jpg",800,800,false],"2048x2048":["https:\/\/justvape.nu\/wp-content\/uploads\/2018\/09\/Wotofo-Pre-Built-Agleted-Organic-Cotton.jpg",800,800,false],"woocommerce_thumbnail":["https:\/\/justvape.nu\/wp-content\/uploads\/2018\/09\/Wotofo-Pre-Built-Agleted-Organic-Cotton-300x300.jpg",300,300,true],"woocommerce_single":["https:\/\/justvape.nu\/wp-content\/uploads\/2018\/09\/Wotofo-Pre-Built-Agleted-Organic-Cotton-600x600.jpg",600,600,true],"woocommerce_gallery_thumbnail":["https:\/\/justvape.nu\/wp-content\/uploads\/2018\/09\/Wotofo-Pre-Built-Agleted-Organic-Cotton-100x100.jpg",100,100,true],"dgwt-wcas-product-suggestion":["https:\/\/justvape.nu\/wp-content\/uploads\/2018\/09\/Wotofo-Pre-Built-Agleted-Organic-Cotton-64x64.jpg",64,64,true]},"uagb_author_info":{"display_name":"JustVape.nu","author_link":"https:\/\/justvape.nu\/fr\/author\/"},"uagb_comment_info":0,"uagb_excerpt":"Wotofo - Pre-Built Cotton","_links":{"self":[{"href":"https:\/\/justvape.nu\/fr\/wp-json\/wp\/v2\/product\/381914","targetHints":{"allow":["GET"]}}],"collection":[{"href":"https:\/\/justvape.nu\/fr\/wp-json\/wp\/v2\/product"}],"about":[{"href":"https:\/\/justvape.nu\/fr\/wp-json\/wp\/v2\/types\/product"}],"replies":[{"embeddable":true,"href":"https:\/\/justvape.nu\/fr\/wp-json\/wp\/v2\/comments?post=381914"}],"wp:featuredmedia":[{"embeddable":true,"href":"https:\/\/justvape.nu\/fr\/wp-json\/wp\/v2\/media\/255674"}],"wp:attachment":[{"href":"https:\/\/justvape.nu\/fr\/wp-json\/wp\/v2\/media?parent=381914"}],"wp:term":[{"taxonomy":"product_brand","embeddable":true,"href":"https:\/\/justvape.nu\/fr\/wp-json\/wp\/v2\/product_brand?post=381914"},{"taxonomy":"product_cat","embeddable":true,"href":"https:\/\/justvape.nu\/fr\/wp-json\/wp\/v2\/product_cat?post=381914"},{"taxonomy":"product_tag","embeddable":true,"href":"https:\/\/justvape.nu\/fr\/wp-json\/wp\/v2\/product_tag?post=381914"}],"curies":[{"name":"wp","href":"https:\/\/api.w.org\/{rel}","templated":true}]}}