{"id":381841,"date":"2018-09-12T12:23:42","date_gmt":"2018-09-12T10:23:42","guid":{"rendered":"https:\/\/www.justvape.nu\/produkt\/samsung-30t-21700-3000mah-35a-batteri-inr21700-30t\/"},"modified":"2024-04-09T16:41:06","modified_gmt":"2024-04-09T14:41:06","slug":"samsung-30t-21700-35a-batterie-plate-3000mah","status":"publish","type":"product","link":"https:\/\/justvape.nu\/fr\/produkt\/samsung-30t-21700-35a-batterie-plate-3000mah\/","title":{"rendered":"Samsung 30T 21700 3000mAh 35A Batteri &#8211; INR21700-30T"},"content":{"rendered":"<h2>Batterie Samsung 30T 21700 3000mAh 35A &#8211; INR21700-30T<\/h2>\n<div>\n<p>Voici le \u00ab\u00a0Roi actuel\u00a0\u00bb, jeu de mots. C&rsquo;est actuellement le roi de tous les appareils Ultra-High Drain. Aucune autre cellule sur le march\u00e9 ne peut \u00e9galer la puissance de courant fournie par cette cellule. Cette cellule pompe une capacit\u00e9 de 3000 mAh d&rsquo;\u00e9nergie et le fait avec un v\u00e9ritable indice de d\u00e9charge \/ vidange continu de 35 amp\u00e8res sans coupure de temp\u00e9rature. M\u00eame \u00e0 30 amp\u00e8res de d\u00e9charge \/ vidange continue, il ne chauffe que jusqu&rsquo;\u00e0 67 degr\u00e9s Celsius ou 153 degr\u00e9s Fahrenheit. Cela vous montre l&rsquo;ing\u00e9niosit\u00e9 et la R&amp;D n\u00e9cessaires au d\u00e9veloppement de cette cellule. Cependant, cette cellule ne pr\u00e9sente aucun avantage r\u00e9el \u00e0 moins que vous ne l&rsquo;utilisiez dans un appareil \u00e0 d\u00e9charge \/ vidange ultra-\u00e9lev\u00e9e de plus de 20 amp\u00e8res et alors seulement, cette cellule montre de vraies capacit\u00e9s. Cette cellule n&rsquo;a pratiquement aucune chute de tension, jusqu&rsquo;\u00e0 ce qu&rsquo;elle soit pouss\u00e9e \u00e0 la valeur limite de son fabricant.<\/p>\n<\/div>\n<h4>Caract\u00e9ristiques:<\/h4>\n<ul>\n<li>Mod\u00e8le: INR21700-30T<\/li>\n<li>Taille: 21700<\/li>\n<li>Style: dessus plat<\/li>\n<li>Capacit\u00e9 nominale: 3000mAh<\/li>\n<li>\u00c9valuation de d\u00e9charge continue: 35A<\/li>\n<li>Tension nominale: 3,6 v<\/li>\n<li>Prot\u00e9g\u00e9: Non<\/li>\n<li>Rechargeable: Oui<\/li>\n<li>Dimensions approximatives: 21,1 mm x 70,2 mm<\/li>\n<li>Poids approximatif: 68,2 g<\/li>\n<\/ul>\n<div>\n<hr>\n<\/div>\n<h4>Informations de s\u00e9curit\u00e9 Samsung SDI<br \/>\n<a href=\"https:\/\/www.samsungsdi.com\/lithium-ion-battery\/safe-information.html\" target=\"_blank\" rel=\"noopener noreferrer\">\u00ab\u00a0Chargement, utilisation et manipulation de batteries au lithium-ion de petite taille\u00a0\u00bb<\/a><\/h4>\n<h4><\/h4>\n<h4>ATTENTION:<\/h4>\n<div>L&rsquo;utilisateur doit avoir une compr\u00e9hension appropri\u00e9e des batteries lithium-ion avant l&rsquo;achat. Soyez prudent lorsque vous travaillez avec et utilisez des batteries au lithium-ion car elles sont tr\u00e8s sensibles aux caract\u00e9ristiques de charge et peuvent exploser, br\u00fbler ou provoquer un incendie si elles sont mal utilis\u00e9es ou mal g\u00e9r\u00e9es. Chargez toujours dans ou sur une surface ignifuge. Ne laissez jamais les batteries en charge sans surveillance. Cette batterie est vendue pour l&rsquo;utilisation d&rsquo;int\u00e9grations de syst\u00e8me avec des circuits de protection appropri\u00e9s ou des blocs-batteries avec un syst\u00e8me de gestion de batterie ou un PCB (circuit imprim\u00e9 \/ module). L&rsquo;acheteur est responsable de tout dommage ou blessure caus\u00e9 par une mauvaise utilisation ou une mauvaise manipulation des batteries et chargeurs lithium-ion. Chargez uniquement avec un chargeur intelligent con\u00e7u pour ce type sp\u00e9cifique de batterie lithium-ion.<\/div>\n<ul>\n<li>UNE MAUVAISE UTILISATION OU UNE MAUVAISE UTILISATION DES BATTERIES LITHIUM ION PEUT POSER UN RISQUE GRAVE DE BLESSURES CORPORELLES, DE DOMMAGES MAT\u00c9RIELS OU DE MORT<\/li>\n<li>LES BATTERIES PEUVENT EXPLOSER, BR\u00dbLER OU PROVOQUER UN INCENDIE EN CAS DE MAUVAISE UTILISATION OU DE MANIPULATION<\/li>\n<li>UTILISER UNIQUEMENT AVEC DES CIRCUITS APPROPRI\u00c9S DANS UN BLOC DE BATTERIES PROT\u00c9G\u00c9<\/li>\n<li>UTILISEZ UNIQUEMENT DANS LES SP\u00c9CIFICATIONS INDIQU\u00c9ES PAR LE FABRICANT<\/li>\n<li>NE CONSERVEZ PAS LA BATTERIE LIBRE DANS UNE POCHE, UN SAC \u00c0 MAIN ETC. &#8211; UTILISEZ TOUJOURS UN \u00c9TUI OU UNE BO\u00ceTE DE PROTECTION<\/li>\n<li>TENIR \u00c0 L&rsquo;\u00c9CART des objets m\u00e9talliques pour \u00e9viter les courts-circuits<\/li>\n<li>NE PAS court-circuiter<\/li>\n<li>NE PAS utiliser si l&#8217;emballage ou l&rsquo;isolant est endommag\u00e9 ou d\u00e9chir\u00e9<\/li>\n<li>NE PAS utiliser s&rsquo;il est endommag\u00e9 de quelque mani\u00e8re que ce soit<\/li>\n<li>NE PAS surcharger ou surd\u00e9charger<\/li>\n<li>NE PAS modifier, d\u00e9monter, percer, couper, \u00e9craser ou incin\u00e9rer<\/li>\n<li>NE PAS exposer \u00e0 des liquides ou \u00e0 des temp\u00e9ratures \u00e9lev\u00e9es<\/li>\n<li>NE PAS souder, souder par points uniquement<\/li>\n<li>L&rsquo;utilisateur doit \u00eatre familiaris\u00e9 avec la manipulation des batteries lithium-ion avant l&rsquo;achat<\/li>\n<li>L&rsquo;utilisation des piles est \u00c0 VOS PROPRES RISQUES<\/li>\n<li>Chargez TOUJOURS sur ou sur une surface ignifuge et ne laissez jamais les batteries en charge sans surveillance<\/li>\n<li>LES REVENDEURS DOIVENT TRANSMETTRE TOUS LES AVERTISSEMENTS \u00c0 TOUS LES CLIENTS POUR LEUR R\u00c9F\u00c9RENCE ET LEUR S\u00c9CURIT\u00c9<\/li>\n<\/ul>\n","protected":false},"excerpt":{"rendered":"<p>Batterie Samsung 30T 21700 3000mAh 35A &#8211; INR21700-30T<\/p>\n","protected":false},"featured_media":254904,"comment_status":"open","ping_status":"closed","template":"","meta":{"_acf_changed":false,"_uag_custom_page_level_css":"","site-sidebar-layout":"default","site-content-layout":"default","ast-site-content-layout":"default","site-content-style":"default","site-sidebar-style":"default","ast-global-header-display":"","ast-banner-title-visibility":"","ast-main-header-display":"","ast-hfb-above-header-display":"","ast-hfb-below-header-display":"","ast-hfb-mobile-header-display":"","site-post-title":"","ast-breadcrumbs-content":"","ast-featured-img":"","footer-sml-layout":"","ast-disable-related-posts":"","theme-transparent-header-meta":"default","adv-header-id-meta":"","stick-header-meta":"default","header-above-stick-meta":"","header-main-stick-meta":"","header-below-stick-meta":"","astra-migrate-meta-layouts":"default","ast-page-background-enabled":"default","ast-page-background-meta":{"desktop":{"background-color":"","background-image":"","background-repeat":"repeat","background-position":"center center","background-size":"auto","background-attachment":"scroll","background-type":"","background-media":"","overlay-type":"","overlay-color":"","overlay-opacity":"","overlay-gradient":""},"tablet":{"background-color":"","background-image":"","background-repeat":"repeat","background-position":"center center","background-size":"auto","background-attachment":"scroll","background-type":"","background-media":"","overlay-type":"","overlay-color":"","overlay-opacity":"","overlay-gradient":""},"mobile":{"background-color":"","background-image":"","background-repeat":"repeat","background-position":"center center","background-size":"auto","background-attachment":"scroll","background-type":"","background-media":"","overlay-type":"","overlay-color":"","overlay-opacity":"","overlay-gradient":""}},"ast-content-background-meta":{"desktop":{"background-color":"var(--ast-global-color-5)","background-image":"","background-repeat":"repeat","background-position":"center center","background-size":"auto","background-attachment":"scroll","background-type":"","background-media":"","overlay-type":"","overlay-color":"","overlay-opacity":"","overlay-gradient":""},"tablet":{"background-color":"var(--ast-global-color-5)","background-image":"","background-repeat":"repeat","background-position":"center center","background-size":"auto","background-attachment":"scroll","background-type":"","background-media":"","overlay-type":"","overlay-color":"","overlay-opacity":"","overlay-gradient":""},"mobile":{"background-color":"var(--ast-global-color-5)","background-image":"","background-repeat":"repeat","background-position":"center center","background-size":"auto","background-attachment":"scroll","background-type":"","background-media":"","overlay-type":"","overlay-color":"","overlay-opacity":"","overlay-gradient":""}}},"product_brand":[],"product_cat":[2379,2170,3348,2509],"product_tag":[],"class_list":{"0":"post-381841","1":"product","2":"type-product","3":"status-publish","4":"has-post-thumbnail","6":"product_cat-21700-fr","7":"product_cat-cellules-de-batterie","8":"product_cat-samsung-fr-2","9":"product_cat-shop-by-brand-fr","10":"product_shipping_class-batteries-fr","11":"desktop-align-center","12":"tablet-align-center","13":"mobile-align-center","14":"ast-product-gallery-layout-horizontal-slider","15":"ast-product-gallery-with-no-image","16":"ast-product-tabs-layout-horizontal","18":"first","19":"instock","20":"sale","21":"taxable","22":"shipping-taxable","23":"purchasable","24":"product-type-simple"},"acf":[],"uagb_featured_image_src":{"full":["https:\/\/justvape.nu\/wp-content\/uploads\/2018\/09\/1_175.jpg",800,800,false],"thumbnail":["https:\/\/justvape.nu\/wp-content\/uploads\/2018\/09\/1_175-150x150.jpg",150,150,true],"medium":["https:\/\/justvape.nu\/wp-content\/uploads\/2018\/09\/1_175-300x300.jpg",300,300,true],"medium_large":["https:\/\/justvape.nu\/wp-content\/uploads\/2018\/09\/1_175-768x768.jpg",768,768,true],"large":["https:\/\/justvape.nu\/wp-content\/uploads\/2018\/09\/1_175.jpg",800,800,false],"1536x1536":["https:\/\/justvape.nu\/wp-content\/uploads\/2018\/09\/1_175.jpg",800,800,false],"2048x2048":["https:\/\/justvape.nu\/wp-content\/uploads\/2018\/09\/1_175.jpg",800,800,false],"woocommerce_thumbnail":["https:\/\/justvape.nu\/wp-content\/uploads\/2018\/09\/1_175-300x300.jpg",300,300,true],"woocommerce_single":["https:\/\/justvape.nu\/wp-content\/uploads\/2018\/09\/1_175-600x600.jpg",600,600,true],"woocommerce_gallery_thumbnail":["https:\/\/justvape.nu\/wp-content\/uploads\/2018\/09\/1_175-100x100.jpg",100,100,true],"dgwt-wcas-product-suggestion":["https:\/\/justvape.nu\/wp-content\/uploads\/2018\/09\/1_175-64x64.jpg",64,64,true]},"uagb_author_info":{"display_name":"JustVape.nu","author_link":"https:\/\/justvape.nu\/fr\/author\/"},"uagb_comment_info":0,"uagb_excerpt":"Batterie Samsung 30T 21700 3000mAh 35A - INR21700-30T","_links":{"self":[{"href":"https:\/\/justvape.nu\/fr\/wp-json\/wp\/v2\/product\/381841","targetHints":{"allow":["GET"]}}],"collection":[{"href":"https:\/\/justvape.nu\/fr\/wp-json\/wp\/v2\/product"}],"about":[{"href":"https:\/\/justvape.nu\/fr\/wp-json\/wp\/v2\/types\/product"}],"replies":[{"embeddable":true,"href":"https:\/\/justvape.nu\/fr\/wp-json\/wp\/v2\/comments?post=381841"}],"wp:featuredmedia":[{"embeddable":true,"href":"https:\/\/justvape.nu\/fr\/wp-json\/wp\/v2\/media\/254904"}],"wp:attachment":[{"href":"https:\/\/justvape.nu\/fr\/wp-json\/wp\/v2\/media?parent=381841"}],"wp:term":[{"taxonomy":"product_brand","embeddable":true,"href":"https:\/\/justvape.nu\/fr\/wp-json\/wp\/v2\/product_brand?post=381841"},{"taxonomy":"product_cat","embeddable":true,"href":"https:\/\/justvape.nu\/fr\/wp-json\/wp\/v2\/product_cat?post=381841"},{"taxonomy":"product_tag","embeddable":true,"href":"https:\/\/justvape.nu\/fr\/wp-json\/wp\/v2\/product_tag?post=381841"}],"curies":[{"name":"wp","href":"https:\/\/api.w.org\/{rel}","templated":true}]}}