{"id":381716,"date":"2018-08-29T20:44:37","date_gmt":"2018-08-29T18:44:37","guid":{"rendered":"https:\/\/www.justvape.nu\/produkt\/uwell-crown-3-bobines-4-pcs\/"},"modified":"2025-07-05T17:23:59","modified_gmt":"2025-07-05T15:23:59","slug":"uwell-couronne-3-bobines-4-stk","status":"publish","type":"product","link":"https:\/\/justvape.nu\/fr\/produkt\/uwell-couronne-3-bobines-4-stk\/","title":{"rendered":"UWELL Crown 3 Coils 4 Pcs"},"content":{"rendered":"<h2>UWELL Crown 3 Coils 4 Pcs<\/h2>\n<p>Super Coils jusqu&rsquo;\u00e0 Crown III Tanken.<\/p>\n<p>Le syst\u00e8me de serpentins Crown 3 a \u00e9t\u00e9 optimis\u00e9 pour un \u00e9quilibre parfait entre la production de vapeur et d&rsquo;ar\u00f4me. Adoption d&rsquo;une structure de bobine parall\u00e8le avec un m\u00e9canisme plug-pull pratique pour un processus de remplacement rapide et facile.<\/p>\n<p>La bobine de maille UN2 de r\u00e9sistance de 0,23 ohm prend en charge une puissance de 65 \u00e0 75 W, offrant une belle saveur et des nuages massifs.<\/p>\n<p>Les bobines parall\u00e8les Crown 3 SUS316 de 0,25 ohm pr\u00e9sentent une plage de puissance de 80 \u00e0 90 watts.<\/p>\n<p>La bobine de 0,4 ohm Crown 3 utilise toujours la m\u00eame coque SUS316 mais utilise un noyau A1 Kanthal pour le fil. La bobine de 0,4 ohm Crown 3 pr\u00e9sente une plage de puissance de 55 \u00e0 65 watts.<\/p>\n<p>Les bobines Crown 3 SUS316 de 0,5 ohm ont une plage de puissance de 70 \u00e0 80 watts.<\/p>\n<p>&nbsp;<\/p>\n<p class=\"p1\"><span class=\"s1\"><b>Sp\u00e9cifications de la bobine:<\/b><\/span><\/p>\n<ul class=\"ul1\">\n<li>4 bobines dans chaque paquet<\/li>\n<li>\n \t<\/li>\n<li>Bobine de 0,25 ohm<\/li>\n<li><span class=\"s1\">80 \u00e0 90W<\/span><\/li>\n<li><span class=\"s1\">Bobine parall\u00e8le SUS316<\/span><\/li>\n<li>\n \t<\/li>\n<li><span class=\"s1\">Bobine de 0,4 ohm<\/span><\/li>\n<li><span class=\"s1\">Bobine A1 Kanthal<\/span><\/li>\n<li><span class=\"s1\">55 \u00e0 65W<\/span><\/li>\n<li>\n \t<\/li>\n<li><span class=\"s1\">Bobine de 0,5 ohm<\/span><\/li>\n<li><span class=\"s1\">70 \u00e0 80W<\/span><\/li>\n<li><span class=\"s1\">Bobine parall\u00e8le SUS316<\/span><\/li>\n<\/ul>\n","protected":false},"excerpt":{"rendered":"<p>UWELL Crown 3 Coils 4 Stk<\/p>\n","protected":false},"featured_media":666475,"comment_status":"open","ping_status":"closed","template":"","meta":{"_acf_changed":false,"_uag_custom_page_level_css":"","site-sidebar-layout":"default","site-content-layout":"default","ast-site-content-layout":"default","site-content-style":"default","site-sidebar-style":"default","ast-global-header-display":"","ast-banner-title-visibility":"","ast-main-header-display":"","ast-hfb-above-header-display":"","ast-hfb-below-header-display":"","ast-hfb-mobile-header-display":"","site-post-title":"","ast-breadcrumbs-content":"","ast-featured-img":"","footer-sml-layout":"","ast-disable-related-posts":"","theme-transparent-header-meta":"default","adv-header-id-meta":"","stick-header-meta":"default","header-above-stick-meta":"","header-main-stick-meta":"","header-below-stick-meta":"","astra-migrate-meta-layouts":"default","ast-page-background-enabled":"default","ast-page-background-meta":{"desktop":{"background-color":"","background-image":"","background-repeat":"repeat","background-position":"center center","background-size":"auto","background-attachment":"scroll","background-type":"","background-media":"","overlay-type":"","overlay-color":"","overlay-opacity":"","overlay-gradient":""},"tablet":{"background-color":"","background-image":"","background-repeat":"repeat","background-position":"center center","background-size":"auto","background-attachment":"scroll","background-type":"","background-media":"","overlay-type":"","overlay-color":"","overlay-opacity":"","overlay-gradient":""},"mobile":{"background-color":"","background-image":"","background-repeat":"repeat","background-position":"center center","background-size":"auto","background-attachment":"scroll","background-type":"","background-media":"","overlay-type":"","overlay-color":"","overlay-opacity":"","overlay-gradient":""}},"ast-content-background-meta":{"desktop":{"background-color":"var(--ast-global-color-5)","background-image":"","background-repeat":"repeat","background-position":"center center","background-size":"auto","background-attachment":"scroll","background-type":"","background-media":"","overlay-type":"","overlay-color":"","overlay-opacity":"","overlay-gradient":""},"tablet":{"background-color":"var(--ast-global-color-5)","background-image":"","background-repeat":"repeat","background-position":"center center","background-size":"auto","background-attachment":"scroll","background-type":"","background-media":"","overlay-type":"","overlay-color":"","overlay-opacity":"","overlay-gradient":""},"mobile":{"background-color":"var(--ast-global-color-5)","background-image":"","background-repeat":"repeat","background-position":"center center","background-size":"auto","background-attachment":"scroll","background-type":"","background-media":"","overlay-type":"","overlay-color":"","overlay-opacity":"","overlay-gradient":""}}},"product_brand":[],"product_cat":[2056,1976,3428],"product_tag":[],"class_list":{"0":"post-381716","1":"product","2":"type-product","3":"status-publish","4":"has-post-thumbnail","6":"product_cat-bobines-pods","7":"product_cat-reservoirs-et-bobines","8":"product_cat-uwell-fr-2","9":"desktop-align-center","10":"tablet-align-center","11":"mobile-align-center","12":"ast-product-gallery-layout-horizontal-slider","13":"ast-product-gallery-with-no-image","14":"ast-product-single-variable","15":"ast-product-tabs-layout-horizontal","17":"first","18":"instock","19":"sale","20":"taxable","21":"shipping-taxable","22":"purchasable","23":"product-type-variable"},"acf":[],"uagb_featured_image_src":{"full":["https:\/\/justvape.nu\/wp-content\/uploads\/2018\/08\/uwell_crown_iii_sub_ohm_tank_replacement_coil.webp",600,600,false],"thumbnail":["https:\/\/justvape.nu\/wp-content\/uploads\/2018\/08\/uwell_crown_iii_sub_ohm_tank_replacement_coil-150x150.webp",150,150,true],"medium":["https:\/\/justvape.nu\/wp-content\/uploads\/2018\/08\/uwell_crown_iii_sub_ohm_tank_replacement_coil-300x300.webp",300,300,true],"medium_large":["https:\/\/justvape.nu\/wp-content\/uploads\/2018\/08\/uwell_crown_iii_sub_ohm_tank_replacement_coil.webp",600,600,false],"large":["https:\/\/justvape.nu\/wp-content\/uploads\/2018\/08\/uwell_crown_iii_sub_ohm_tank_replacement_coil.webp",600,600,false],"1536x1536":["https:\/\/justvape.nu\/wp-content\/uploads\/2018\/08\/uwell_crown_iii_sub_ohm_tank_replacement_coil.webp",600,600,false],"2048x2048":["https:\/\/justvape.nu\/wp-content\/uploads\/2018\/08\/uwell_crown_iii_sub_ohm_tank_replacement_coil.webp",600,600,false],"woocommerce_thumbnail":["https:\/\/justvape.nu\/wp-content\/uploads\/2018\/08\/uwell_crown_iii_sub_ohm_tank_replacement_coil-300x300.webp",300,300,true],"woocommerce_single":["https:\/\/justvape.nu\/wp-content\/uploads\/2018\/08\/uwell_crown_iii_sub_ohm_tank_replacement_coil.webp",600,600,false],"woocommerce_gallery_thumbnail":["https:\/\/justvape.nu\/wp-content\/uploads\/2018\/08\/uwell_crown_iii_sub_ohm_tank_replacement_coil-100x100.webp",100,100,true],"dgwt-wcas-product-suggestion":["https:\/\/justvape.nu\/wp-content\/uploads\/2018\/08\/uwell_crown_iii_sub_ohm_tank_replacement_coil-64x64.webp",64,64,true]},"uagb_author_info":{"display_name":"JustVape.nu","author_link":"https:\/\/justvape.nu\/fr\/author\/"},"uagb_comment_info":0,"uagb_excerpt":"UWELL Crown 3 Coils 4 Stk","_links":{"self":[{"href":"https:\/\/justvape.nu\/fr\/wp-json\/wp\/v2\/product\/381716","targetHints":{"allow":["GET"]}}],"collection":[{"href":"https:\/\/justvape.nu\/fr\/wp-json\/wp\/v2\/product"}],"about":[{"href":"https:\/\/justvape.nu\/fr\/wp-json\/wp\/v2\/types\/product"}],"replies":[{"embeddable":true,"href":"https:\/\/justvape.nu\/fr\/wp-json\/wp\/v2\/comments?post=381716"}],"wp:featuredmedia":[{"embeddable":true,"href":"https:\/\/justvape.nu\/fr\/wp-json\/wp\/v2\/media\/666475"}],"wp:attachment":[{"href":"https:\/\/justvape.nu\/fr\/wp-json\/wp\/v2\/media?parent=381716"}],"wp:term":[{"taxonomy":"product_brand","embeddable":true,"href":"https:\/\/justvape.nu\/fr\/wp-json\/wp\/v2\/product_brand?post=381716"},{"taxonomy":"product_cat","embeddable":true,"href":"https:\/\/justvape.nu\/fr\/wp-json\/wp\/v2\/product_cat?post=381716"},{"taxonomy":"product_tag","embeddable":true,"href":"https:\/\/justvape.nu\/fr\/wp-json\/wp\/v2\/product_tag?post=381716"}],"curies":[{"name":"wp","href":"https:\/\/api.w.org\/{rel}","templated":true}]}}