{"id":381422,"date":"2018-05-18T14:09:36","date_gmt":"2018-05-18T12:09:36","guid":{"rendered":"https:\/\/www.justvape.nu\/produkt\/resistances-smok-v8-baby-tfv12-baby-prince\/"},"modified":"2024-04-09T16:41:06","modified_gmt":"2024-04-09T14:41:06","slug":"smok-v8-baby-bobines-5-stk","status":"publish","type":"product","link":"https:\/\/justvape.nu\/fr\/produkt\/smok-v8-baby-bobines-5-stk\/","title":{"rendered":"Smok V8 Baby \/ TFV12 Baby Prince Coils"},"content":{"rendered":"<h2>Smok V8 Baby \/ TFV12 Baby Prince Coils 5 Pcs<\/h2>\n<p><strong>Ces r\u00e9sistances V8 Baby sont \u00e9galement compatibles avec le d\u00e9bardeur TFV12 Baby Prince<\/strong><strong> .<\/strong><\/p>\n<p><strong>V8 Baby-T12 EU est livr\u00e9 en 3 pi\u00e8ces!<\/strong><\/p>\n<p>Les bobines V8 BABY-Q4, V8 BABY Mesh, V8 BABY-T12, V8 BABY-T12 Red Light, V8 BABY-T12 Green Light et V8 BABY-T12 Orange Light nouvellement ajout\u00e9es sont produites pour cr\u00e9er des nuages plus denses et un go\u00fbt plus propre avec le m\u00eame effet et augmentez la dur\u00e9e de vie, ce qui est une am\u00e9lioration fantastique! La bobine de lumi\u00e8re \u00e9met une belle lumi\u00e8re lorsque vous vaporisez, et la bobine de maille a une plus grande plage de chauffage pour acc\u00e9l\u00e9rer le processus de chauffage. Obtenez-les et vous am\u00e9liorerez votre exp\u00e9rience de vapotage \u00e0 un niveau fantastique.<\/p>\n<p><img loading=\"lazy\" decoding=\"async\" class=\"alignnone size-full wp-image-19310\" src=\"https:\/\/www.justvape.nu\/wp-content\/uploads\/2018\/05\/0_35_14-1.jpg\" alt=\"\" width=\"1000\" height=\"1000\" title=\"\" srcset=\"https:\/\/justvape.nu\/wp-content\/uploads\/2018\/05\/0_35_14-1.jpg 1000w, https:\/\/justvape.nu\/wp-content\/uploads\/2018\/05\/0_35_14-1-262x262.jpg 262w, https:\/\/justvape.nu\/wp-content\/uploads\/2018\/05\/0_35_14-1-160x160.jpg 160w, https:\/\/justvape.nu\/wp-content\/uploads\/2018\/05\/0_35_14-1-555x555.jpg 555w, https:\/\/justvape.nu\/wp-content\/uploads\/2018\/05\/0_35_14-1-64x64.jpg 64w, https:\/\/justvape.nu\/wp-content\/uploads\/2018\/05\/0_35_14-1-300x300.jpg 300w, https:\/\/justvape.nu\/wp-content\/uploads\/2018\/05\/0_35_14-1-150x150.jpg 150w, https:\/\/justvape.nu\/wp-content\/uploads\/2018\/05\/0_35_14-1-768x768.jpg 768w, https:\/\/justvape.nu\/wp-content\/uploads\/2018\/05\/0_35_14-1-500x500.jpg 500w\" sizes=\"auto, (max-width: 1000px) 100vw, 1000px\" \/><\/p>\n<p><img loading=\"lazy\" decoding=\"async\" class=\"alignnone size-full wp-image-18995\" src=\"https:\/\/www.justvape.nu\/wp-content\/uploads\/2018\/05\/Packing-List.png\" alt=\"\" width=\"950\" height=\"64\" title=\"\" srcset=\"https:\/\/justvape.nu\/wp-content\/uploads\/2018\/05\/Packing-List.png 950w, https:\/\/justvape.nu\/wp-content\/uploads\/2018\/05\/Packing-List-555x37.png 555w, https:\/\/justvape.nu\/wp-content\/uploads\/2018\/05\/Packing-List-64x4.png 64w, https:\/\/justvape.nu\/wp-content\/uploads\/2018\/05\/Packing-List-300x20.png 300w, https:\/\/justvape.nu\/wp-content\/uploads\/2018\/05\/Packing-List-768x52.png 768w\" sizes=\"auto, (max-width: 950px) 100vw, 950px\" \/><\/p>\n<ul>\n<li>1 x 5pcs SMOK V8 Bobine de remplacement pour b\u00e9b\u00e9<\/li>\n<\/ul>\n<p>&nbsp;<\/p>\n<p><img loading=\"lazy\" decoding=\"async\" class=\"alignnone size-full wp-image-18993\" src=\"https:\/\/www.justvape.nu\/wp-content\/uploads\/2018\/05\/Specifications.png\" alt=\"\" width=\"950\" height=\"64\" title=\"\" srcset=\"https:\/\/justvape.nu\/wp-content\/uploads\/2018\/05\/Specifications.png 950w, https:\/\/justvape.nu\/wp-content\/uploads\/2018\/05\/Specifications-555x37.png 555w, https:\/\/justvape.nu\/wp-content\/uploads\/2018\/05\/Specifications-64x4.png 64w, https:\/\/justvape.nu\/wp-content\/uploads\/2018\/05\/Specifications-300x20.png 300w, https:\/\/justvape.nu\/wp-content\/uploads\/2018\/05\/Specifications-768x52.png 768w\" sizes=\"auto, (max-width: 950px) 100vw, 950px\" \/><\/p>\n<p><strong>V8 B\u00e9b\u00e9-Q4 <\/strong><br \/>\nVous apporter une vapeur plus dense et une saveur pure<br \/>\nBobines doubles 0.4ohm<br \/>\n30-65W \/ MEILLEUR: 50-60W<\/p>\n<p><strong>V8 Baby Mesh<\/strong><br \/>\nProcessus de chauffage rapide et vapeur massive<br \/>\nBobine de 0.15ohm<br \/>\n40-80W \/ MEILLEUR 60-70W<\/p>\n<p><strong>Bande b\u00e9b\u00e9 V8<\/strong><br \/>\nChauffage de vapeur massive de nuage uniform\u00e9ment et plus dense<br \/>\nBobine de 0.15ohm<br \/>\n40W-100W \/ MEILLEUR 80W-90W<\/p>\n<p><strong>V8 Baby-T12<\/strong><br \/>\nVous apporter une vapeur massive et une saveur pure<br \/>\nBobines duod\u00e9cuple 0.15ohm<br \/>\n50-90W \/ MEILLEUR 60-80W<\/p>\n<p><strong>V8 Baby-T12 EU 3 pi\u00e8ces<br \/>\n<\/strong> Vous apporter une vapeur massive et une saveur pure<br \/>\nBobines duod\u00e9cuple 0.15ohm<br \/>\n50-90W \/ MEILLEUR 60-80W<strong><br \/>\n<\/strong><\/p>\n<p><strong>Lumi\u00e8re rouge V8 Baby-T12<\/strong><br \/>\nApportez-vous une \u00e9norme vapeur et une lumi\u00e8re brillante<br \/>\nBobines duod\u00e9cuple 0.15ohm<br \/>\n50-90W \/ MEILLEUR 60-80W<\/p>\n<p><strong>Lumi\u00e8re verte V8 Baby-T12<\/strong><br \/>\nApportez-vous une \u00e9norme vapeur et une lumi\u00e8re brillante<br \/>\nBobines duod\u00e9cuple 0.15ohm<br \/>\n50-90W \/ MEILLEUR 60-80W<\/p>\n<p><strong>V8 Baby-T12 Orange Lumi\u00e8re<\/strong><br \/>\nApportez-vous une \u00e9norme vapeur et une lumi\u00e8re brillante<br \/>\nBobines duod\u00e9cuple 0.15ohm<br \/>\n50-90W \/ MEILLEUR 60-80W<br \/>\n<img loading=\"lazy\" decoding=\"async\" class=\"alignnone size-full wp-image-19312\" src=\"https:\/\/www.justvape.nu\/wp-content\/uploads\/2018\/05\/Extras.png\" alt=\"\" width=\"950\" height=\"64\" title=\"\" srcset=\"https:\/\/justvape.nu\/wp-content\/uploads\/2018\/05\/Extras.png 950w, https:\/\/justvape.nu\/wp-content\/uploads\/2018\/05\/Extras-555x37.png 555w, https:\/\/justvape.nu\/wp-content\/uploads\/2018\/05\/Extras-64x4.png 64w, https:\/\/justvape.nu\/wp-content\/uploads\/2018\/05\/Extras-300x20.png 300w, https:\/\/justvape.nu\/wp-content\/uploads\/2018\/05\/Extras-768x52.png 768w\" sizes=\"auto, (max-width: 950px) 100vw, 950px\" \/><\/p>\n<ul>\n<li>Compatible avec TFV8 Baby Tank<a href=\"https:\/\/www.heavengifts.com\/product\/SMOK-TFV8-BABY-Beast-Tank-Black.html\" target=\"_blank\" rel=\"noopener\"> et TFV8 Big Baby Tank Version Standard (ne peut pas fonctionner avec TFV8 Tank).<\/a><\/li>\n<li>Ces r\u00e9sistances V8 Baby sont \u00e9galement compatibles avec le r\u00e9servoir TFV12 Baby Prince.<\/li>\n<\/ul>\n<p>&nbsp;<\/p>\n","protected":false},"excerpt":{"rendered":"<p>Smok V8 Baby \/ TFV12 Baby Prince Coils 5 Stk<\/p>\n","protected":false},"featured_media":249544,"comment_status":"open","ping_status":"closed","template":"","meta":{"_acf_changed":false,"_uag_custom_page_level_css":"","site-sidebar-layout":"default","site-content-layout":"default","ast-site-content-layout":"default","site-content-style":"default","site-sidebar-style":"default","ast-global-header-display":"","ast-banner-title-visibility":"","ast-main-header-display":"","ast-hfb-above-header-display":"","ast-hfb-below-header-display":"","ast-hfb-mobile-header-display":"","site-post-title":"","ast-breadcrumbs-content":"","ast-featured-img":"","footer-sml-layout":"","ast-disable-related-posts":"","theme-transparent-header-meta":"default","adv-header-id-meta":"","stick-header-meta":"default","header-above-stick-meta":"","header-main-stick-meta":"","header-below-stick-meta":"","astra-migrate-meta-layouts":"default","ast-page-background-enabled":"default","ast-page-background-meta":{"desktop":{"background-color":"","background-image":"","background-repeat":"repeat","background-position":"center center","background-size":"auto","background-attachment":"scroll","background-type":"","background-media":"","overlay-type":"","overlay-color":"","overlay-opacity":"","overlay-gradient":""},"tablet":{"background-color":"","background-image":"","background-repeat":"repeat","background-position":"center center","background-size":"auto","background-attachment":"scroll","background-type":"","background-media":"","overlay-type":"","overlay-color":"","overlay-opacity":"","overlay-gradient":""},"mobile":{"background-color":"","background-image":"","background-repeat":"repeat","background-position":"center center","background-size":"auto","background-attachment":"scroll","background-type":"","background-media":"","overlay-type":"","overlay-color":"","overlay-opacity":"","overlay-gradient":""}},"ast-content-background-meta":{"desktop":{"background-color":"var(--ast-global-color-5)","background-image":"","background-repeat":"repeat","background-position":"center center","background-size":"auto","background-attachment":"scroll","background-type":"","background-media":"","overlay-type":"","overlay-color":"","overlay-opacity":"","overlay-gradient":""},"tablet":{"background-color":"var(--ast-global-color-5)","background-image":"","background-repeat":"repeat","background-position":"center center","background-size":"auto","background-attachment":"scroll","background-type":"","background-media":"","overlay-type":"","overlay-color":"","overlay-opacity":"","overlay-gradient":""},"mobile":{"background-color":"var(--ast-global-color-5)","background-image":"","background-repeat":"repeat","background-position":"center center","background-size":"auto","background-attachment":"scroll","background-type":"","background-media":"","overlay-type":"","overlay-color":"","overlay-opacity":"","overlay-gradient":""}}},"product_brand":[],"product_cat":[2056,1976],"product_tag":[],"class_list":{"0":"post-381422","1":"product","2":"type-product","3":"status-publish","4":"has-post-thumbnail","6":"product_cat-bobines-pods","7":"product_cat-reservoirs-et-bobines","8":"desktop-align-center","9":"tablet-align-center","10":"mobile-align-center","11":"ast-product-gallery-layout-horizontal-slider","12":"ast-product-gallery-with-no-image","13":"ast-product-single-variable","14":"ast-product-tabs-layout-horizontal","16":"first","17":"instock","18":"sale","19":"taxable","20":"shipping-taxable","21":"purchasable","22":"product-type-variable"},"acf":[],"uagb_featured_image_src":{"full":["https:\/\/justvape.nu\/wp-content\/uploads\/2018\/05\/v8-baby-coils.jpg",800,800,false],"thumbnail":["https:\/\/justvape.nu\/wp-content\/uploads\/2018\/05\/v8-baby-coils-150x150.jpg",150,150,true],"medium":["https:\/\/justvape.nu\/wp-content\/uploads\/2018\/05\/v8-baby-coils-300x300.jpg",300,300,true],"medium_large":["https:\/\/justvape.nu\/wp-content\/uploads\/2018\/05\/v8-baby-coils-768x768.jpg",768,768,true],"large":["https:\/\/justvape.nu\/wp-content\/uploads\/2018\/05\/v8-baby-coils.jpg",800,800,false],"1536x1536":["https:\/\/justvape.nu\/wp-content\/uploads\/2018\/05\/v8-baby-coils.jpg",800,800,false],"2048x2048":["https:\/\/justvape.nu\/wp-content\/uploads\/2018\/05\/v8-baby-coils.jpg",800,800,false],"woocommerce_thumbnail":["https:\/\/justvape.nu\/wp-content\/uploads\/2018\/05\/v8-baby-coils-300x300.jpg",300,300,true],"woocommerce_single":["https:\/\/justvape.nu\/wp-content\/uploads\/2018\/05\/v8-baby-coils-600x600.jpg",600,600,true],"woocommerce_gallery_thumbnail":["https:\/\/justvape.nu\/wp-content\/uploads\/2018\/05\/v8-baby-coils-100x100.jpg",100,100,true],"dgwt-wcas-product-suggestion":["https:\/\/justvape.nu\/wp-content\/uploads\/2018\/05\/v8-baby-coils-64x64.jpg",64,64,true]},"uagb_author_info":{"display_name":"JustVape.nu","author_link":"https:\/\/justvape.nu\/fr\/author\/"},"uagb_comment_info":0,"uagb_excerpt":"Smok V8 Baby \/ TFV12 Baby Prince Coils 5 Stk","_links":{"self":[{"href":"https:\/\/justvape.nu\/fr\/wp-json\/wp\/v2\/product\/381422","targetHints":{"allow":["GET"]}}],"collection":[{"href":"https:\/\/justvape.nu\/fr\/wp-json\/wp\/v2\/product"}],"about":[{"href":"https:\/\/justvape.nu\/fr\/wp-json\/wp\/v2\/types\/product"}],"replies":[{"embeddable":true,"href":"https:\/\/justvape.nu\/fr\/wp-json\/wp\/v2\/comments?post=381422"}],"wp:featuredmedia":[{"embeddable":true,"href":"https:\/\/justvape.nu\/fr\/wp-json\/wp\/v2\/media\/249544"}],"wp:attachment":[{"href":"https:\/\/justvape.nu\/fr\/wp-json\/wp\/v2\/media?parent=381422"}],"wp:term":[{"taxonomy":"product_brand","embeddable":true,"href":"https:\/\/justvape.nu\/fr\/wp-json\/wp\/v2\/product_brand?post=381422"},{"taxonomy":"product_cat","embeddable":true,"href":"https:\/\/justvape.nu\/fr\/wp-json\/wp\/v2\/product_cat?post=381422"},{"taxonomy":"product_tag","embeddable":true,"href":"https:\/\/justvape.nu\/fr\/wp-json\/wp\/v2\/product_tag?post=381422"}],"curies":[{"name":"wp","href":"https:\/\/api.w.org\/{rel}","templated":true}]}}