{"id":381151,"date":"2018-04-10T09:15:15","date_gmt":"2018-04-10T07:15:15","guid":{"rendered":"https:\/\/www.justvape.nu\/produkt\/tube-en-verre-pour-ampoule-smok-pyrex-2-80-ml\/"},"modified":"2024-04-09T16:39:59","modified_gmt":"2024-04-09T14:39:59","slug":"smok-tfv12-prince-bulbe-verre-8-0ml","status":"publish","type":"product","link":"https:\/\/justvape.nu\/fr\/produkt\/smok-tfv12-prince-bulbe-verre-8-0ml\/","title":{"rendered":"SMOK Pyrex Bulb Glass Tube #2 (8.0ml)"},"content":{"rendered":"<div class=\"short-description\">\n<h2>SMOK Pyrex Bulb Glass Tube #2 (8.0ml)<\/h2>\n<p>Le tube en verre Pyrex Ampoule SMOK est con\u00e7u pour le prince TFV12<\/p>\n<\/div>\n<div class=\"product-detail-block\">\n<div class=\"std\">\n<div class=\"product-collateral toggle-content tabs\">\n<div class=\"product-detail-block\">\n<div class=\"std\"><strong><a name=\"packing\"><\/a>D\u00e9tails d&#8217;emballage:<\/strong><br \/>\n1 pi\u00e8ces &#8211; Tube en verre Pyrex d&rsquo;ampoule SMOK 8 ml pour TFV12 Prince<\/div>\n<div><\/div>\n<div class=\"std\"><strong><a name=\"parameters\"><\/a>Param\u00e8tres:<\/strong><br \/>\n\u2022 Mat\u00e9riau: verre Pyrex<br \/>\n\u2022 Capacit\u00e9: 8,0 ml<br \/>\n\u2022 Compatible pour: r\u00e9servoir TFV12 Prince<\/div>\n<\/div>\n<\/div>\n<div class=\"product-back-top\"><\/div>\n<\/div>\n<\/div>\n","protected":false},"excerpt":{"rendered":"<p>SMOK Pyrex Bulb Glass Tube #2 (8.0ml) Le tube en verre Pyrex Ampoule SMOK est con\u00e7u pour le prince TFV12 D\u00e9tails d&#8217;emballage: 1 pi\u00e8ces &#8211; Tube en verre Pyrex d&rsquo;ampoule SMOK 8 ml pour TFV12 Prince Param\u00e8tres: \u2022 Mat\u00e9riau: verre Pyrex \u2022 Capacit\u00e9: 8,0 ml \u2022 Compatible pour: r\u00e9servoir TFV12 Prince<\/p>\n","protected":false},"featured_media":238852,"comment_status":"open","ping_status":"closed","template":"","meta":{"_acf_changed":false,"_uag_custom_page_level_css":"","site-sidebar-layout":"default","site-content-layout":"default","ast-site-content-layout":"default","site-content-style":"default","site-sidebar-style":"default","ast-global-header-display":"","ast-banner-title-visibility":"","ast-main-header-display":"","ast-hfb-above-header-display":"","ast-hfb-below-header-display":"","ast-hfb-mobile-header-display":"","site-post-title":"","ast-breadcrumbs-content":"","ast-featured-img":"","footer-sml-layout":"","ast-disable-related-posts":"","theme-transparent-header-meta":"default","adv-header-id-meta":"","stick-header-meta":"default","header-above-stick-meta":"","header-main-stick-meta":"","header-below-stick-meta":"","astra-migrate-meta-layouts":"default","ast-page-background-enabled":"default","ast-page-background-meta":{"desktop":{"background-color":"","background-image":"","background-repeat":"repeat","background-position":"center center","background-size":"auto","background-attachment":"scroll","background-type":"","background-media":"","overlay-type":"","overlay-color":"","overlay-opacity":"","overlay-gradient":""},"tablet":{"background-color":"","background-image":"","background-repeat":"repeat","background-position":"center center","background-size":"auto","background-attachment":"scroll","background-type":"","background-media":"","overlay-type":"","overlay-color":"","overlay-opacity":"","overlay-gradient":""},"mobile":{"background-color":"","background-image":"","background-repeat":"repeat","background-position":"center center","background-size":"auto","background-attachment":"scroll","background-type":"","background-media":"","overlay-type":"","overlay-color":"","overlay-opacity":"","overlay-gradient":""}},"ast-content-background-meta":{"desktop":{"background-color":"var(--ast-global-color-5)","background-image":"","background-repeat":"repeat","background-position":"center center","background-size":"auto","background-attachment":"scroll","background-type":"","background-media":"","overlay-type":"","overlay-color":"","overlay-opacity":"","overlay-gradient":""},"tablet":{"background-color":"var(--ast-global-color-5)","background-image":"","background-repeat":"repeat","background-position":"center center","background-size":"auto","background-attachment":"scroll","background-type":"","background-media":"","overlay-type":"","overlay-color":"","overlay-opacity":"","overlay-gradient":""},"mobile":{"background-color":"var(--ast-global-color-5)","background-image":"","background-repeat":"repeat","background-position":"center center","background-size":"auto","background-attachment":"scroll","background-type":"","background-media":"","overlay-type":"","overlay-color":"","overlay-opacity":"","overlay-gradient":""}}},"product_brand":[],"product_cat":[1976,2509,3369,2016],"product_tag":[],"class_list":{"0":"post-381151","1":"product","2":"type-product","3":"status-publish","4":"has-post-thumbnail","6":"product_cat-reservoirs-et-bobines","7":"product_cat-shop-by-brand-fr","8":"product_cat-smok-fr","9":"product_cat-verre-et-adaptateurs","10":"desktop-align-center","11":"tablet-align-center","12":"mobile-align-center","13":"ast-product-gallery-layout-horizontal-slider","14":"ast-product-gallery-with-no-image","15":"ast-product-tabs-layout-horizontal","17":"first","18":"instock","19":"sale","20":"taxable","21":"shipping-taxable","22":"purchasable","23":"product-type-simple"},"acf":[],"uagb_featured_image_src":{"full":["https:\/\/justvape.nu\/wp-content\/uploads\/2018\/02\/SMOK-Bulb-Pyrex-Glass-Tube-for-TFV8-Big-BabyX-Baby-7ml-3pcs_004094963b34.jpg",1000,1000,false],"thumbnail":["https:\/\/justvape.nu\/wp-content\/uploads\/2018\/02\/SMOK-Bulb-Pyrex-Glass-Tube-for-TFV8-Big-BabyX-Baby-7ml-3pcs_004094963b34-150x150.jpg",150,150,true],"medium":["https:\/\/justvape.nu\/wp-content\/uploads\/2018\/02\/SMOK-Bulb-Pyrex-Glass-Tube-for-TFV8-Big-BabyX-Baby-7ml-3pcs_004094963b34-300x300.jpg",300,300,true],"medium_large":["https:\/\/justvape.nu\/wp-content\/uploads\/2018\/02\/SMOK-Bulb-Pyrex-Glass-Tube-for-TFV8-Big-BabyX-Baby-7ml-3pcs_004094963b34-768x768.jpg",768,768,true],"large":["https:\/\/justvape.nu\/wp-content\/uploads\/2018\/02\/SMOK-Bulb-Pyrex-Glass-Tube-for-TFV8-Big-BabyX-Baby-7ml-3pcs_004094963b34.jpg",1000,1000,false],"1536x1536":["https:\/\/justvape.nu\/wp-content\/uploads\/2018\/02\/SMOK-Bulb-Pyrex-Glass-Tube-for-TFV8-Big-BabyX-Baby-7ml-3pcs_004094963b34.jpg",1000,1000,false],"2048x2048":["https:\/\/justvape.nu\/wp-content\/uploads\/2018\/02\/SMOK-Bulb-Pyrex-Glass-Tube-for-TFV8-Big-BabyX-Baby-7ml-3pcs_004094963b34.jpg",1000,1000,false],"woocommerce_thumbnail":["https:\/\/justvape.nu\/wp-content\/uploads\/2018\/02\/SMOK-Bulb-Pyrex-Glass-Tube-for-TFV8-Big-BabyX-Baby-7ml-3pcs_004094963b34-300x300.jpg",300,300,true],"woocommerce_single":["https:\/\/justvape.nu\/wp-content\/uploads\/2018\/02\/SMOK-Bulb-Pyrex-Glass-Tube-for-TFV8-Big-BabyX-Baby-7ml-3pcs_004094963b34-600x600.jpg",600,600,true],"woocommerce_gallery_thumbnail":["https:\/\/justvape.nu\/wp-content\/uploads\/2018\/02\/SMOK-Bulb-Pyrex-Glass-Tube-for-TFV8-Big-BabyX-Baby-7ml-3pcs_004094963b34-100x100.jpg",100,100,true],"dgwt-wcas-product-suggestion":["https:\/\/justvape.nu\/wp-content\/uploads\/2018\/02\/SMOK-Bulb-Pyrex-Glass-Tube-for-TFV8-Big-BabyX-Baby-7ml-3pcs_004094963b34-64x64.jpg",64,64,true]},"uagb_author_info":{"display_name":"JustVape.nu","author_link":"https:\/\/justvape.nu\/fr\/author\/"},"uagb_comment_info":0,"uagb_excerpt":"SMOK Pyrex Bulb Glass Tube #2 (8.0ml) Le tube en verre Pyrex Ampoule SMOK est con\u00e7u pour le prince TFV12 D\u00e9tails d&#8217;emballage: 1 pi\u00e8ces &#8211; Tube en verre Pyrex d&rsquo;ampoule SMOK 8 ml pour TFV12 Prince Param\u00e8tres: \u2022 Mat\u00e9riau: verre Pyrex \u2022 Capacit\u00e9: 8,0 ml \u2022 Compatible pour: r\u00e9servoir TFV12 Prince","_links":{"self":[{"href":"https:\/\/justvape.nu\/fr\/wp-json\/wp\/v2\/product\/381151","targetHints":{"allow":["GET"]}}],"collection":[{"href":"https:\/\/justvape.nu\/fr\/wp-json\/wp\/v2\/product"}],"about":[{"href":"https:\/\/justvape.nu\/fr\/wp-json\/wp\/v2\/types\/product"}],"replies":[{"embeddable":true,"href":"https:\/\/justvape.nu\/fr\/wp-json\/wp\/v2\/comments?post=381151"}],"wp:featuredmedia":[{"embeddable":true,"href":"https:\/\/justvape.nu\/fr\/wp-json\/wp\/v2\/media\/238852"}],"wp:attachment":[{"href":"https:\/\/justvape.nu\/fr\/wp-json\/wp\/v2\/media?parent=381151"}],"wp:term":[{"taxonomy":"product_brand","embeddable":true,"href":"https:\/\/justvape.nu\/fr\/wp-json\/wp\/v2\/product_brand?post=381151"},{"taxonomy":"product_cat","embeddable":true,"href":"https:\/\/justvape.nu\/fr\/wp-json\/wp\/v2\/product_cat?post=381151"},{"taxonomy":"product_tag","embeddable":true,"href":"https:\/\/justvape.nu\/fr\/wp-json\/wp\/v2\/product_tag?post=381151"}],"curies":[{"name":"wp","href":"https:\/\/api.w.org\/{rel}","templated":true}]}}