{"id":380435,"date":"2018-02-02T19:43:35","date_gmt":"2018-02-02T18:43:35","guid":{"rendered":"https:\/\/www.justvape.nu\/produkt\/sony-batterie-murata-vtc5a-18650-2600mah-25a-us18650vtc5a\/"},"modified":"2024-04-09T17:05:50","modified_gmt":"2024-04-09T15:05:50","slug":"sony-18650-vtc5a-2600-mah","status":"publish","type":"product","link":"https:\/\/justvape.nu\/fr\/produkt\/sony-18650-vtc5a-2600-mah\/","title":{"rendered":"Sony | Batterie Murata VTC5A 18650 2600mAh 25A &#8211; US18650VTC5A"},"content":{"rendered":"<h2>Sony | Batterie Murata VTC5A 18650 2600mAh 25A &#8211; US18650VTC5A<\/h2>\n<p>Cette cellule Sony \/ MuRata VTC5A est un type de cellule \u00ab\u00a0Superman\u00a0\u00bb pour ceux qui ont besoin et ont besoin de cellules \u00e0 d\u00e9charge \/ vidange ultra-\u00e9lev\u00e9es au format 18650. C&rsquo;est une cellule tr\u00e8s s\u00fbre et extr\u00eamement fiable gr\u00e2ce au type de chimie NMC (Nickel Manganese Cobalt). Cela lui permet de maintenir des temp\u00e9ratures tr\u00e8s stables sous une d\u00e9charge \/ vidange aussi \u00e9lev\u00e9e. Cette cellule n&rsquo;est b\u00e9n\u00e9fique que pour les appareils ultimes qui n\u00e9cessitent de telles demandes, car elle ne montrera pas ses v\u00e9ritables capacit\u00e9s tant que la demande n&rsquo;est pas pouss\u00e9e \u00e0 au moins 20 amp\u00e8res de d\u00e9charge \/ vidange continue et jusqu&rsquo;\u00e0 30 amp\u00e8res de d\u00e9charge \/ vidange continue. Avec une capacit\u00e9 nominale de 2600 mAh et jusqu&rsquo;\u00e0 35 amp\u00e8res de d\u00e9charge \/ vidange constante lorsque la cellule est maintenue en dessous de 176 degr\u00e9s Fahrenheit ou 80 degr\u00e9s Celsius, vous ne trouverez pas de cellule de meilleure qualit\u00e9 pour r\u00e9pondre aux besoins de votre appareil Ultimate High Discharge \/ Drain ou demandes.<\/p>\n<p>Cette cellule est sans doute consid\u00e9r\u00e9e comme la plus forte lors de la d\u00e9charge \/ vidange initiale de toute cellule de taille de facteur de forme 18650, d&rsquo;une capacit\u00e9 de plus de 2500 mAh. Si vous voulez \u00e0 la fois une \u00ab\u00a0tranquillit\u00e9 d&rsquo;esprit\u00a0\u00bb et des besoins tr\u00e8s exigeants \u00e0 satisfaire et \u00e0 satisfaire, alors c&rsquo;est votre tour de cellule.<\/p>\n<h3><a href=\"https:\/\/www.justvape.nu\/wp-content\/uploads\/2018\/02\/sony_vtc5a_data_sheet.pdf\">Fiche technique Sony VTC5A<\/a><\/h3>\n<h4>Caract\u00e9ristiques:<\/h4>\n<ul>\n<li>Mod\u00e8le: US18650VTC5A<\/li>\n<li>Taille: 18650<\/li>\n<li>Style: dessus plat<\/li>\n<li>Chimie: NMC<\/li>\n<li>Capacit\u00e9 nominale: 2600mAh<\/li>\n<li>Estimation de d\u00e9charge continue: 25A<\/li>\n<li>Tension nominale: 3,6 v<\/li>\n<li>Prot\u00e9g\u00e9: Non<\/li>\n<li>Rechargeable: Oui<\/li>\n<li>Dimensions approximatives: 18,2 mm x 65 mm<\/li>\n<li>Poids approximatif: 47,8 g<\/li>\n<\/ul>\n<p>&nbsp;<\/p>\n<div><\/div>\n<h4>ATTENTION:<\/h4>\n<div>L&rsquo;utilisateur doit avoir une compr\u00e9hension appropri\u00e9e des batteries lithium-ion avant l&rsquo;achat. Soyez prudent lorsque vous travaillez avec et utilisez des batteries au lithium-ion car elles sont tr\u00e8s sensibles aux caract\u00e9ristiques de charge et peuvent exploser, br\u00fbler ou provoquer un incendie si elles sont mal utilis\u00e9es ou mal g\u00e9r\u00e9es. Chargez toujours dans ou sur une surface ignifuge. Ne laissez jamais les batteries en charge sans surveillance. L&rsquo;acheteur est responsable de tout dommage ou blessure caus\u00e9 par une mauvaise utilisation ou une mauvaise manipulation des batteries et chargeurs lithium-ion. Aucune garantie expresse ou implicite de compatibilit\u00e9 avec un appareil quelconque ne peut \u00eatre faite. Chargez uniquement avec un chargeur intelligent con\u00e7u pour ce type sp\u00e9cifique de batterie lithium-ion. Ne m\u00e9langez pas et ne faites pas correspondre des piles anciennes et nouvelles, usag\u00e9es et non utilis\u00e9es.<\/div>\n<div><\/div>\n<ul>\n<li>Une mauvaise utilisation ou une mauvaise manipulation des batteries lithium-ion peut poser un RISQUE GRAVE de blessures, de dommages mat\u00e9riels ou de mort<\/li>\n<li>LES BATTERIES PEUVENT EXPLOSER, BR\u00dbLER OU PROVOQUER UN INCENDIE EN CAS DE MAUVAISE UTILISATION OU DE MANIPULATION<\/li>\n<li>Utiliser UNIQUEMENT avec un circuit de protection appropri\u00e9<\/li>\n<li>Utiliser UNIQUEMENT selon les sp\u00e9cifications du fabricant<\/li>\n<li>NE PAS ranger en vrac dans une poche, un sac \u00e0 main, etc. &#8211; utilisez toujours un \u00e9tui de protection<\/li>\n<li>TENIR \u00c0 L&rsquo;\u00c9CART des objets m\u00e9talliques pour \u00e9viter les courts-circuits<\/li>\n<li>NE PAS court-circuiter<\/li>\n<li>NE PAS utiliser si l&#8217;emballage ou l&rsquo;isolant est endommag\u00e9 ou d\u00e9chir\u00e9<\/li>\n<li>NE PAS utiliser s&rsquo;il est endommag\u00e9 de quelque mani\u00e8re que ce soit<\/li>\n<li>NE PAS surcharger ou surd\u00e9charger<\/li>\n<li>NE PAS modifier, d\u00e9monter, percer, couper, \u00e9craser ou incin\u00e9rer<\/li>\n<li>NE PAS exposer \u00e0 des liquides ou \u00e0 des temp\u00e9ratures \u00e9lev\u00e9es<\/li>\n<li>NE PAS souder<\/li>\n<li>L&rsquo;utilisateur doit \u00eatre familiaris\u00e9 avec la manipulation des batteries lithium-ion avant l&rsquo;achat<\/li>\n<li>L&rsquo;utilisation des piles est \u00c0 VOS PROPRES RISQUES<\/li>\n<\/ul>\n<div>\n<div><\/div>\n<\/div>\n","protected":false},"excerpt":{"rendered":"<p>Sony | Batterie Murata VTC5A 18650 2600mAh 25A &#8211; US18650VTC5A<\/p>\n","protected":false},"featured_media":299768,"comment_status":"open","ping_status":"closed","template":"","meta":{"_acf_changed":false,"_uag_custom_page_level_css":"","site-sidebar-layout":"default","site-content-layout":"default","ast-site-content-layout":"default","site-content-style":"default","site-sidebar-style":"default","ast-global-header-display":"","ast-banner-title-visibility":"","ast-main-header-display":"","ast-hfb-above-header-display":"","ast-hfb-below-header-display":"","ast-hfb-mobile-header-display":"","site-post-title":"","ast-breadcrumbs-content":"","ast-featured-img":"","footer-sml-layout":"","ast-disable-related-posts":"","theme-transparent-header-meta":"default","adv-header-id-meta":"","stick-header-meta":"default","header-above-stick-meta":"","header-main-stick-meta":"","header-below-stick-meta":"","astra-migrate-meta-layouts":"default","ast-page-background-enabled":"default","ast-page-background-meta":{"desktop":{"background-color":"","background-image":"","background-repeat":"repeat","background-position":"center center","background-size":"auto","background-attachment":"scroll","background-type":"","background-media":"","overlay-type":"","overlay-color":"","overlay-opacity":"","overlay-gradient":""},"tablet":{"background-color":"","background-image":"","background-repeat":"repeat","background-position":"center center","background-size":"auto","background-attachment":"scroll","background-type":"","background-media":"","overlay-type":"","overlay-color":"","overlay-opacity":"","overlay-gradient":""},"mobile":{"background-color":"","background-image":"","background-repeat":"repeat","background-position":"center center","background-size":"auto","background-attachment":"scroll","background-type":"","background-media":"","overlay-type":"","overlay-color":"","overlay-opacity":"","overlay-gradient":""}},"ast-content-background-meta":{"desktop":{"background-color":"var(--ast-global-color-5)","background-image":"","background-repeat":"repeat","background-position":"center center","background-size":"auto","background-attachment":"scroll","background-type":"","background-media":"","overlay-type":"","overlay-color":"","overlay-opacity":"","overlay-gradient":""},"tablet":{"background-color":"var(--ast-global-color-5)","background-image":"","background-repeat":"repeat","background-position":"center center","background-size":"auto","background-attachment":"scroll","background-type":"","background-media":"","overlay-type":"","overlay-color":"","overlay-opacity":"","overlay-gradient":""},"mobile":{"background-color":"var(--ast-global-color-5)","background-image":"","background-repeat":"repeat","background-position":"center center","background-size":"auto","background-attachment":"scroll","background-type":"","background-media":"","overlay-type":"","overlay-color":"","overlay-opacity":"","overlay-gradient":""}}},"product_brand":[],"product_cat":[2330,2170,2508,2509,3376],"product_tag":[],"class_list":{"0":"post-380435","1":"product","2":"type-product","3":"status-publish","4":"has-post-thumbnail","6":"product_cat-18650-fr","7":"product_cat-cellules-de-batterie","8":"product_cat-hardware-fr","9":"product_cat-shop-by-brand-fr","10":"product_cat-sony-fr-2","11":"product_shipping_class-batteries-fr","12":"desktop-align-center","13":"tablet-align-center","14":"mobile-align-center","15":"ast-product-gallery-layout-horizontal-slider","16":"ast-product-gallery-with-no-image","17":"ast-product-tabs-layout-horizontal","19":"first","20":"instock","21":"sale","22":"taxable","23":"shipping-taxable","24":"purchasable","25":"product-type-simple"},"acf":[],"uagb_featured_image_src":{"full":["https:\/\/justvape.nu\/wp-content\/uploads\/2018\/02\/sony-18650-vtc5a-2600mah-high-drain-battery-12c-35a-1.jpg",800,800,false],"thumbnail":["https:\/\/justvape.nu\/wp-content\/uploads\/2018\/02\/sony-18650-vtc5a-2600mah-high-drain-battery-12c-35a-1-150x150.jpg",150,150,true],"medium":["https:\/\/justvape.nu\/wp-content\/uploads\/2018\/02\/sony-18650-vtc5a-2600mah-high-drain-battery-12c-35a-1-300x300.jpg",300,300,true],"medium_large":["https:\/\/justvape.nu\/wp-content\/uploads\/2018\/02\/sony-18650-vtc5a-2600mah-high-drain-battery-12c-35a-1-768x768.jpg",768,768,true],"large":["https:\/\/justvape.nu\/wp-content\/uploads\/2018\/02\/sony-18650-vtc5a-2600mah-high-drain-battery-12c-35a-1.jpg",800,800,false],"1536x1536":["https:\/\/justvape.nu\/wp-content\/uploads\/2018\/02\/sony-18650-vtc5a-2600mah-high-drain-battery-12c-35a-1.jpg",800,800,false],"2048x2048":["https:\/\/justvape.nu\/wp-content\/uploads\/2018\/02\/sony-18650-vtc5a-2600mah-high-drain-battery-12c-35a-1.jpg",800,800,false],"woocommerce_thumbnail":["https:\/\/justvape.nu\/wp-content\/uploads\/2018\/02\/sony-18650-vtc5a-2600mah-high-drain-battery-12c-35a-1-300x300.jpg",300,300,true],"woocommerce_single":["https:\/\/justvape.nu\/wp-content\/uploads\/2018\/02\/sony-18650-vtc5a-2600mah-high-drain-battery-12c-35a-1-600x600.jpg",600,600,true],"woocommerce_gallery_thumbnail":["https:\/\/justvape.nu\/wp-content\/uploads\/2018\/02\/sony-18650-vtc5a-2600mah-high-drain-battery-12c-35a-1-100x100.jpg",100,100,true],"dgwt-wcas-product-suggestion":["https:\/\/justvape.nu\/wp-content\/uploads\/2018\/02\/sony-18650-vtc5a-2600mah-high-drain-battery-12c-35a-1-64x64.jpg",64,64,true]},"uagb_author_info":{"display_name":"dsadmin","author_link":"https:\/\/justvape.nu\/fr\/author\/"},"uagb_comment_info":0,"uagb_excerpt":"Sony | Batterie Murata VTC5A 18650 2600mAh 25A - US18650VTC5A","_links":{"self":[{"href":"https:\/\/justvape.nu\/fr\/wp-json\/wp\/v2\/product\/380435","targetHints":{"allow":["GET"]}}],"collection":[{"href":"https:\/\/justvape.nu\/fr\/wp-json\/wp\/v2\/product"}],"about":[{"href":"https:\/\/justvape.nu\/fr\/wp-json\/wp\/v2\/types\/product"}],"replies":[{"embeddable":true,"href":"https:\/\/justvape.nu\/fr\/wp-json\/wp\/v2\/comments?post=380435"}],"wp:featuredmedia":[{"embeddable":true,"href":"https:\/\/justvape.nu\/fr\/wp-json\/wp\/v2\/media\/299768"}],"wp:attachment":[{"href":"https:\/\/justvape.nu\/fr\/wp-json\/wp\/v2\/media?parent=380435"}],"wp:term":[{"taxonomy":"product_brand","embeddable":true,"href":"https:\/\/justvape.nu\/fr\/wp-json\/wp\/v2\/product_brand?post=380435"},{"taxonomy":"product_cat","embeddable":true,"href":"https:\/\/justvape.nu\/fr\/wp-json\/wp\/v2\/product_cat?post=380435"},{"taxonomy":"product_tag","embeddable":true,"href":"https:\/\/justvape.nu\/fr\/wp-json\/wp\/v2\/product_tag?post=380435"}],"curies":[{"name":"wp","href":"https:\/\/api.w.org\/{rel}","templated":true}]}}