{"id":380129,"date":"2018-02-02T19:43:22","date_gmt":"2018-02-02T18:43:22","guid":{"rendered":"https:\/\/www.justvape.nu\/produkt\/chargeur-led-intelligent-efest-lush-q2\/"},"modified":"2021-09-12T02:23:30","modified_gmt":"2021-09-12T00:23:30","slug":"efest-lush-q2-oplader-intelligent-led","status":"publish","type":"product","link":"https:\/\/justvape.nu\/fr\/produkt\/efest-lush-q2-oplader-intelligent-led\/","title":{"rendered":"Efest LUSH Q2 Intelligent LED Charger"},"content":{"rendered":"<h2>Efest LUSH Q2 Intelligent LED Charger<\/h2>\n<p>&nbsp;<\/p>\n<p>Avec le chargeur LUSH Q2 d&rsquo;Efest, vous avez de la place pour charger deux batteries \u00e0 la fois.<\/p>\n<p>Vous pouvez charger n&rsquo;importe quoi de * 10440 \u00e0 26650 batteries.<\/p>\n<p>Les p\u00f4les sont en acier et recouverts de chrome dur, ce qui donnera un volt plus pr\u00e9cis lors du chargement de votre batterie.<\/p>\n<p>Le chargeur se charge avec 1Amp avec 2 batteries et 2Amp si vous ne chargez qu&rsquo;une seule batterie, donc la charge est rapide, et LUSH Q2 a bien s\u00fbr toutes les fonctionnalit\u00e9s de protection attendues d&rsquo;un chargeur moderne.<\/p>\n<p>La fonction de r\u00e9animation int\u00e9gr\u00e9e vous permet d&rsquo;essayer de raviver les batteries surcharg\u00e9es \/ d\u00e9charg\u00e9es.<\/p>\n<p><strong>Des d\u00e9tails:<\/strong><\/p>\n<p>Charge les types de batteries suivants: 10440, 14500, 14650, 16340, 16650, 17650, 17670, 18350, 18490, 18500, 18650, 20700, 22650, 26500, 26650.<br \/>\nChargeur \u00e0 deux emplacements.<br \/>\nCharge avec 1Amp avec 2 batteries et 2Amp si vous ne chargez qu&rsquo;une seule batterie.<br \/>\nAffichage LED pour chaque batterie, indique l&rsquo;\u00e9tat de charge actuel.<br \/>\nLe ressort am\u00e9lior\u00e9 par la bobine de r\u00e9glage de la batterie facilite le retrait des batteries et leur insertion.<br \/>\nLes p\u00f4les sont en acier et recouverts de chrome1 qui donnera un volt plus pr\u00e9cis lors du chargement de votre batterie.<br \/>\nPeut raviver certaines batteries m\u00eame si elles sont compl\u00e8tement d\u00e9charg\u00e9es. (minimum 0.6Volt)<br \/>\nProt\u00e9g\u00e9 contre la surcharge.<br \/>\nProt\u00e9g\u00e9 contre les courts-circuits.<br \/>\nProtection contre l&rsquo;inversion de polarit\u00e9.<br \/>\nArr\u00eate automatiquement la charge lorsqu&rsquo;une batterie est compl\u00e8tement charg\u00e9e.<br \/>\nTension d&rsquo;entr\u00e9e: 220Volt.<\/p>\n","protected":false},"excerpt":{"rendered":"<p>Efest LUSH Q2 Intelligent LED Charger<\/p>\n","protected":false},"featured_media":239072,"comment_status":"open","ping_status":"closed","template":"","meta":{"_acf_changed":false,"_uag_custom_page_level_css":"","site-sidebar-layout":"default","site-content-layout":"default","ast-site-content-layout":"default","site-content-style":"default","site-sidebar-style":"default","ast-global-header-display":"","ast-banner-title-visibility":"","ast-main-header-display":"","ast-hfb-above-header-display":"","ast-hfb-below-header-display":"","ast-hfb-mobile-header-display":"","site-post-title":"","ast-breadcrumbs-content":"","ast-featured-img":"","footer-sml-layout":"","ast-disable-related-posts":"","theme-transparent-header-meta":"default","adv-header-id-meta":"","stick-header-meta":"default","header-above-stick-meta":"","header-main-stick-meta":"","header-below-stick-meta":"","astra-migrate-meta-layouts":"default","ast-page-background-enabled":"default","ast-page-background-meta":{"desktop":{"background-color":"","background-image":"","background-repeat":"repeat","background-position":"center center","background-size":"auto","background-attachment":"scroll","background-type":"","background-media":"","overlay-type":"","overlay-color":"","overlay-opacity":"","overlay-gradient":""},"tablet":{"background-color":"","background-image":"","background-repeat":"repeat","background-position":"center center","background-size":"auto","background-attachment":"scroll","background-type":"","background-media":"","overlay-type":"","overlay-color":"","overlay-opacity":"","overlay-gradient":""},"mobile":{"background-color":"","background-image":"","background-repeat":"repeat","background-position":"center center","background-size":"auto","background-attachment":"scroll","background-type":"","background-media":"","overlay-type":"","overlay-color":"","overlay-opacity":"","overlay-gradient":""}},"ast-content-background-meta":{"desktop":{"background-color":"var(--ast-global-color-5)","background-image":"","background-repeat":"repeat","background-position":"center center","background-size":"auto","background-attachment":"scroll","background-type":"","background-media":"","overlay-type":"","overlay-color":"","overlay-opacity":"","overlay-gradient":""},"tablet":{"background-color":"var(--ast-global-color-5)","background-image":"","background-repeat":"repeat","background-position":"center center","background-size":"auto","background-attachment":"scroll","background-type":"","background-media":"","overlay-type":"","overlay-color":"","overlay-opacity":"","overlay-gradient":""},"mobile":{"background-color":"var(--ast-global-color-5)","background-image":"","background-repeat":"repeat","background-position":"center center","background-size":"auto","background-attachment":"scroll","background-type":"","background-media":"","overlay-type":"","overlay-color":"","overlay-opacity":"","overlay-gradient":""}}},"product_brand":[],"product_cat":[1906,2190,3216,2508,2509],"product_tag":[],"class_list":{"0":"post-380129","1":"product","2":"type-product","3":"status-publish","4":"has-post-thumbnail","6":"product_cat-accessoires","7":"product_cat-chargeurs","8":"product_cat-efest-fr-2","9":"product_cat-hardware-fr","10":"product_cat-shop-by-brand-fr","11":"desktop-align-center","12":"tablet-align-center","13":"mobile-align-center","14":"ast-product-gallery-layout-horizontal-slider","15":"ast-product-gallery-with-no-image","16":"ast-product-tabs-layout-horizontal","18":"first","19":"instock","20":"sale","21":"taxable","22":"shipping-taxable","23":"purchasable","24":"product-type-simple"},"acf":[],"uagb_featured_image_src":{"full":["https:\/\/justvape.nu\/wp-content\/uploads\/2018\/02\/tilbehr-diy-efest-lush-q2-intelligent-led-oplader.jpg",800,800,false],"thumbnail":["https:\/\/justvape.nu\/wp-content\/uploads\/2018\/02\/tilbehr-diy-efest-lush-q2-intelligent-led-oplader-150x150.jpg",150,150,true],"medium":["https:\/\/justvape.nu\/wp-content\/uploads\/2018\/02\/tilbehr-diy-efest-lush-q2-intelligent-led-oplader-300x300.jpg",300,300,true],"medium_large":["https:\/\/justvape.nu\/wp-content\/uploads\/2018\/02\/tilbehr-diy-efest-lush-q2-intelligent-led-oplader-768x768.jpg",768,768,true],"large":["https:\/\/justvape.nu\/wp-content\/uploads\/2018\/02\/tilbehr-diy-efest-lush-q2-intelligent-led-oplader.jpg",800,800,false],"1536x1536":["https:\/\/justvape.nu\/wp-content\/uploads\/2018\/02\/tilbehr-diy-efest-lush-q2-intelligent-led-oplader.jpg",800,800,false],"2048x2048":["https:\/\/justvape.nu\/wp-content\/uploads\/2018\/02\/tilbehr-diy-efest-lush-q2-intelligent-led-oplader.jpg",800,800,false],"woocommerce_thumbnail":["https:\/\/justvape.nu\/wp-content\/uploads\/2018\/02\/tilbehr-diy-efest-lush-q2-intelligent-led-oplader-300x300.jpg",300,300,true],"woocommerce_single":["https:\/\/justvape.nu\/wp-content\/uploads\/2018\/02\/tilbehr-diy-efest-lush-q2-intelligent-led-oplader-600x600.jpg",600,600,true],"woocommerce_gallery_thumbnail":["https:\/\/justvape.nu\/wp-content\/uploads\/2018\/02\/tilbehr-diy-efest-lush-q2-intelligent-led-oplader-100x100.jpg",100,100,true],"dgwt-wcas-product-suggestion":["https:\/\/justvape.nu\/wp-content\/uploads\/2018\/02\/tilbehr-diy-efest-lush-q2-intelligent-led-oplader-64x64.jpg",64,64,true]},"uagb_author_info":{"display_name":"dsadmin","author_link":"https:\/\/justvape.nu\/fr\/author\/"},"uagb_comment_info":0,"uagb_excerpt":"Efest LUSH Q2 Intelligent LED Charger","_links":{"self":[{"href":"https:\/\/justvape.nu\/fr\/wp-json\/wp\/v2\/product\/380129","targetHints":{"allow":["GET"]}}],"collection":[{"href":"https:\/\/justvape.nu\/fr\/wp-json\/wp\/v2\/product"}],"about":[{"href":"https:\/\/justvape.nu\/fr\/wp-json\/wp\/v2\/types\/product"}],"replies":[{"embeddable":true,"href":"https:\/\/justvape.nu\/fr\/wp-json\/wp\/v2\/comments?post=380129"}],"wp:featuredmedia":[{"embeddable":true,"href":"https:\/\/justvape.nu\/fr\/wp-json\/wp\/v2\/media\/239072"}],"wp:attachment":[{"href":"https:\/\/justvape.nu\/fr\/wp-json\/wp\/v2\/media?parent=380129"}],"wp:term":[{"taxonomy":"product_brand","embeddable":true,"href":"https:\/\/justvape.nu\/fr\/wp-json\/wp\/v2\/product_brand?post=380129"},{"taxonomy":"product_cat","embeddable":true,"href":"https:\/\/justvape.nu\/fr\/wp-json\/wp\/v2\/product_cat?post=380129"},{"taxonomy":"product_tag","embeddable":true,"href":"https:\/\/justvape.nu\/fr\/wp-json\/wp\/v2\/product_tag?post=380129"}],"curies":[{"name":"wp","href":"https:\/\/api.w.org\/{rel}","templated":true}]}}