{"id":380117,"date":"2018-02-02T19:43:34","date_gmt":"2018-02-02T18:43:34","guid":{"rendered":"https:\/\/www.justvape.nu\/produkt\/samsung-25r-18650-2500mah-20a-batteri-inr18650-25r\/"},"modified":"2024-04-09T17:06:04","modified_gmt":"2024-04-09T15:06:04","slug":"samsung-inr18650-25r-2500mah","status":"publish","type":"product","link":"https:\/\/justvape.nu\/fr\/produkt\/samsung-inr18650-25r-2500mah\/","title":{"rendered":"Samsung 25R 18650 2500mAh 20A Batteri &#8211; INR18650-25R"},"content":{"rendered":"<h2>Batterie Samsung 25R 18650 2500mAh 20A &#8211; INR18650-25R<\/h2>\n<div><\/div>\n<div>C&rsquo;est sans doute la cellule de taille 18650 la plus vendue et la plus respect\u00e9e sur le march\u00e9, encore aujourd&rsquo;hui. Cette cellule est de tr\u00e8s haute qualit\u00e9 et a un prix tr\u00e8s \u00e9conomique pour la terminer. C&rsquo;est une excellente cellule \u00e9quilibr\u00e9e en termes de performances et de fiabilit\u00e9. De plus, cette cellule a un tr\u00e8s bon \u00e9quilibre avec une capacit\u00e9 mod\u00e9r\u00e9e-\u00e9lev\u00e9e de 2500 mAh en \u00e9nergie, tout en ayant une capacit\u00e9 de d\u00e9charge \/ drain continue maximale \u00e9lev\u00e9e de 20 amp\u00e8res (sans aucune coupure de temp\u00e9rature). Cette cellule est tr\u00e8s stable, m\u00eame lorsqu&rsquo;elle est pouss\u00e9e \u00e0 son maximum. Cette cellule a \u00e0 peu pr\u00e8s tout ce que vous pourriez d\u00e9sirer dans une cellule Li-Ion, comme vous pouvez le voir \u00e0 partir de certains de ses attributs. Il a de nombreuses utilisations telles que: blocs d&rsquo;alimentation, banques d&rsquo;alimentation \u00e0 haut rendement, BMS, outils \u00e9lectriques et lampes de poche haute puissance. Cette cellule a une composition chimique de batterie beaucoup plus s\u00fbre que les cellules du pass\u00e9, ce qui la rend plus stable et beaucoup plus s\u00fbre. Cette cellule est souvent class\u00e9e comme une cellule \u00abBoucle d&rsquo;or\u00bb, en raison de sa polyvalence et de tous ses attributs. Cette cellule a pass\u00e9 le test du temps et v\u00e9rifie presque toutes les cases que vous pouvez raisonnablement imaginer. Il n&rsquo;est pas \u00e9tonnant qu&rsquo;il ait une histoire si v\u00e9n\u00e9rable et un favori des consommateurs.<\/div>\n<h3><a href=\"https:\/\/www.justvape.nu\/wp-content\/uploads\/2018\/02\/samsung_25r_data_sheet.pdf\">Fiche technique Samsung 25R<\/a><\/h3>\n<h4>Sp\u00e9cifications du Samsung 25R<\/h4>\n<ul>\n<li>Mod\u00e8le: Samsung 25R \/ INR18650-25R<\/li>\n<li>Taille: 18650<\/li>\n<li>Style: dessus plat<\/li>\n<li>Prot\u00e9g\u00e9: Non<\/li>\n<li>Rechargeable: Oui<\/li>\n<li>Capacit\u00e9 nominale: 2500mAh<\/li>\n<li>Estimation de d\u00e9charge continue: 20A<\/li>\n<li>Tension nominale: 3,6 V<\/li>\n<li>Dimensions approximatives: 18,33 mm x 64,85 mm<\/li>\n<li>Poids approximatif: 43,8 g<\/li>\n<\/ul>\n<hr>\n<h4>Informations de s\u00e9curit\u00e9 Samsung SDI<br \/>\n<a href=\"https:\/\/www.samsungsdi.com\/lithium-ion-battery\/safe-information.html\" target=\"_blank\" rel=\"noopener noreferrer\">\u00ab\u00a0Chargement, utilisation et manipulation de batteries au lithium-ion de petite taille\u00a0\u00bb<\/a><\/h4>\n<h4><\/h4>\n<h4>ATTENTION:<\/h4>\n<div>L&rsquo;utilisateur doit avoir une compr\u00e9hension appropri\u00e9e des batteries lithium-ion avant l&rsquo;achat. Soyez prudent lorsque vous travaillez avec et utilisez des batteries au lithium-ion car elles sont tr\u00e8s sensibles aux caract\u00e9ristiques de charge et peuvent exploser, br\u00fbler ou provoquer un incendie si elles sont mal utilis\u00e9es ou mal g\u00e9r\u00e9es. Chargez toujours dans ou sur une surface ignifuge. Ne laissez jamais les batteries en charge sans surveillance. Cette batterie est vendue pour l&rsquo;utilisation d&rsquo;int\u00e9grations de syst\u00e8me avec des circuits de protection appropri\u00e9s ou des blocs-batteries avec un syst\u00e8me de gestion de batterie ou un PCB (circuit imprim\u00e9 \/ module). L&rsquo;acheteur est responsable de tout dommage ou blessure caus\u00e9 par une mauvaise utilisation ou une mauvaise manipulation des batteries et chargeurs lithium-ion. Chargez uniquement avec un chargeur intelligent con\u00e7u pour ce type sp\u00e9cifique de batterie lithium-ion.<\/div>\n<p>&nbsp;<\/p>\n<ul>\n<li>UNE MAUVAISE UTILISATION OU UNE MAUVAISE UTILISATION DES BATTERIES LITHIUM ION PEUT POSER UN RISQUE GRAVE DE BLESSURES CORPORELLES, DE DOMMAGES MAT\u00c9RIELS OU DE MORT<\/li>\n<li>LES BATTERIES PEUVENT EXPLOSER, BR\u00dbLER OU PROVOQUER UN INCENDIE EN CAS DE MAUVAISE UTILISATION OU DE MANIPULATION<\/li>\n<li>UTILISER UNIQUEMENT AVEC DES CIRCUITS APPROPRI\u00c9S DANS UN BLOC DE BATTERIES PROT\u00c9G\u00c9<\/li>\n<li>UTILISEZ UNIQUEMENT DANS LES SP\u00c9CIFICATIONS INDIQU\u00c9ES PAR LE FABRICANT<\/li>\n<li>NE CONSERVEZ PAS LA BATTERIE LIBRE DANS UNE POCHE, UN SAC \u00c0 MAIN ETC. &#8211; UTILISEZ TOUJOURS UN \u00c9TUI OU UNE BO\u00ceTE DE PROTECTION<\/li>\n<li>TENIR \u00c0 L&rsquo;\u00c9CART des objets m\u00e9talliques pour \u00e9viter les courts-circuits<\/li>\n<li>NE PAS court-circuiter<\/li>\n<li>NE PAS utiliser si l&#8217;emballage ou l&rsquo;isolant est endommag\u00e9 ou d\u00e9chir\u00e9<\/li>\n<li>NE PAS utiliser s&rsquo;il est endommag\u00e9 de quelque mani\u00e8re que ce soit<\/li>\n<li>NE PAS surcharger ou surd\u00e9charger<\/li>\n<li>NE PAS modifier, d\u00e9monter, percer, couper, \u00e9craser ou incin\u00e9rer<\/li>\n<li>NE PAS exposer \u00e0 des liquides ou \u00e0 des temp\u00e9ratures \u00e9lev\u00e9es<\/li>\n<li>NE PAS souder, souder par points uniquement<\/li>\n<li>L&rsquo;utilisateur doit \u00eatre familiaris\u00e9 avec la manipulation des batteries lithium-ion avant l&rsquo;achat<\/li>\n<li>L&rsquo;utilisation des piles est \u00c0 VOS PROPRES RISQUES<\/li>\n<li>Chargez TOUJOURS sur ou sur une surface ignifuge et ne laissez jamais les batteries en charge sans surveillance<\/li>\n<li>LES REVENDEURS DOIVENT TRANSMETTRE TOUS LES AVERTISSEMENTS \u00c0 TOUS LES CLIENTS POUR LEUR R\u00c9F\u00c9RENCE ET LEUR S\u00c9CURIT\u00c9<\/li>\n<\/ul>\n","protected":false},"excerpt":{"rendered":"<p>Batterie Samsung 25R 18650 2500mAh 20A &#8211; INR18650-25R<\/p>\n","protected":false},"featured_media":215088,"comment_status":"open","ping_status":"closed","template":"","meta":{"_acf_changed":false,"_uag_custom_page_level_css":"","site-sidebar-layout":"default","site-content-layout":"default","ast-site-content-layout":"default","site-content-style":"default","site-sidebar-style":"default","ast-global-header-display":"","ast-banner-title-visibility":"","ast-main-header-display":"","ast-hfb-above-header-display":"","ast-hfb-below-header-display":"","ast-hfb-mobile-header-display":"","site-post-title":"","ast-breadcrumbs-content":"","ast-featured-img":"","footer-sml-layout":"","ast-disable-related-posts":"","theme-transparent-header-meta":"default","adv-header-id-meta":"","stick-header-meta":"default","header-above-stick-meta":"","header-main-stick-meta":"","header-below-stick-meta":"","astra-migrate-meta-layouts":"default","ast-page-background-enabled":"default","ast-page-background-meta":{"desktop":{"background-color":"","background-image":"","background-repeat":"repeat","background-position":"center center","background-size":"auto","background-attachment":"scroll","background-type":"","background-media":"","overlay-type":"","overlay-color":"","overlay-opacity":"","overlay-gradient":""},"tablet":{"background-color":"","background-image":"","background-repeat":"repeat","background-position":"center center","background-size":"auto","background-attachment":"scroll","background-type":"","background-media":"","overlay-type":"","overlay-color":"","overlay-opacity":"","overlay-gradient":""},"mobile":{"background-color":"","background-image":"","background-repeat":"repeat","background-position":"center center","background-size":"auto","background-attachment":"scroll","background-type":"","background-media":"","overlay-type":"","overlay-color":"","overlay-opacity":"","overlay-gradient":""}},"ast-content-background-meta":{"desktop":{"background-color":"var(--ast-global-color-5)","background-image":"","background-repeat":"repeat","background-position":"center center","background-size":"auto","background-attachment":"scroll","background-type":"","background-media":"","overlay-type":"","overlay-color":"","overlay-opacity":"","overlay-gradient":""},"tablet":{"background-color":"var(--ast-global-color-5)","background-image":"","background-repeat":"repeat","background-position":"center center","background-size":"auto","background-attachment":"scroll","background-type":"","background-media":"","overlay-type":"","overlay-color":"","overlay-opacity":"","overlay-gradient":""},"mobile":{"background-color":"var(--ast-global-color-5)","background-image":"","background-repeat":"repeat","background-position":"center center","background-size":"auto","background-attachment":"scroll","background-type":"","background-media":"","overlay-type":"","overlay-color":"","overlay-opacity":"","overlay-gradient":""}}},"product_brand":[],"product_cat":[2330,2170,2508,3348,2509],"product_tag":[],"class_list":{"0":"post-380117","1":"product","2":"type-product","3":"status-publish","4":"has-post-thumbnail","6":"product_cat-18650-fr","7":"product_cat-cellules-de-batterie","8":"product_cat-hardware-fr","9":"product_cat-samsung-fr-2","10":"product_cat-shop-by-brand-fr","11":"product_shipping_class-batteries-fr","12":"desktop-align-center","13":"tablet-align-center","14":"mobile-align-center","15":"ast-product-gallery-layout-horizontal-slider","16":"ast-product-gallery-with-no-image","17":"ast-product-tabs-layout-horizontal","19":"first","20":"instock","21":"sale","22":"taxable","23":"shipping-taxable","24":"purchasable","25":"product-type-simple"},"acf":[],"uagb_featured_image_src":{"full":["https:\/\/justvape.nu\/wp-content\/uploads\/2018\/02\/samsung-inr18650-25r-high-drain-battery-2500mah.jpg",800,800,false],"thumbnail":["https:\/\/justvape.nu\/wp-content\/uploads\/2018\/02\/samsung-inr18650-25r-high-drain-battery-2500mah-150x150.jpg",150,150,true],"medium":["https:\/\/justvape.nu\/wp-content\/uploads\/2018\/02\/samsung-inr18650-25r-high-drain-battery-2500mah-300x300.jpg",300,300,true],"medium_large":["https:\/\/justvape.nu\/wp-content\/uploads\/2018\/02\/samsung-inr18650-25r-high-drain-battery-2500mah-768x768.jpg",768,768,true],"large":["https:\/\/justvape.nu\/wp-content\/uploads\/2018\/02\/samsung-inr18650-25r-high-drain-battery-2500mah.jpg",800,800,false],"1536x1536":["https:\/\/justvape.nu\/wp-content\/uploads\/2018\/02\/samsung-inr18650-25r-high-drain-battery-2500mah.jpg",800,800,false],"2048x2048":["https:\/\/justvape.nu\/wp-content\/uploads\/2018\/02\/samsung-inr18650-25r-high-drain-battery-2500mah.jpg",800,800,false],"woocommerce_thumbnail":["https:\/\/justvape.nu\/wp-content\/uploads\/2018\/02\/samsung-inr18650-25r-high-drain-battery-2500mah-300x300.jpg",300,300,true],"woocommerce_single":["https:\/\/justvape.nu\/wp-content\/uploads\/2018\/02\/samsung-inr18650-25r-high-drain-battery-2500mah-600x600.jpg",600,600,true],"woocommerce_gallery_thumbnail":["https:\/\/justvape.nu\/wp-content\/uploads\/2018\/02\/samsung-inr18650-25r-high-drain-battery-2500mah-100x100.jpg",100,100,true],"dgwt-wcas-product-suggestion":["https:\/\/justvape.nu\/wp-content\/uploads\/2018\/02\/samsung-inr18650-25r-high-drain-battery-2500mah-64x64.jpg",64,64,true]},"uagb_author_info":{"display_name":"dsadmin","author_link":"https:\/\/justvape.nu\/fr\/author\/"},"uagb_comment_info":0,"uagb_excerpt":"Batterie Samsung 25R 18650 2500mAh 20A - INR18650-25R","_links":{"self":[{"href":"https:\/\/justvape.nu\/fr\/wp-json\/wp\/v2\/product\/380117","targetHints":{"allow":["GET"]}}],"collection":[{"href":"https:\/\/justvape.nu\/fr\/wp-json\/wp\/v2\/product"}],"about":[{"href":"https:\/\/justvape.nu\/fr\/wp-json\/wp\/v2\/types\/product"}],"replies":[{"embeddable":true,"href":"https:\/\/justvape.nu\/fr\/wp-json\/wp\/v2\/comments?post=380117"}],"wp:featuredmedia":[{"embeddable":true,"href":"https:\/\/justvape.nu\/fr\/wp-json\/wp\/v2\/media\/215088"}],"wp:attachment":[{"href":"https:\/\/justvape.nu\/fr\/wp-json\/wp\/v2\/media?parent=380117"}],"wp:term":[{"taxonomy":"product_brand","embeddable":true,"href":"https:\/\/justvape.nu\/fr\/wp-json\/wp\/v2\/product_brand?post=380117"},{"taxonomy":"product_cat","embeddable":true,"href":"https:\/\/justvape.nu\/fr\/wp-json\/wp\/v2\/product_cat?post=380117"},{"taxonomy":"product_tag","embeddable":true,"href":"https:\/\/justvape.nu\/fr\/wp-json\/wp\/v2\/product_tag?post=380117"}],"curies":[{"name":"wp","href":"https:\/\/api.w.org\/{rel}","templated":true}]}}