{"id":379933,"date":"2018-02-02T19:43:22","date_gmt":"2018-02-02T18:43:22","guid":{"rendered":"https:\/\/www.justvape.nu\/produkt\/chargeur-intelligent-efest-slim-k1\/"},"modified":"2024-11-15T16:58:01","modified_gmt":"2024-11-15T15:58:01","slug":"efest-slim-k1-intelligent-charger","status":"publish","type":"product","link":"https:\/\/justvape.nu\/fr\/produkt\/efest-slim-k1-intelligent-charger\/","title":{"rendered":"Chargeur intelligent Efest SLIM K1"},"content":{"rendered":"<h2>Chargeur intelligent Efest SLIM K1<\/h2>\n<p>&nbsp;<\/p>\n<p>Le chargeur de batterie Efest Slim K1 Single Bay est un chargeur de batterie intelligent capable de charger une seule cellule. Le compartiment \u00e0 piles utilise un ressort en corde \u00e0 piano pour assurer un glissement en douceur lors de l&rsquo;installation et du retrait des piles. Comme pour tous ses appareils, Efest a inclus un \u00e9cran LED vif et intuitif, qui indique \u00e0 l&rsquo;utilisateur quand les batteries sont en cours de chargement et quand elles sont compl\u00e8tement charg\u00e9es, avec une fonction d&rsquo;arr\u00eat automatique. Le chargeur Efest Slim K1 est dot\u00e9 d&rsquo;une protection contre les inversions de polarit\u00e9, les courts-circuits et les surcharges, ainsi que de nombreuses autres fonctions de s\u00e9curit\u00e9. D\u00e9couvrez notre gamme de piles rechargeables et vivez la vape !<\/p>\n<p>Compatible avec : 10440, 14500, 14650, 16340, 16650, 17650, 17670, 18350, 18490, 18500, 18650, 20700, 21700, 26500, 26650<\/p>\n<p>Remarque : ce chargeur ne contient pas de piles. Les piles peuvent \u00eatre achet\u00e9es s\u00e9par\u00e9ment sur notre page d&rsquo;accessoires ou en suivant ce lien.<\/p>\n<p><strong>Contenu du kit :<\/strong><\/p>\n<p>Contenu :<br \/>\n&#8211; 1 x Chargeur Efest Slim K1<br \/>\n&#8211; 1 x c\u00e2ble USB<\/p>\n<p><strong>Caract\u00e9ristiques:<\/strong><\/p>\n<p>&#8211; Mode de charge rapide : 1.0A<br \/>\n&#8211; Convient \u00e0 diverses batteries Li-ion de 3,6V et 3,7V<br \/>\n&#8211; Protection contre l&rsquo;inversion de polarit\u00e9<br \/>\n&#8211; Fonction d&rsquo;activation<br \/>\n&#8211; Fonction de charge \u00e0 d\u00e9tection automatique<br \/>\n&#8211; Protection contre les surcharges<br \/>\n&#8211; Protection contre les courts-circuits<br \/>\n&#8211; Certifi\u00e9 CE et RoHS<br \/>\n&#8211; Le ressort en corde \u00e0 piano assure un glissement en douceur lors de l&rsquo;installation et du retrait de la batterie.<br \/>\n&#8211; La cathode en acier \u00e0 faible r\u00e9sistance et le chromage dur permettent d&rsquo;obtenir une tension de charge plus pr\u00e9cise.<br \/>\n&#8211; Puissance d&rsquo;entr\u00e9e AC : AC 100~240V 50\/60Hz<br \/>\n&#8211; Puissance de sortie DC : DC 5V 1A<br \/>\n&#8211; Tension de coupure automatique : 4,20+\/-0,5V<br \/>\n&#8211; Courant de veille : &lt;20mA<br \/>\n&#8211; Tension de recharge automatique : 4,10+\/-0,10V<br \/>\n&#8211; Temp\u00e9rature de stockage : 40-70 C<br \/>\n&#8211; Puissance d&rsquo;entr\u00e9e DC : DC 5V 1A<br \/>\n&#8211; 1A Courant CC : 1000mA+\/-10%<br \/>\n&#8211; Courant de coupure CV : 100mA<br \/>\n&#8211; Courant d&rsquo;activation : 50mA~100mA<br \/>\n&#8211; Temp\u00e9rature de fonctionnement : 0-40C<\/p>\n<p><strong>Compatibilit\u00e9:<\/strong><br \/>\nCompatible avec les batteries de mods 18650. Compatible \u00e9galement avec les batteries Li-ion 10440\/14500\/14650\/16340\/17335\/17500\/17670\/18350\/18490\/18500\/18650\/18700\/20700\/21700\/22650\/25500\/26650 3.6V\/3.7V<\/p>\n","protected":false},"excerpt":{"rendered":"<p>Chargeur intelligent Efest SLIM K1<\/p>\n","protected":false},"featured_media":239162,"comment_status":"open","ping_status":"closed","template":"","meta":{"_acf_changed":false,"_uag_custom_page_level_css":"","site-sidebar-layout":"default","site-content-layout":"default","ast-site-content-layout":"default","site-content-style":"default","site-sidebar-style":"default","ast-global-header-display":"","ast-banner-title-visibility":"","ast-main-header-display":"","ast-hfb-above-header-display":"","ast-hfb-below-header-display":"","ast-hfb-mobile-header-display":"","site-post-title":"","ast-breadcrumbs-content":"","ast-featured-img":"","footer-sml-layout":"","ast-disable-related-posts":"","theme-transparent-header-meta":"default","adv-header-id-meta":"","stick-header-meta":"default","header-above-stick-meta":"","header-main-stick-meta":"","header-below-stick-meta":"","astra-migrate-meta-layouts":"default","ast-page-background-enabled":"default","ast-page-background-meta":{"desktop":{"background-color":"","background-image":"","background-repeat":"repeat","background-position":"center center","background-size":"auto","background-attachment":"scroll","background-type":"","background-media":"","overlay-type":"","overlay-color":"","overlay-opacity":"","overlay-gradient":""},"tablet":{"background-color":"","background-image":"","background-repeat":"repeat","background-position":"center center","background-size":"auto","background-attachment":"scroll","background-type":"","background-media":"","overlay-type":"","overlay-color":"","overlay-opacity":"","overlay-gradient":""},"mobile":{"background-color":"","background-image":"","background-repeat":"repeat","background-position":"center center","background-size":"auto","background-attachment":"scroll","background-type":"","background-media":"","overlay-type":"","overlay-color":"","overlay-opacity":"","overlay-gradient":""}},"ast-content-background-meta":{"desktop":{"background-color":"var(--ast-global-color-5)","background-image":"","background-repeat":"repeat","background-position":"center center","background-size":"auto","background-attachment":"scroll","background-type":"","background-media":"","overlay-type":"","overlay-color":"","overlay-opacity":"","overlay-gradient":""},"tablet":{"background-color":"var(--ast-global-color-5)","background-image":"","background-repeat":"repeat","background-position":"center center","background-size":"auto","background-attachment":"scroll","background-type":"","background-media":"","overlay-type":"","overlay-color":"","overlay-opacity":"","overlay-gradient":""},"mobile":{"background-color":"var(--ast-global-color-5)","background-image":"","background-repeat":"repeat","background-position":"center center","background-size":"auto","background-attachment":"scroll","background-type":"","background-media":"","overlay-type":"","overlay-color":"","overlay-opacity":"","overlay-gradient":""}}},"product_brand":[],"product_cat":[1906,2190,3216,2508,2509],"product_tag":[],"class_list":{"0":"post-379933","1":"product","2":"type-product","3":"status-publish","4":"has-post-thumbnail","6":"product_cat-accessoires","7":"product_cat-chargeurs","8":"product_cat-efest-fr-2","9":"product_cat-hardware-fr","10":"product_cat-shop-by-brand-fr","11":"desktop-align-center","12":"tablet-align-center","13":"mobile-align-center","14":"ast-product-gallery-layout-horizontal-slider","15":"ast-product-gallery-with-no-image","16":"ast-product-tabs-layout-horizontal","18":"first","19":"instock","20":"sale","21":"taxable","22":"shipping-taxable","23":"purchasable","24":"product-type-simple"},"acf":[],"uagb_featured_image_src":{"full":["https:\/\/justvape.nu\/wp-content\/uploads\/2018\/02\/efest-slim-k1-intelligent-charger.jpg",800,800,false],"thumbnail":["https:\/\/justvape.nu\/wp-content\/uploads\/2018\/02\/efest-slim-k1-intelligent-charger-150x150.jpg",150,150,true],"medium":["https:\/\/justvape.nu\/wp-content\/uploads\/2018\/02\/efest-slim-k1-intelligent-charger-300x300.jpg",300,300,true],"medium_large":["https:\/\/justvape.nu\/wp-content\/uploads\/2018\/02\/efest-slim-k1-intelligent-charger-768x768.jpg",768,768,true],"large":["https:\/\/justvape.nu\/wp-content\/uploads\/2018\/02\/efest-slim-k1-intelligent-charger.jpg",800,800,false],"1536x1536":["https:\/\/justvape.nu\/wp-content\/uploads\/2018\/02\/efest-slim-k1-intelligent-charger.jpg",800,800,false],"2048x2048":["https:\/\/justvape.nu\/wp-content\/uploads\/2018\/02\/efest-slim-k1-intelligent-charger.jpg",800,800,false],"woocommerce_thumbnail":["https:\/\/justvape.nu\/wp-content\/uploads\/2018\/02\/efest-slim-k1-intelligent-charger-300x300.jpg",300,300,true],"woocommerce_single":["https:\/\/justvape.nu\/wp-content\/uploads\/2018\/02\/efest-slim-k1-intelligent-charger-600x600.jpg",600,600,true],"woocommerce_gallery_thumbnail":["https:\/\/justvape.nu\/wp-content\/uploads\/2018\/02\/efest-slim-k1-intelligent-charger-100x100.jpg",100,100,true],"dgwt-wcas-product-suggestion":["https:\/\/justvape.nu\/wp-content\/uploads\/2018\/02\/efest-slim-k1-intelligent-charger-64x64.jpg",64,64,true]},"uagb_author_info":{"display_name":"dsadmin","author_link":"https:\/\/justvape.nu\/fr\/author\/"},"uagb_comment_info":0,"uagb_excerpt":"Chargeur intelligent Efest SLIM K1","_links":{"self":[{"href":"https:\/\/justvape.nu\/fr\/wp-json\/wp\/v2\/product\/379933","targetHints":{"allow":["GET"]}}],"collection":[{"href":"https:\/\/justvape.nu\/fr\/wp-json\/wp\/v2\/product"}],"about":[{"href":"https:\/\/justvape.nu\/fr\/wp-json\/wp\/v2\/types\/product"}],"replies":[{"embeddable":true,"href":"https:\/\/justvape.nu\/fr\/wp-json\/wp\/v2\/comments?post=379933"}],"wp:featuredmedia":[{"embeddable":true,"href":"https:\/\/justvape.nu\/fr\/wp-json\/wp\/v2\/media\/239162"}],"wp:attachment":[{"href":"https:\/\/justvape.nu\/fr\/wp-json\/wp\/v2\/media?parent=379933"}],"wp:term":[{"taxonomy":"product_brand","embeddable":true,"href":"https:\/\/justvape.nu\/fr\/wp-json\/wp\/v2\/product_brand?post=379933"},{"taxonomy":"product_cat","embeddable":true,"href":"https:\/\/justvape.nu\/fr\/wp-json\/wp\/v2\/product_cat?post=379933"},{"taxonomy":"product_tag","embeddable":true,"href":"https:\/\/justvape.nu\/fr\/wp-json\/wp\/v2\/product_tag?post=379933"}],"curies":[{"name":"wp","href":"https:\/\/api.w.org\/{rel}","templated":true}]}}