{"id":379778,"date":"2018-02-02T19:43:02","date_gmt":"2018-02-02T18:43:02","guid":{"rendered":"https:\/\/www.justvape.nu\/produkt\/bobines-joyetech-ex-5-pieces\/"},"modified":"2021-09-12T21:22:12","modified_gmt":"2021-09-12T19:22:12","slug":"bobine-joyetech-ex","status":"publish","type":"product","link":"https:\/\/justvape.nu\/fr\/produkt\/bobine-joyetech-ex\/","title":{"rendered":"JoyeTech EX Coils 5 Pcs"},"content":{"rendered":"<h2>JoyeTech EX Coils 5 Pcs<\/h2>\n<div class=\"product-collateral toggle-content tabs\">\n<div class=\"short-description\">\n<p>La bobine Joye EX est con\u00e7ue pour l&rsquo;atomiseur Exceed. La bobine de 1,2 ohm est destin\u00e9e au vapotage MTL sous 8 &#8211; 15W, tandis que la bobine plaqu\u00e9e or de 0,5ohm est destin\u00e9e au vapotage DL sous 20 &#8211; 35W. 5 pi\u00e8ces chaque paquet.<\/p>\n<\/div>\n<div class=\"product-detail-block\">\n<div class=\"std\"><strong><a name=\"packing\"><\/a>D\u00e9tails d&#8217;emballage:<\/strong><br \/>\n5 pi\u00e8ces &#8211; T\u00eate de bobine Joyetech EX pour exc\u00e9der<\/div>\n<div><\/div>\n<div class=\"std\"><strong><a name=\"parameters\"><\/a>Param\u00e8tres:<\/strong><br \/>\nT\u00eate MTL EX 1.2ohm (8 &#8211; 15W)<br \/>\nT\u00eate EX 0.5ohm DL (20 &#8211; 35W)<\/div>\n<div class=\"std\"><\/div>\n<\/div>\n<\/div>\n<div class=\"product-back-top\"><\/div>\n","protected":false},"excerpt":{"rendered":"<p>JoyeTech EX Coil 5 Pcs<\/p>\n","protected":false},"featured_media":237252,"comment_status":"open","ping_status":"closed","template":"","meta":{"_acf_changed":false,"_uag_custom_page_level_css":"","site-sidebar-layout":"default","site-content-layout":"default","ast-site-content-layout":"default","site-content-style":"default","site-sidebar-style":"default","ast-global-header-display":"","ast-banner-title-visibility":"","ast-main-header-display":"","ast-hfb-above-header-display":"","ast-hfb-below-header-display":"","ast-hfb-mobile-header-display":"","site-post-title":"","ast-breadcrumbs-content":"","ast-featured-img":"","footer-sml-layout":"","ast-disable-related-posts":"","theme-transparent-header-meta":"default","adv-header-id-meta":"","stick-header-meta":"default","header-above-stick-meta":"","header-main-stick-meta":"","header-below-stick-meta":"","astra-migrate-meta-layouts":"default","ast-page-background-enabled":"default","ast-page-background-meta":{"desktop":{"background-color":"","background-image":"","background-repeat":"repeat","background-position":"center center","background-size":"auto","background-attachment":"scroll","background-type":"","background-media":"","overlay-type":"","overlay-color":"","overlay-opacity":"","overlay-gradient":""},"tablet":{"background-color":"","background-image":"","background-repeat":"repeat","background-position":"center center","background-size":"auto","background-attachment":"scroll","background-type":"","background-media":"","overlay-type":"","overlay-color":"","overlay-opacity":"","overlay-gradient":""},"mobile":{"background-color":"","background-image":"","background-repeat":"repeat","background-position":"center center","background-size":"auto","background-attachment":"scroll","background-type":"","background-media":"","overlay-type":"","overlay-color":"","overlay-opacity":"","overlay-gradient":""}},"ast-content-background-meta":{"desktop":{"background-color":"var(--ast-global-color-5)","background-image":"","background-repeat":"repeat","background-position":"center center","background-size":"auto","background-attachment":"scroll","background-type":"","background-media":"","overlay-type":"","overlay-color":"","overlay-opacity":"","overlay-gradient":""},"tablet":{"background-color":"var(--ast-global-color-5)","background-image":"","background-repeat":"repeat","background-position":"center center","background-size":"auto","background-attachment":"scroll","background-type":"","background-media":"","overlay-type":"","overlay-color":"","overlay-opacity":"","overlay-gradient":""},"mobile":{"background-color":"var(--ast-global-color-5)","background-image":"","background-repeat":"repeat","background-position":"center center","background-size":"auto","background-attachment":"scroll","background-type":"","background-media":"","overlay-type":"","overlay-color":"","overlay-opacity":"","overlay-gradient":""}}},"product_brand":[],"product_cat":[2056,3278,1976],"product_tag":[],"class_list":{"0":"post-379778","1":"product","2":"type-product","3":"status-publish","4":"has-post-thumbnail","6":"product_cat-bobines-pods","7":"product_cat-joyetech-fr","8":"product_cat-reservoirs-et-bobines","9":"desktop-align-center","10":"tablet-align-center","11":"mobile-align-center","12":"ast-product-gallery-layout-horizontal-slider","13":"ast-product-single-variable","14":"ast-product-tabs-layout-horizontal","16":"first","17":"instock","18":"sale","19":"taxable","20":"shipping-taxable","21":"purchasable","22":"product-type-variable"},"acf":[],"uagb_featured_image_src":{"full":["https:\/\/justvape.nu\/wp-content\/uploads\/2018\/02\/joyetech-ex-coils-for-exceed-atomiser.jpg",800,800,false],"thumbnail":["https:\/\/justvape.nu\/wp-content\/uploads\/2018\/02\/joyetech-ex-coils-for-exceed-atomiser-150x150.jpg",150,150,true],"medium":["https:\/\/justvape.nu\/wp-content\/uploads\/2018\/02\/joyetech-ex-coils-for-exceed-atomiser-300x300.jpg",300,300,true],"medium_large":["https:\/\/justvape.nu\/wp-content\/uploads\/2018\/02\/joyetech-ex-coils-for-exceed-atomiser-768x768.jpg",768,768,true],"large":["https:\/\/justvape.nu\/wp-content\/uploads\/2018\/02\/joyetech-ex-coils-for-exceed-atomiser.jpg",800,800,false],"1536x1536":["https:\/\/justvape.nu\/wp-content\/uploads\/2018\/02\/joyetech-ex-coils-for-exceed-atomiser.jpg",800,800,false],"2048x2048":["https:\/\/justvape.nu\/wp-content\/uploads\/2018\/02\/joyetech-ex-coils-for-exceed-atomiser.jpg",800,800,false],"woocommerce_thumbnail":["https:\/\/justvape.nu\/wp-content\/uploads\/2018\/02\/joyetech-ex-coils-for-exceed-atomiser-300x300.jpg",300,300,true],"woocommerce_single":["https:\/\/justvape.nu\/wp-content\/uploads\/2018\/02\/joyetech-ex-coils-for-exceed-atomiser-600x600.jpg",600,600,true],"woocommerce_gallery_thumbnail":["https:\/\/justvape.nu\/wp-content\/uploads\/2018\/02\/joyetech-ex-coils-for-exceed-atomiser-100x100.jpg",100,100,true],"dgwt-wcas-product-suggestion":["https:\/\/justvape.nu\/wp-content\/uploads\/2018\/02\/joyetech-ex-coils-for-exceed-atomiser-64x64.jpg",64,64,true]},"uagb_author_info":{"display_name":"dsadmin","author_link":"https:\/\/justvape.nu\/fr\/author\/"},"uagb_comment_info":0,"uagb_excerpt":"JoyeTech EX Coil 5 Pcs","_links":{"self":[{"href":"https:\/\/justvape.nu\/fr\/wp-json\/wp\/v2\/product\/379778","targetHints":{"allow":["GET"]}}],"collection":[{"href":"https:\/\/justvape.nu\/fr\/wp-json\/wp\/v2\/product"}],"about":[{"href":"https:\/\/justvape.nu\/fr\/wp-json\/wp\/v2\/types\/product"}],"replies":[{"embeddable":true,"href":"https:\/\/justvape.nu\/fr\/wp-json\/wp\/v2\/comments?post=379778"}],"wp:featuredmedia":[{"embeddable":true,"href":"https:\/\/justvape.nu\/fr\/wp-json\/wp\/v2\/media\/237252"}],"wp:attachment":[{"href":"https:\/\/justvape.nu\/fr\/wp-json\/wp\/v2\/media?parent=379778"}],"wp:term":[{"taxonomy":"product_brand","embeddable":true,"href":"https:\/\/justvape.nu\/fr\/wp-json\/wp\/v2\/product_brand?post=379778"},{"taxonomy":"product_cat","embeddable":true,"href":"https:\/\/justvape.nu\/fr\/wp-json\/wp\/v2\/product_cat?post=379778"},{"taxonomy":"product_tag","embeddable":true,"href":"https:\/\/justvape.nu\/fr\/wp-json\/wp\/v2\/product_tag?post=379778"}],"curies":[{"name":"wp","href":"https:\/\/api.w.org\/{rel}","templated":true}]}}