{"id":379001,"date":"2018-01-18T13:59:48","date_gmt":"2018-01-18T12:59:48","guid":{"rendered":"https:\/\/www.justvape.nu\/produkt\/bobines-aspire-pockex-5-pcs\/"},"modified":"2021-09-12T22:24:27","modified_gmt":"2021-09-12T20:24:27","slug":"bobines-aspire-pockex","status":"publish","type":"product","link":"https:\/\/justvape.nu\/fr\/produkt\/bobines-aspire-pockex\/","title":{"rendered":"Aspire PockeX Coils 5 Pcs"},"content":{"rendered":"<h2>Aspire PockeX Coils 5 Pcs<\/h2>\n<p class=\"container\">Avec la m\u00eame technologie de bobine que les bobines hautement acclam\u00e9es Nautilus X U-tech, qui offrent une exp\u00e9rience de vapotage brillante avec un go\u00fbt et une production de vapeur parfaits.<br \/>\nLes r\u00e9sistances PockeX sont sub-ohm, ce qui signifie qu&rsquo;il est tr\u00e8s heureux de produire une bonne quantit\u00e9 de vapeur<\/p>\n<div class=\"container\"><strong><strong>D\u00e9tails d&#8217;emballage:<br \/>\n<\/strong><\/strong> 5pc &#8211; T\u00eate d&rsquo;atomiseur Aspire PockeX<\/div>\n<div><\/div>\n<div class=\"container\"><a name=\"parameters\"><\/a>Param\u00e8tres:<br \/>\n\u2022 R\u00e9sistance: 0.6ohm Clapton, 1.2ohm<\/div>\n","protected":false},"excerpt":{"rendered":"<p>Aspire PockeX Coils<\/p>\n","protected":false},"featured_media":214757,"comment_status":"open","ping_status":"closed","template":"","meta":{"_acf_changed":false,"_uag_custom_page_level_css":"","site-sidebar-layout":"default","site-content-layout":"default","ast-site-content-layout":"default","site-content-style":"default","site-sidebar-style":"default","ast-global-header-display":"","ast-banner-title-visibility":"","ast-main-header-display":"","ast-hfb-above-header-display":"","ast-hfb-below-header-display":"","ast-hfb-mobile-header-display":"","site-post-title":"","ast-breadcrumbs-content":"","ast-featured-img":"","footer-sml-layout":"","ast-disable-related-posts":"","theme-transparent-header-meta":"default","adv-header-id-meta":"","stick-header-meta":"default","header-above-stick-meta":"","header-main-stick-meta":"","header-below-stick-meta":"","astra-migrate-meta-layouts":"default","ast-page-background-enabled":"default","ast-page-background-meta":{"desktop":{"background-color":"","background-image":"","background-repeat":"repeat","background-position":"center center","background-size":"auto","background-attachment":"scroll","background-type":"","background-media":"","overlay-type":"","overlay-color":"","overlay-opacity":"","overlay-gradient":""},"tablet":{"background-color":"","background-image":"","background-repeat":"repeat","background-position":"center center","background-size":"auto","background-attachment":"scroll","background-type":"","background-media":"","overlay-type":"","overlay-color":"","overlay-opacity":"","overlay-gradient":""},"mobile":{"background-color":"","background-image":"","background-repeat":"repeat","background-position":"center center","background-size":"auto","background-attachment":"scroll","background-type":"","background-media":"","overlay-type":"","overlay-color":"","overlay-opacity":"","overlay-gradient":""}},"ast-content-background-meta":{"desktop":{"background-color":"var(--ast-global-color-5)","background-image":"","background-repeat":"repeat","background-position":"center center","background-size":"auto","background-attachment":"scroll","background-type":"","background-media":"","overlay-type":"","overlay-color":"","overlay-opacity":"","overlay-gradient":""},"tablet":{"background-color":"var(--ast-global-color-5)","background-image":"","background-repeat":"repeat","background-position":"center center","background-size":"auto","background-attachment":"scroll","background-type":"","background-media":"","overlay-type":"","overlay-color":"","overlay-opacity":"","overlay-gradient":""},"mobile":{"background-color":"var(--ast-global-color-5)","background-image":"","background-repeat":"repeat","background-position":"center center","background-size":"auto","background-attachment":"scroll","background-type":"","background-media":"","overlay-type":"","overlay-color":"","overlay-opacity":"","overlay-gradient":""}}},"product_brand":[],"product_cat":[2056,1976],"product_tag":[],"class_list":{"0":"post-379001","1":"product","2":"type-product","3":"status-publish","4":"has-post-thumbnail","6":"product_cat-bobines-pods","7":"product_cat-reservoirs-et-bobines","8":"desktop-align-center","9":"tablet-align-center","10":"mobile-align-center","11":"ast-product-gallery-layout-horizontal-slider","12":"ast-product-single-variable","13":"ast-product-tabs-layout-horizontal","15":"first","16":"instock","17":"sale","18":"taxable","19":"shipping-taxable","20":"purchasable","21":"product-type-variable"},"acf":[],"uagb_featured_image_src":{"full":["https:\/\/justvape.nu\/wp-content\/uploads\/2018\/01\/pockex-coil-5-pack.jpg",460,460,false],"thumbnail":["https:\/\/justvape.nu\/wp-content\/uploads\/2018\/01\/pockex-coil-5-pack-150x150.jpg",150,150,true],"medium":["https:\/\/justvape.nu\/wp-content\/uploads\/2018\/01\/pockex-coil-5-pack-300x300.jpg",300,300,true],"medium_large":["https:\/\/justvape.nu\/wp-content\/uploads\/2018\/01\/pockex-coil-5-pack.jpg",460,460,false],"large":["https:\/\/justvape.nu\/wp-content\/uploads\/2018\/01\/pockex-coil-5-pack.jpg",460,460,false],"1536x1536":["https:\/\/justvape.nu\/wp-content\/uploads\/2018\/01\/pockex-coil-5-pack.jpg",460,460,false],"2048x2048":["https:\/\/justvape.nu\/wp-content\/uploads\/2018\/01\/pockex-coil-5-pack.jpg",460,460,false],"woocommerce_thumbnail":["https:\/\/justvape.nu\/wp-content\/uploads\/2018\/01\/pockex-coil-5-pack-300x300.jpg",300,300,true],"woocommerce_single":["https:\/\/justvape.nu\/wp-content\/uploads\/2018\/01\/pockex-coil-5-pack.jpg",460,460,false],"woocommerce_gallery_thumbnail":["https:\/\/justvape.nu\/wp-content\/uploads\/2018\/01\/pockex-coil-5-pack-100x100.jpg",100,100,true],"dgwt-wcas-product-suggestion":["https:\/\/justvape.nu\/wp-content\/uploads\/2018\/01\/pockex-coil-5-pack-64x64.jpg",64,64,true]},"uagb_author_info":{"display_name":"dsadmin","author_link":"https:\/\/justvape.nu\/fr\/author\/"},"uagb_comment_info":0,"uagb_excerpt":"Aspire PockeX Coils","_links":{"self":[{"href":"https:\/\/justvape.nu\/fr\/wp-json\/wp\/v2\/product\/379001","targetHints":{"allow":["GET"]}}],"collection":[{"href":"https:\/\/justvape.nu\/fr\/wp-json\/wp\/v2\/product"}],"about":[{"href":"https:\/\/justvape.nu\/fr\/wp-json\/wp\/v2\/types\/product"}],"replies":[{"embeddable":true,"href":"https:\/\/justvape.nu\/fr\/wp-json\/wp\/v2\/comments?post=379001"}],"wp:featuredmedia":[{"embeddable":true,"href":"https:\/\/justvape.nu\/fr\/wp-json\/wp\/v2\/media\/214757"}],"wp:attachment":[{"href":"https:\/\/justvape.nu\/fr\/wp-json\/wp\/v2\/media?parent=379001"}],"wp:term":[{"taxonomy":"product_brand","embeddable":true,"href":"https:\/\/justvape.nu\/fr\/wp-json\/wp\/v2\/product_brand?post=379001"},{"taxonomy":"product_cat","embeddable":true,"href":"https:\/\/justvape.nu\/fr\/wp-json\/wp\/v2\/product_cat?post=379001"},{"taxonomy":"product_tag","embeddable":true,"href":"https:\/\/justvape.nu\/fr\/wp-json\/wp\/v2\/product_tag?post=379001"}],"curies":[{"name":"wp","href":"https:\/\/api.w.org\/{rel}","templated":true}]}}