{"id":377404,"date":"2019-06-20T12:41:08","date_gmt":"2019-06-20T10:41:08","guid":{"rendered":"https:\/\/www.justvape.nu\/produkt\/bobines-en-mesh-vandy-vape\/"},"modified":"2024-04-09T16:37:38","modified_gmt":"2024-04-09T14:37:38","slug":"bobine-vandy-vape-kylin-m-0-2ohm-0-15ohm","status":"publish","type":"product","link":"https:\/\/justvape.nu\/fr\/produkt\/bobine-vandy-vape-kylin-m-0-2ohm-0-15ohm\/","title":{"rendered":"VANDY VAPE MESH COILS"},"content":{"rendered":"<h2>VANDY VAPE 0.2OHM\/0.15OHM MESH COIL<\/h2>\n<p>La r\u00e9sistance Vandyvape Kylin M est associ\u00e9e au Kylin M RTA mais convient \u00e9galement au Wotofo Profile Unity RTA. Il a diverses bobines de style de maille dans diff\u00e9rentes r\u00e9sistances, y compris une bobine de 0,2 ohm et une bobine de 0,15 ohm qui offrent votre option diff\u00e9rente.<\/p>\n<p>&nbsp;<\/p>\n<p><img loading=\"lazy\" decoding=\"async\" class=\"alignnone size-large wp-image-143232\" src=\"https:\/\/www.justvape.nu\/wp-content\/uploads\/2019\/06\/1-1Z60514263R16-1024x256.jpg\" alt=\"\" width=\"980\" height=\"245\" title=\"\" srcset=\"https:\/\/justvape.nu\/wp-content\/uploads\/2019\/06\/1-1Z60514263R16-1024x256.jpg 1024w, https:\/\/justvape.nu\/wp-content\/uploads\/2019\/06\/1-1Z60514263R16-555x139.jpg 555w, https:\/\/justvape.nu\/wp-content\/uploads\/2019\/06\/1-1Z60514263R16-300x75.jpg 300w, https:\/\/justvape.nu\/wp-content\/uploads\/2019\/06\/1-1Z60514263R16-768x192.jpg 768w, https:\/\/justvape.nu\/wp-content\/uploads\/2019\/06\/1-1Z60514263R16.jpg 1200w\" sizes=\"auto, (max-width: 980px) 100vw, 980px\" \/><\/p>\n<p><img loading=\"lazy\" decoding=\"async\" class=\"alignnone size-large wp-image-143230\" src=\"https:\/\/www.justvape.nu\/wp-content\/uploads\/2019\/06\/1-1Z605143646342-1024x256.jpg\" alt=\"\" width=\"980\" height=\"245\" title=\"\" srcset=\"https:\/\/justvape.nu\/wp-content\/uploads\/2019\/06\/1-1Z605143646342-1024x256.jpg 1024w, https:\/\/justvape.nu\/wp-content\/uploads\/2019\/06\/1-1Z605143646342-555x139.jpg 555w, https:\/\/justvape.nu\/wp-content\/uploads\/2019\/06\/1-1Z605143646342-300x75.jpg 300w, https:\/\/justvape.nu\/wp-content\/uploads\/2019\/06\/1-1Z605143646342-768x192.jpg 768w, https:\/\/justvape.nu\/wp-content\/uploads\/2019\/06\/1-1Z605143646342.jpg 1200w\" sizes=\"auto, (max-width: 980px) 100vw, 980px\" \/><\/p>\n<p><img loading=\"lazy\" decoding=\"async\" class=\"alignnone size-large wp-image-143233\" src=\"https:\/\/www.justvape.nu\/wp-content\/uploads\/2019\/06\/1-1Z60514444TB-1024x256.jpg\" alt=\"\" width=\"980\" height=\"245\" title=\"\" srcset=\"https:\/\/justvape.nu\/wp-content\/uploads\/2019\/06\/1-1Z60514444TB-1024x256.jpg 1024w, https:\/\/justvape.nu\/wp-content\/uploads\/2019\/06\/1-1Z60514444TB-555x139.jpg 555w, https:\/\/justvape.nu\/wp-content\/uploads\/2019\/06\/1-1Z60514444TB-64x16.jpg 64w, https:\/\/justvape.nu\/wp-content\/uploads\/2019\/06\/1-1Z60514444TB-300x75.jpg 300w, https:\/\/justvape.nu\/wp-content\/uploads\/2019\/06\/1-1Z60514444TB-768x192.jpg 768w, https:\/\/justvape.nu\/wp-content\/uploads\/2019\/06\/1-1Z60514444TB.jpg 1200w\" sizes=\"auto, (max-width: 980px) 100vw, 980px\" \/><\/p>\n<p><img loading=\"lazy\" decoding=\"async\" class=\"alignnone size-large wp-image-143234\" src=\"https:\/\/www.justvape.nu\/wp-content\/uploads\/2019\/06\/1-1Z606222IBI-1024x256.jpg\" alt=\"\" width=\"980\" height=\"245\" title=\"\" srcset=\"https:\/\/justvape.nu\/wp-content\/uploads\/2019\/06\/1-1Z606222IBI-1024x256.jpg 1024w, https:\/\/justvape.nu\/wp-content\/uploads\/2019\/06\/1-1Z606222IBI-555x139.jpg 555w, https:\/\/justvape.nu\/wp-content\/uploads\/2019\/06\/1-1Z606222IBI-64x16.jpg 64w, https:\/\/justvape.nu\/wp-content\/uploads\/2019\/06\/1-1Z606222IBI-300x75.jpg 300w, https:\/\/justvape.nu\/wp-content\/uploads\/2019\/06\/1-1Z606222IBI-768x192.jpg 768w, https:\/\/justvape.nu\/wp-content\/uploads\/2019\/06\/1-1Z606222IBI.jpg 1200w\" sizes=\"auto, (max-width: 980px) 100vw, 980px\" \/><\/p>\n<p>&nbsp;<\/p>\n<p><strong>SP\u00c9CIFICATION:<\/strong><\/p>\n<p>R\u00e9sistance: 0.2ohm \/ 0.15ohm \/ 0.15ohm SS \/ 0.15ohm Dual<\/p>\n<p><strong>LISTE DES PAQUETS:<\/strong><\/p>\n<p>1 x 10pcs Kylin M bobine<\/p>\n","protected":false},"excerpt":{"rendered":"<p>VANDY VAPE MESH COILS<\/p>\n","protected":false},"featured_media":270545,"comment_status":"open","ping_status":"closed","template":"","meta":{"_acf_changed":false,"_uag_custom_page_level_css":"","site-sidebar-layout":"default","site-content-layout":"default","ast-site-content-layout":"default","site-content-style":"default","site-sidebar-style":"default","ast-global-header-display":"","ast-banner-title-visibility":"","ast-main-header-display":"","ast-hfb-above-header-display":"","ast-hfb-below-header-display":"","ast-hfb-mobile-header-display":"","site-post-title":"","ast-breadcrumbs-content":"","ast-featured-img":"","footer-sml-layout":"","ast-disable-related-posts":"","theme-transparent-header-meta":"default","adv-header-id-meta":"","stick-header-meta":"default","header-above-stick-meta":"","header-main-stick-meta":"","header-below-stick-meta":"","astra-migrate-meta-layouts":"default","ast-page-background-enabled":"default","ast-page-background-meta":{"desktop":{"background-color":"","background-image":"","background-repeat":"repeat","background-position":"center center","background-size":"auto","background-attachment":"scroll","background-type":"","background-media":"","overlay-type":"","overlay-color":"","overlay-opacity":"","overlay-gradient":""},"tablet":{"background-color":"","background-image":"","background-repeat":"repeat","background-position":"center center","background-size":"auto","background-attachment":"scroll","background-type":"","background-media":"","overlay-type":"","overlay-color":"","overlay-opacity":"","overlay-gradient":""},"mobile":{"background-color":"","background-image":"","background-repeat":"repeat","background-position":"center center","background-size":"auto","background-attachment":"scroll","background-type":"","background-media":"","overlay-type":"","overlay-color":"","overlay-opacity":"","overlay-gradient":""}},"ast-content-background-meta":{"desktop":{"background-color":"var(--ast-global-color-5)","background-image":"","background-repeat":"repeat","background-position":"center center","background-size":"auto","background-attachment":"scroll","background-type":"","background-media":"","overlay-type":"","overlay-color":"","overlay-opacity":"","overlay-gradient":""},"tablet":{"background-color":"var(--ast-global-color-5)","background-image":"","background-repeat":"repeat","background-position":"center center","background-size":"auto","background-attachment":"scroll","background-type":"","background-media":"","overlay-type":"","overlay-color":"","overlay-opacity":"","overlay-gradient":""},"mobile":{"background-color":"var(--ast-global-color-5)","background-image":"","background-repeat":"repeat","background-position":"center center","background-size":"auto","background-attachment":"scroll","background-type":"","background-media":"","overlay-type":"","overlay-color":"","overlay-opacity":"","overlay-gradient":""}}},"product_brand":[],"product_cat":[2260,1916],"product_tag":[],"class_list":{"0":"post-377404","1":"product","2":"type-product","3":"status-publish","4":"has-post-thumbnail","6":"product_cat-bobines-de-pre-construction","7":"product_cat-diy-fr","8":"desktop-align-center","9":"tablet-align-center","10":"mobile-align-center","11":"ast-product-gallery-layout-horizontal-slider","12":"ast-product-gallery-with-no-image","13":"ast-product-single-variable","14":"ast-product-tabs-layout-horizontal","16":"first","17":"instock","18":"sale","19":"taxable","20":"shipping-taxable","21":"purchasable","22":"product-type-variable"},"acf":[],"uagb_featured_image_src":{"full":["https:\/\/justvape.nu\/wp-content\/uploads\/2019\/06\/Vandy-Vape-Replacement-M-Coils-for-Kylin-M-RTA-Case-of-10__23102.1559598450.jpg",800,800,false],"thumbnail":["https:\/\/justvape.nu\/wp-content\/uploads\/2019\/06\/Vandy-Vape-Replacement-M-Coils-for-Kylin-M-RTA-Case-of-10__23102.1559598450-150x150.jpg",150,150,true],"medium":["https:\/\/justvape.nu\/wp-content\/uploads\/2019\/06\/Vandy-Vape-Replacement-M-Coils-for-Kylin-M-RTA-Case-of-10__23102.1559598450-300x300.jpg",300,300,true],"medium_large":["https:\/\/justvape.nu\/wp-content\/uploads\/2019\/06\/Vandy-Vape-Replacement-M-Coils-for-Kylin-M-RTA-Case-of-10__23102.1559598450-768x768.jpg",768,768,true],"large":["https:\/\/justvape.nu\/wp-content\/uploads\/2019\/06\/Vandy-Vape-Replacement-M-Coils-for-Kylin-M-RTA-Case-of-10__23102.1559598450.jpg",800,800,false],"1536x1536":["https:\/\/justvape.nu\/wp-content\/uploads\/2019\/06\/Vandy-Vape-Replacement-M-Coils-for-Kylin-M-RTA-Case-of-10__23102.1559598450.jpg",800,800,false],"2048x2048":["https:\/\/justvape.nu\/wp-content\/uploads\/2019\/06\/Vandy-Vape-Replacement-M-Coils-for-Kylin-M-RTA-Case-of-10__23102.1559598450.jpg",800,800,false],"woocommerce_thumbnail":["https:\/\/justvape.nu\/wp-content\/uploads\/2019\/06\/Vandy-Vape-Replacement-M-Coils-for-Kylin-M-RTA-Case-of-10__23102.1559598450-300x300.jpg",300,300,true],"woocommerce_single":["https:\/\/justvape.nu\/wp-content\/uploads\/2019\/06\/Vandy-Vape-Replacement-M-Coils-for-Kylin-M-RTA-Case-of-10__23102.1559598450-600x600.jpg",600,600,true],"woocommerce_gallery_thumbnail":["https:\/\/justvape.nu\/wp-content\/uploads\/2019\/06\/Vandy-Vape-Replacement-M-Coils-for-Kylin-M-RTA-Case-of-10__23102.1559598450-100x100.jpg",100,100,true],"dgwt-wcas-product-suggestion":["https:\/\/justvape.nu\/wp-content\/uploads\/2019\/06\/Vandy-Vape-Replacement-M-Coils-for-Kylin-M-RTA-Case-of-10__23102.1559598450-64x64.jpg",64,64,true]},"uagb_author_info":{"display_name":"JustVape.nu","author_link":"https:\/\/justvape.nu\/fr\/author\/"},"uagb_comment_info":0,"uagb_excerpt":"VANDY VAPE MESH COILS","_links":{"self":[{"href":"https:\/\/justvape.nu\/fr\/wp-json\/wp\/v2\/product\/377404","targetHints":{"allow":["GET"]}}],"collection":[{"href":"https:\/\/justvape.nu\/fr\/wp-json\/wp\/v2\/product"}],"about":[{"href":"https:\/\/justvape.nu\/fr\/wp-json\/wp\/v2\/types\/product"}],"replies":[{"embeddable":true,"href":"https:\/\/justvape.nu\/fr\/wp-json\/wp\/v2\/comments?post=377404"}],"wp:featuredmedia":[{"embeddable":true,"href":"https:\/\/justvape.nu\/fr\/wp-json\/wp\/v2\/media\/270545"}],"wp:attachment":[{"href":"https:\/\/justvape.nu\/fr\/wp-json\/wp\/v2\/media?parent=377404"}],"wp:term":[{"taxonomy":"product_brand","embeddable":true,"href":"https:\/\/justvape.nu\/fr\/wp-json\/wp\/v2\/product_brand?post=377404"},{"taxonomy":"product_cat","embeddable":true,"href":"https:\/\/justvape.nu\/fr\/wp-json\/wp\/v2\/product_cat?post=377404"},{"taxonomy":"product_tag","embeddable":true,"href":"https:\/\/justvape.nu\/fr\/wp-json\/wp\/v2\/product_tag?post=377404"}],"curies":[{"name":"wp","href":"https:\/\/api.w.org\/{rel}","templated":true}]}}