{"id":376746,"date":"2019-03-22T22:43:39","date_gmt":"2019-03-22T21:43:39","guid":{"rendered":"https:\/\/www.justvape.nu\/produkt\/horizontech-resistances-falcon-king\/"},"modified":"2025-10-10T12:21:44","modified_gmt":"2025-10-10T10:21:44","slug":"horizon-faucon-roi-bobines","status":"publish","type":"product","link":"https:\/\/justvape.nu\/fr\/produkt\/horizon-faucon-roi-bobines\/","title":{"rendered":"Horizontech &#8211; Falcon King \/ Falcon Legend Coils"},"content":{"rendered":"<h2>Horizontech &#8211; Falcon King \/ Falcon Legend Coils<\/h2>\n<p>Les t\u00eates de bobine de remplacement pour Horizon Falcon King, 3 pi\u00e8ces par paquet, t\u00eates de bobine M1 + et M-Dual disponibles. le noyau M1 + avec un fil \u00e0 maille unique \u00e0 l&rsquo;int\u00e9rieur, recouvert du mat\u00e9riau en fibre de bambou, le noyau M-dual avec un fil \u00e0 double maille \u00e0 l&rsquo;int\u00e9rieur, un mat\u00e9riau en fibre de bambou recouvert \u00e9galement, les nouvelles t\u00eates de bobine horizoncig offriront une meilleure saveur et une dur\u00e9e de vie plus longue. les deux nouvelles t\u00eates de bobine de maille sont \u00e9galement compatibles avec d&rsquo;autres r\u00e9servoirs Falcon.<\/p>\n<ul>\n<li>Bobines M1, p\u00e2te de coton \/ bois 0.15ohm, 80W<\/li>\n<li>Bobines M1 +, fibre de bambou, 0.16ohm, 75W<\/li>\n<li>Bobines M2, p\u00e2te de coton \/ bois 0.16ohm, 80W<\/li>\n<li>Bobines M-Dual, fibre de bambou, 0.38ohm, 80W<\/li>\n<li>Bobines M-Triple, p\u00e2te de coton \/ bois 0.15ohm, 80-85W<\/li>\n<li>M6 single coil, 6 parallel mesh Bamboo Pulp Cotton 0.15ohm, 65-70W<\/li>\n<li>M8 single coil, 8 parallel mesh Bamboo Pulp Cotton 0.15ohm, 65-70W<\/li>\n<li>Fit For Falcon King, Falcon Resin-Artisan, Falcon Resin, Falcon Sub Ohm, Falcon Legend<\/li>\n<\/ul>\n<p><img loading=\"lazy\" decoding=\"async\" class=\"alignnone wp-image-627500\" src=\"https:\/\/justvape.nu\/wp-content\/uploads\/2019\/03\/20230510145952_46521.jpg\" alt=\"\" width=\"949\" height=\"940\" title=\"\" srcset=\"https:\/\/justvape.nu\/wp-content\/uploads\/2019\/03\/20230510145952_46521.jpg 1920w, https:\/\/justvape.nu\/wp-content\/uploads\/2019\/03\/20230510145952_46521-100x100.jpg 100w, https:\/\/justvape.nu\/wp-content\/uploads\/2019\/03\/20230510145952_46521-600x594.jpg 600w, https:\/\/justvape.nu\/wp-content\/uploads\/2019\/03\/20230510145952_46521-64x63.jpg 64w, https:\/\/justvape.nu\/wp-content\/uploads\/2019\/03\/20230510145952_46521-300x297.jpg 300w, https:\/\/justvape.nu\/wp-content\/uploads\/2019\/03\/20230510145952_46521-1024x1014.jpg 1024w, https:\/\/justvape.nu\/wp-content\/uploads\/2019\/03\/20230510145952_46521-150x150.jpg 150w, https:\/\/justvape.nu\/wp-content\/uploads\/2019\/03\/20230510145952_46521-768x761.jpg 768w, https:\/\/justvape.nu\/wp-content\/uploads\/2019\/03\/20230510145952_46521-1536x1522.jpg 1536w\" sizes=\"auto, (max-width: 949px) 100vw, 949px\" \/><img loading=\"lazy\" decoding=\"async\" class=\"alignnone size-full wp-image-185541\" src=\"https:\/\/www.justvape.nu\/wp-content\/uploads\/2019\/03\/Falcon-coils-overview-l.jpg\" alt=\"\" width=\"950\" height=\"2156\" title=\"\" srcset=\"https:\/\/justvape.nu\/wp-content\/uploads\/2019\/03\/Falcon-coils-overview-l.jpg 950w, https:\/\/justvape.nu\/wp-content\/uploads\/2019\/03\/Falcon-coils-overview-l-132x300.jpg 132w, https:\/\/justvape.nu\/wp-content\/uploads\/2019\/03\/Falcon-coils-overview-l-451x1024.jpg 451w, https:\/\/justvape.nu\/wp-content\/uploads\/2019\/03\/Falcon-coils-overview-l-768x1743.jpg 768w, https:\/\/justvape.nu\/wp-content\/uploads\/2019\/03\/Falcon-coils-overview-l-677x1536.jpg 677w, https:\/\/justvape.nu\/wp-content\/uploads\/2019\/03\/Falcon-coils-overview-l-902x2048.jpg 902w, https:\/\/justvape.nu\/wp-content\/uploads\/2019\/03\/Falcon-coils-overview-l-555x1260.jpg 555w, https:\/\/justvape.nu\/wp-content\/uploads\/2019\/03\/Falcon-coils-overview-l-64x145.jpg 64w\" sizes=\"auto, (max-width: 950px) 100vw, 950px\" \/><\/p>\n<p>&nbsp;<\/p>\n<p>&nbsp;<\/p>\n","protected":false},"excerpt":{"rendered":"<p>Horizontech &#8211; Falcon King \/ Falcon Legend Coils<\/p>\n","protected":false},"featured_media":265995,"comment_status":"open","ping_status":"closed","template":"","meta":{"_acf_changed":false,"_uag_custom_page_level_css":"","site-sidebar-layout":"default","site-content-layout":"default","ast-site-content-layout":"default","site-content-style":"default","site-sidebar-style":"default","ast-global-header-display":"","ast-banner-title-visibility":"","ast-main-header-display":"","ast-hfb-above-header-display":"","ast-hfb-below-header-display":"","ast-hfb-mobile-header-display":"","site-post-title":"","ast-breadcrumbs-content":"","ast-featured-img":"","footer-sml-layout":"","ast-disable-related-posts":"","theme-transparent-header-meta":"default","adv-header-id-meta":"","stick-header-meta":"default","header-above-stick-meta":"","header-main-stick-meta":"","header-below-stick-meta":"","astra-migrate-meta-layouts":"default","ast-page-background-enabled":"default","ast-page-background-meta":{"desktop":{"background-color":"","background-image":"","background-repeat":"repeat","background-position":"center center","background-size":"auto","background-attachment":"scroll","background-type":"","background-media":"","overlay-type":"","overlay-color":"","overlay-opacity":"","overlay-gradient":""},"tablet":{"background-color":"","background-image":"","background-repeat":"repeat","background-position":"center center","background-size":"auto","background-attachment":"scroll","background-type":"","background-media":"","overlay-type":"","overlay-color":"","overlay-opacity":"","overlay-gradient":""},"mobile":{"background-color":"","background-image":"","background-repeat":"repeat","background-position":"center center","background-size":"auto","background-attachment":"scroll","background-type":"","background-media":"","overlay-type":"","overlay-color":"","overlay-opacity":"","overlay-gradient":""}},"ast-content-background-meta":{"desktop":{"background-color":"var(--ast-global-color-5)","background-image":"","background-repeat":"repeat","background-position":"center center","background-size":"auto","background-attachment":"scroll","background-type":"","background-media":"","overlay-type":"","overlay-color":"","overlay-opacity":"","overlay-gradient":""},"tablet":{"background-color":"var(--ast-global-color-5)","background-image":"","background-repeat":"repeat","background-position":"center center","background-size":"auto","background-attachment":"scroll","background-type":"","background-media":"","overlay-type":"","overlay-color":"","overlay-opacity":"","overlay-gradient":""},"mobile":{"background-color":"var(--ast-global-color-5)","background-image":"","background-repeat":"repeat","background-position":"center center","background-size":"auto","background-attachment":"scroll","background-type":"","background-media":"","overlay-type":"","overlay-color":"","overlay-opacity":"","overlay-gradient":""}}},"product_brand":[],"product_cat":[2056,1976],"product_tag":[],"class_list":{"0":"post-376746","1":"product","2":"type-product","3":"status-publish","4":"has-post-thumbnail","6":"product_cat-bobines-pods","7":"product_cat-reservoirs-et-bobines","8":"desktop-align-center","9":"tablet-align-center","10":"mobile-align-center","11":"ast-product-gallery-layout-horizontal-slider","12":"ast-product-gallery-with-no-image","13":"ast-product-single-variable","14":"ast-product-tabs-layout-horizontal","16":"first","17":"instock","18":"sale","19":"taxable","20":"shipping-taxable","21":"purchasable","22":"product-type-variable"},"acf":[],"uagb_featured_image_src":{"full":["https:\/\/justvape.nu\/wp-content\/uploads\/2019\/03\/Horizon-Falcon-King-Mesh-Replacement-Coil-Heads-750x930.jpg",800,800,false],"thumbnail":["https:\/\/justvape.nu\/wp-content\/uploads\/2019\/03\/Horizon-Falcon-King-Mesh-Replacement-Coil-Heads-750x930-150x150.jpg",150,150,true],"medium":["https:\/\/justvape.nu\/wp-content\/uploads\/2019\/03\/Horizon-Falcon-King-Mesh-Replacement-Coil-Heads-750x930-300x300.jpg",300,300,true],"medium_large":["https:\/\/justvape.nu\/wp-content\/uploads\/2019\/03\/Horizon-Falcon-King-Mesh-Replacement-Coil-Heads-750x930-768x768.jpg",768,768,true],"large":["https:\/\/justvape.nu\/wp-content\/uploads\/2019\/03\/Horizon-Falcon-King-Mesh-Replacement-Coil-Heads-750x930.jpg",800,800,false],"1536x1536":["https:\/\/justvape.nu\/wp-content\/uploads\/2019\/03\/Horizon-Falcon-King-Mesh-Replacement-Coil-Heads-750x930.jpg",800,800,false],"2048x2048":["https:\/\/justvape.nu\/wp-content\/uploads\/2019\/03\/Horizon-Falcon-King-Mesh-Replacement-Coil-Heads-750x930.jpg",800,800,false],"woocommerce_thumbnail":["https:\/\/justvape.nu\/wp-content\/uploads\/2019\/03\/Horizon-Falcon-King-Mesh-Replacement-Coil-Heads-750x930-300x300.jpg",300,300,true],"woocommerce_single":["https:\/\/justvape.nu\/wp-content\/uploads\/2019\/03\/Horizon-Falcon-King-Mesh-Replacement-Coil-Heads-750x930-600x600.jpg",600,600,true],"woocommerce_gallery_thumbnail":["https:\/\/justvape.nu\/wp-content\/uploads\/2019\/03\/Horizon-Falcon-King-Mesh-Replacement-Coil-Heads-750x930-100x100.jpg",100,100,true],"dgwt-wcas-product-suggestion":["https:\/\/justvape.nu\/wp-content\/uploads\/2019\/03\/Horizon-Falcon-King-Mesh-Replacement-Coil-Heads-750x930-64x64.jpg",64,64,true]},"uagb_author_info":{"display_name":"JustVape.nu","author_link":"https:\/\/justvape.nu\/fr\/author\/"},"uagb_comment_info":0,"uagb_excerpt":"Horizontech - Falcon King \/ Falcon Legend Coils","_links":{"self":[{"href":"https:\/\/justvape.nu\/fr\/wp-json\/wp\/v2\/product\/376746","targetHints":{"allow":["GET"]}}],"collection":[{"href":"https:\/\/justvape.nu\/fr\/wp-json\/wp\/v2\/product"}],"about":[{"href":"https:\/\/justvape.nu\/fr\/wp-json\/wp\/v2\/types\/product"}],"replies":[{"embeddable":true,"href":"https:\/\/justvape.nu\/fr\/wp-json\/wp\/v2\/comments?post=376746"}],"wp:featuredmedia":[{"embeddable":true,"href":"https:\/\/justvape.nu\/fr\/wp-json\/wp\/v2\/media\/265995"}],"wp:attachment":[{"href":"https:\/\/justvape.nu\/fr\/wp-json\/wp\/v2\/media?parent=376746"}],"wp:term":[{"taxonomy":"product_brand","embeddable":true,"href":"https:\/\/justvape.nu\/fr\/wp-json\/wp\/v2\/product_brand?post=376746"},{"taxonomy":"product_cat","embeddable":true,"href":"https:\/\/justvape.nu\/fr\/wp-json\/wp\/v2\/product_cat?post=376746"},{"taxonomy":"product_tag","embeddable":true,"href":"https:\/\/justvape.nu\/fr\/wp-json\/wp\/v2\/product_tag?post=376746"}],"curies":[{"name":"wp","href":"https:\/\/api.w.org\/{rel}","templated":true}]}}