{"id":375546,"date":"2019-12-05T13:58:51","date_gmt":"2019-12-05T12:58:51","guid":{"rendered":"https:\/\/www.justvape.nu\/produkt\/wotofo-bobines-a-clapon-double-fusible-0-62%cf%89\/"},"modified":"2024-12-29T22:27:44","modified_gmt":"2024-12-29T21:27:44","slug":"wotofo-fused-clapton-bobines-kopier","status":"publish","type":"product","link":"https:\/\/justvape.nu\/fr\/produkt\/wotofo-fused-clapton-bobines-kopier\/","title":{"rendered":"WOTOFO &#8211; DUAL FUSED CLAPTON COILS 0.62\u03a9"},"content":{"rendered":"<h2>WOTOFO &#8211; DUAL FUSED CLAPTON COILS 0.62\u03a9 &#8211; 10 pcs<\/h2>\n<p>Les bobines de Clapton \u00e0 double fusion pr\u00e9-construites Wotofo sont constitu\u00e9es de deux fils \u00e0 \u00e2me fusionn\u00e9e avec un fil enroul\u00e9 autour d&rsquo;eux. Cette bobine offre un \u00e9quilibre entre la production de nuages et d&rsquo;ar\u00f4mes et avec sa r\u00e9sistance de 0,62 Ohm, elle a \u00e9t\u00e9 con\u00e7ue pour le vapotage sub ohm.<\/p>\n<p>Ces bobines ont \u00e9t\u00e9 con\u00e7ues pour \u00eatre utilis\u00e9es avec des atomiseurs reconstructibles tels que les RDA, les RTA et les RDTA. Cette bobine utilise un fil NI80 qui offre une mont\u00e9e en puissance plus rapide que le Kanthal traditionnel.<\/p>\n<p>&nbsp;<\/p>\n<p><strong>Caract\u00e9ristiques:<\/strong><\/p>\n<p>28GAX2 + 38GA N80 \u00d8 3 mm = 0,62 Ohm<\/p>\n<p><strong>Contient:<\/strong><\/p>\n<ul>\n<li>10 x 0,62 Ohm double bobines Clapton fusionn\u00e9es (28G x2 et 38G)<\/li>\n<\/ul>\n<p><strong>Diff\u00e9rents types de bobines ne peuvent pas \u00eatre m\u00e9lang\u00e9s et assortis.<\/strong><\/p>\n<p><strong>Veuillez noter:<\/strong> cet article n\u00e9cessite une compr\u00e9hension approfondie des aspects techniques du vapotage, ainsi qu&rsquo;une connaissance de l&rsquo;\u00e9lectronique et de la loi des ohms. Nous ne conseillons pas aux d\u00e9butants de commencer \u00e0 reconstruire des bobines sans en parler \u00e0 un magasin comp\u00e9tent. Nous d\u00e9conseillons d&rsquo;utiliser ce type de produit avec un mod m\u00e9canique de quelque nature que ce soit.<\/p>\n<p>Une bobine reconstructible doit \u00eatre soigneusement test\u00e9e sur un Ohms Reader avant d&rsquo;\u00eatre utilis\u00e9e sur un appareil. Ne pas tester cela correctement peut pr\u00e9senter un risque pour la s\u00e9curit\u00e9 de l&rsquo;utilisateur, et aucune nouvelle bobine ne doit \u00eatre utilis\u00e9e sur un appareil de vapotage \u00e9lectronique tant que la bobine n&rsquo;est pas connue pour \u00eatre s\u00fbre.<\/p>\n","protected":false},"excerpt":{"rendered":"<p>WOTOFO &#8211; DUAL FUSED CLAPTON COILS 10 pcs<\/p>\n<p>&nbsp;<\/p>\n","protected":false},"featured_media":281115,"comment_status":"open","ping_status":"closed","template":"","meta":{"_acf_changed":false,"_uag_custom_page_level_css":"","site-sidebar-layout":"default","site-content-layout":"default","ast-site-content-layout":"default","site-content-style":"default","site-sidebar-style":"default","ast-global-header-display":"","ast-banner-title-visibility":"","ast-main-header-display":"","ast-hfb-above-header-display":"","ast-hfb-below-header-display":"","ast-hfb-mobile-header-display":"","site-post-title":"","ast-breadcrumbs-content":"","ast-featured-img":"","footer-sml-layout":"","ast-disable-related-posts":"","theme-transparent-header-meta":"default","adv-header-id-meta":"","stick-header-meta":"default","header-above-stick-meta":"","header-main-stick-meta":"","header-below-stick-meta":"","astra-migrate-meta-layouts":"default","ast-page-background-enabled":"default","ast-page-background-meta":{"desktop":{"background-color":"","background-image":"","background-repeat":"repeat","background-position":"center center","background-size":"auto","background-attachment":"scroll","background-type":"","background-media":"","overlay-type":"","overlay-color":"","overlay-opacity":"","overlay-gradient":""},"tablet":{"background-color":"","background-image":"","background-repeat":"repeat","background-position":"center center","background-size":"auto","background-attachment":"scroll","background-type":"","background-media":"","overlay-type":"","overlay-color":"","overlay-opacity":"","overlay-gradient":""},"mobile":{"background-color":"","background-image":"","background-repeat":"repeat","background-position":"center center","background-size":"auto","background-attachment":"scroll","background-type":"","background-media":"","overlay-type":"","overlay-color":"","overlay-opacity":"","overlay-gradient":""}},"ast-content-background-meta":{"desktop":{"background-color":"var(--ast-global-color-5)","background-image":"","background-repeat":"repeat","background-position":"center center","background-size":"auto","background-attachment":"scroll","background-type":"","background-media":"","overlay-type":"","overlay-color":"","overlay-opacity":"","overlay-gradient":""},"tablet":{"background-color":"var(--ast-global-color-5)","background-image":"","background-repeat":"repeat","background-position":"center center","background-size":"auto","background-attachment":"scroll","background-type":"","background-media":"","overlay-type":"","overlay-color":"","overlay-opacity":"","overlay-gradient":""},"mobile":{"background-color":"var(--ast-global-color-5)","background-image":"","background-repeat":"repeat","background-position":"center center","background-size":"auto","background-attachment":"scroll","background-type":"","background-media":"","overlay-type":"","overlay-color":"","overlay-opacity":"","overlay-gradient":""}}},"product_brand":[],"product_cat":[2260,1916,3497],"product_tag":[],"class_list":{"0":"post-375546","1":"product","2":"type-product","3":"status-publish","4":"has-post-thumbnail","6":"product_cat-bobines-de-pre-construction","7":"product_cat-diy-fr","8":"product_cat-wotofo-fr","9":"desktop-align-center","10":"tablet-align-center","11":"mobile-align-center","12":"ast-product-gallery-layout-horizontal-slider","13":"ast-product-gallery-with-no-image","14":"ast-product-tabs-layout-horizontal","16":"first","17":"instock","18":"sale","19":"taxable","20":"shipping-taxable","21":"purchasable","22":"product-type-simple"},"acf":[],"uagb_featured_image_src":{"full":["https:\/\/justvape.nu\/wp-content\/uploads\/2019\/12\/wotofo-dual-core-fused-clapton-prebuilt-coils-n80-3mm-062ohm-10stk.jpg",800,800,false],"thumbnail":["https:\/\/justvape.nu\/wp-content\/uploads\/2019\/12\/wotofo-dual-core-fused-clapton-prebuilt-coils-n80-3mm-062ohm-10stk-150x150.jpg",150,150,true],"medium":["https:\/\/justvape.nu\/wp-content\/uploads\/2019\/12\/wotofo-dual-core-fused-clapton-prebuilt-coils-n80-3mm-062ohm-10stk-300x300.jpg",300,300,true],"medium_large":["https:\/\/justvape.nu\/wp-content\/uploads\/2019\/12\/wotofo-dual-core-fused-clapton-prebuilt-coils-n80-3mm-062ohm-10stk-768x768.jpg",768,768,true],"large":["https:\/\/justvape.nu\/wp-content\/uploads\/2019\/12\/wotofo-dual-core-fused-clapton-prebuilt-coils-n80-3mm-062ohm-10stk.jpg",800,800,false],"1536x1536":["https:\/\/justvape.nu\/wp-content\/uploads\/2019\/12\/wotofo-dual-core-fused-clapton-prebuilt-coils-n80-3mm-062ohm-10stk.jpg",800,800,false],"2048x2048":["https:\/\/justvape.nu\/wp-content\/uploads\/2019\/12\/wotofo-dual-core-fused-clapton-prebuilt-coils-n80-3mm-062ohm-10stk.jpg",800,800,false],"woocommerce_thumbnail":["https:\/\/justvape.nu\/wp-content\/uploads\/2019\/12\/wotofo-dual-core-fused-clapton-prebuilt-coils-n80-3mm-062ohm-10stk-300x300.jpg",300,300,true],"woocommerce_single":["https:\/\/justvape.nu\/wp-content\/uploads\/2019\/12\/wotofo-dual-core-fused-clapton-prebuilt-coils-n80-3mm-062ohm-10stk-600x600.jpg",600,600,true],"woocommerce_gallery_thumbnail":["https:\/\/justvape.nu\/wp-content\/uploads\/2019\/12\/wotofo-dual-core-fused-clapton-prebuilt-coils-n80-3mm-062ohm-10stk-100x100.jpg",100,100,true],"dgwt-wcas-product-suggestion":["https:\/\/justvape.nu\/wp-content\/uploads\/2019\/12\/wotofo-dual-core-fused-clapton-prebuilt-coils-n80-3mm-062ohm-10stk-64x64.jpg",64,64,true]},"uagb_author_info":{"display_name":"JustVape.nu","author_link":"https:\/\/justvape.nu\/fr\/author\/"},"uagb_comment_info":0,"uagb_excerpt":"WOTOFO - DUAL FUSED CLAPTON COILS 10 pcs &nbsp;","_links":{"self":[{"href":"https:\/\/justvape.nu\/fr\/wp-json\/wp\/v2\/product\/375546","targetHints":{"allow":["GET"]}}],"collection":[{"href":"https:\/\/justvape.nu\/fr\/wp-json\/wp\/v2\/product"}],"about":[{"href":"https:\/\/justvape.nu\/fr\/wp-json\/wp\/v2\/types\/product"}],"replies":[{"embeddable":true,"href":"https:\/\/justvape.nu\/fr\/wp-json\/wp\/v2\/comments?post=375546"}],"wp:featuredmedia":[{"embeddable":true,"href":"https:\/\/justvape.nu\/fr\/wp-json\/wp\/v2\/media\/281115"}],"wp:attachment":[{"href":"https:\/\/justvape.nu\/fr\/wp-json\/wp\/v2\/media?parent=375546"}],"wp:term":[{"taxonomy":"product_brand","embeddable":true,"href":"https:\/\/justvape.nu\/fr\/wp-json\/wp\/v2\/product_brand?post=375546"},{"taxonomy":"product_cat","embeddable":true,"href":"https:\/\/justvape.nu\/fr\/wp-json\/wp\/v2\/product_cat?post=375546"},{"taxonomy":"product_tag","embeddable":true,"href":"https:\/\/justvape.nu\/fr\/wp-json\/wp\/v2\/product_tag?post=375546"}],"curies":[{"name":"wp","href":"https:\/\/api.w.org\/{rel}","templated":true}]}}