{"id":374596,"date":"2020-05-31T08:59:34","date_gmt":"2020-05-31T06:59:34","guid":{"rendered":"https:\/\/www.justvape.nu\/produkt\/efest-chargeur-usb-c-slim-k4\/"},"modified":"2024-04-09T16:08:51","modified_gmt":"2024-04-09T14:08:51","slug":"chargeur-efest-slim-k4-usb-c","status":"publish","type":"product","link":"https:\/\/justvape.nu\/fr\/produkt\/chargeur-efest-slim-k4-usb-c\/","title":{"rendered":"Efest &#8211; SLIM K4 USB-C Charger"},"content":{"rendered":"<h2>Efest &#8211; SLIM K4 USB-C Charger<\/h2>\n<p>\u00c9conomique et facile \u00e0 utiliser, le chargeur Efest SLIM K4 est livr\u00e9 avec un nouvel emballage en 7 langues et un manuel d&rsquo;utilisation! Incroyablement l\u00e9ger et facilement portable.<\/p>\n<div><img loading=\"lazy\" decoding=\"async\" class=\"alignnone size-full wp-image-288744\" src=\"https:\/\/www.justvape.nu\/wp-content\/uploads\/2020\/05\/be45f494c972577c365a623e6d864593.jpg\" alt=\"\" width=\"950\" height=\"1472\" title=\"\" srcset=\"https:\/\/justvape.nu\/wp-content\/uploads\/2020\/05\/be45f494c972577c365a623e6d864593.jpg 950w, https:\/\/justvape.nu\/wp-content\/uploads\/2020\/05\/be45f494c972577c365a623e6d864593-600x930.jpg 600w, https:\/\/justvape.nu\/wp-content\/uploads\/2020\/05\/be45f494c972577c365a623e6d864593-64x99.jpg 64w, https:\/\/justvape.nu\/wp-content\/uploads\/2020\/05\/be45f494c972577c365a623e6d864593-194x300.jpg 194w, https:\/\/justvape.nu\/wp-content\/uploads\/2020\/05\/be45f494c972577c365a623e6d864593-661x1024.jpg 661w, https:\/\/justvape.nu\/wp-content\/uploads\/2020\/05\/be45f494c972577c365a623e6d864593-768x1190.jpg 768w\" sizes=\"auto, (max-width: 950px) 100vw, 950px\" \/><\/div>\n<div><img loading=\"lazy\" decoding=\"async\" class=\"alignnone size-full wp-image-288756\" src=\"https:\/\/www.justvape.nu\/wp-content\/uploads\/2020\/05\/435e7e41839d2770ec512d94962b7245.jpg\" alt=\"\" width=\"950\" height=\"1622\" title=\"\" srcset=\"https:\/\/justvape.nu\/wp-content\/uploads\/2020\/05\/435e7e41839d2770ec512d94962b7245.jpg 950w, https:\/\/justvape.nu\/wp-content\/uploads\/2020\/05\/435e7e41839d2770ec512d94962b7245-600x1024.jpg 600w, https:\/\/justvape.nu\/wp-content\/uploads\/2020\/05\/435e7e41839d2770ec512d94962b7245-64x109.jpg 64w, https:\/\/justvape.nu\/wp-content\/uploads\/2020\/05\/435e7e41839d2770ec512d94962b7245-176x300.jpg 176w, https:\/\/justvape.nu\/wp-content\/uploads\/2020\/05\/435e7e41839d2770ec512d94962b7245-768x1311.jpg 768w\" sizes=\"auto, (max-width: 950px) 100vw, 950px\" \/><\/div>\n<p><strong>D\u00e9tails d&#8217;emballage:<\/strong><br \/>\n1pc &#8211; Chargeur USB-C Efest SLIM K4<\/p>\n<p><strong>Param\u00e8tres:<\/strong><br \/>\n\u2022 Entr\u00e9e: DC 5V 2A<br \/>\n\u2022 Mat\u00e9riaux ignifuges ABS<br \/>\n\u2022 Ligne USB de type C<br \/>\n\u2022 Charge 1 A x 2 ou 4 X 0,5 A<br \/>\n\u2022 Pile au lithium de 10440 \u00e0 18650 21700 20700 26650<br \/>\n\u2022 Temp\u00e9rature de fonctionnement: -40 \u00b0 C &#8211; + 70 \u00b0 C<\/p>\n<p><strong>Caract\u00e9ristiques:<\/strong><br \/>\n1. Description de l&rsquo;indicateur LED<br \/>\n2. D\u00e9tection automatique du courant de charge: 2 X 1.0A \/ 1 X 1 -OA \/ 4 XO.5A \/ 3X 0.5A<br \/>\n3. Mode de chargement s\u00e9curis\u00e9: CC &amp; CV<br \/>\n4. Chargeur USB s\u00fbr et pratique (5V 2A)<br \/>\n5. Surveille et charge chaque emplacement ind\u00e9pendamment<br \/>\n6. Fonction de r\u00e9cup\u00e9ration d&rsquo;activation intelligente basse tension<br \/>\n7. Incroyablement l\u00e9ger et facilement portable<\/p>\n<p><strong>Des astuces:<\/strong><br \/>\n&#8211; Compatible avec les batteries au lithium IMR 3.6V \/ 3.7V<\/p>\n","protected":false},"excerpt":{"rendered":"<p>Efest &#8211; SLIM K4 USB-C Charger<\/p>\n","protected":false},"featured_media":288771,"comment_status":"open","ping_status":"closed","template":"","meta":{"_acf_changed":false,"_uag_custom_page_level_css":"","site-sidebar-layout":"default","site-content-layout":"default","ast-site-content-layout":"default","site-content-style":"default","site-sidebar-style":"default","ast-global-header-display":"","ast-banner-title-visibility":"","ast-main-header-display":"","ast-hfb-above-header-display":"","ast-hfb-below-header-display":"","ast-hfb-mobile-header-display":"","site-post-title":"","ast-breadcrumbs-content":"","ast-featured-img":"","footer-sml-layout":"","ast-disable-related-posts":"","theme-transparent-header-meta":"default","adv-header-id-meta":"","stick-header-meta":"default","header-above-stick-meta":"","header-main-stick-meta":"","header-below-stick-meta":"","astra-migrate-meta-layouts":"default","ast-page-background-enabled":"default","ast-page-background-meta":{"desktop":{"background-color":"","background-image":"","background-repeat":"repeat","background-position":"center center","background-size":"auto","background-attachment":"scroll","background-type":"","background-media":"","overlay-type":"","overlay-color":"","overlay-opacity":"","overlay-gradient":""},"tablet":{"background-color":"","background-image":"","background-repeat":"repeat","background-position":"center center","background-size":"auto","background-attachment":"scroll","background-type":"","background-media":"","overlay-type":"","overlay-color":"","overlay-opacity":"","overlay-gradient":""},"mobile":{"background-color":"","background-image":"","background-repeat":"repeat","background-position":"center center","background-size":"auto","background-attachment":"scroll","background-type":"","background-media":"","overlay-type":"","overlay-color":"","overlay-opacity":"","overlay-gradient":""}},"ast-content-background-meta":{"desktop":{"background-color":"var(--ast-global-color-5)","background-image":"","background-repeat":"repeat","background-position":"center center","background-size":"auto","background-attachment":"scroll","background-type":"","background-media":"","overlay-type":"","overlay-color":"","overlay-opacity":"","overlay-gradient":""},"tablet":{"background-color":"var(--ast-global-color-5)","background-image":"","background-repeat":"repeat","background-position":"center center","background-size":"auto","background-attachment":"scroll","background-type":"","background-media":"","overlay-type":"","overlay-color":"","overlay-opacity":"","overlay-gradient":""},"mobile":{"background-color":"var(--ast-global-color-5)","background-image":"","background-repeat":"repeat","background-position":"center center","background-size":"auto","background-attachment":"scroll","background-type":"","background-media":"","overlay-type":"","overlay-color":"","overlay-opacity":"","overlay-gradient":""}}},"product_brand":[],"product_cat":[1906,2190,3216,2508,2509],"product_tag":[],"class_list":{"0":"post-374596","1":"product","2":"type-product","3":"status-publish","4":"has-post-thumbnail","6":"product_cat-accessoires","7":"product_cat-chargeurs","8":"product_cat-efest-fr-2","9":"product_cat-hardware-fr","10":"product_cat-shop-by-brand-fr","11":"desktop-align-center","12":"tablet-align-center","13":"mobile-align-center","14":"ast-product-gallery-layout-horizontal-slider","15":"ast-product-gallery-with-no-image","16":"ast-product-tabs-layout-horizontal","18":"first","19":"instock","20":"sale","21":"taxable","22":"shipping-taxable","23":"purchasable","24":"product-type-simple"},"acf":[],"uagb_featured_image_src":{"full":["https:\/\/justvape.nu\/wp-content\/uploads\/2020\/05\/efest-slim-k4-usb-c-charger-1.jpg",800,800,false],"thumbnail":["https:\/\/justvape.nu\/wp-content\/uploads\/2020\/05\/efest-slim-k4-usb-c-charger-1-150x150.jpg",150,150,true],"medium":["https:\/\/justvape.nu\/wp-content\/uploads\/2020\/05\/efest-slim-k4-usb-c-charger-1-300x300.jpg",300,300,true],"medium_large":["https:\/\/justvape.nu\/wp-content\/uploads\/2020\/05\/efest-slim-k4-usb-c-charger-1-768x768.jpg",768,768,true],"large":["https:\/\/justvape.nu\/wp-content\/uploads\/2020\/05\/efest-slim-k4-usb-c-charger-1.jpg",800,800,false],"1536x1536":["https:\/\/justvape.nu\/wp-content\/uploads\/2020\/05\/efest-slim-k4-usb-c-charger-1.jpg",800,800,false],"2048x2048":["https:\/\/justvape.nu\/wp-content\/uploads\/2020\/05\/efest-slim-k4-usb-c-charger-1.jpg",800,800,false],"woocommerce_thumbnail":["https:\/\/justvape.nu\/wp-content\/uploads\/2020\/05\/efest-slim-k4-usb-c-charger-1-300x300.jpg",300,300,true],"woocommerce_single":["https:\/\/justvape.nu\/wp-content\/uploads\/2020\/05\/efest-slim-k4-usb-c-charger-1-600x600.jpg",600,600,true],"woocommerce_gallery_thumbnail":["https:\/\/justvape.nu\/wp-content\/uploads\/2020\/05\/efest-slim-k4-usb-c-charger-1-100x100.jpg",100,100,true],"dgwt-wcas-product-suggestion":["https:\/\/justvape.nu\/wp-content\/uploads\/2020\/05\/efest-slim-k4-usb-c-charger-1-64x64.jpg",64,64,true]},"uagb_author_info":{"display_name":"JustVape.nu","author_link":"https:\/\/justvape.nu\/fr\/author\/"},"uagb_comment_info":0,"uagb_excerpt":"Efest - SLIM K4 USB-C Charger","_links":{"self":[{"href":"https:\/\/justvape.nu\/fr\/wp-json\/wp\/v2\/product\/374596","targetHints":{"allow":["GET"]}}],"collection":[{"href":"https:\/\/justvape.nu\/fr\/wp-json\/wp\/v2\/product"}],"about":[{"href":"https:\/\/justvape.nu\/fr\/wp-json\/wp\/v2\/types\/product"}],"replies":[{"embeddable":true,"href":"https:\/\/justvape.nu\/fr\/wp-json\/wp\/v2\/comments?post=374596"}],"wp:featuredmedia":[{"embeddable":true,"href":"https:\/\/justvape.nu\/fr\/wp-json\/wp\/v2\/media\/288771"}],"wp:attachment":[{"href":"https:\/\/justvape.nu\/fr\/wp-json\/wp\/v2\/media?parent=374596"}],"wp:term":[{"taxonomy":"product_brand","embeddable":true,"href":"https:\/\/justvape.nu\/fr\/wp-json\/wp\/v2\/product_brand?post=374596"},{"taxonomy":"product_cat","embeddable":true,"href":"https:\/\/justvape.nu\/fr\/wp-json\/wp\/v2\/product_cat?post=374596"},{"taxonomy":"product_tag","embeddable":true,"href":"https:\/\/justvape.nu\/fr\/wp-json\/wp\/v2\/product_tag?post=374596"}],"curies":[{"name":"wp","href":"https:\/\/api.w.org\/{rel}","templated":true}]}}