{"id":373053,"date":"2020-04-02T12:16:19","date_gmt":"2020-04-02T10:16:19","guid":{"rendered":"https:\/\/www.justvape.nu\/produkt\/horizontech-debardeur-falcon-ii-2ml\/"},"modified":"2024-04-09T16:10:14","modified_gmt":"2024-04-09T14:10:14","slug":"horizontalech-falcon-ii-reservoir-2ml","status":"publish","type":"product","link":"https:\/\/justvape.nu\/fr\/produkt\/horizontalech-falcon-ii-reservoir-2ml\/","title":{"rendered":"HorizonTech &#8211; Falcon II Tank 2ml"},"content":{"rendered":"<h2>HorizonTech &#8211; Falcon II Tank 2ml<\/h2>\n<p>Le char HorizonTech Falcon II est la version am\u00e9lior\u00e9e de<strong><a href=\"https:\/\/www.vaporl.com\/horizon-falcon-sub-ohm-tank-atomizer.html\" target=\"_blank\" rel=\"noopener noreferrer\"><\/a><a href=\"https:\/\/www.justvape.nu\/en\/produkt\/horizon-falcon-king-tank\/\" target=\"_blank\" rel=\"noopener noreferrer\"> S\u00e9rie de chars Falcon<\/a> , livr\u00e9 avec une capacit\u00e9 e-liquide de 2,0 ml.<\/strong> Le r\u00e9servoir sous ohm HorizonTech Falcon II optimise la m\u00e9thode de changement de noyau: l&rsquo;ancien noyau est filet\u00e9 et doit \u00eatre remplac\u00e9 une fois que l&rsquo;huile de fum\u00e9e est compl\u00e8tement \u00e9puis\u00e9e, il suffit maintenant de d\u00e9visser la base et de tirer directement le noyau d&rsquo;atomisation sans maculer la main. Il est fait de verre Pyrex et d&rsquo;un mat\u00e9riau en acier inoxydable qui rendent votre appareil durable. Le r\u00e9servoir de remplacement HorizonTech Falcon II adopte un d\u00e9bit d&rsquo;air r\u00e9glable et un drip tip en r\u00e9sine qui vous apportera la saveur de vapotage la plus pure et la plus fantastique. De plus, il dispose d&rsquo;un nouveau serpentin en forme d&rsquo;\u00e9ventail, la structure conique forme un chemin de compression de vapeur ascendant, ce qui rend la saveur plus dense et la vapeur plus douce. Et le moyen de remplacer la bobine est pratique et facile \u00e0 utiliser. Peut-\u00eatre que vous en avez juste besoin!<\/p>\n<figure class=\"figure\"><img loading=\"lazy\" decoding=\"async\" class=\"alignnone size-full wp-image-191205\" src=\"https:\/\/www.justvape.nu\/wp-content\/uploads\/2020\/04\/horizontech-falcon-II-vape-tank-uk-1.jpg\" alt=\"\" width=\"900\" height=\"417\" title=\"\" srcset=\"https:\/\/justvape.nu\/wp-content\/uploads\/2020\/04\/horizontech-falcon-II-vape-tank-uk-1.jpg 900w, https:\/\/justvape.nu\/wp-content\/uploads\/2020\/04\/horizontech-falcon-II-vape-tank-uk-1-300x139.jpg 300w, https:\/\/justvape.nu\/wp-content\/uploads\/2020\/04\/horizontech-falcon-II-vape-tank-uk-1-768x356.jpg 768w, https:\/\/justvape.nu\/wp-content\/uploads\/2020\/04\/horizontech-falcon-II-vape-tank-uk-1-555x257.jpg 555w, https:\/\/justvape.nu\/wp-content\/uploads\/2020\/04\/horizontech-falcon-II-vape-tank-uk-1-64x30.jpg 64w\" sizes=\"auto, (max-width: 900px) 100vw, 900px\" \/><figcaption class=\"figure-caption text-center\">Faites l&rsquo;exp\u00e9rience d&rsquo;un vapotage sub ohm am\u00e9lior\u00e9 avec le r\u00e9servoir de vape HorizonTech Falcon II.<\/figcaption><\/figure>\n<p>&nbsp;<\/p>\n<figure class=\"figure\"><img loading=\"lazy\" decoding=\"async\" class=\"alignnone size-full wp-image-191204\" src=\"https:\/\/www.justvape.nu\/wp-content\/uploads\/2020\/04\/horizontech-falcon-II-vape-tank-uk-2.jpg\" alt=\"\" width=\"900\" height=\"375\" title=\"\" srcset=\"https:\/\/justvape.nu\/wp-content\/uploads\/2020\/04\/horizontech-falcon-II-vape-tank-uk-2.jpg 900w, https:\/\/justvape.nu\/wp-content\/uploads\/2020\/04\/horizontech-falcon-II-vape-tank-uk-2-300x125.jpg 300w, https:\/\/justvape.nu\/wp-content\/uploads\/2020\/04\/horizontech-falcon-II-vape-tank-uk-2-768x320.jpg 768w, https:\/\/justvape.nu\/wp-content\/uploads\/2020\/04\/horizontech-falcon-II-vape-tank-uk-2-555x231.jpg 555w, https:\/\/justvape.nu\/wp-content\/uploads\/2020\/04\/horizontech-falcon-II-vape-tank-uk-2-64x27.jpg 64w\" sizes=\"auto, (max-width: 900px) 100vw, 900px\" \/><figcaption class=\"figure-caption text-center\">Simple \u00e0 remplir, le r\u00e9servoir Falcon II de 2 ml est dot\u00e9 d&rsquo;un m\u00e9canisme de remplissage par le haut coulissant, pour un acc\u00e8s rapide.<\/figcaption><\/figure>\n<p>&nbsp;<\/p>\n<figure class=\"figure\"><img loading=\"lazy\" decoding=\"async\" class=\"alignnone size-full wp-image-191203\" src=\"https:\/\/www.justvape.nu\/wp-content\/uploads\/2020\/04\/horizontech-falcon-II-vape-tank-uk-3.jpg\" alt=\"\" width=\"900\" height=\"407\" title=\"\" srcset=\"https:\/\/justvape.nu\/wp-content\/uploads\/2020\/04\/horizontech-falcon-II-vape-tank-uk-3.jpg 900w, https:\/\/justvape.nu\/wp-content\/uploads\/2020\/04\/horizontech-falcon-II-vape-tank-uk-3-300x136.jpg 300w, https:\/\/justvape.nu\/wp-content\/uploads\/2020\/04\/horizontech-falcon-II-vape-tank-uk-3-768x347.jpg 768w, https:\/\/justvape.nu\/wp-content\/uploads\/2020\/04\/horizontech-falcon-II-vape-tank-uk-3-555x251.jpg 555w, https:\/\/justvape.nu\/wp-content\/uploads\/2020\/04\/horizontech-falcon-II-vape-tank-uk-3-64x29.jpg 64w\" sizes=\"auto, (max-width: 900px) 100vw, 900px\" \/><figcaption class=\"figure-caption text-center\">Sp\u00e9cialement con\u00e7ues pour le r\u00e9servoir Falcon II, les r\u00e9sistances Sector sont dot\u00e9es d&rsquo;une construction en maille pour une production de saveur accrue.<\/figcaption><\/figure>\n<p>&nbsp;<\/p>\n<figure class=\"figure\"><img loading=\"lazy\" decoding=\"async\" class=\"alignnone size-full wp-image-191202\" src=\"https:\/\/www.justvape.nu\/wp-content\/uploads\/2020\/04\/horizontech-falcon-II-vape-tank-uk-4.jpg\" alt=\"\" width=\"900\" height=\"407\" title=\"\" srcset=\"https:\/\/justvape.nu\/wp-content\/uploads\/2020\/04\/horizontech-falcon-II-vape-tank-uk-4.jpg 900w, https:\/\/justvape.nu\/wp-content\/uploads\/2020\/04\/horizontech-falcon-II-vape-tank-uk-4-300x136.jpg 300w, https:\/\/justvape.nu\/wp-content\/uploads\/2020\/04\/horizontech-falcon-II-vape-tank-uk-4-768x347.jpg 768w, https:\/\/justvape.nu\/wp-content\/uploads\/2020\/04\/horizontech-falcon-II-vape-tank-uk-4-555x251.jpg 555w, https:\/\/justvape.nu\/wp-content\/uploads\/2020\/04\/horizontech-falcon-II-vape-tank-uk-4-64x29.jpg 64w\" sizes=\"auto, (max-width: 900px) 100vw, 900px\" \/><figcaption class=\"figure-caption text-center\">Une conception de serpentin tiss\u00e9 en \u00e9ventail du secteur favorise un meilleur flux de vapeur, ce qui entra\u00eene une production de vapeur accrue.<br \/>\n<img loading=\"lazy\" decoding=\"async\" class=\"alignnone size-full wp-image-18999\" src=\"https:\/\/www.justvape.nu\/wp-content\/uploads\/2018\/04\/Packing-List.png\" alt=\"\" width=\"950\" height=\"64\" title=\"\" srcset=\"https:\/\/justvape.nu\/wp-content\/uploads\/2018\/04\/Packing-List.png 950w, https:\/\/justvape.nu\/wp-content\/uploads\/2018\/04\/Packing-List-555x37.png 555w, https:\/\/justvape.nu\/wp-content\/uploads\/2018\/04\/Packing-List-64x4.png 64w, https:\/\/justvape.nu\/wp-content\/uploads\/2018\/04\/Packing-List-300x20.png 300w, https:\/\/justvape.nu\/wp-content\/uploads\/2018\/04\/Packing-List-768x52.png 768w\" sizes=\"auto, (max-width: 950px) 100vw, 950px\" \/><br \/>\n1 x r\u00e9servoir Falcon II 1 x bobine Sector install\u00e9e dans le r\u00e9servoir<br \/>\n1 x bobine Sector de rechange<br \/>\n1 x ensemble de bagues<\/p>\n<div class=\"ast-oembed-container \" style=\"height: 100%;\"><iframe loading=\"lazy\" title=\"The Falcon 2 SubOhm Tank By Horizontech!\" width=\"500\" height=\"281\" src=\"https:\/\/www.youtube.com\/embed\/rAmmKCpD5l0?feature=oembed\" frameborder=\"0\" allow=\"accelerometer; autoplay; clipboard-write; encrypted-media; gyroscope; picture-in-picture; web-share\" referrerpolicy=\"strict-origin-when-cross-origin\" allowfullscreen><\/iframe><\/div>\n<\/figcaption><\/figure>\n","protected":false},"excerpt":{"rendered":"<p>HorizonTech &#8211; Falcon II Tank 2ml<\/p>\n","protected":false},"featured_media":285725,"comment_status":"open","ping_status":"closed","template":"","meta":{"_acf_changed":false,"_uag_custom_page_level_css":"","site-sidebar-layout":"default","site-content-layout":"default","ast-site-content-layout":"default","site-content-style":"default","site-sidebar-style":"default","ast-global-header-display":"","ast-banner-title-visibility":"","ast-main-header-display":"","ast-hfb-above-header-display":"","ast-hfb-below-header-display":"","ast-hfb-mobile-header-display":"","site-post-title":"","ast-breadcrumbs-content":"","ast-featured-img":"","footer-sml-layout":"","ast-disable-related-posts":"","theme-transparent-header-meta":"default","adv-header-id-meta":"","stick-header-meta":"default","header-above-stick-meta":"","header-main-stick-meta":"","header-below-stick-meta":"","astra-migrate-meta-layouts":"default","ast-page-background-enabled":"default","ast-page-background-meta":{"desktop":{"background-color":"","background-image":"","background-repeat":"repeat","background-position":"center center","background-size":"auto","background-attachment":"scroll","background-type":"","background-media":"","overlay-type":"","overlay-color":"","overlay-opacity":"","overlay-gradient":""},"tablet":{"background-color":"","background-image":"","background-repeat":"repeat","background-position":"center center","background-size":"auto","background-attachment":"scroll","background-type":"","background-media":"","overlay-type":"","overlay-color":"","overlay-opacity":"","overlay-gradient":""},"mobile":{"background-color":"","background-image":"","background-repeat":"repeat","background-position":"center center","background-size":"auto","background-attachment":"scroll","background-type":"","background-media":"","overlay-type":"","overlay-color":"","overlay-opacity":"","overlay-gradient":""}},"ast-content-background-meta":{"desktop":{"background-color":"var(--ast-global-color-5)","background-image":"","background-repeat":"repeat","background-position":"center center","background-size":"auto","background-attachment":"scroll","background-type":"","background-media":"","overlay-type":"","overlay-color":"","overlay-opacity":"","overlay-gradient":""},"tablet":{"background-color":"var(--ast-global-color-5)","background-image":"","background-repeat":"repeat","background-position":"center center","background-size":"auto","background-attachment":"scroll","background-type":"","background-media":"","overlay-type":"","overlay-color":"","overlay-opacity":"","overlay-gradient":""},"mobile":{"background-color":"var(--ast-global-color-5)","background-image":"","background-repeat":"repeat","background-position":"center center","background-size":"auto","background-attachment":"scroll","background-type":"","background-media":"","overlay-type":"","overlay-color":"","overlay-opacity":"","overlay-gradient":""}}},"product_brand":[],"product_cat":[2508,3257,2036,1976,2509],"product_tag":[],"class_list":{"0":"post-373053","1":"product","2":"type-product","3":"status-publish","4":"has-post-thumbnail","6":"product_cat-hardware-fr","7":"product_cat-horizontech-falcon-fr-2","8":"product_cat-reservoirs","9":"product_cat-reservoirs-et-bobines","10":"product_cat-shop-by-brand-fr","11":"desktop-align-center","12":"tablet-align-center","13":"mobile-align-center","14":"ast-product-gallery-layout-horizontal-slider","15":"ast-product-gallery-with-no-image","16":"ast-product-single-variable","17":"ast-product-tabs-layout-horizontal","19":"first","20":"instock","21":"sale","22":"taxable","23":"shipping-taxable","24":"purchasable","25":"product-type-variable"},"acf":[],"uagb_featured_image_src":{"full":["https:\/\/justvape.nu\/wp-content\/uploads\/2020\/04\/falcon_ii_tank_config_109_800x.jpg",800,800,false],"thumbnail":["https:\/\/justvape.nu\/wp-content\/uploads\/2020\/04\/falcon_ii_tank_config_109_800x-150x150.jpg",150,150,true],"medium":["https:\/\/justvape.nu\/wp-content\/uploads\/2020\/04\/falcon_ii_tank_config_109_800x-300x300.jpg",300,300,true],"medium_large":["https:\/\/justvape.nu\/wp-content\/uploads\/2020\/04\/falcon_ii_tank_config_109_800x-768x768.jpg",768,768,true],"large":["https:\/\/justvape.nu\/wp-content\/uploads\/2020\/04\/falcon_ii_tank_config_109_800x.jpg",800,800,false],"1536x1536":["https:\/\/justvape.nu\/wp-content\/uploads\/2020\/04\/falcon_ii_tank_config_109_800x.jpg",800,800,false],"2048x2048":["https:\/\/justvape.nu\/wp-content\/uploads\/2020\/04\/falcon_ii_tank_config_109_800x.jpg",800,800,false],"woocommerce_thumbnail":["https:\/\/justvape.nu\/wp-content\/uploads\/2020\/04\/falcon_ii_tank_config_109_800x-300x300.jpg",300,300,true],"woocommerce_single":["https:\/\/justvape.nu\/wp-content\/uploads\/2020\/04\/falcon_ii_tank_config_109_800x-600x600.jpg",600,600,true],"woocommerce_gallery_thumbnail":["https:\/\/justvape.nu\/wp-content\/uploads\/2020\/04\/falcon_ii_tank_config_109_800x-100x100.jpg",100,100,true],"dgwt-wcas-product-suggestion":["https:\/\/justvape.nu\/wp-content\/uploads\/2020\/04\/falcon_ii_tank_config_109_800x-64x64.jpg",64,64,true]},"uagb_author_info":{"display_name":"JustVape.nu","author_link":"https:\/\/justvape.nu\/fr\/author\/"},"uagb_comment_info":0,"uagb_excerpt":"HorizonTech - Falcon II Tank 2ml","_links":{"self":[{"href":"https:\/\/justvape.nu\/fr\/wp-json\/wp\/v2\/product\/373053","targetHints":{"allow":["GET"]}}],"collection":[{"href":"https:\/\/justvape.nu\/fr\/wp-json\/wp\/v2\/product"}],"about":[{"href":"https:\/\/justvape.nu\/fr\/wp-json\/wp\/v2\/types\/product"}],"replies":[{"embeddable":true,"href":"https:\/\/justvape.nu\/fr\/wp-json\/wp\/v2\/comments?post=373053"}],"wp:featuredmedia":[{"embeddable":true,"href":"https:\/\/justvape.nu\/fr\/wp-json\/wp\/v2\/media\/285725"}],"wp:attachment":[{"href":"https:\/\/justvape.nu\/fr\/wp-json\/wp\/v2\/media?parent=373053"}],"wp:term":[{"taxonomy":"product_brand","embeddable":true,"href":"https:\/\/justvape.nu\/fr\/wp-json\/wp\/v2\/product_brand?post=373053"},{"taxonomy":"product_cat","embeddable":true,"href":"https:\/\/justvape.nu\/fr\/wp-json\/wp\/v2\/product_cat?post=373053"},{"taxonomy":"product_tag","embeddable":true,"href":"https:\/\/justvape.nu\/fr\/wp-json\/wp\/v2\/product_tag?post=373053"}],"curies":[{"name":"wp","href":"https:\/\/api.w.org\/{rel}","templated":true}]}}