{"id":371764,"date":"2019-12-16T19:46:44","date_gmt":"2019-12-16T18:46:44","guid":{"rendered":"https:\/\/www.justvape.nu\/produkt\/bandes-wotofo-nexmesh\/"},"modified":"2021-09-04T02:16:17","modified_gmt":"2021-09-04T00:16:17","slug":"bandes-de-wotofo-nexmesh","status":"publish","type":"product","link":"https:\/\/justvape.nu\/fr\/produkt\/bandes-de-wotofo-nexmesh\/","title":{"rendered":"Wotofo nexMESH Strips"},"content":{"rendered":"<h2>Wotofo nexMESH Strips<\/h2>\n<p>En tant que noyau chauffant, la maille joue un r\u00f4le important. Chaque petit changement de structure compte. Tout comme une combinaison sur mesure qui devrait vous convenir parfaitement, la maille du Profile 1.5 a \u00e9t\u00e9 essay\u00e9e et test\u00e9e encore et encore pour obtenir le meilleur r\u00e9sultat. Tous les changements visaient le m\u00eame objectif, la production d&rsquo;ar\u00f4mes.<\/p>\n<p>Pour r\u00e9pondre \u00e0 plus de vapoteurs, 3 options de bobine de maille ont \u00e9t\u00e9 incluses: nexMESH CHILL, nexMESH TURBO et nexMESH EXTREME. Veuillez noter que le nouveau maillage n&rsquo;est pas interchangeable avec le maillage Profile RDA d&rsquo;origine en ce sens qu&rsquo;il fait 1,4 fois la surface de celui d&rsquo;origine.<\/p>\n<p>&nbsp;<\/p>\n<div><img loading=\"lazy\" decoding=\"async\" class=\"alignnone size-full wp-image-153384\" src=\"https:\/\/www.justvape.nu\/wp-content\/uploads\/2019\/11\/wotofo-profile-1.5-rda-nexMASH.jpg\" alt=\"\" width=\"800\" height=\"500\" title=\"\" srcset=\"https:\/\/justvape.nu\/wp-content\/uploads\/2019\/11\/wotofo-profile-1.5-rda-nexMASH.jpg 800w, https:\/\/justvape.nu\/wp-content\/uploads\/2019\/11\/wotofo-profile-1.5-rda-nexMASH-555x347.jpg 555w, https:\/\/justvape.nu\/wp-content\/uploads\/2019\/11\/wotofo-profile-1.5-rda-nexMASH-64x40.jpg 64w, https:\/\/justvape.nu\/wp-content\/uploads\/2019\/11\/wotofo-profile-1.5-rda-nexMASH-300x188.jpg 300w, https:\/\/justvape.nu\/wp-content\/uploads\/2019\/11\/wotofo-profile-1.5-rda-nexMASH-768x480.jpg 768w\" sizes=\"auto, (max-width: 800px) 100vw, 800px\" \/><\/div>\n<h2><strong>NEXMESH EXTR\u00caME (A1 0.16OHM)<\/strong><\/h2>\n<p>nexMESH Extreme est le treillis m\u00e9tallique tiss\u00e9 raffin\u00e9 d\u00e9riv\u00e9 du treillis m\u00e9tallique d&rsquo;origine. Son secret r\u00e9side dans l&rsquo;utilisation pr\u00e9cise des fils. La production d&rsquo;ar\u00f4mes peut varier consid\u00e9rablement avec une infime petite diff\u00e9rence dans les motifs de maillage, y compris le tissage, le sertissage, l&rsquo;espacement et le fil. Pour mieux comprendre la puissance de nexMESH Extreme, nous utiliserons une analogie:<strong> nexMESH Extreme est \u00e0 maillage comme Clapton complexe est \u00e0 bobine simple brin.<\/strong> Essentiellement, nexMESH Extreme offre une plus grande surface de bobinage, d&rsquo;une mani\u00e8re micro, que les bandes de maille normales, augmentant ainsi la production de vapeur et am\u00e9liorant la production d&rsquo;ar\u00f4me.<\/p>\n<p><strong>Performance:<\/strong> Robuste et fort, une exp\u00e9rience de saveur vigoureusement plus chaude, une forte production de vapeur.<\/p>\n<div><img loading=\"lazy\" decoding=\"async\" class=\"alignnone size-full wp-image-153381\" src=\"https:\/\/www.justvape.nu\/wp-content\/uploads\/2019\/11\/wotofo-profile-1.5-rda-nexMASH-EXTREME.jpg\" alt=\"\" width=\"500\" height=\"300\" title=\"\" srcset=\"https:\/\/justvape.nu\/wp-content\/uploads\/2019\/11\/wotofo-profile-1.5-rda-nexMASH-EXTREME.jpg 500w, https:\/\/justvape.nu\/wp-content\/uploads\/2019\/11\/wotofo-profile-1.5-rda-nexMASH-EXTREME-64x38.jpg 64w, https:\/\/justvape.nu\/wp-content\/uploads\/2019\/11\/wotofo-profile-1.5-rda-nexMASH-EXTREME-300x180.jpg 300w\" sizes=\"auto, (max-width: 500px) 100vw, 500px\" \/><\/div>\n<h2><strong>NEXMESH TURBO (A1 0.13OHM)<\/strong><\/h2>\n<p>nexMESH Turbo est la bande de maille perfor\u00e9e haute densit\u00e9 similaire \u00e0 nexMESH Chill. Il offre un temps de mont\u00e9e en puissance plus rapide et offre une grande surface de contact avec l&rsquo;e-liquide. Le r\u00e9sultat? Plus de vapeur avec plus de possibilit\u00e9s de go\u00fbter plus de notes dans les e-liquides en moins de temps.<\/p>\n<p><strong>Performance:<\/strong> Audacieux et clair, une exp\u00e9rience de saveur plus \u00e9lev\u00e9e, une production de vapeur \u00e9paisse.<\/p>\n<div><img loading=\"lazy\" decoding=\"async\" class=\"alignnone size-full wp-image-153382\" src=\"https:\/\/www.justvape.nu\/wp-content\/uploads\/2019\/11\/wotofo-profile-1.5-rda-nexMASH-TURBO.jpg\" alt=\"\" width=\"500\" height=\"300\" title=\"\" srcset=\"https:\/\/justvape.nu\/wp-content\/uploads\/2019\/11\/wotofo-profile-1.5-rda-nexMASH-TURBO.jpg 500w, https:\/\/justvape.nu\/wp-content\/uploads\/2019\/11\/wotofo-profile-1.5-rda-nexMASH-TURBO-300x180.jpg 300w, https:\/\/justvape.nu\/wp-content\/uploads\/2019\/11\/wotofo-profile-1.5-rda-nexMASH-TURBO-64x38.jpg 64w\" sizes=\"auto, (max-width: 500px) 100vw, 500px\" \/><\/div>\n<h2><strong>REFROIDISSEMENT NEXMESH (A1 0.15OHM)<\/strong><\/h2>\n<p>nexMESH Chill est la bande de m\u00e9tal vape avec des trous correctement perc\u00e9s pour former une structure en maille. Il offre une r\u00e9partition uniforme de la chaleur et une vitesse de chauffage rapide. Avec un contr\u00f4le pr\u00e9cis du maillage, nexMESH Chill est capable de d\u00e9composer le profil de saveur du e-liquide et de permettre une sensation gustative plus pr\u00e9cise.<\/p>\n<p><strong>Performance:<\/strong> Doux et moelleux, une exp\u00e9rience de saveur plus d\u00e9contract\u00e9e, une excellente production de vapeur.<\/p>\n<div><img loading=\"lazy\" decoding=\"async\" class=\"alignnone size-full wp-image-153383\" src=\"https:\/\/www.justvape.nu\/wp-content\/uploads\/2019\/11\/wotofo-profile-1.5-rda-nexMASH-CHILL.jpg\" alt=\"\" width=\"500\" height=\"300\" title=\"\" srcset=\"https:\/\/justvape.nu\/wp-content\/uploads\/2019\/11\/wotofo-profile-1.5-rda-nexMASH-CHILL.jpg 500w, https:\/\/justvape.nu\/wp-content\/uploads\/2019\/11\/wotofo-profile-1.5-rda-nexMASH-CHILL-64x38.jpg 64w, https:\/\/justvape.nu\/wp-content\/uploads\/2019\/11\/wotofo-profile-1.5-rda-nexMASH-CHILL-300x180.jpg 300w\" sizes=\"auto, (max-width: 500px) 100vw, 500px\" \/><\/div>\n<div><\/div>\n<div>\n<div class=\"ast-oembed-container \" style=\"height: 100%;\"><iframe loading=\"lazy\" title=\"Vaping At 100 Watts With The Profile v1.5 RDA By Wotofo &amp; #MRJUSTRIGHT1\" width=\"500\" height=\"281\" src=\"https:\/\/www.youtube.com\/embed\/GHrDLwgEuGM?start=615&#038;feature=oembed\" frameborder=\"0\" allow=\"accelerometer; autoplay; clipboard-write; encrypted-media; gyroscope; picture-in-picture; web-share\" referrerpolicy=\"strict-origin-when-cross-origin\" allowfullscreen><\/iframe><\/div>\n<\/div>\n","protected":false},"excerpt":{"rendered":"<p>Wotofo nexMESH Strips<\/p>\n","protected":false},"featured_media":281805,"comment_status":"open","ping_status":"closed","template":"","meta":{"_acf_changed":false,"_uag_custom_page_level_css":"","site-sidebar-layout":"default","site-content-layout":"default","ast-site-content-layout":"default","site-content-style":"default","site-sidebar-style":"default","ast-global-header-display":"","ast-banner-title-visibility":"","ast-main-header-display":"","ast-hfb-above-header-display":"","ast-hfb-below-header-display":"","ast-hfb-mobile-header-display":"","site-post-title":"","ast-breadcrumbs-content":"","ast-featured-img":"","footer-sml-layout":"","ast-disable-related-posts":"","theme-transparent-header-meta":"default","adv-header-id-meta":"","stick-header-meta":"default","header-above-stick-meta":"","header-main-stick-meta":"","header-below-stick-meta":"","astra-migrate-meta-layouts":"default","ast-page-background-enabled":"default","ast-page-background-meta":{"desktop":{"background-color":"","background-image":"","background-repeat":"repeat","background-position":"center center","background-size":"auto","background-attachment":"scroll","background-type":"","background-media":"","overlay-type":"","overlay-color":"","overlay-opacity":"","overlay-gradient":""},"tablet":{"background-color":"","background-image":"","background-repeat":"repeat","background-position":"center center","background-size":"auto","background-attachment":"scroll","background-type":"","background-media":"","overlay-type":"","overlay-color":"","overlay-opacity":"","overlay-gradient":""},"mobile":{"background-color":"","background-image":"","background-repeat":"repeat","background-position":"center center","background-size":"auto","background-attachment":"scroll","background-type":"","background-media":"","overlay-type":"","overlay-color":"","overlay-opacity":"","overlay-gradient":""}},"ast-content-background-meta":{"desktop":{"background-color":"var(--ast-global-color-5)","background-image":"","background-repeat":"repeat","background-position":"center center","background-size":"auto","background-attachment":"scroll","background-type":"","background-media":"","overlay-type":"","overlay-color":"","overlay-opacity":"","overlay-gradient":""},"tablet":{"background-color":"var(--ast-global-color-5)","background-image":"","background-repeat":"repeat","background-position":"center center","background-size":"auto","background-attachment":"scroll","background-type":"","background-media":"","overlay-type":"","overlay-color":"","overlay-opacity":"","overlay-gradient":""},"mobile":{"background-color":"var(--ast-global-color-5)","background-image":"","background-repeat":"repeat","background-position":"center center","background-size":"auto","background-attachment":"scroll","background-type":"","background-media":"","overlay-type":"","overlay-color":"","overlay-opacity":"","overlay-gradient":""}}},"product_brand":[],"product_cat":[2260,1916,3497],"product_tag":[],"class_list":{"0":"post-371764","1":"product","2":"type-product","3":"status-publish","4":"has-post-thumbnail","6":"product_cat-bobines-de-pre-construction","7":"product_cat-diy-fr","8":"product_cat-wotofo-fr","9":"desktop-align-center","10":"tablet-align-center","11":"mobile-align-center","12":"ast-product-gallery-layout-horizontal-slider","13":"ast-product-gallery-with-no-image","14":"ast-product-single-variable","15":"ast-product-tabs-layout-horizontal","17":"first","18":"instock","19":"sale","20":"taxable","21":"shipping-taxable","22":"purchasable","23":"product-type-variable"},"acf":[],"uagb_featured_image_src":{"full":["https:\/\/justvape.nu\/wp-content\/uploads\/2019\/12\/nexmesh_extreme_700x700.jpg",800,800,false],"thumbnail":["https:\/\/justvape.nu\/wp-content\/uploads\/2019\/12\/nexmesh_extreme_700x700-150x150.jpg",150,150,true],"medium":["https:\/\/justvape.nu\/wp-content\/uploads\/2019\/12\/nexmesh_extreme_700x700-300x300.jpg",300,300,true],"medium_large":["https:\/\/justvape.nu\/wp-content\/uploads\/2019\/12\/nexmesh_extreme_700x700-768x768.jpg",768,768,true],"large":["https:\/\/justvape.nu\/wp-content\/uploads\/2019\/12\/nexmesh_extreme_700x700.jpg",800,800,false],"1536x1536":["https:\/\/justvape.nu\/wp-content\/uploads\/2019\/12\/nexmesh_extreme_700x700.jpg",800,800,false],"2048x2048":["https:\/\/justvape.nu\/wp-content\/uploads\/2019\/12\/nexmesh_extreme_700x700.jpg",800,800,false],"woocommerce_thumbnail":["https:\/\/justvape.nu\/wp-content\/uploads\/2019\/12\/nexmesh_extreme_700x700-300x300.jpg",300,300,true],"woocommerce_single":["https:\/\/justvape.nu\/wp-content\/uploads\/2019\/12\/nexmesh_extreme_700x700-600x600.jpg",600,600,true],"woocommerce_gallery_thumbnail":["https:\/\/justvape.nu\/wp-content\/uploads\/2019\/12\/nexmesh_extreme_700x700-100x100.jpg",100,100,true],"dgwt-wcas-product-suggestion":["https:\/\/justvape.nu\/wp-content\/uploads\/2019\/12\/nexmesh_extreme_700x700-64x64.jpg",64,64,true]},"uagb_author_info":{"display_name":"JustVape.nu","author_link":"https:\/\/justvape.nu\/fr\/author\/"},"uagb_comment_info":0,"uagb_excerpt":"Wotofo nexMESH Strips","_links":{"self":[{"href":"https:\/\/justvape.nu\/fr\/wp-json\/wp\/v2\/product\/371764","targetHints":{"allow":["GET"]}}],"collection":[{"href":"https:\/\/justvape.nu\/fr\/wp-json\/wp\/v2\/product"}],"about":[{"href":"https:\/\/justvape.nu\/fr\/wp-json\/wp\/v2\/types\/product"}],"replies":[{"embeddable":true,"href":"https:\/\/justvape.nu\/fr\/wp-json\/wp\/v2\/comments?post=371764"}],"wp:featuredmedia":[{"embeddable":true,"href":"https:\/\/justvape.nu\/fr\/wp-json\/wp\/v2\/media\/281805"}],"wp:attachment":[{"href":"https:\/\/justvape.nu\/fr\/wp-json\/wp\/v2\/media?parent=371764"}],"wp:term":[{"taxonomy":"product_brand","embeddable":true,"href":"https:\/\/justvape.nu\/fr\/wp-json\/wp\/v2\/product_brand?post=371764"},{"taxonomy":"product_cat","embeddable":true,"href":"https:\/\/justvape.nu\/fr\/wp-json\/wp\/v2\/product_cat?post=371764"},{"taxonomy":"product_tag","embeddable":true,"href":"https:\/\/justvape.nu\/fr\/wp-json\/wp\/v2\/product_tag?post=371764"}],"curies":[{"name":"wp","href":"https:\/\/api.w.org\/{rel}","templated":true}]}}