{"id":322065,"date":"2020-08-31T21:11:50","date_gmt":"2020-08-31T19:11:50","guid":{"rendered":"https:\/\/www.justvape.nu\/produkt\/hohm-tech-chargeur-de-batterie-scolaire-4-fentes\/"},"modified":"2021-09-01T09:30:16","modified_gmt":"2021-09-01T07:30:16","slug":"hohm-tech-school-chargeur-de-batterie-4-slots","status":"publish","type":"product","link":"https:\/\/justvape.nu\/fr\/produkt\/hohm-tech-school-chargeur-de-batterie-4-slots\/","title":{"rendered":"HOHM TECH &#8211; SCHOOL BATTERY CHARGER 4 SLOTS"},"content":{"rendered":"<h2>HOHM TECH &#8211; SCHOOL BATTERY CHARGER 4 SLOTS<\/h2>\n<p>Ces chargeurs de batterie Hohm School de Hohm Tech sont enti\u00e8rement autonomes et regorgent de fonctions de s\u00e9curit\u00e9, avec des chargeurs qui contiennent deux des quatre batteries et sont compatibles avec 18650,20700,21700.<\/p>\n<p>Le chargeur de batterie Hohm School de Hohm Tech est enti\u00e8rement automatis\u00e9 et est \u00e9quip\u00e9 du syst\u00e8me BLD1 qui automatise la sortie de mont\u00e9e \/ descente afin que les cellules petites et plus grandes se chargent au bon rythme. M\u00eame les batteries Li-ion avec ou sans PCB \/ PCM3 sont facilement \u00e9quilibr\u00e9es \u00e0 la tension correcte. Cela garantit que l&rsquo;int\u00e9grit\u00e9 chimique des petites batteries Li-ion d&rsquo;aujourd&rsquo;hui n&rsquo;est pas compromise, ce qui leur permet d&rsquo;avoir un cycle de vie complet.<\/p>\n<h4>CARACT\u00c9RISTIQUES DE 4BAY:<\/h4>\n<p>&nbsp;<\/p>\n<ul>\n<li>Syst\u00e8me BLD1 &#8211; Automatise l&rsquo;amplification et la r\u00e9duction de charge sur les cellules Li-ion<\/li>\n<li>Int\u00e9gration du r\u00e9gulateur autonome de puissance d&rsquo;entr\u00e9e (plus d&rsquo;adaptateurs d&rsquo;alimentation ou de ports USB stressants)<\/li>\n<li>Compatible avec TOUTES les cellules Li-ion de 30 mm \u00e0 73 mm<\/li>\n<li>Indicateur LED qui signale la variation de couleur et de clignotement pour une lecture rapide \/ facile<\/li>\n<li>Compatible PCB \/ PCM3 pour que m\u00eame les cellules prot\u00e9g\u00e9es ne soient pas laiss\u00e9es pour compte<\/li>\n<li>Protection 101: A] surcharge; B] court-circuit; C] mauvaise d\u00e9tection du type de batterie; D] polarit\u00e9 invers\u00e9e<\/li>\n<\/ul>\n<h4><\/h4>\n<p><em><strong>Caract\u00e9ristiques<\/strong><\/em><br \/>\nChargeur \u00e0 4 baies<br \/>\n2,0 A x 2, 1,0 A x 4\/1 A x 2 et 0,5 A x 2 (sortie combin\u00e9e max 4 A)<br \/>\nEnti\u00e8rement automatis\u00e9 avec des indicateurs d&rsquo;\u00e9tat de charge LED<br \/>\nCompatible avec toutes les cellules Li-ion de 30 mm \u00e0 73 mm<br \/>\nFonctions de protection multiples (surcharge, court-circuit, d\u00e9tection de type de batterie incorrect et polarit\u00e9 inverse<\/p>\n<p>https:\/\/www.youtube.com\/watch?v=HS8hXfwGyLM<\/p>\n","protected":false},"excerpt":{"rendered":"<p>HOHM TECH &#8211; SCHOOL BATTERY CHARGER 4 SLOTS<\/p>\n","protected":false},"featured_media":300557,"comment_status":"open","ping_status":"closed","template":"","meta":{"_acf_changed":false,"_uag_custom_page_level_css":"","site-sidebar-layout":"default","site-content-layout":"default","ast-site-content-layout":"default","site-content-style":"default","site-sidebar-style":"default","ast-global-header-display":"","ast-banner-title-visibility":"","ast-main-header-display":"","ast-hfb-above-header-display":"","ast-hfb-below-header-display":"","ast-hfb-mobile-header-display":"","site-post-title":"","ast-breadcrumbs-content":"","ast-featured-img":"","footer-sml-layout":"","ast-disable-related-posts":"","theme-transparent-header-meta":"default","adv-header-id-meta":"","stick-header-meta":"default","header-above-stick-meta":"","header-main-stick-meta":"","header-below-stick-meta":"","astra-migrate-meta-layouts":"default","ast-page-background-enabled":"default","ast-page-background-meta":{"desktop":{"background-color":"","background-image":"","background-repeat":"repeat","background-position":"center center","background-size":"auto","background-attachment":"scroll","background-type":"","background-media":"","overlay-type":"","overlay-color":"","overlay-opacity":"","overlay-gradient":""},"tablet":{"background-color":"","background-image":"","background-repeat":"repeat","background-position":"center center","background-size":"auto","background-attachment":"scroll","background-type":"","background-media":"","overlay-type":"","overlay-color":"","overlay-opacity":"","overlay-gradient":""},"mobile":{"background-color":"","background-image":"","background-repeat":"repeat","background-position":"center center","background-size":"auto","background-attachment":"scroll","background-type":"","background-media":"","overlay-type":"","overlay-color":"","overlay-opacity":"","overlay-gradient":""}},"ast-content-background-meta":{"desktop":{"background-color":"var(--ast-global-color-5)","background-image":"","background-repeat":"repeat","background-position":"center center","background-size":"auto","background-attachment":"scroll","background-type":"","background-media":"","overlay-type":"","overlay-color":"","overlay-opacity":"","overlay-gradient":""},"tablet":{"background-color":"var(--ast-global-color-5)","background-image":"","background-repeat":"repeat","background-position":"center center","background-size":"auto","background-attachment":"scroll","background-type":"","background-media":"","overlay-type":"","overlay-color":"","overlay-opacity":"","overlay-gradient":""},"mobile":{"background-color":"var(--ast-global-color-5)","background-image":"","background-repeat":"repeat","background-position":"center center","background-size":"auto","background-attachment":"scroll","background-type":"","background-media":"","overlay-type":"","overlay-color":"","overlay-opacity":"","overlay-gradient":""}}},"product_brand":[],"product_cat":[1906,2190,2508,4577,2509],"product_tag":[],"class_list":{"0":"post-322065","1":"product","2":"type-product","3":"status-publish","4":"has-post-thumbnail","6":"product_cat-accessoires","7":"product_cat-chargeurs","8":"product_cat-hardware-fr","9":"product_cat-hohm-tech-fr","10":"product_cat-shop-by-brand-fr","11":"desktop-align-center","12":"tablet-align-center","13":"mobile-align-center","14":"ast-product-gallery-layout-horizontal-slider","15":"ast-product-gallery-with-no-image","16":"ast-product-tabs-layout-horizontal","18":"first","19":"instock","20":"sale","21":"taxable","22":"shipping-taxable","23":"purchasable","24":"product-type-simple"},"acf":[],"uagb_featured_image_src":{"full":["https:\/\/justvape.nu\/wp-content\/uploads\/2020\/08\/HOHM_SCHOOL-4-4A-BLD-USB-C-CHARGER_PA.jpg",800,800,false],"thumbnail":["https:\/\/justvape.nu\/wp-content\/uploads\/2020\/08\/HOHM_SCHOOL-4-4A-BLD-USB-C-CHARGER_PA-150x150.jpg",150,150,true],"medium":["https:\/\/justvape.nu\/wp-content\/uploads\/2020\/08\/HOHM_SCHOOL-4-4A-BLD-USB-C-CHARGER_PA-300x300.jpg",300,300,true],"medium_large":["https:\/\/justvape.nu\/wp-content\/uploads\/2020\/08\/HOHM_SCHOOL-4-4A-BLD-USB-C-CHARGER_PA-768x768.jpg",768,768,true],"large":["https:\/\/justvape.nu\/wp-content\/uploads\/2020\/08\/HOHM_SCHOOL-4-4A-BLD-USB-C-CHARGER_PA.jpg",800,800,false],"1536x1536":["https:\/\/justvape.nu\/wp-content\/uploads\/2020\/08\/HOHM_SCHOOL-4-4A-BLD-USB-C-CHARGER_PA.jpg",800,800,false],"2048x2048":["https:\/\/justvape.nu\/wp-content\/uploads\/2020\/08\/HOHM_SCHOOL-4-4A-BLD-USB-C-CHARGER_PA.jpg",800,800,false],"woocommerce_thumbnail":["https:\/\/justvape.nu\/wp-content\/uploads\/2020\/08\/HOHM_SCHOOL-4-4A-BLD-USB-C-CHARGER_PA-300x300.jpg",300,300,true],"woocommerce_single":["https:\/\/justvape.nu\/wp-content\/uploads\/2020\/08\/HOHM_SCHOOL-4-4A-BLD-USB-C-CHARGER_PA-600x600.jpg",600,600,true],"woocommerce_gallery_thumbnail":["https:\/\/justvape.nu\/wp-content\/uploads\/2020\/08\/HOHM_SCHOOL-4-4A-BLD-USB-C-CHARGER_PA-100x100.jpg",100,100,true],"dgwt-wcas-product-suggestion":["https:\/\/justvape.nu\/wp-content\/uploads\/2020\/08\/HOHM_SCHOOL-4-4A-BLD-USB-C-CHARGER_PA-64x64.jpg",64,64,true]},"uagb_author_info":{"display_name":"JustVape.nu","author_link":"https:\/\/justvape.nu\/fr\/author\/"},"uagb_comment_info":0,"uagb_excerpt":"HOHM TECH - SCHOOL BATTERY CHARGER 4 SLOTS","_links":{"self":[{"href":"https:\/\/justvape.nu\/fr\/wp-json\/wp\/v2\/product\/322065","targetHints":{"allow":["GET"]}}],"collection":[{"href":"https:\/\/justvape.nu\/fr\/wp-json\/wp\/v2\/product"}],"about":[{"href":"https:\/\/justvape.nu\/fr\/wp-json\/wp\/v2\/types\/product"}],"replies":[{"embeddable":true,"href":"https:\/\/justvape.nu\/fr\/wp-json\/wp\/v2\/comments?post=322065"}],"wp:featuredmedia":[{"embeddable":true,"href":"https:\/\/justvape.nu\/fr\/wp-json\/wp\/v2\/media\/300557"}],"wp:attachment":[{"href":"https:\/\/justvape.nu\/fr\/wp-json\/wp\/v2\/media?parent=322065"}],"wp:term":[{"taxonomy":"product_brand","embeddable":true,"href":"https:\/\/justvape.nu\/fr\/wp-json\/wp\/v2\/product_brand?post=322065"},{"taxonomy":"product_cat","embeddable":true,"href":"https:\/\/justvape.nu\/fr\/wp-json\/wp\/v2\/product_cat?post=322065"},{"taxonomy":"product_tag","embeddable":true,"href":"https:\/\/justvape.nu\/fr\/wp-json\/wp\/v2\/product_tag?post=322065"}],"curies":[{"name":"wp","href":"https:\/\/api.w.org\/{rel}","templated":true}]}}