{"id":322017,"date":"2020-08-27T12:22:56","date_gmt":"2020-08-27T10:22:56","guid":{"rendered":"https:\/\/www.justvape.nu\/produkt\/molicel-batterie-inr-20700a-20700-3000mah-35a\/"},"modified":"2026-01-05T21:46:00","modified_gmt":"2026-01-05T20:46:00","slug":"batterie-molicel-inr-20700a-20700-3000mah-35a","status":"publish","type":"product","link":"https:\/\/justvape.nu\/fr\/produkt\/batterie-molicel-inr-20700a-20700-3000mah-35a\/","title":{"rendered":"Molicel &#8211; INR-20700A 20700 3000mAh 35A Battery"},"content":{"rendered":"<div id=\"ProductDetail_ProductDetails_div\">\n<h2>Molicel &#8211; INR-20700A 20700 3000mAh 35A Battery<\/h2>\n<p>La meilleure cellule formfactor 20700 qui existe sur le march\u00e9 \u00e0 ce jour.<\/p>\n<h4>Caract\u00e9ristiques:<\/h4>\n<ul>\n<li>Mod\u00e8le: INR-20700A<\/li>\n<li>Taille: 20700<\/li>\n<li>Style: dessus plat<\/li>\n<li>Capacit\u00e9 nominale: 3000mAh<\/li>\n<li>\u00c9valuation de d\u00e9charge continue: 35A<\/li>\n<li>Tension nominale: 3,6 v<\/li>\n<li>Prot\u00e9g\u00e9: Non<\/li>\n<li>Rechargeable: Oui<\/li>\n<li>Dimensions approximatives: 20,50 mm x 70,00 mm<\/li>\n<li>Poids approximatif: 57,8 g<\/li>\n<\/ul>\n<div><\/div>\n<p><img loading=\"lazy\" decoding=\"async\" class=\"alignnone size-full wp-image-300202\" src=\"https:\/\/www.justvape.nu\/wp-content\/uploads\/2020\/08\/moli_20700a.jpg\" alt=\"\" width=\"1329\" height=\"821\" title=\"\" srcset=\"https:\/\/justvape.nu\/wp-content\/uploads\/2020\/08\/moli_20700a.jpg 1329w, https:\/\/justvape.nu\/wp-content\/uploads\/2020\/08\/moli_20700a-600x371.jpg 600w, https:\/\/justvape.nu\/wp-content\/uploads\/2020\/08\/moli_20700a-64x40.jpg 64w, https:\/\/justvape.nu\/wp-content\/uploads\/2020\/08\/moli_20700a-300x185.jpg 300w, https:\/\/justvape.nu\/wp-content\/uploads\/2020\/08\/moli_20700a-1024x633.jpg 1024w, https:\/\/justvape.nu\/wp-content\/uploads\/2020\/08\/moli_20700a-768x474.jpg 768w\" sizes=\"auto, (max-width: 1329px) 100vw, 1329px\" \/><\/p>\n<div>\n<p>Toutes les batteries contiennent une \u00e9tiquette indiquant la tension et la capacit\u00e9 approximatives. Cette \u00e9tiquette se retire facilement pour r\u00e9v\u00e9ler l&rsquo;impression du fabricant. L&rsquo;autocollant d&rsquo;\u00e9tiquette est une exigence du gouvernement am\u00e9ricain (IATA) qui r\u00e9glemente l&rsquo;exp\u00e9dition des batteries au lithium-ion.<\/p>\n<\/div>\n<div><\/div>\n<h4>ATTENTION:<\/h4>\n<div>L&rsquo;utilisateur doit avoir une compr\u00e9hension appropri\u00e9e des batteries lithium-ion avant l&rsquo;achat. Soyez prudent lorsque vous travaillez avec et utilisez des batteries au lithium-ion car elles sont tr\u00e8s sensibles aux caract\u00e9ristiques de charge et peuvent exploser, br\u00fbler ou provoquer un incendie si elles sont mal utilis\u00e9es ou mal g\u00e9r\u00e9es. Chargez toujours dans ou sur une surface ignifuge. Ne laissez jamais les batteries en charge sans surveillance. Cette batterie est vendue pour l&rsquo;utilisation d&rsquo;int\u00e9grations de syst\u00e8me avec des circuits de protection appropri\u00e9s ou des blocs-batteries avec un syst\u00e8me de gestion de batterie ou un PCB (circuit imprim\u00e9 \/ module). L&rsquo;acheteur est responsable de tout dommage ou blessure caus\u00e9 par une mauvaise utilisation ou une mauvaise manipulation des batteries et chargeurs lithium-ion. Chargez uniquement avec un chargeur intelligent con\u00e7u pour ce type sp\u00e9cifique de batterie lithium-ion.<\/div>\n<div><\/div>\n<ul>\n<li>Une mauvaise utilisation ou une mauvaise manipulation des batteries lithium-ion peut poser un RISQUE GRAVE de blessures, de dommages mat\u00e9riels ou de mort<\/li>\n<li>LES BATTERIES PEUVENT EXPLOSER, BR\u00dbLER OU PROVOQUER UN INCENDIE EN CAS DE MAUVAISE UTILISATION OU DE MANIPULATION<\/li>\n<li>Utiliser UNIQUEMENT avec un circuit de protection appropri\u00e9<\/li>\n<li>Utiliser UNIQUEMENT selon les sp\u00e9cifications du fabricant<\/li>\n<li>NE PAS ranger en vrac dans une poche, un sac \u00e0 main, etc. &#8211; utilisez toujours un \u00e9tui de protection<\/li>\n<li>TENIR \u00c0 L&rsquo;\u00c9CART des objets m\u00e9talliques pour \u00e9viter les courts-circuits<\/li>\n<li>NE PAS court-circuiter<\/li>\n<li>NE PAS utiliser si l&#8217;emballage ou l&rsquo;isolant est endommag\u00e9 ou d\u00e9chir\u00e9<\/li>\n<li>NE PAS utiliser s&rsquo;il est endommag\u00e9 de quelque mani\u00e8re que ce soit<\/li>\n<li>NE PAS surcharger ou surd\u00e9charger<\/li>\n<li>NE PAS modifier, d\u00e9monter, percer, couper, \u00e9craser ou incin\u00e9rer<\/li>\n<li>NE PAS exposer \u00e0 des liquides ou \u00e0 des temp\u00e9ratures \u00e9lev\u00e9es<\/li>\n<li>NE PAS souder<\/li>\n<li>L&rsquo;utilisateur doit \u00eatre familiaris\u00e9 avec la manipulation des batteries lithium-ion avant l&rsquo;achat<\/li>\n<li>L&rsquo;utilisation des piles est \u00c0 VOS PROPRES RISQUES<\/li>\n<\/ul>\n<div><\/div>\n<div>Les r\u00e9glementations et lois locales relatives au recyclage et \u00e0 la mise au rebut des batteries au lithium-ion varient, veuillez donc consulter votre juridiction locale concernant l&rsquo;\u00e9limination appropri\u00e9e. De nombreux magasins de vente au d\u00e9tail proposent le recyclage gratuit des piles rechargeables.<\/div>\n<div><\/div>\n<\/div>\n","protected":false},"excerpt":{"rendered":"<p>Molicel &#8211; INR-20700A 20700 3000mAh 35A Battery<\/p>\n","protected":false},"featured_media":300216,"comment_status":"open","ping_status":"closed","template":"","meta":{"_acf_changed":false,"_uag_custom_page_level_css":"","site-sidebar-layout":"default","site-content-layout":"default","ast-site-content-layout":"default","site-content-style":"default","site-sidebar-style":"default","ast-global-header-display":"","ast-banner-title-visibility":"","ast-main-header-display":"","ast-hfb-above-header-display":"","ast-hfb-below-header-display":"","ast-hfb-mobile-header-display":"","site-post-title":"","ast-breadcrumbs-content":"","ast-featured-img":"","footer-sml-layout":"","ast-disable-related-posts":"","theme-transparent-header-meta":"default","adv-header-id-meta":"","stick-header-meta":"default","header-above-stick-meta":"","header-main-stick-meta":"","header-below-stick-meta":"","astra-migrate-meta-layouts":"default","ast-page-background-enabled":"default","ast-page-background-meta":{"desktop":{"background-color":"","background-image":"","background-repeat":"repeat","background-position":"center center","background-size":"auto","background-attachment":"scroll","background-type":"","background-media":"","overlay-type":"","overlay-color":"","overlay-opacity":"","overlay-gradient":""},"tablet":{"background-color":"","background-image":"","background-repeat":"repeat","background-position":"center center","background-size":"auto","background-attachment":"scroll","background-type":"","background-media":"","overlay-type":"","overlay-color":"","overlay-opacity":"","overlay-gradient":""},"mobile":{"background-color":"","background-image":"","background-repeat":"repeat","background-position":"center center","background-size":"auto","background-attachment":"scroll","background-type":"","background-media":"","overlay-type":"","overlay-color":"","overlay-opacity":"","overlay-gradient":""}},"ast-content-background-meta":{"desktop":{"background-color":"var(--ast-global-color-5)","background-image":"","background-repeat":"repeat","background-position":"center center","background-size":"auto","background-attachment":"scroll","background-type":"","background-media":"","overlay-type":"","overlay-color":"","overlay-opacity":"","overlay-gradient":""},"tablet":{"background-color":"var(--ast-global-color-5)","background-image":"","background-repeat":"repeat","background-position":"center center","background-size":"auto","background-attachment":"scroll","background-type":"","background-media":"","overlay-type":"","overlay-color":"","overlay-opacity":"","overlay-gradient":""},"mobile":{"background-color":"var(--ast-global-color-5)","background-image":"","background-repeat":"repeat","background-position":"center center","background-size":"auto","background-attachment":"scroll","background-type":"","background-media":"","overlay-type":"","overlay-color":"","overlay-opacity":"","overlay-gradient":""}}},"product_brand":[],"product_cat":[2340,1906,2170],"product_tag":[],"class_list":{"0":"post-322017","1":"product","2":"type-product","3":"status-publish","4":"has-post-thumbnail","6":"product_cat-20700-fr","7":"product_cat-accessoires","8":"product_cat-cellules-de-batterie","9":"product_shipping_class-batteries-fr","10":"desktop-align-center","11":"tablet-align-center","12":"mobile-align-center","13":"ast-product-gallery-layout-horizontal-slider","14":"ast-product-gallery-with-no-image","15":"ast-product-tabs-layout-horizontal","17":"first","18":"instock","19":"sale","20":"taxable","21":"shipping-taxable","22":"purchasable","23":"product-type-simple"},"acf":[],"uagb_featured_image_src":{"full":["https:\/\/justvape.nu\/wp-content\/uploads\/2020\/08\/OEM-INR20700A-2.jpg",1200,1200,false],"thumbnail":["https:\/\/justvape.nu\/wp-content\/uploads\/2020\/08\/OEM-INR20700A-2-150x150.jpg",150,150,true],"medium":["https:\/\/justvape.nu\/wp-content\/uploads\/2020\/08\/OEM-INR20700A-2-300x300.jpg",300,300,true],"medium_large":["https:\/\/justvape.nu\/wp-content\/uploads\/2020\/08\/OEM-INR20700A-2-768x768.jpg",768,768,true],"large":["https:\/\/justvape.nu\/wp-content\/uploads\/2020\/08\/OEM-INR20700A-2-1024x1024.jpg",1024,1024,true],"1536x1536":["https:\/\/justvape.nu\/wp-content\/uploads\/2020\/08\/OEM-INR20700A-2.jpg",1200,1200,false],"2048x2048":["https:\/\/justvape.nu\/wp-content\/uploads\/2020\/08\/OEM-INR20700A-2.jpg",1200,1200,false],"woocommerce_thumbnail":["https:\/\/justvape.nu\/wp-content\/uploads\/2020\/08\/OEM-INR20700A-2-300x300.jpg",300,300,true],"woocommerce_single":["https:\/\/justvape.nu\/wp-content\/uploads\/2020\/08\/OEM-INR20700A-2-600x600.jpg",600,600,true],"woocommerce_gallery_thumbnail":["https:\/\/justvape.nu\/wp-content\/uploads\/2020\/08\/OEM-INR20700A-2-100x100.jpg",100,100,true],"dgwt-wcas-product-suggestion":["https:\/\/justvape.nu\/wp-content\/uploads\/2020\/08\/OEM-INR20700A-2-64x64.jpg",64,64,true]},"uagb_author_info":{"display_name":"JustVape.nu","author_link":"https:\/\/justvape.nu\/fr\/author\/"},"uagb_comment_info":0,"uagb_excerpt":"Molicel - INR-20700A 20700 3000mAh 35A Battery","_links":{"self":[{"href":"https:\/\/justvape.nu\/fr\/wp-json\/wp\/v2\/product\/322017","targetHints":{"allow":["GET"]}}],"collection":[{"href":"https:\/\/justvape.nu\/fr\/wp-json\/wp\/v2\/product"}],"about":[{"href":"https:\/\/justvape.nu\/fr\/wp-json\/wp\/v2\/types\/product"}],"replies":[{"embeddable":true,"href":"https:\/\/justvape.nu\/fr\/wp-json\/wp\/v2\/comments?post=322017"}],"wp:featuredmedia":[{"embeddable":true,"href":"https:\/\/justvape.nu\/fr\/wp-json\/wp\/v2\/media\/300216"}],"wp:attachment":[{"href":"https:\/\/justvape.nu\/fr\/wp-json\/wp\/v2\/media?parent=322017"}],"wp:term":[{"taxonomy":"product_brand","embeddable":true,"href":"https:\/\/justvape.nu\/fr\/wp-json\/wp\/v2\/product_brand?post=322017"},{"taxonomy":"product_cat","embeddable":true,"href":"https:\/\/justvape.nu\/fr\/wp-json\/wp\/v2\/product_cat?post=322017"},{"taxonomy":"product_tag","embeddable":true,"href":"https:\/\/justvape.nu\/fr\/wp-json\/wp\/v2\/product_tag?post=322017"}],"curies":[{"name":"wp","href":"https:\/\/api.w.org\/{rel}","templated":true}]}}