{"id":319059,"date":"2021-02-22T12:31:06","date_gmt":"2021-02-22T11:31:06","guid":{"rendered":"https:\/\/www.justvape.nu\/produkt\/aspire-guroo-tank-2ml\/"},"modified":"2024-10-27T15:11:38","modified_gmt":"2024-10-27T14:11:38","slug":"aspire-guroo-tank-2ml","status":"publish","type":"product","link":"https:\/\/justvape.nu\/fr\/produkt\/aspire-guroo-tank-2ml\/","title":{"rendered":"ASPIRE &#8211; GUROO TANK 2ML"},"content":{"rendered":"<h2>ASPIRE &#8211; GUROO TANK 2ML<\/h2>\n<p>Le r\u00e9servoir de vape Aspire Guroo a \u00e9t\u00e9 con\u00e7u pour supporter le vapotage sub-ohm, capable de supporter une puissance de sortie \u00e9lev\u00e9e, il cr\u00e9e un grand volume de vapeur. Capable de contenir jusqu&rsquo;\u00e0 2 ml de votre e-liquide pr\u00e9f\u00e9r\u00e9, il comporte des ajouts modernes tels que le remplissage par le haut et le flux d&rsquo;air r\u00e9glable. Pour am\u00e9liorer la compatibilit\u00e9, il existe deux types de bobine disponibles et une connexion 510, ce qui signifie qu&rsquo;elle peut \u00eatre utilis\u00e9e avec une gamme d&rsquo;appareils de vape.<\/p>\n<p>Le m\u00e9canisme de remplissage sup\u00e9rieur de ce r\u00e9servoir signifie que le remplissage d&rsquo;une t\u00e2che simple et le m\u00e9canisme coulissant r\u00e9v\u00e8lent un grand port de jus qui s&rsquo;adaptera \u00e0 la plupart des pointes de bouteilles d&rsquo;e-liquide. Le flux d&rsquo;air r\u00e9glable vous donne un contr\u00f4le total sur le flux de vapeur pour une inspiration plus serr\u00e9e ou plus l\u00e2che. Ces caract\u00e9ristiques garantissent que l&rsquo;entretien quotidien et la premi\u00e8re configuration sont simples, tandis que l&rsquo;usinage de qualit\u00e9 qui caract\u00e9rise ce r\u00e9servoir rend le d\u00e9montage pour le nettoyage tr\u00e8s fluide.<\/p>\n<p>Chaque r\u00e9servoir comprend deux bobines Aspire Guroo, toutes deux dot\u00e9es d&rsquo;un design \u00ab\u00a0 pop-up \u00a0\u00bb, ce qui signifie qu&rsquo;elles peuvent \u00eatre install\u00e9es sans avoir \u00e0 \u00eatre viss\u00e9es dans un filetage. Les bobines elles-m\u00eames pr\u00e9sentent toutes deux une construction en maille, qui chauffe plus d&rsquo;e-liquide \u00e0 un rythme plus rapide pour une augmentation de la production de vapeur et de saveur. Con\u00e7ues pour le vapotage DTL, ces r\u00e9sistances sont disponibles en r\u00e9sistance de 0,15 Ohm ou 0,3 Ohm, nous recommandons un e-liquide \u00e0 70% VG ou plus pour les supporter.<\/p>\n<p>Capable d&rsquo;\u00eatre associ\u00e9 \u00e0 la majorit\u00e9 des mods de vape gr\u00e2ce \u00e0 une connexion 510, le r\u00e9servoir Guroo est un r\u00e9servoir sub-ohm de 2 ml qui offre des performances de qualit\u00e9 pour le vapotage \u00e0 haute puissance.<\/p>\n<p>Pour remplir le r\u00e9servoir Guroo, faites pivoter l&#8217;embout buccal du capuchon sup\u00e9rieur pour retirer et remplissez le port de jus avec n&rsquo;importe quel e-liquide de votre choix avant de le remettre en place.<img loading=\"lazy\" decoding=\"async\" class=\"alignnone size-full wp-image-19187\" src=\"https:\/\/www.justvape.nu\/wp-content\/uploads\/2018\/05\/Color-Schemes.png\" alt=\"\" width=\"950\" height=\"64\" title=\"\" srcset=\"https:\/\/justvape.nu\/wp-content\/uploads\/2018\/05\/Color-Schemes.png 950w, https:\/\/justvape.nu\/wp-content\/uploads\/2018\/05\/Color-Schemes-555x37.png 555w, https:\/\/justvape.nu\/wp-content\/uploads\/2018\/05\/Color-Schemes-64x4.png 64w, https:\/\/justvape.nu\/wp-content\/uploads\/2018\/05\/Color-Schemes-300x20.png 300w, https:\/\/justvape.nu\/wp-content\/uploads\/2018\/05\/Color-Schemes-768x52.png 768w\" sizes=\"auto, (max-width: 950px) 100vw, 950px\" \/><\/p>\n<p><img loading=\"lazy\" decoding=\"async\" class=\"alignnone size-full wp-image-318302\" src=\"https:\/\/www.justvape.nu\/wp-content\/uploads\/2021\/02\/aspire-guroo-tank-color-justvape.jpg\" alt=\"\" width=\"950\" height=\"422\" title=\"\" srcset=\"https:\/\/justvape.nu\/wp-content\/uploads\/2021\/02\/aspire-guroo-tank-color-justvape.jpg 950w, https:\/\/justvape.nu\/wp-content\/uploads\/2021\/02\/aspire-guroo-tank-color-justvape-600x267.jpg 600w, https:\/\/justvape.nu\/wp-content\/uploads\/2021\/02\/aspire-guroo-tank-color-justvape-64x28.jpg 64w, https:\/\/justvape.nu\/wp-content\/uploads\/2021\/02\/aspire-guroo-tank-color-justvape-300x133.jpg 300w, https:\/\/justvape.nu\/wp-content\/uploads\/2021\/02\/aspire-guroo-tank-color-justvape-768x341.jpg 768w\" sizes=\"auto, (max-width: 950px) 100vw, 950px\" \/><\/p>\n<p><img loading=\"lazy\" decoding=\"async\" class=\"alignnone size-full wp-image-18994\" src=\"https:\/\/www.justvape.nu\/wp-content\/uploads\/2018\/05\/Features.png\" alt=\"\" width=\"950\" height=\"64\" title=\"\" srcset=\"https:\/\/justvape.nu\/wp-content\/uploads\/2018\/05\/Features.png 950w, https:\/\/justvape.nu\/wp-content\/uploads\/2018\/05\/Features-555x37.png 555w, https:\/\/justvape.nu\/wp-content\/uploads\/2018\/05\/Features-64x4.png 64w, https:\/\/justvape.nu\/wp-content\/uploads\/2018\/05\/Features-300x20.png 300w, https:\/\/justvape.nu\/wp-content\/uploads\/2018\/05\/Features-768x52.png 768w\" sizes=\"auto, (max-width: 950px) 100vw, 950px\" \/><\/p>\n<p>1. 810 drip tip rempla\u00e7able<br \/>\n2. Capacit\u00e9 du r\u00e9servoir de 2 ml<br \/>\n3. Remplissage par le haut pratique<br \/>\n4. remplacement de la bobine \u00abpop-up\u00bb<br \/>\n5. Flux d&rsquo;air r\u00e9glable par le bas<br \/>\n6. Saveur intense et vapeur dense<\/p>\n<h2><\/h2>\n<figure class=\"figure\"><img loading=\"lazy\" decoding=\"async\" class=\"alignnone size-full wp-image-318329\" src=\"https:\/\/www.justvape.nu\/wp-content\/uploads\/2021\/02\/aspire-guroo-vape-tank-components-justvape.jpg\" alt=\"\" width=\"900\" height=\"900\" title=\"\" srcset=\"https:\/\/justvape.nu\/wp-content\/uploads\/2021\/02\/aspire-guroo-vape-tank-components-justvape.jpg 900w, https:\/\/justvape.nu\/wp-content\/uploads\/2021\/02\/aspire-guroo-vape-tank-components-justvape-300x300.jpg 300w, https:\/\/justvape.nu\/wp-content\/uploads\/2021\/02\/aspire-guroo-vape-tank-components-justvape-100x100.jpg 100w, https:\/\/justvape.nu\/wp-content\/uploads\/2021\/02\/aspire-guroo-vape-tank-components-justvape-600x600.jpg 600w, https:\/\/justvape.nu\/wp-content\/uploads\/2021\/02\/aspire-guroo-vape-tank-components-justvape-64x64.jpg 64w, https:\/\/justvape.nu\/wp-content\/uploads\/2021\/02\/aspire-guroo-vape-tank-components-justvape-150x150.jpg 150w, https:\/\/justvape.nu\/wp-content\/uploads\/2021\/02\/aspire-guroo-vape-tank-components-justvape-768x768.jpg 768w\" sizes=\"auto, (max-width: 900px) 100vw, 900px\" \/><figcaption class=\"figure-caption text-center\"><\/figcaption><\/figure>\n<figure class=\"figure\"><img loading=\"lazy\" decoding=\"async\" class=\"alignnone size-full wp-image-318320\" src=\"https:\/\/www.justvape.nu\/wp-content\/uploads\/2021\/02\/aspire-guroo-vape-tank-refill-justvape.jpg\" alt=\"\" width=\"950\" height=\"505\" title=\"\" srcset=\"https:\/\/justvape.nu\/wp-content\/uploads\/2021\/02\/aspire-guroo-vape-tank-refill-justvape.jpg 950w, https:\/\/justvape.nu\/wp-content\/uploads\/2021\/02\/aspire-guroo-vape-tank-refill-justvape-600x319.jpg 600w, https:\/\/justvape.nu\/wp-content\/uploads\/2021\/02\/aspire-guroo-vape-tank-refill-justvape-64x34.jpg 64w, https:\/\/justvape.nu\/wp-content\/uploads\/2021\/02\/aspire-guroo-vape-tank-refill-justvape-300x159.jpg 300w, https:\/\/justvape.nu\/wp-content\/uploads\/2021\/02\/aspire-guroo-vape-tank-refill-justvape-768x408.jpg 768w\" sizes=\"auto, (max-width: 950px) 100vw, 950px\" \/><\/figure>\n<figure class=\"figure\"><img loading=\"lazy\" decoding=\"async\" class=\"alignnone size-full wp-image-318311\" src=\"https:\/\/www.justvape.nu\/wp-content\/uploads\/2021\/02\/aspire-guroo-vape-tank-airflow-justvape.jpg\" alt=\"\" width=\"950\" height=\"487\" title=\"\" srcset=\"https:\/\/justvape.nu\/wp-content\/uploads\/2021\/02\/aspire-guroo-vape-tank-airflow-justvape.jpg 950w, https:\/\/justvape.nu\/wp-content\/uploads\/2021\/02\/aspire-guroo-vape-tank-airflow-justvape-600x308.jpg 600w, https:\/\/justvape.nu\/wp-content\/uploads\/2021\/02\/aspire-guroo-vape-tank-airflow-justvape-64x33.jpg 64w, https:\/\/justvape.nu\/wp-content\/uploads\/2021\/02\/aspire-guroo-vape-tank-airflow-justvape-300x154.jpg 300w, https:\/\/justvape.nu\/wp-content\/uploads\/2021\/02\/aspire-guroo-vape-tank-airflow-justvape-768x394.jpg 768w\" sizes=\"auto, (max-width: 950px) 100vw, 950px\" \/><\/figure>\n<p><strong><img loading=\"lazy\" decoding=\"async\" class=\"alignnone size-full wp-image-18999\" src=\"https:\/\/www.justvape.nu\/wp-content\/uploads\/2018\/04\/Packing-List.png\" alt=\"\" width=\"950\" height=\"64\" title=\"\" srcset=\"https:\/\/justvape.nu\/wp-content\/uploads\/2018\/04\/Packing-List.png 950w, https:\/\/justvape.nu\/wp-content\/uploads\/2018\/04\/Packing-List-555x37.png 555w, https:\/\/justvape.nu\/wp-content\/uploads\/2018\/04\/Packing-List-64x4.png 64w, https:\/\/justvape.nu\/wp-content\/uploads\/2018\/04\/Packing-List-300x20.png 300w, https:\/\/justvape.nu\/wp-content\/uploads\/2018\/04\/Packing-List-768x52.png 768w\" sizes=\"auto, (max-width: 950px) 100vw, 950px\" \/><\/strong><\/p>\n<ul>\n<li>D\u00e9bardeur Vape Aspire Guroo 2 ml<\/li>\n<li>Bobine de maille Guroo 0.15 Ohm<\/li>\n<li>Bobine de maille Guroo 0,3 Ohm<\/li>\n<li>Manuel de l&rsquo;Utilisateur<\/li>\n<\/ul>\n","protected":false},"excerpt":{"rendered":"<p>ASPIRE &#8211; GUROO TANK 2ML<\/p>\n","protected":false},"featured_media":318341,"comment_status":"open","ping_status":"closed","template":"","meta":{"_acf_changed":false,"_uag_custom_page_level_css":"","site-sidebar-layout":"default","site-content-layout":"default","ast-site-content-layout":"default","site-content-style":"default","site-sidebar-style":"default","ast-global-header-display":"","ast-banner-title-visibility":"","ast-main-header-display":"","ast-hfb-above-header-display":"","ast-hfb-below-header-display":"","ast-hfb-mobile-header-display":"","site-post-title":"","ast-breadcrumbs-content":"","ast-featured-img":"","footer-sml-layout":"","ast-disable-related-posts":"","theme-transparent-header-meta":"default","adv-header-id-meta":"","stick-header-meta":"default","header-above-stick-meta":"","header-main-stick-meta":"","header-below-stick-meta":"","astra-migrate-meta-layouts":"default","ast-page-background-enabled":"default","ast-page-background-meta":{"desktop":{"background-color":"","background-image":"","background-repeat":"repeat","background-position":"center center","background-size":"auto","background-attachment":"scroll","background-type":"","background-media":"","overlay-type":"","overlay-color":"","overlay-opacity":"","overlay-gradient":""},"tablet":{"background-color":"","background-image":"","background-repeat":"repeat","background-position":"center center","background-size":"auto","background-attachment":"scroll","background-type":"","background-media":"","overlay-type":"","overlay-color":"","overlay-opacity":"","overlay-gradient":""},"mobile":{"background-color":"","background-image":"","background-repeat":"repeat","background-position":"center center","background-size":"auto","background-attachment":"scroll","background-type":"","background-media":"","overlay-type":"","overlay-color":"","overlay-opacity":"","overlay-gradient":""}},"ast-content-background-meta":{"desktop":{"background-color":"var(--ast-global-color-5)","background-image":"","background-repeat":"repeat","background-position":"center center","background-size":"auto","background-attachment":"scroll","background-type":"","background-media":"","overlay-type":"","overlay-color":"","overlay-opacity":"","overlay-gradient":""},"tablet":{"background-color":"var(--ast-global-color-5)","background-image":"","background-repeat":"repeat","background-position":"center center","background-size":"auto","background-attachment":"scroll","background-type":"","background-media":"","overlay-type":"","overlay-color":"","overlay-opacity":"","overlay-gradient":""},"mobile":{"background-color":"var(--ast-global-color-5)","background-image":"","background-repeat":"repeat","background-position":"center center","background-size":"auto","background-attachment":"scroll","background-type":"","background-media":"","overlay-type":"","overlay-color":"","overlay-opacity":"","overlay-gradient":""}}},"product_brand":[],"product_cat":[3189,1966,2508,2036,1976,2509],"product_tag":[],"class_list":{"0":"post-319059","1":"product","2":"type-product","3":"status-publish","4":"has-post-thumbnail","6":"product_cat-aspirer","7":"product_cat-des-offres","8":"product_cat-hardware-fr","9":"product_cat-reservoirs","10":"product_cat-reservoirs-et-bobines","11":"product_cat-shop-by-brand-fr","12":"desktop-align-center","13":"tablet-align-center","14":"mobile-align-center","15":"ast-product-gallery-layout-horizontal-slider","16":"ast-product-gallery-with-no-image","17":"ast-product-single-variable","18":"ast-product-tabs-layout-horizontal","20":"first","21":"instock","22":"sale","23":"taxable","24":"shipping-taxable","25":"purchasable","26":"product-type-variable"},"acf":[],"uagb_featured_image_src":{"full":["https:\/\/justvape.nu\/wp-content\/uploads\/2021\/02\/aspire-guroo-tank-justvape.jpg",800,800,false],"thumbnail":["https:\/\/justvape.nu\/wp-content\/uploads\/2021\/02\/aspire-guroo-tank-justvape-150x150.jpg",150,150,true],"medium":["https:\/\/justvape.nu\/wp-content\/uploads\/2021\/02\/aspire-guroo-tank-justvape-300x300.jpg",300,300,true],"medium_large":["https:\/\/justvape.nu\/wp-content\/uploads\/2021\/02\/aspire-guroo-tank-justvape-768x768.jpg",768,768,true],"large":["https:\/\/justvape.nu\/wp-content\/uploads\/2021\/02\/aspire-guroo-tank-justvape.jpg",800,800,false],"1536x1536":["https:\/\/justvape.nu\/wp-content\/uploads\/2021\/02\/aspire-guroo-tank-justvape.jpg",800,800,false],"2048x2048":["https:\/\/justvape.nu\/wp-content\/uploads\/2021\/02\/aspire-guroo-tank-justvape.jpg",800,800,false],"woocommerce_thumbnail":["https:\/\/justvape.nu\/wp-content\/uploads\/2021\/02\/aspire-guroo-tank-justvape-300x300.jpg",300,300,true],"woocommerce_single":["https:\/\/justvape.nu\/wp-content\/uploads\/2021\/02\/aspire-guroo-tank-justvape-600x600.jpg",600,600,true],"woocommerce_gallery_thumbnail":["https:\/\/justvape.nu\/wp-content\/uploads\/2021\/02\/aspire-guroo-tank-justvape-100x100.jpg",100,100,true],"dgwt-wcas-product-suggestion":["https:\/\/justvape.nu\/wp-content\/uploads\/2021\/02\/aspire-guroo-tank-justvape-64x64.jpg",64,64,true]},"uagb_author_info":{"display_name":"JustVape.nu","author_link":"https:\/\/justvape.nu\/fr\/author\/"},"uagb_comment_info":0,"uagb_excerpt":"ASPIRE - GUROO TANK 2ML","_links":{"self":[{"href":"https:\/\/justvape.nu\/fr\/wp-json\/wp\/v2\/product\/319059","targetHints":{"allow":["GET"]}}],"collection":[{"href":"https:\/\/justvape.nu\/fr\/wp-json\/wp\/v2\/product"}],"about":[{"href":"https:\/\/justvape.nu\/fr\/wp-json\/wp\/v2\/types\/product"}],"replies":[{"embeddable":true,"href":"https:\/\/justvape.nu\/fr\/wp-json\/wp\/v2\/comments?post=319059"}],"wp:featuredmedia":[{"embeddable":true,"href":"https:\/\/justvape.nu\/fr\/wp-json\/wp\/v2\/media\/318341"}],"wp:attachment":[{"href":"https:\/\/justvape.nu\/fr\/wp-json\/wp\/v2\/media?parent=319059"}],"wp:term":[{"taxonomy":"product_brand","embeddable":true,"href":"https:\/\/justvape.nu\/fr\/wp-json\/wp\/v2\/product_brand?post=319059"},{"taxonomy":"product_cat","embeddable":true,"href":"https:\/\/justvape.nu\/fr\/wp-json\/wp\/v2\/product_cat?post=319059"},{"taxonomy":"product_tag","embeddable":true,"href":"https:\/\/justvape.nu\/fr\/wp-json\/wp\/v2\/product_tag?post=319059"}],"curies":[{"name":"wp","href":"https:\/\/api.w.org\/{rel}","templated":true}]}}